{"id":8019,"date":"2025-04-26T19:02:38","date_gmt":"2025-04-26T11:02:38","guid":{"rendered":"https:\/\/www.stvvalves.com\/?post_type=product&#038;p=8019"},"modified":"2025-04-26T19:09:06","modified_gmt":"2025-04-26T11:09:06","slug":"weld-bonnet-lift-check-valve-f304l-1-inch-1500lb-bw-end","status":"publish","type":"product","link":"https:\/\/www.stvvalves.com\/es\/products\/weld-bonnet-lift-check-valve-f304l-1-inch-1500lb-bw-end\/","title":{"rendered":"Weld Bonnet Lift Check Valve,F304L,1 Inch, 1500LB,BW End"},"content":{"rendered":"<p>Weld Bonnet Lift Check Valve,F304L,1 Inch, 1500LB,BW End<br \/>\nDise\u00f1o: API 602<br \/>\nBody: F304L<br \/>\nTama\u00f1o nominal: 1 pulgada<br \/>\nNominal Class: 1500LB<br \/>\nEnd Connection: BW<br \/>\nCara a Cara: Fabricaci\u00f3n<br \/>\nPrueba e inspecci\u00f3n: API 598<br \/>\nDi\u00e1metro nominal: 1\/4 pulgada \u2013 4 pulgadas<br \/>\nTemperatura de dise\u00f1o: -196 \u2103 \u2013 573 \u2103<br \/>\nPresi\u00f3n de Dise\u00f1o: Clase 150 LB \u2013 Clase 2500 LB<br \/>\nMaterial: ASTM A105, ASTM A182 F304, ASTM A182 F304L, ASTM A182 F316, ASTM A182 F316L, ASTM A350 LF2, ASTM A182 F11, ASTM A182 F22, ASTM A182 F5, ASTM A182 F51, ASTM A182 F321.<br \/>\nEst\u00e1ndar de dise\u00f1o: API 602, BS 5352<br \/>\nCara a Cara: Norma de Fabricaci\u00f3n, ASME B16.10<br \/>\nExtremo de conexi\u00f3n: NPT, SW, BW, bridado<br \/>\nEst\u00e1ndar de prueba: API 598, ISO 5208<br \/>\nOperaci\u00f3n: X<br \/>\nAplicaci\u00f3n: Central el\u00e9ctrica , Petr\u00f3leo , Ingenier\u00eda qu\u00edmica<\/p>\n<table>\n<tbody>\n<tr>\n<td width=\"200\"><strong><b>nombre del producto<\/b><\/strong><\/td>\n<td width=\"481\">Weld Bonnet Lift Check Valve,F304L,1 Inch, 1500LB,BW End<\/td>\n<\/tr>\n<tr>\n<td width=\"200\">1. Materiales<\/td>\n<td width=\"481\">F304L<\/td>\n<\/tr>\n<tr>\n<td width=\"200\">2. Tama\u00f1o<\/td>\n<td width=\"481\">1\u201d<\/td>\n<\/tr>\n<tr>\n<td width=\"200\">4. Puerto<\/td>\n<td width=\"481\">Puerto reductor<\/td>\n<\/tr>\n<tr>\n<td width=\"200\">5. Presi\u00f3n de trabajo<\/td>\n<td width=\"481\">1500 libras<\/td>\n<\/tr>\n<tr>\n<td width=\"200\">6. La conexi\u00f3n finaliza<\/td>\n<td width=\"481\">Fin BW<\/td>\n<\/tr>\n<tr>\n<td width=\"200\">7. Temperatura de trabajo.<\/td>\n<td width=\"481\">-29~425\u00baC,<\/td>\n<\/tr>\n<tr>\n<td width=\"200\">8. Medio adecuado<\/td>\n<td width=\"481\">Agua, Gas Natural, Petr\u00f3leo y alg\u00fan l\u00edquido corrosivo<\/td>\n<\/tr>\n<tr>\n<td width=\"200\">9. Operado<\/td>\n<td width=\"481\">X<\/td>\n<\/tr>\n<tr>\n<td width=\"200\">10. Inspecci\u00f3n y pruebas<\/td>\n<td width=\"481\">Seg\u00fan API 598<\/td>\n<\/tr>\n<tr>\n<td width=\"200\"><strong><b>Env\u00edo<\/b><\/strong><\/td>\n<td width=\"481\"><\/td>\n<\/tr>\n<tr>\n<td width=\"200\">El tiempo de entrega<\/td>\n<td width=\"481\">30 dias<\/td>\n<\/tr>\n<tr>\n<td width=\"200\">Paquete<\/td>\n<td width=\"481\">Caja de madera contrachapada de exportaci\u00f3n est\u00e1ndar<\/td>\n<\/tr>\n<tr>\n<td width=\"200\">Puerto de embarque<\/td>\n<td width=\"481\">Ningbo\/Shangh\u00e1i, China<\/td>\n<\/tr>\n<tr>\n<td width=\"200\">Condiciones de env\u00edo<\/td>\n<td width=\"481\">Exw, MANDO, CFR, CIF, etc.<\/td>\n<\/tr>\n<tr>\n<td width=\"200\">T\u00e9rminos de pago<\/td>\n<td width=\"481\">T\/T, Western Union, PayPal, etc.<\/td>\n<\/tr>\n<tr>\n<td width=\"200\"><\/td>\n<td width=\"481\">Pago anticipado de 30%, saldo de 70% pagado antes del env\u00edo<\/td>\n<\/tr>\n<tr>\n<td width=\"200\">Pa\u00eds de origen<\/td>\n<td width=\"481\">Ciudad de Wenzhou, China<\/td>\n<\/tr>\n<tr>\n<td width=\"200\">Capacidad de producci\u00f3n<\/td>\n<td width=\"481\">6000 toneladas\/a\u00f1o<\/td>\n<\/tr>\n<tr>\n<td width=\"200\">Cantidad m\u00ednima de pedido<\/td>\n<td width=\"481\">10 unidades\/tama\u00f1o<\/td>\n<\/tr>\n<\/tbody>\n<\/table>","protected":false},"excerpt":{"rendered":"<p>STV Valve Technology Group Co., Ltd is a professional leader China Weld Bonnet Lift Check Valve Manufacture,Pressure Seal Bonnet API 602 Lift Check Valve , 1 InchWeld Bonnet Lift Check Valve Manufacture,\u00a0 China F304L Weld Bonnet Lift Check Valve Manufacture, 1500LB Weld Bonnet Lift Check ValveManufacture,BW End\u00a0 Weld Bonnet Lift Check Valve Manufacture with high quality and competitive price.<\/p>","protected":false},"featured_media":8020,"template":"","meta":[],"product_brand":[],"product_cat":[46,66],"product_tag":[3394,3396,3397,3395,3393,3388],"class_list":{"0":"post-8019","1":"product","2":"type-product","3":"status-publish","4":"has-post-thumbnail","6":"product_cat-check-valves","7":"product_cat-swing-check-valve","8":"product_tag-1-inchweld-bonnet-lift-check-valve-manufacture","9":"product_tag-1500lb-weld-bonnet-lift-check-valvemanufacture","10":"product_tag-bw-end-weld-bonnet-lift-check-valve-manufactur","11":"product_tag-china-f304l-weld-bonnet-lift-check-valve-manufacture","12":"product_tag-china-weld-bonnet-lift-check-valve-manufacture","13":"product_tag-pressure-seal-bonnet-api-602-lift-check-valve","15":"first","16":"instock","17":"shipping-taxable","18":"product-type-simple"},"_links":{"self":[{"href":"https:\/\/www.stvvalves.com\/es\/wp-json\/wp\/v2\/product\/8019","targetHints":{"allow":["GET"]}}],"collection":[{"href":"https:\/\/www.stvvalves.com\/es\/wp-json\/wp\/v2\/product"}],"about":[{"href":"https:\/\/www.stvvalves.com\/es\/wp-json\/wp\/v2\/types\/product"}],"wp:featuredmedia":[{"embeddable":true,"href":"https:\/\/www.stvvalves.com\/es\/wp-json\/wp\/v2\/media\/8020"}],"wp:attachment":[{"href":"https:\/\/www.stvvalves.com\/es\/wp-json\/wp\/v2\/media?parent=8019"}],"wp:term":[{"taxonomy":"product_brand","embeddable":true,"href":"https:\/\/www.stvvalves.com\/es\/wp-json\/wp\/v2\/product_brand?post=8019"},{"taxonomy":"product_cat","embeddable":true,"href":"https:\/\/www.stvvalves.com\/es\/wp-json\/wp\/v2\/product_cat?post=8019"},{"taxonomy":"product_tag","embeddable":true,"href":"https:\/\/www.stvvalves.com\/es\/wp-json\/wp\/v2\/product_tag?post=8019"}],"curies":[{"name":"wp","href":"https:\/\/api.w.org\/{rel}","templated":true}]}}