{"id":8021,"date":"2025-04-26T19:11:22","date_gmt":"2025-04-26T11:11:22","guid":{"rendered":"https:\/\/www.stvvalves.com\/?post_type=product&#038;p=8021"},"modified":"2025-04-26T19:17:55","modified_gmt":"2025-04-26T11:17:55","slug":"bolt-bonnet-lift-check-valve-f304-dn25-pn100-rf-end","status":"publish","type":"product","link":"https:\/\/www.stvvalves.com\/es\/products\/bolt-bonnet-lift-check-valve-f304-dn25-pn100-rf-end\/","title":{"rendered":"Bolt Bonnet Lift Check Valve,F304,DN25,PN100,RF End"},"content":{"rendered":"<p>Bolt Bonnet Lift Check Valve,F304,DN25,PN100,RF End<br \/>\nDise\u00f1o: API 602<br \/>\nBody: F304<br \/>\nTama\u00f1o nominal: 1 pulgada<br \/>\nClase nominal: PN100<br \/>\nConexi\u00f3n final: RF<br \/>\nCara a Cara: Fabricaci\u00f3n<br \/>\nTest and Inspection: EN12266-1.<br \/>\nDi\u00e1metro nominal: 1\/4 pulgada \u2013 4 pulgadas<br \/>\nTemperatura de dise\u00f1o: -196 \u2103 \u2013 573 \u2103<br \/>\nPresi\u00f3n de Dise\u00f1o: Clase 150 LB \u2013 Clase 2500 LB<br \/>\nMaterial: ASTM A105, ASTM A182 F304, ASTM A182 F304L, ASTM A182 F316, ASTM A182 F316L, ASTM A350 LF2, ASTM A182 F11, ASTM A182 F22, ASTM A182 F5, ASTM A182 F51, ASTM A182 F321.<br \/>\nEst\u00e1ndar de dise\u00f1o: API 602, BS 5352<br \/>\nCara a Cara: Norma de Fabricaci\u00f3n, ASME B16.10<br \/>\nExtremo de conexi\u00f3n: NPT, SW, BW, bridado<br \/>\nEst\u00e1ndar de prueba: API 598, ISO 5208<br \/>\nOperaci\u00f3n: X<br \/>\nAplicaci\u00f3n: Central el\u00e9ctrica , Petr\u00f3leo , Ingenier\u00eda qu\u00edmica<\/p>\n<table>\n<tbody>\n<tr>\n<td width=\"200\"><strong><b>nombre del producto<\/b><\/strong><\/td>\n<td width=\"481\">Bolt Bonnet Lift Check Valve,F304,DN25,PN100,RF End<\/td>\n<\/tr>\n<tr>\n<td width=\"200\">1. Materiales<\/td>\n<td width=\"481\">F304<\/td>\n<\/tr>\n<tr>\n<td width=\"200\">2. Tama\u00f1o<\/td>\n<td width=\"481\">1\u201d<\/td>\n<\/tr>\n<tr>\n<td width=\"200\">4. Puerto<\/td>\n<td width=\"481\">Puerto reductor<\/td>\n<\/tr>\n<tr>\n<td width=\"200\">5. Presi\u00f3n de trabajo<\/td>\n<td width=\"481\">PN100<\/td>\n<\/tr>\n<tr>\n<td width=\"200\">6. La conexi\u00f3n finaliza<\/td>\n<td width=\"481\">Extremo de RF<\/td>\n<\/tr>\n<tr>\n<td width=\"200\">7. Temperatura de trabajo.<\/td>\n<td width=\"481\">-29~425\u00baC,<\/td>\n<\/tr>\n<tr>\n<td width=\"200\">8. Medio adecuado<\/td>\n<td width=\"481\">Agua, Gas Natural, Petr\u00f3leo y alg\u00fan l\u00edquido corrosivo<\/td>\n<\/tr>\n<tr>\n<td width=\"200\">9. Operado<\/td>\n<td width=\"481\">X<\/td>\n<\/tr>\n<tr>\n<td width=\"200\">10. Inspecci\u00f3n y pruebas<\/td>\n<td width=\"481\">Seg\u00fan API 598<\/td>\n<\/tr>\n<tr>\n<td width=\"200\"><strong><b>Env\u00edo<\/b><\/strong><\/td>\n<td width=\"481\"><\/td>\n<\/tr>\n<tr>\n<td width=\"200\">El tiempo de entrega<\/td>\n<td width=\"481\">30 dias<\/td>\n<\/tr>\n<tr>\n<td width=\"200\">Paquete<\/td>\n<td width=\"481\">Caja de madera contrachapada de exportaci\u00f3n est\u00e1ndar<\/td>\n<\/tr>\n<tr>\n<td width=\"200\">Puerto de embarque<\/td>\n<td width=\"481\">Ningbo\/Shangh\u00e1i, China<\/td>\n<\/tr>\n<tr>\n<td width=\"200\">Condiciones de env\u00edo<\/td>\n<td width=\"481\">Exw, MANDO, CFR, CIF, etc.<\/td>\n<\/tr>\n<tr>\n<td width=\"200\">T\u00e9rminos de pago<\/td>\n<td width=\"481\">T\/T, Western Union, PayPal, etc.<\/td>\n<\/tr>\n<tr>\n<td width=\"200\"><\/td>\n<td width=\"481\">Pago anticipado de 30%, saldo de 70% pagado antes del env\u00edo<\/td>\n<\/tr>\n<tr>\n<td width=\"200\">Pa\u00eds de origen<\/td>\n<td width=\"481\">Ciudad de Wenzhou, China<\/td>\n<\/tr>\n<tr>\n<td width=\"200\">Capacidad de producci\u00f3n<\/td>\n<td width=\"481\">6000 toneladas\/a\u00f1o<\/td>\n<\/tr>\n<tr>\n<td width=\"200\">Cantidad m\u00ednima de pedido<\/td>\n<td width=\"481\">10 unidades\/tama\u00f1o<\/td>\n<\/tr>\n<\/tbody>\n<\/table>","protected":false},"excerpt":{"rendered":"<p>STV Valve Technology Group Co., Ltd is a professional leader China Bolt Bonnet Lift Check Valve Manufacture,F304 Bolt Bonnet Lift Check Valve , DN25 Bolt Bonnet Lift Check Valve Manufacture, PN100 Bolt Bonnet Lift Check Valve Manufacture, RF END Bolt Bonnet Lift Check Valve Manufacture,BW End\u00a0 Weld Bonnet Lift Check Valve Manufacture with high quality and competitive price.<\/p>\n<p>&nbsp;<\/p>","protected":false},"featured_media":8022,"template":"","meta":[],"product_brand":[],"product_cat":[46,66],"product_tag":[3403,3398,3400,3399,3401,3402],"class_list":{"0":"post-8021","1":"product","2":"type-product","3":"status-publish","4":"has-post-thumbnail","6":"product_cat-check-valves","7":"product_cat-swing-check-valve","8":"product_tag-bw-end-weld-bonnet-lift-check-valve-manufacture","9":"product_tag-china-bolt-bonnet-lift-check-valve-manufacture","10":"product_tag-dn25-bolt-bonnet-lift-check-valve-manufacture","11":"product_tag-f304-bolt-bonnet-lift-check-valve","12":"product_tag-pn100-bolt-bonnet-lift-check-valve-manufacture","13":"product_tag-rf-end-bolt-bonnet-lift-check-valve-manufacture","15":"first","16":"instock","17":"shipping-taxable","18":"product-type-simple"},"_links":{"self":[{"href":"https:\/\/www.stvvalves.com\/es\/wp-json\/wp\/v2\/product\/8021","targetHints":{"allow":["GET"]}}],"collection":[{"href":"https:\/\/www.stvvalves.com\/es\/wp-json\/wp\/v2\/product"}],"about":[{"href":"https:\/\/www.stvvalves.com\/es\/wp-json\/wp\/v2\/types\/product"}],"wp:featuredmedia":[{"embeddable":true,"href":"https:\/\/www.stvvalves.com\/es\/wp-json\/wp\/v2\/media\/8022"}],"wp:attachment":[{"href":"https:\/\/www.stvvalves.com\/es\/wp-json\/wp\/v2\/media?parent=8021"}],"wp:term":[{"taxonomy":"product_brand","embeddable":true,"href":"https:\/\/www.stvvalves.com\/es\/wp-json\/wp\/v2\/product_brand?post=8021"},{"taxonomy":"product_cat","embeddable":true,"href":"https:\/\/www.stvvalves.com\/es\/wp-json\/wp\/v2\/product_cat?post=8021"},{"taxonomy":"product_tag","embeddable":true,"href":"https:\/\/www.stvvalves.com\/es\/wp-json\/wp\/v2\/product_tag?post=8021"}],"curies":[{"name":"wp","href":"https:\/\/api.w.org\/{rel}","templated":true}]}}