{"id":8031,"date":"2025-04-27T20:19:15","date_gmt":"2025-04-27T12:19:15","guid":{"rendered":"https:\/\/www.stvvalves.com\/?post_type=product&#038;p=8031"},"modified":"2025-04-27T20:22:49","modified_gmt":"2025-04-27T12:22:49","slug":"f55-forged-gate-valve-300lb-3-4-inch-rf-end","status":"publish","type":"product","link":"https:\/\/www.stvvalves.com\/es\/products\/f55-forged-gate-valve-300lb-3-4-inch-rf-end\/","title":{"rendered":"F55 Forged Gate Valve,300LB,3\/4 Inch RF End"},"content":{"rendered":"<p>1. Dise\u00f1o y Fabricaci\u00f3n: API 602<br \/>\n2. Construcciones: OS&amp;Y, cap\u00f3 atornillado, cap\u00f3 soldado y cap\u00f3 sellado a presi\u00f3n;<br \/>\n3. Tipo de orificio: Puerto completo<br \/>\n4. Size Range: 1\/4\u2033 to 4\u2033.<br \/>\n5. Clasificaciones de presi\u00f3n: ANSI 150, 300, 600, 900, 1500 y 2500LBS<br \/>\n6. Conexiones finales: bridadas (RF, RTJ)<br \/>\nOtros extremos tambi\u00e9n disponibles: roscados (atornillados, NPT), soldados a tope (BW), soldados a encaje (SW).<br \/>\n7. Materiales disponibles en: A105 (N), LF2, F5, F11, F22, F304, F316, F51, F53 o equivalente;<br \/>\n8. Hay varios materiales de acabado disponibles para adaptarse a diferentes condiciones de servicio<br \/>\n9. NACE MR 0175 bajo petici\u00f3n<br \/>\n10.Prueba e inspecci\u00f3n: API598<\/p>\n<table>\n<tbody>\n<tr>\n<td width=\"200\"><strong><b>nombre del producto<\/b><\/strong><\/td>\n<td width=\"481\">F55 Forged Gate Valve,300LB,3\/4 Inch RF End<\/td>\n<\/tr>\n<tr>\n<td width=\"200\">1. Materiales<\/td>\n<td width=\"481\">A105 (N), LF2, F5, F11, F22, F304, F316, F51, F53 o Equivalente;<\/td>\n<\/tr>\n<tr>\n<td width=\"200\">2. Tama\u00f1o<\/td>\n<td width=\"481\">1\/2\u2033~4\u2033 \u2018 ( 15~100)<\/td>\n<\/tr>\n<tr>\n<td width=\"200\">4. Puerto<\/td>\n<td width=\"481\">Puerto reductor<\/td>\n<\/tr>\n<tr>\n<td width=\"200\">5. Presi\u00f3n de trabajo<\/td>\n<td width=\"481\">150LB-2500LB<\/td>\n<\/tr>\n<tr>\n<td width=\"200\">6. La conexi\u00f3n finaliza<\/td>\n<td width=\"481\">FF,RF.RTJ<\/td>\n<\/tr>\n<tr>\n<td width=\"200\">7. Temperatura de trabajo.<\/td>\n<td width=\"481\">-29~600\u00baC,<\/td>\n<\/tr>\n<tr>\n<td width=\"200\">8. Medio adecuado<\/td>\n<td width=\"481\">Agua, Gas Natural, Petr\u00f3leo y alg\u00fan l\u00edquido corrosivo<\/td>\n<\/tr>\n<tr>\n<td width=\"200\">9. Operado<\/td>\n<td width=\"481\">Volante<\/td>\n<\/tr>\n<tr>\n<td width=\"200\">10. Inspecci\u00f3n y pruebas<\/td>\n<td width=\"481\">Seg\u00fan API 598<\/td>\n<\/tr>\n<tr>\n<td width=\"200\"><strong><b>Env\u00edo<\/b><\/strong><\/td>\n<td width=\"481\"><\/td>\n<\/tr>\n<tr>\n<td width=\"200\">El tiempo de entrega<\/td>\n<td width=\"481\">30 dias<\/td>\n<\/tr>\n<tr>\n<td width=\"200\">Paquete<\/td>\n<td width=\"481\">Caja de madera contrachapada de exportaci\u00f3n est\u00e1ndar<\/td>\n<\/tr>\n<tr>\n<td width=\"200\">Puerto de embarque<\/td>\n<td width=\"481\">Ningbo\/Shangh\u00e1i, China<\/td>\n<\/tr>\n<tr>\n<td width=\"200\">Condiciones de env\u00edo<\/td>\n<td width=\"481\">Exw, MANDO, CFR, CIF, etc.<\/td>\n<\/tr>\n<tr>\n<td width=\"200\">T\u00e9rminos de pago<\/td>\n<td width=\"481\">T\/T, Western Union, PayPal, etc.<\/td>\n<\/tr>\n<tr>\n<td width=\"200\"><\/td>\n<td width=\"481\">Pago anticipado de 30%, saldo de 70% pagado antes del env\u00edo<\/td>\n<\/tr>\n<tr>\n<td width=\"200\">Pa\u00eds de origen<\/td>\n<td width=\"481\">Ciudad de Wenzhou, China<\/td>\n<\/tr>\n<tr>\n<td width=\"200\">Capacidad de producci\u00f3n<\/td>\n<td width=\"481\">6000 toneladas\/a\u00f1o<\/td>\n<\/tr>\n<tr>\n<td width=\"200\">Cantidad m\u00ednima de pedido<\/td>\n<td width=\"481\">10 unidades\/tama\u00f1o<\/td>\n<\/tr>\n<\/tbody>\n<\/table>","protected":false},"excerpt":{"rendered":"<p>STV Valve Technology Group Co., Ltd is a professional leader China F51 Forged Gate Valve, Small Size F55 Gate Valve, 3\/4 Inch F55 Gate Valve,\u00a0 A182 F55 Gate Valve, API 602 F55Gate Valve, Class 300 LB F55 Gate Valve,Bolt Bonnet F55 Gate Valve Manufacturer with high quality and competitive price.<\/p>","protected":false},"featured_media":8032,"template":"","meta":[],"product_brand":[],"product_cat":[44,59],"product_tag":[3426,3427,3428,3430,2944,3429,3425],"class_list":{"0":"post-8031","1":"product","2":"type-product","3":"status-publish","4":"has-post-thumbnail","6":"product_cat-gate-valve","7":"product_cat-forged-steel-gate-valve","8":"product_tag-3-4-inch-f55-gate-valve","9":"product_tag-a182-f55-gate-valve","10":"product_tag-api-602-f55gate-valve","11":"product_tag-bolt-bonnet-f55-gate-valve-manufacturer","12":"product_tag-china-f51-forged-gate-valve","13":"product_tag-class-300-lb-f55-gate-valve","14":"product_tag-small-size-f55-gate-valve","16":"first","17":"instock","18":"shipping-taxable","19":"product-type-simple"},"_links":{"self":[{"href":"https:\/\/www.stvvalves.com\/es\/wp-json\/wp\/v2\/product\/8031","targetHints":{"allow":["GET"]}}],"collection":[{"href":"https:\/\/www.stvvalves.com\/es\/wp-json\/wp\/v2\/product"}],"about":[{"href":"https:\/\/www.stvvalves.com\/es\/wp-json\/wp\/v2\/types\/product"}],"wp:featuredmedia":[{"embeddable":true,"href":"https:\/\/www.stvvalves.com\/es\/wp-json\/wp\/v2\/media\/8032"}],"wp:attachment":[{"href":"https:\/\/www.stvvalves.com\/es\/wp-json\/wp\/v2\/media?parent=8031"}],"wp:term":[{"taxonomy":"product_brand","embeddable":true,"href":"https:\/\/www.stvvalves.com\/es\/wp-json\/wp\/v2\/product_brand?post=8031"},{"taxonomy":"product_cat","embeddable":true,"href":"https:\/\/www.stvvalves.com\/es\/wp-json\/wp\/v2\/product_cat?post=8031"},{"taxonomy":"product_tag","embeddable":true,"href":"https:\/\/www.stvvalves.com\/es\/wp-json\/wp\/v2\/product_tag?post=8031"}],"curies":[{"name":"wp","href":"https:\/\/api.w.org\/{rel}","templated":true}]}}