{"id":8044,"date":"2025-05-20T20:06:01","date_gmt":"2025-05-20T12:06:01","guid":{"rendered":"https:\/\/www.stvvalves.com\/?post_type=product&#038;p=8044"},"modified":"2025-05-20T20:23:31","modified_gmt":"2025-05-20T12:23:31","slug":"astm-a890-4a-globe-valve-6-inch-900-lb-rf-end","status":"publish","type":"product","link":"https:\/\/www.stvvalves.com\/es\/products\/astm-a890-4a-globe-valve-6-inch-900-lb-rf-end\/","title":{"rendered":"ASTM A890 4A Globe Valve,6 Inch,900 LB,RF End"},"content":{"rendered":"<p>ASTM A890 4A Globe Valve,6 Inch,900 LB,RF End<\/p>\n<div class=\"row\">\n<div class=\"col-md-12\">Design: ASME B16.34<br \/>\nBody: ASTM A995 4A<br \/>\nTama\u00f1o nominal: 6 pulgadas<br \/>\nNominal Class: 900 LB<br \/>\nConexi\u00f3n final: extremos RF<br \/>\nCara a Cara: ASME B16.10<\/div>\n<\/div>\n<p>Tama\u00f1o: de 2\u2033 a 36\u2033<br \/>\nPresi\u00f3n: 150 - 2500LB<br \/>\nMaterial: D\u00faplex S31803, S\u00faper D\u00faplex S32750, S\u00faper D\u00faplex S32760<br \/>\n1A\u3001\u30012A\u30013A\u30014A\u30015A\u30016A\u30011B\u30011C<br \/>\nCD4MCu\u3001CD4MCuN\u3001CD3MCuN\u3001CE8MN\u3001CD6MN\u3001CD3MN\u3001CE3MN\u3001CD3MWCuN<br \/>\nF51\u3001F53\u3001F55\u3001F6Est\u00e1ndar de dise\u00f1o y producci\u00f3n: API 600, API6D y ASME B16.34<br \/>\nDistancia entre bridas: API 6D, ASME B16.10<br \/>\nConectado seg\u00fan norma: ANSI B16.5, ASME B16.47, ANSI B16.25<br \/>\nEst\u00e1ndar de prueba: API598<br \/>\nMedio: la v\u00e1lvula es adecuada para varios medios, incluidos agua, vapor, petr\u00f3leo, gas, productos derivados del petr\u00f3leo, \u00e1cido n\u00edtrico, \u00e1cido ac\u00e9tico, etc.<br \/>\nTemperatura de trabajo: desde -46\u00baC o -50\u00baC (construcciones de acero inoxidable) y -29\u00baC o -46\u00baC (construcciones de acero al carbono) hasta 600\u2103<\/p>\n<table>\n<tbody>\n<tr>\n<td width=\"200\"><strong><b>nombre del producto<\/b><\/strong><\/td>\n<td width=\"481\">ASTM A890 4A Globe Valve,6 Inch,900 LB,RF End<\/td>\n<\/tr>\n<tr>\n<td width=\"200\">1. Materiales<\/td>\n<td width=\"481\">ASTM A890 4A<\/td>\n<\/tr>\n<tr>\n<td width=\"200\">2. Tama\u00f1o<\/td>\n<td width=\"481\">6\u201d<\/td>\n<\/tr>\n<tr>\n<td width=\"200\">4. Puerto<\/td>\n<td width=\"481\">Puerto lleno<\/td>\n<\/tr>\n<tr>\n<td width=\"200\">5. Presi\u00f3n de trabajo<\/td>\n<td width=\"481\">900 libras<\/td>\n<\/tr>\n<tr>\n<td width=\"200\">6. La conexi\u00f3n finaliza<\/td>\n<td width=\"481\">RF<\/td>\n<\/tr>\n<tr>\n<td width=\"200\">7. Temperatura de trabajo.<\/td>\n<td width=\"481\">-29~250\u00baC,<\/td>\n<\/tr>\n<tr>\n<td width=\"200\">8. Medio adecuado<\/td>\n<td width=\"481\">Agua, Gas Natural, Petr\u00f3leo y alg\u00fan l\u00edquido corrosivo<\/td>\n<\/tr>\n<tr>\n<td width=\"200\">9. Operado<\/td>\n<td width=\"481\">Volante<\/td>\n<\/tr>\n<tr>\n<td width=\"200\">10. Inspecci\u00f3n y pruebas<\/td>\n<td width=\"481\">Seg\u00fan API 598<\/td>\n<\/tr>\n<tr>\n<td width=\"200\"><strong><b>Env\u00edo<\/b><\/strong><\/td>\n<td width=\"481\"><\/td>\n<\/tr>\n<tr>\n<td width=\"200\">El tiempo de entrega<\/td>\n<td width=\"481\">30 dias<\/td>\n<\/tr>\n<tr>\n<td width=\"200\">Paquete<\/td>\n<td width=\"481\">Caja de madera contrachapada de exportaci\u00f3n est\u00e1ndar<\/td>\n<\/tr>\n<tr>\n<td width=\"200\">Puerto de embarque<\/td>\n<td width=\"481\">Ningbo\/Shangh\u00e1i, China<\/td>\n<\/tr>\n<tr>\n<td width=\"200\">Condiciones de env\u00edo<\/td>\n<td width=\"481\">Exw, MANDO, CFR, CIF, etc.<\/td>\n<\/tr>\n<tr>\n<td width=\"200\">T\u00e9rminos de pago<\/td>\n<td width=\"481\">T\/T, Western Union, PayPal, etc.<\/td>\n<\/tr>\n<tr>\n<td width=\"200\"><\/td>\n<td width=\"481\">Pago anticipado de 30%, saldo de 70% pagado antes del env\u00edo<\/td>\n<\/tr>\n<tr>\n<td width=\"200\">Pa\u00eds de origen<\/td>\n<td width=\"481\">Ciudad de Wenzhou, China<\/td>\n<\/tr>\n<tr>\n<td width=\"200\">Capacidad de producci\u00f3n<\/td>\n<td width=\"481\">6000 toneladas\/a\u00f1o<\/td>\n<\/tr>\n<tr>\n<td width=\"200\">Cantidad m\u00ednima de pedido<\/td>\n<td width=\"481\">10 unidades\/tama\u00f1o<\/td>\n<\/tr>\n<\/tbody>\n<\/table>\n<div data-hveid=\"CEMQAQ\" data-ved=\"2ahUKEwimotLfg7KNAxW7cmwGHblBO1EQj7gIegQIQxAB\">\n<div class=\"dnXCYb\" tabindex=\"0\" role=\"button\" aria-controls=\"_4XIsaOatK7vlseMPuYPtiQU_54\" aria-expanded=\"true\">\n<div class=\"JlqpRe\"><span class=\"JCzEY tNxQIb\"><span class=\"CSkcDe\">What is ASTM A890 4A material?<\/span><\/span><\/div>\n<div class=\"p8Jhnd\">\n<div class=\"aj35ze\"><\/div>\n<\/div>\n<\/div>\n<\/div>\n<div id=\"_4XIsaOatK7vlseMPuYPtiQU_54\" class=\"bCOlv\" data-ved=\"2ahUKEwimotLfg7KNAxW7cmwGHblBO1EQ7NUEegQIQxAE\">\n<div class=\"IZE3Td\">\n<div class=\"r2fjmd t0bRye Sbgr0\" data-hveid=\"CEMQBQ\" data-ved=\"2ahUKEwimotLfg7KNAxW7cmwGHblBO1EQu04oAHoECEMQBQ\">\n<div id=\"4XIsaOatK7vlseMPuYPtiQU__64\">\n<div class=\"wDYxhc NFQFxe viOShc LKPcQc\" data-md=\"25\">\n<div class=\"HwtpBd gsrt PZPZlf kTOYnf\" role=\"heading\" aria-level=\"2\" data-hveid=\"CEsQAA\" data-ved=\"2ahUKEwimotLfg7KNAxW7cmwGHblBO1EQtwcoAHoECEsQAA\">\n<div class=\"Z0LcW AZCkJd d2J77b t2b5Cf\" data-tts=\"answers\" data-tts-text=\"wrought super duplex stainless steel\">\n<div class=\"IZ6rdc\">\n<div data-hveid=\"CAQQAQ\" data-ved=\"2ahUKEwiRopyNhLKNAxVXSGcHHe8GOxYQj7gIegQIBBAB\">\n<div class=\"dnXCYb\" tabindex=\"0\" role=\"button\" aria-controls=\"_QXMsaNH9EdeQnesP743ssQE_2\" aria-expanded=\"true\">\n<div class=\"L3Ezfd\" data-ved=\"2ahUKEwiRopyNhLKNAxVXSGcHHe8GOxYQuk56BAgEEAI\"><\/div>\n<\/div>\n<\/div>\n<div id=\"_QXMsaNH9EdeQnesP743ssQE_2\" class=\"bCOlv\" data-ved=\"2ahUKEwiRopyNhLKNAxVXSGcHHe8GOxYQ7NUEegQIBBAE\">\n<div class=\"IZE3Td\">\n<div class=\"r2fjmd t0bRye Sbgr0\" data-hveid=\"CAQQBQ\" data-ved=\"2ahUKEwiRopyNhLKNAxVXSGcHHe8GOxYQu04oAHoECAQQBQ\">\n<div id=\"QXMsaNH9EdeQnesP743ssQE__6\">\n<div class=\"wDYxhc\" data-md=\"61\">\n<div class=\"LGOjhe\" data-attrid=\"wa:\/description\" data-hveid=\"CAkQAA\"><span class=\"BxUVEf ILfuVd\" lang=\"en\"><span class=\"hgKElc\"><b>Duplex stainless steel<\/b>\u00a0is an alloy with a two-phase metallurgical structure consisting of austenite and ferrite in almost equal parts. The content composition of duplex steel has a higher level of chromium and molybdenum, lower nickel and a percentage of nitrogen between 0.05 to 0.50%.<\/span><\/span><\/div>\n<\/div>\n<\/div>\n<\/div>\n<\/div>\n<\/div>\n<\/div>\n<\/div>\n<div class=\"yxAsKe\"><\/div>\n<\/div>\n<\/div>\n<\/div>\n<div id=\"4XIsaOatK7vlseMPuYPtiQU__65\">\n<div class=\"wDYxhc\" data-md=\"61\">\n<div class=\"LGOjhe\" data-attrid=\"wa:\/description\" data-hveid=\"CEkQAA\"><span class=\"NA6bn BxUVEf ILfuVd\" lang=\"en\"><span class=\"hgKElc\">ASTM A890 CD3Mn or Grade 4A is\u00a0<b>the nearest equivalent grade to the wrought super duplex stainless steel UNS S32205<\/b>. It is also designated as ASTM A995 and ASME SA351\/995 grade CD3Mn or 4A, also written as J92205 or X2CrNiMoN22<\/span><\/span><\/div>\n<div data-attrid=\"wa:\/description\" data-hveid=\"CEkQAA\"><\/div>\n<div data-attrid=\"wa:\/description\" data-hveid=\"CEkQAA\">\n<div data-hveid=\"CAIQAQ\" data-ved=\"2ahUKEwi3pLD4g7KNAxVjTGwGHdVFK_4Qj7gIegQIAhAB\">\n<div class=\"dnXCYb\" tabindex=\"0\" role=\"button\" aria-controls=\"_FXMsaPfFI-OYseMP1Yut8Q8_3\" aria-expanded=\"true\">\n<div class=\"JlqpRe\"><span class=\"JCzEY tNxQIb\"><span class=\"CSkcDe\">What is the difference between A890 4A and A995 4A?<\/span><\/span><\/div>\n<div class=\"p8Jhnd\">\n<div class=\"aj35ze\"><\/div>\n<\/div>\n<div class=\"L3Ezfd\" data-ved=\"2ahUKEwi3pLD4g7KNAxVjTGwGHdVFK_4Quk56BAgCEAI\"><\/div>\n<\/div>\n<\/div>\n<div id=\"_FXMsaPfFI-OYseMP1Yut8Q8_3\" class=\"bCOlv\" data-ved=\"2ahUKEwi3pLD4g7KNAxVjTGwGHdVFK_4Q7NUEegQIAhAE\">\n<div class=\"IZE3Td\">\n<div class=\"r2fjmd t0bRye Sbgr0\" data-hveid=\"CAIQBQ\" data-ved=\"2ahUKEwi3pLD4g7KNAxVjTGwGHdVFK_4Qu04oAHoECAIQBQ\">\n<div id=\"FXMsaPfFI-OYseMP1Yut8Q8__3\">\n<div class=\"wDYxhc\" data-md=\"61\">\n<div class=\"LGOjhe\" data-attrid=\"wa:\/description\" data-hveid=\"CAcQAA\"><span class=\"ILfuVd\" lang=\"en\"><span class=\"hgKElc\"><b>A995 includes fewer grades (1B, 2A, 3A, 4A, 5A, and 6A) than A890<\/b>\u00a0(1A, 1B, 1C, 2A, 3A, 4A, 5A, and 6A), and the composition limits for the common alloys are listed with higher precision in many cases. A995 requires that weld repairs be made using procedures and welders qualified per ASTM A488. A890 does not<\/span><\/span><\/div>\n<\/div>\n<\/div>\n<\/div>\n<\/div>\n<\/div>\n<\/div>\n<\/div>\n<\/div>\n<\/div>\n<\/div>\n<\/div>","protected":false},"excerpt":{"rendered":"<p>STV Valve Technology Group Co., Ltd is a professional leader 4A Duplex Globe Valve ,900LB 4A Duplex Globe Valve,Bolt Bonnet Globe Valve,6 Inch Duplex Globe Valve,\u00a0 Hand Wheel 4A Globe Valve,A890 4A Globe Valve Manufacture.<\/p>","protected":false},"featured_media":8045,"template":"","meta":[],"product_brand":[],"product_cat":[45,189],"product_tag":[2307,3451,3450,2806,1110,2805],"class_list":{"0":"post-8044","1":"product","2":"type-product","3":"status-publish","4":"has-post-thumbnail","6":"product_cat-globe-valve","7":"product_cat-stainless-steel-globe-valve","8":"product_tag-4a-duplex-globe-valve","9":"product_tag-6-inch-duplex-globe-valve","10":"product_tag-900lb-4a-duplex-globe-valve","11":"product_tag-a890-4a-globe-valve-manufacture","12":"product_tag-bolt-bonnet-globe-valve","13":"product_tag-hand-wheel-4a-globe-valve","15":"first","16":"instock","17":"shipping-taxable","18":"product-type-simple"},"_links":{"self":[{"href":"https:\/\/www.stvvalves.com\/es\/wp-json\/wp\/v2\/product\/8044","targetHints":{"allow":["GET"]}}],"collection":[{"href":"https:\/\/www.stvvalves.com\/es\/wp-json\/wp\/v2\/product"}],"about":[{"href":"https:\/\/www.stvvalves.com\/es\/wp-json\/wp\/v2\/types\/product"}],"wp:featuredmedia":[{"embeddable":true,"href":"https:\/\/www.stvvalves.com\/es\/wp-json\/wp\/v2\/media\/8045"}],"wp:attachment":[{"href":"https:\/\/www.stvvalves.com\/es\/wp-json\/wp\/v2\/media?parent=8044"}],"wp:term":[{"taxonomy":"product_brand","embeddable":true,"href":"https:\/\/www.stvvalves.com\/es\/wp-json\/wp\/v2\/product_brand?post=8044"},{"taxonomy":"product_cat","embeddable":true,"href":"https:\/\/www.stvvalves.com\/es\/wp-json\/wp\/v2\/product_cat?post=8044"},{"taxonomy":"product_tag","embeddable":true,"href":"https:\/\/www.stvvalves.com\/es\/wp-json\/wp\/v2\/product_tag?post=8044"}],"curies":[{"name":"wp","href":"https:\/\/api.w.org\/{rel}","templated":true}]}}