{"id":8062,"date":"2025-05-28T16:11:11","date_gmt":"2025-05-28T08:11:11","guid":{"rendered":"https:\/\/www.stvvalves.com\/?post_type=product&#038;p=8062"},"modified":"2025-05-28T16:16:58","modified_gmt":"2025-05-28T08:16:58","slug":"bs-1868-swing-check-valve-wcb-36-inch-cl300-rf-end","status":"publish","type":"product","link":"https:\/\/www.stvvalves.com\/es\/products\/bs-1868-swing-check-valve-wcb-36-inch-cl300-rf-end\/","title":{"rendered":"BS 1868 Swing Check Valve,WCB,36 Inch,CL300,RF End"},"content":{"rendered":"<p>Caracter\u00edsticas principales de la v\u00e1lvula de retenci\u00f3n oscilante ANSI 300LB<\/p>\n<p>BB, TAPA DE CAP\u00d3 ATORNILLADA<br \/>\nTIPO GIRO, DISCO ANTIROTACI\u00d3N<br \/>\nANILLOS DE ASIENTO RENOVABLES<br \/>\nEJE DE DISCO NO PENETRADO<br \/>\nSERVICIO HORIZONTAL O VERTICAL<br \/>\nEXTREMOS BRIDOS O A TOPE<\/p>\n<p>Est\u00e1ndares aplicables:<br \/>\nV\u00c1LVULAS DE RETENCI\u00d3N DE ACERO, API6D\/BS1868<br \/>\nV\u00c1LVULAS DE RETENCI\u00d3N DE ACERO,ISO 14313<br \/>\nV\u00c1LVULAS DE ACERO, ASME B16.34<br \/>\nCARA A CARA, ASME B16.10<br \/>\nBRIDAS EXTERNAS,ASME B16.5<br \/>\nEXTREMOS PARA SOLDAR A TOPE, ASME B16.25<br \/>\nINSPECCI\u00d3N Y PRUEBA, API 598\/API 6D<\/p>\n<table>\n<tbody>\n<tr>\n<td width=\"200\"><strong>nombre del producto<\/strong><\/td>\n<td width=\"481\">BS 1868 Swing Check Valve,WCB,36 Inch,CL300,RF End<\/td>\n<\/tr>\n<tr>\n<td width=\"200\">1. Materiales<\/td>\n<td width=\"481\">WCB<\/td>\n<\/tr>\n<tr>\n<td width=\"200\">2. Tama\u00f1o<\/td>\n<td width=\"481\">36\u201d<\/td>\n<\/tr>\n<tr>\n<td width=\"200\">4. Puerto<\/td>\n<td width=\"481\">Puerto lleno<\/td>\n<\/tr>\n<tr>\n<td width=\"200\">5. Presi\u00f3n de trabajo<\/td>\n<td width=\"481\">300 libras<\/td>\n<\/tr>\n<tr>\n<td width=\"200\">6. La conexi\u00f3n finaliza<\/td>\n<td width=\"481\">RF<\/td>\n<\/tr>\n<tr>\n<td width=\"200\">7. Temperatura de trabajo.<\/td>\n<td width=\"481\">-29~425\u00baC,<\/td>\n<\/tr>\n<tr>\n<td width=\"200\">8. Medio adecuado<\/td>\n<td width=\"481\">Agua, Gas Natural, Petr\u00f3leo y alg\u00fan l\u00edquido corrosivo<\/td>\n<\/tr>\n<tr>\n<td width=\"200\">9. Operado<\/td>\n<td width=\"481\">\/<\/td>\n<\/tr>\n<tr>\n<td width=\"200\">10. Inspecci\u00f3n y pruebas<\/td>\n<td width=\"481\">Seg\u00fan API 598<\/td>\n<\/tr>\n<tr>\n<td width=\"200\"><strong>Env\u00edo<\/strong><\/td>\n<td width=\"481\"><\/td>\n<\/tr>\n<tr>\n<td width=\"200\">El tiempo de entrega<\/td>\n<td width=\"481\">30 dias<\/td>\n<\/tr>\n<tr>\n<td width=\"200\">Paquete<\/td>\n<td width=\"481\">Caja de madera contrachapada de exportaci\u00f3n est\u00e1ndar<\/td>\n<\/tr>\n<tr>\n<td width=\"200\">Puerto de embarque<\/td>\n<td width=\"481\">Ningbo\/Shangh\u00e1i, China<\/td>\n<\/tr>\n<tr>\n<td width=\"200\">Condiciones de env\u00edo<\/td>\n<td width=\"481\">Exw, MANDO, CFR, CIF, etc.<\/td>\n<\/tr>\n<tr>\n<td width=\"200\">T\u00e9rminos de pago<\/td>\n<td width=\"481\">T\/T, Western Union, PayPal, etc.<\/td>\n<\/tr>\n<tr>\n<td width=\"200\"><\/td>\n<td width=\"481\">Pago anticipado de 30%, saldo de 70% pagado antes del env\u00edo<\/td>\n<\/tr>\n<tr>\n<td width=\"200\">Pa\u00eds de origen<\/td>\n<td width=\"481\">Ciudad de Wenzhou, China<\/td>\n<\/tr>\n<tr>\n<td width=\"200\">Capacidad de producci\u00f3n<\/td>\n<td width=\"481\">6000 toneladas\/a\u00f1o<\/td>\n<\/tr>\n<tr>\n<td width=\"200\">Cantidad m\u00ednima de pedido<\/td>\n<td width=\"481\">10 unidades\/tama\u00f1o<\/td>\n<\/tr>\n<\/tbody>\n<\/table>","protected":false},"excerpt":{"rendered":"<p>STV Valve Technology Group Co., Ltd is a professional leader China ANSI 300LB cast steel check valve,ANSI 36 Inch swing check valve,WCB 36 Inch swing check valve,cast steel swing 36 Inch check valve,API 600\u00a0 36 Inch swing check valve,36 Inch Flanged end swing check valve, China 36 Inch Swing Check Valve ,36Inch Swing Check Valve , API 598 36 Inch swing check valve, BS1868 36 Inch swing check valve, API 6D 36 Inch swing check valve, ASME B16.10 36 Inch swing check valve manufacturer with high quality and low price.<\/p>","protected":false},"featured_media":8063,"template":"","meta":[],"product_brand":[],"product_cat":[46,83],"product_tag":[3466,3468,3462,3469,3465,3471,3472,3470,3464,3467,3461,3463],"class_list":{"0":"post-8062","1":"product","2":"type-product","3":"status-publish","4":"has-post-thumbnail","6":"product_cat-check-valves","7":"product_cat-cast-steel-check-valve","8":"product_tag-36-inch-flanged-end-swing-check-valve","9":"product_tag-36inch-swing-check-valve","10":"product_tag-ansi-36-inch-swing-check-valve","11":"product_tag-api-598-36-inch-swing-check-valve","12":"product_tag-api-600-36-inch-swing-check-valve","13":"product_tag-api-6d-36-inch-swing-check-valve","14":"product_tag-asme-b16-10-36-inch-swing-check-valve-manufacturer","15":"product_tag-bs1868-36-inch-swing-check-valve","16":"product_tag-cast-steel-swing-36-inch-check-valve","17":"product_tag-china-36-inch-swing-check-valve","18":"product_tag-china-ansi-300lb-cast-steel-check-valve","19":"product_tag-wcb-36-inch-swing-check-valve","21":"first","22":"instock","23":"shipping-taxable","24":"product-type-simple"},"_links":{"self":[{"href":"https:\/\/www.stvvalves.com\/es\/wp-json\/wp\/v2\/product\/8062","targetHints":{"allow":["GET"]}}],"collection":[{"href":"https:\/\/www.stvvalves.com\/es\/wp-json\/wp\/v2\/product"}],"about":[{"href":"https:\/\/www.stvvalves.com\/es\/wp-json\/wp\/v2\/types\/product"}],"wp:featuredmedia":[{"embeddable":true,"href":"https:\/\/www.stvvalves.com\/es\/wp-json\/wp\/v2\/media\/8063"}],"wp:attachment":[{"href":"https:\/\/www.stvvalves.com\/es\/wp-json\/wp\/v2\/media?parent=8062"}],"wp:term":[{"taxonomy":"product_brand","embeddable":true,"href":"https:\/\/www.stvvalves.com\/es\/wp-json\/wp\/v2\/product_brand?post=8062"},{"taxonomy":"product_cat","embeddable":true,"href":"https:\/\/www.stvvalves.com\/es\/wp-json\/wp\/v2\/product_cat?post=8062"},{"taxonomy":"product_tag","embeddable":true,"href":"https:\/\/www.stvvalves.com\/es\/wp-json\/wp\/v2\/product_tag?post=8062"}],"curies":[{"name":"wp","href":"https:\/\/api.w.org\/{rel}","templated":true}]}}