{"id":8154,"date":"2025-06-19T20:30:28","date_gmt":"2025-06-19T12:30:28","guid":{"rendered":"https:\/\/www.stvvalves.com\/?post_type=product&#038;p=8154"},"modified":"2025-06-20T09:03:22","modified_gmt":"2025-06-20T01:03:22","slug":"long-pattern-single-plate-check-valve-cf8m-body-150lb-6-inch","status":"publish","type":"product","link":"https:\/\/www.stvvalves.com\/es\/products\/long-pattern-single-plate-check-valve-cf8m-body-150lb-6-inch\/","title":{"rendered":"Long pattern Single Plate Check valve,CF8M Body,150LB,6 Inch"},"content":{"rendered":"<p>Long pattern Single Plate Check valve,CF8M Body,150LB,6 Inch<\/p>\n<p>Long pattern Single Plate Check valve is declined against the outlet with small dropping angle to reduce the vibration meanwhile there is buffering device in the body which can buffer by the flow to prevent the pump from turning back and super-high water hammer pressure.<br \/>\nLa selecci\u00f3n de diferentes materiales se puede aplicar al medio que incluye agua, vapor, aceites, \u00e1cido n\u00edtrico, acetida, medio oxidante fuerte y urea, etc.<\/p>\n<p><strong>Caracter\u00edstica estructural<\/strong><\/p>\n<p>Cierre r\u00e1pido del disco de la v\u00e1lvula, baja presi\u00f3n de golpe de ariete;<br \/>\nAplicable y de f\u00e1cil instalaci\u00f3n para tuber\u00edas verticales u horizontales;<br \/>\nPaso de flujo suave y peque\u00f1a resistencia a los fluidos;<br \/>\nAcci\u00f3n flexible y buen rendimiento de sellado;<br \/>\nRecorrido de v\u00e1lvula estrecho y peque\u00f1o impacto de cierre;<br \/>\nEstructura integrada, simple y compacta, en hermosa forma;<br \/>\nLarga vida \u00fatil y buena fiabilidad.<br \/>\nEstructura compensada, con una longitud \u00f3ptima entre caras que reduce la resistencia al flujo y elimina el aumento de presi\u00f3n. Se utiliza para proteger contra el contraflujo medio.<\/p>\n<p><strong>Especificaci\u00f3n del par\u00e1metro principal<\/strong><\/p>\n<p>Dise\u00f1o y fabricaci\u00f3n: API594<br \/>\nCara a cara y de extremo a extremo: API594<br \/>\nInspecci\u00f3n y prueba: API598<\/p>\n<p><strong>Gama de productos<\/strong><\/p>\n<p>Material del cuerpo: acero al carbono, acero inoxidable, acero aleado, bronce<br \/>\nDi\u00e1metro nominal: 2\u2033~24\u2033(DN50~DN600)<br \/>\nConexi\u00f3n final: oblea<br \/>\nRango de presi\u00f3n: Class150~ 2500(PN16~PN150)<br \/>\nTemperatura de trabajo:-196\u00baC~+560\u00baC<\/p>","protected":false},"excerpt":{"rendered":"<p>STV Valve Technology Group Co., Ltd is a professional leader China Long pattern Single Plate Check valve Supplier, CF8M Long pattern Single Plate Check valve, 150LB Long pattern Single Plate Check valve, 6 Inch Long pattern Single Plate Check valve, Metal Seat Tilting Disc Check Valve , Metal Seat Long pattern Single Plate Check valve.API 594 Long pattern Single Plate Check valve Manufacturer with high quality and competitive price.<\/p>","protected":false},"featured_media":8155,"template":"","meta":[],"product_brand":[],"product_cat":[46,84],"product_tag":[3522,3523,3521,3520,3524,2054],"class_list":{"0":"post-8154","1":"product","2":"type-product","3":"status-publish","4":"has-post-thumbnail","6":"product_cat-check-valves","7":"product_cat-wafer-check-valve","8":"product_tag-150lb-long-pattern-single-plate-check-valve","9":"product_tag-6-inch-long-pattern-single-plate-check-valve","10":"product_tag-cf8m-long-pattern-single-plate-check-valve","11":"product_tag-china-long-pattern-single-plate-check-valve-supplier","12":"product_tag-metal-seat-long-pattern-single-plate-check-valve-api-594-long-pattern-single-plate-check-valve-manufacturer","13":"product_tag-metal-seat-tilting-disc-check-valve","15":"first","16":"instock","17":"shipping-taxable","18":"product-type-simple"},"_links":{"self":[{"href":"https:\/\/www.stvvalves.com\/es\/wp-json\/wp\/v2\/product\/8154","targetHints":{"allow":["GET"]}}],"collection":[{"href":"https:\/\/www.stvvalves.com\/es\/wp-json\/wp\/v2\/product"}],"about":[{"href":"https:\/\/www.stvvalves.com\/es\/wp-json\/wp\/v2\/types\/product"}],"wp:featuredmedia":[{"embeddable":true,"href":"https:\/\/www.stvvalves.com\/es\/wp-json\/wp\/v2\/media\/8155"}],"wp:attachment":[{"href":"https:\/\/www.stvvalves.com\/es\/wp-json\/wp\/v2\/media?parent=8154"}],"wp:term":[{"taxonomy":"product_brand","embeddable":true,"href":"https:\/\/www.stvvalves.com\/es\/wp-json\/wp\/v2\/product_brand?post=8154"},{"taxonomy":"product_cat","embeddable":true,"href":"https:\/\/www.stvvalves.com\/es\/wp-json\/wp\/v2\/product_cat?post=8154"},{"taxonomy":"product_tag","embeddable":true,"href":"https:\/\/www.stvvalves.com\/es\/wp-json\/wp\/v2\/product_tag?post=8154"}],"curies":[{"name":"wp","href":"https:\/\/api.w.org\/{rel}","templated":true}]}}