{"id":8267,"date":"2025-08-10T20:54:11","date_gmt":"2025-08-10T12:54:11","guid":{"rendered":"https:\/\/www.stvvalves.com\/?post_type=product&#038;p=8267"},"modified":"2025-08-10T21:01:32","modified_gmt":"2025-08-10T13:01:32","slug":"hc276-y-type-strainer-din-3352-dn-15-pn16-rf-ends","status":"publish","type":"product","link":"https:\/\/www.stvvalves.com\/es\/products\/hc276-y-type-strainer-din-3352-dn-15-pn16-rf-ends\/","title":{"rendered":"HC276 Y Type Strainer,DIN 3352,DN15,PN16,RF Ends"},"content":{"rendered":"<p>Est\u00e1ndar de dise\u00f1o: DIN 3356 \/ EN 13709<br \/>\nCara a cara: DIN3202 \/ EN 558-1<br \/>\nExtremos de brida: DIN2543-2545 \/ EN 1092-1<br \/>\nPrueba e inspecci\u00f3n: DIN 3230 \/ EN 12266<br \/>\nGama de productos:<br \/>\nBody material: GS-C25\u30011.7363\u30011.4308\u30011.4408\u30011.4306\u30011.4301\u3001WCB\u3001LCB\u3001WC6\u3001WC9\u3001CF8\u3001CF8M\u3001CF3\u3001CF3M.<br \/>\nDi\u00e1metro normal: 1\/2 \u2013 48 Pulgada (DN15 \u2013 DN1200).<br \/>\nConexi\u00f3n final: BW, Bridada.<br \/>\nRango de presi\u00f3n: 150 \u2013 2500 LB (PN16 \u2013 PN420).<\/p>\n<p>Aplicaci\u00f3n: Industria, centrales el\u00e9ctricas, plantas de purificaci\u00f3n de gases de combusti\u00f3n, tecnolog\u00eda de procesamiento, suministro de gas, instalaciones de vapor, instalaciones de reciclaje, instalaciones de vac\u00edo, agua caliente, tecnolog\u00eda de calefacci\u00f3n, calefacci\u00f3n urbana, aplicaciones de aceite t\u00e9rmico, fabricaci\u00f3n de plantas en general, etc. (otras aplicaciones bajo pedido) )<\/p>\n<p>Medio: Vapor, gases, agua caliente, fluidos t\u00e9rmicos, aceite caliente, agua de proceso, instalaciones de vac\u00edo, amon\u00edaco, etc. (otros medios de flujo bajo pedido)<\/p>\n<p>Temperatura de trabajo: Temperatura de trabajo: desde -46\u00baC o -50\u00baC (construcciones de acero inoxidable) y -29\u00baC o -46\u00baC (construcciones de acero al carbono) hasta 400\u2103<\/p>\n<table>\n<tbody>\n<tr>\n<td width=\"200\"><strong>nombre del producto<\/strong><\/td>\n<td width=\"481\">HC276 Y Type Strainer,DIN 3352,DN15,PN16,RF Ends<\/td>\n<\/tr>\n<tr>\n<td width=\"200\">1. Materiales<\/td>\n<td width=\"481\">HC276<\/td>\n<\/tr>\n<tr>\n<td width=\"200\">2. Tama\u00f1o<\/td>\n<td width=\"481\">1\/2\u201d<\/td>\n<\/tr>\n<tr>\n<td width=\"200\">4. Puerto<\/td>\n<td width=\"481\">Puerto lleno<\/td>\n<\/tr>\n<tr>\n<td width=\"200\">5. Presi\u00f3n de trabajo<\/td>\n<td width=\"481\">PN16<\/td>\n<\/tr>\n<tr>\n<td width=\"200\">6. La conexi\u00f3n finaliza<\/td>\n<td width=\"481\">RF<\/td>\n<\/tr>\n<tr>\n<td width=\"200\">7. Temperatura de trabajo.<\/td>\n<td width=\"481\">-29~200\u00baC,<\/td>\n<\/tr>\n<tr>\n<td width=\"200\">8. Medio adecuado<\/td>\n<td width=\"481\">Agua, Gas Natural, Petr\u00f3leo y alg\u00fan l\u00edquido corrosivo<\/td>\n<\/tr>\n<tr>\n<td width=\"200\">9. Operado<\/td>\n<td width=\"481\">\/<\/td>\n<\/tr>\n<tr>\n<td width=\"200\">10. Inspecci\u00f3n y pruebas<\/td>\n<td width=\"481\">Seg\u00fan API598<\/td>\n<\/tr>\n<tr>\n<td width=\"200\"><strong>Env\u00edo<\/strong><\/td>\n<td width=\"481\"><\/td>\n<\/tr>\n<tr>\n<td width=\"200\">El tiempo de entrega<\/td>\n<td width=\"481\">30 dias<\/td>\n<\/tr>\n<tr>\n<td width=\"200\">Paquete<\/td>\n<td width=\"481\">Caja de madera contrachapada de exportaci\u00f3n est\u00e1ndar<\/td>\n<\/tr>\n<tr>\n<td width=\"200\">Puerto de embarque<\/td>\n<td width=\"481\">Ningbo\/Shangh\u00e1i, China<\/td>\n<\/tr>\n<tr>\n<td width=\"200\">Condiciones de env\u00edo<\/td>\n<td width=\"481\">Exw, MANDO, CFR, CIF, etc.<\/td>\n<\/tr>\n<tr>\n<td width=\"200\">T\u00e9rminos de pago<\/td>\n<td width=\"481\">T\/T, Western Union, PayPal, etc.<\/td>\n<\/tr>\n<tr>\n<td width=\"200\"><\/td>\n<td width=\"481\">Pago anticipado de 30%, saldo de 70% pagado antes del env\u00edo<\/td>\n<\/tr>\n<tr>\n<td width=\"200\">Pa\u00eds de origen<\/td>\n<td width=\"481\">Ciudad de Wenzhou, China<\/td>\n<\/tr>\n<tr>\n<td width=\"200\">Capacidad de producci\u00f3n<\/td>\n<td width=\"481\">6000 toneladas\/a\u00f1o<\/td>\n<\/tr>\n<tr>\n<td width=\"200\">Cantidad m\u00ednima de pedido<\/td>\n<td width=\"481\">1 unidad\/tama\u00f1o<\/td>\n<\/tr>\n<\/tbody>\n<\/table>","protected":false},"excerpt":{"rendered":"<p>STV Valve Technology Group Co., Ltd is a professional leader China HC276 Y Type Strainer , DN15 HC276 Y Type Strainer, PN16 HC276 Y Type Strainer,RF End HC276 Y Type Strainer,Din3352 HC276 Y Type Strainer Manufacturer with high quality and competitive price.<\/p>","protected":false},"featured_media":8268,"template":"","meta":[],"product_brand":[],"product_cat":[48,85],"product_tag":[3600,3604,3601,3602,3603],"class_list":{"0":"post-8267","1":"product","2":"type-product","3":"status-publish","4":"has-post-thumbnail","6":"product_cat-y-strainer","7":"product_cat-stainless-steel-y-type-strainer","8":"product_tag-china-hc276-y-type-strainer","9":"product_tag-din3352-hc276-y-type-strainer-manufacturer","10":"product_tag-dn15-hc276-y-type-strainer","11":"product_tag-pn16-hc276-y-type-strainer","12":"product_tag-rf-end-hc276-y-type-strainer","14":"first","15":"instock","16":"shipping-taxable","17":"product-type-simple"},"_links":{"self":[{"href":"https:\/\/www.stvvalves.com\/es\/wp-json\/wp\/v2\/product\/8267","targetHints":{"allow":["GET"]}}],"collection":[{"href":"https:\/\/www.stvvalves.com\/es\/wp-json\/wp\/v2\/product"}],"about":[{"href":"https:\/\/www.stvvalves.com\/es\/wp-json\/wp\/v2\/types\/product"}],"wp:featuredmedia":[{"embeddable":true,"href":"https:\/\/www.stvvalves.com\/es\/wp-json\/wp\/v2\/media\/8268"}],"wp:attachment":[{"href":"https:\/\/www.stvvalves.com\/es\/wp-json\/wp\/v2\/media?parent=8267"}],"wp:term":[{"taxonomy":"product_brand","embeddable":true,"href":"https:\/\/www.stvvalves.com\/es\/wp-json\/wp\/v2\/product_brand?post=8267"},{"taxonomy":"product_cat","embeddable":true,"href":"https:\/\/www.stvvalves.com\/es\/wp-json\/wp\/v2\/product_cat?post=8267"},{"taxonomy":"product_tag","embeddable":true,"href":"https:\/\/www.stvvalves.com\/es\/wp-json\/wp\/v2\/product_tag?post=8267"}],"curies":[{"name":"wp","href":"https:\/\/api.w.org\/{rel}","templated":true}]}}