{"id":8269,"date":"2025-08-10T21:04:25","date_gmt":"2025-08-10T13:04:25","guid":{"rendered":"https:\/\/www.stvvalves.com\/?post_type=product&#038;p=8269"},"modified":"2025-08-10T21:15:10","modified_gmt":"2025-08-10T13:15:10","slug":"hastelloy-c276-ball-valve-2pc-dn32-1000-wog-n","status":"publish","type":"product","link":"https:\/\/www.stvvalves.com\/es\/products\/hastelloy-c276-ball-valve-2pc-dn32-1000-wog-n\/","title":{"rendered":"Hastelloy C276 Ball Valve,2PC, DN32,1000 WOG, NPT End"},"content":{"rendered":"<p>La v\u00e1lvula de bola de paso total de 2 piezas es una v\u00e1lvula de bola de paso total que no requiere mantenimiento; proporcionando un funcionamiento seguro para aplicaciones qu\u00edmicas tanto generales como industriales.<\/p>\n<p>v\u00e1lvula de bola de uso general que sea confiable. Cuerpo de acero inoxidable y asiento de PTFE relleno de carbono.<\/p>\n<p>Cuenta con un v\u00e1stago a prueba de explosiones y agarre aislado, manija de palanca bloqueable.<\/p>\n<p>Hastelloy C276 Body<br \/>\nRoscado BSP, NPT<br \/>\nTama\u00f1os: 1\/4\u2033 a 4\u2033<br \/>\nRango de temperatura: -20 \u00b0C a +200 \u00b0C<br \/>\nPresi\u00f3n de funcionamiento: 1000 PSI (1\/4\u2033 a 2\u2033) y 800 PSI (2 1\/2\u2033 a 4\u2033)<br \/>\nMovimiento: giro de 90\u00b0<\/p>\n<table>\n<tbody>\n<tr>\n<td width=\"200\"><strong>nombre del producto<\/strong><\/td>\n<td width=\"481\">Hastelloy C276 Ball Valve, 2PC, DN32, 1000 WOG, NPT End<\/td>\n<\/tr>\n<tr>\n<td width=\"200\">1. Materiales<\/td>\n<td width=\"481\">Hastelloy C276<\/td>\n<\/tr>\n<tr>\n<td width=\"200\">2. Tama\u00f1o<\/td>\n<td width=\"481\">11\/4\u201d<\/td>\n<\/tr>\n<tr>\n<td width=\"200\">4. Puerto<\/td>\n<td width=\"481\">Puerto lleno<\/td>\n<\/tr>\n<tr>\n<td width=\"200\">5. Presi\u00f3n de trabajo<\/td>\n<td width=\"481\">1000WOG<\/td>\n<\/tr>\n<tr>\n<td width=\"200\">6. La conexi\u00f3n finaliza<\/td>\n<td width=\"481\">TNP<\/td>\n<\/tr>\n<tr>\n<td width=\"200\">7. Temperatura de trabajo.<\/td>\n<td width=\"481\">-29~180\u00baC,<\/td>\n<\/tr>\n<tr>\n<td width=\"200\">8. Medio adecuado<\/td>\n<td width=\"481\">Agua, Gas Natural, Petr\u00f3leo y alg\u00fan l\u00edquido corrosivo<\/td>\n<\/tr>\n<tr>\n<td width=\"200\">9. Operado<\/td>\n<td width=\"481\">Volante<\/td>\n<\/tr>\n<tr>\n<td width=\"200\">10. Inspecci\u00f3n y pruebas<\/td>\n<td width=\"481\">Seg\u00fan API598<\/td>\n<\/tr>\n<tr>\n<td width=\"200\"><strong>Env\u00edo<\/strong><\/td>\n<td width=\"481\"><\/td>\n<\/tr>\n<tr>\n<td width=\"200\">El tiempo de entrega<\/td>\n<td width=\"481\">30 dias<\/td>\n<\/tr>\n<tr>\n<td width=\"200\">Paquete<\/td>\n<td width=\"481\">Caja de madera contrachapada de exportaci\u00f3n est\u00e1ndar<\/td>\n<\/tr>\n<tr>\n<td width=\"200\">Puerto de embarque<\/td>\n<td width=\"481\">Ningbo\/Shangh\u00e1i, China<\/td>\n<\/tr>\n<tr>\n<td width=\"200\">Condiciones de env\u00edo<\/td>\n<td width=\"481\">Exw, MANDO, CFR, CIF, etc.<\/td>\n<\/tr>\n<tr>\n<td width=\"200\">T\u00e9rminos de pago<\/td>\n<td width=\"481\">T\/T, Western Union, PayPal, etc.<\/td>\n<\/tr>\n<tr>\n<td width=\"200\"><\/td>\n<td width=\"481\">Pago anticipado de 30%, saldo de 70% pagado antes del env\u00edo<\/td>\n<\/tr>\n<tr>\n<td width=\"200\">Pa\u00eds de origen<\/td>\n<td width=\"481\">Ciudad de Wenzhou, China<\/td>\n<\/tr>\n<tr>\n<td width=\"200\">Capacidad de producci\u00f3n<\/td>\n<td width=\"481\">6000 toneladas\/a\u00f1o<\/td>\n<\/tr>\n<tr>\n<td width=\"200\">Cantidad m\u00ednima de pedido<\/td>\n<td width=\"481\">1 unidad\/tama\u00f1o<\/td>\n<\/tr>\n<\/tbody>\n<\/table>","protected":false},"excerpt":{"rendered":"<p>STV Valve Technology Group Co., Ltd is a professional leader China 2-PC Ball Valve, 1000 WOG Hastelloy C276 Ball Valve,2PC Hastelloy C276 Ball Valve, DN32 Hastelloy C276 Ball Valve,1000 WOG Hastelloy C276 Ball Valve, NPT End Hastelloy C276 Ball Valve Manufacturer with high quality and competitive price<\/p>","protected":false},"featured_media":8270,"template":"","meta":[],"product_brand":[],"product_cat":[43,79],"product_tag":[3605,3606,2094,3607,3608],"class_list":{"0":"post-8269","1":"product","2":"type-product","3":"status-publish","4":"has-post-thumbnail","6":"product_cat-ball-valve","7":"product_cat-threaded-ball-valve","8":"product_tag-1000-wog-hastelloy-c276-ball-valve","9":"product_tag-2pc-hastelloy-c276-ball-valve","10":"product_tag-china-2-pc-ball-valve","11":"product_tag-dn32-hastelloy-c276-ball-valve","12":"product_tag-npt-end-hastelloy-c276-ball-valve-manufacturer","14":"first","15":"instock","16":"shipping-taxable","17":"product-type-simple"},"_links":{"self":[{"href":"https:\/\/www.stvvalves.com\/es\/wp-json\/wp\/v2\/product\/8269","targetHints":{"allow":["GET"]}}],"collection":[{"href":"https:\/\/www.stvvalves.com\/es\/wp-json\/wp\/v2\/product"}],"about":[{"href":"https:\/\/www.stvvalves.com\/es\/wp-json\/wp\/v2\/types\/product"}],"wp:featuredmedia":[{"embeddable":true,"href":"https:\/\/www.stvvalves.com\/es\/wp-json\/wp\/v2\/media\/8270"}],"wp:attachment":[{"href":"https:\/\/www.stvvalves.com\/es\/wp-json\/wp\/v2\/media?parent=8269"}],"wp:term":[{"taxonomy":"product_brand","embeddable":true,"href":"https:\/\/www.stvvalves.com\/es\/wp-json\/wp\/v2\/product_brand?post=8269"},{"taxonomy":"product_cat","embeddable":true,"href":"https:\/\/www.stvvalves.com\/es\/wp-json\/wp\/v2\/product_cat?post=8269"},{"taxonomy":"product_tag","embeddable":true,"href":"https:\/\/www.stvvalves.com\/es\/wp-json\/wp\/v2\/product_tag?post=8269"}],"curies":[{"name":"wp","href":"https:\/\/api.w.org\/{rel}","templated":true}]}}