{"id":8274,"date":"2025-08-10T21:33:25","date_gmt":"2025-08-10T13:33:25","guid":{"rendered":"https:\/\/www.stvvalves.com\/?post_type=product&#038;p=8274"},"modified":"2025-08-10T21:46:01","modified_gmt":"2025-08-10T13:46:01","slug":"310s-ball-valve-din-3352-pn10-dn80-rf-end","status":"publish","type":"product","link":"https:\/\/www.stvvalves.com\/es\/products\/310s-ball-valve-din-3352-pn10-dn80-rf-end\/","title":{"rendered":"310S Ball Valve,DIN 3352,PN10,DN80,RF end"},"content":{"rendered":"<p>Product name: 310S Ball Valve,DIN 3352,PN10,DN80,RF end<br \/>\nDise\u00f1o: DIN 3352.<br \/>\nMateriales: 310S<br \/>\nTama\u00f1o nominal: 3 pulgadas.<br \/>\nPresi\u00f3n nominal: PN16.<br \/>\nConexi\u00f3n final: RF.<br \/>\nCara a cara: DIN 3202.<br \/>\nTest and inspection:DIN 3230.<\/p>\n<p>Conexiones: Bridadas, Roscadas, Socket soldadas, ButtWeld<\/p>\n<p>Clasificaci\u00f3n de presi\u00f3n: PN 1,0 a 25 Mpa, Clase 150 a 2500<\/p>\n<p>Tama\u00f1o: DN15 a 200 mm, NPS 1\/4 \u2033 a 20 \u2033<\/p>\n<p>Temperatura: -198\u00b0c a +450\u00b0c<\/p>\n<p>Dise\u00f1o y fabricaci\u00f3n: ANSI B16.34, API 600, API 6D, API 603, BS 1414, BS 5352, DIN 3352<\/p>\n<p>Cara a cara (de extremo a extremo): ANSI B16.10, API 6D, ASME B16.10, EN 558, DIN 3202<\/p>\n<p>Conexi\u00f3n bridada: 2\u2033 a 24\u2033, ANSI B16.5, 26\u2033 a 36\u2033, MSS-SP-44 a API605<\/p>\n<p>Prueba e inspecci\u00f3n: API 598, API 6D, DIN 3230<\/p>\n<p>Extremo soldado a tope: ANSI B16.5<\/p>\n<p>Materiales: CF8,CF3,CF8M,CF3M,CG8M,CG3M,CF8C,CK20<br \/>\n304,304L,316,316L,316Ti,317,317L,310,310S,<br \/>\nF304,F304,F316,F316L,F316Ti,F317,F317L,F310,F310S<br \/>\nEst\u00e1ndar de dise\u00f1o y producci\u00f3n: DIN3352, EN558<br \/>\nDistancia entre bridas: DIN3202-F5\/F7<br \/>\nConectado seg\u00fan norma: DIN2543-2547, EN1092<br \/>\nEst\u00e1ndar de prueba: API598, ISO5208<br \/>\nMedio: la v\u00e1lvula es adecuada para varios medios, incluidos agua, vapor, petr\u00f3leo, gas, productos derivados del petr\u00f3leo, \u00e1cido n\u00edtrico, \u00e1cido ac\u00e9tico, etc.<br \/>\nTemperatura de trabajo: desde -46\u00baC o -50\u00baC (construcciones de acero inoxidable) y -29\u00baC o -46\u00baC (construcciones de acero al carbono) hasta 600\u2103<\/p>\n<p>Operaciones: accionadas por volante, accionadas el\u00e9ctricamente, accionadas neum\u00e1ticamente<\/p>\n<table>\n<tbody>\n<tr>\n<td width=\"200\"><strong>nombre del producto<\/strong><\/td>\n<td width=\"481\">310S Ball Valve,DIN 3352,PN10,DN80,RF end<\/td>\n<\/tr>\n<tr>\n<td width=\"200\">1. Materiales<\/td>\n<td width=\"481\">310S<\/td>\n<\/tr>\n<tr>\n<td width=\"200\">2. Tama\u00f1o<\/td>\n<td width=\"481\">3\u201d<\/td>\n<\/tr>\n<tr>\n<td width=\"200\">4. Puerto<\/td>\n<td width=\"481\">Puerto lleno<\/td>\n<\/tr>\n<tr>\n<td width=\"200\">5. Presi\u00f3n de trabajo<\/td>\n<td width=\"481\">PN10<\/td>\n<\/tr>\n<tr>\n<td width=\"200\">6. La conexi\u00f3n finaliza<\/td>\n<td width=\"481\">RF<\/td>\n<\/tr>\n<tr>\n<td width=\"200\">7. Temperatura de trabajo.<\/td>\n<td width=\"481\">-29~200\u00baC,<\/td>\n<\/tr>\n<tr>\n<td width=\"200\">8. Medio adecuado<\/td>\n<td width=\"481\">Agua, Gas Natural, Petr\u00f3leo y alg\u00fan l\u00edquido corrosivo<\/td>\n<\/tr>\n<tr>\n<td width=\"200\">9. Operado<\/td>\n<td width=\"481\">\/<\/td>\n<\/tr>\n<tr>\n<td width=\"200\">10. Inspecci\u00f3n y pruebas<\/td>\n<td width=\"481\">Seg\u00fan API598<\/td>\n<\/tr>\n<tr>\n<td width=\"200\"><strong>Env\u00edo<\/strong><\/td>\n<td width=\"481\"><\/td>\n<\/tr>\n<tr>\n<td width=\"200\">El tiempo de entrega<\/td>\n<td width=\"481\">30 dias<\/td>\n<\/tr>\n<tr>\n<td width=\"200\">Paquete<\/td>\n<td width=\"481\">Caja de madera contrachapada de exportaci\u00f3n est\u00e1ndar<\/td>\n<\/tr>\n<tr>\n<td width=\"200\">Puerto de embarque<\/td>\n<td width=\"481\">Ningbo\/Shangh\u00e1i, China<\/td>\n<\/tr>\n<tr>\n<td width=\"200\">Condiciones de env\u00edo<\/td>\n<td width=\"481\">Exw, MANDO, CFR, CIF, etc.<\/td>\n<\/tr>\n<tr>\n<td width=\"200\">T\u00e9rminos de pago<\/td>\n<td width=\"481\">T\/T, Western Union, PayPal, etc.<\/td>\n<\/tr>\n<tr>\n<td width=\"200\"><\/td>\n<td width=\"481\">Pago anticipado de 30%, saldo de 70% pagado antes del env\u00edo<\/td>\n<\/tr>\n<tr>\n<td width=\"200\">Pa\u00eds de origen<\/td>\n<td width=\"481\">Ciudad de Wenzhou, China<\/td>\n<\/tr>\n<tr>\n<td width=\"200\">Capacidad de producci\u00f3n<\/td>\n<td width=\"481\">6000 toneladas\/a\u00f1o<\/td>\n<\/tr>\n<tr>\n<td width=\"200\">Cantidad m\u00ednima de pedido<\/td>\n<td width=\"481\">1 unidad\/tama\u00f1o<\/td>\n<\/tr>\n<\/tbody>\n<\/table>","protected":false},"excerpt":{"rendered":"<p>STV Valve Technology Group Co., Ltd is a professional leader China 310S Ball Valve, 310S Ball Valve,DN80 310S Ball Valve,Flange End 310S Ball Valve ,PN10 310S Ball Valve,DIN 3352 310S Ball Valve,RF END 310S Ball Valve Manufacturer with high quality and competitive price.<\/p>\n<p>&nbsp;<\/p>\n<p>&nbsp;<\/p>","protected":false},"featured_media":8275,"template":"","meta":[],"product_brand":[],"product_cat":[43,53],"product_tag":[1635,1634,3619,3616,3617,3618,3620],"class_list":{"0":"post-8274","1":"product","2":"type-product","3":"status-publish","4":"has-post-thumbnail","6":"product_cat-ball-valve","7":"product_cat-stainless-steel-ball-valve","8":"product_tag-310s-ball-valve","9":"product_tag-china-310s-ball-valve","10":"product_tag-din-3352-310s-ball-valve","11":"product_tag-dn80-310s-ball-valve","12":"product_tag-flange-end-310s-ball-valve","13":"product_tag-pn10-310s-ball-valve","14":"product_tag-rf-end-310s-ball-valve-manufacturer","16":"first","17":"instock","18":"shipping-taxable","19":"product-type-simple"},"_links":{"self":[{"href":"https:\/\/www.stvvalves.com\/es\/wp-json\/wp\/v2\/product\/8274","targetHints":{"allow":["GET"]}}],"collection":[{"href":"https:\/\/www.stvvalves.com\/es\/wp-json\/wp\/v2\/product"}],"about":[{"href":"https:\/\/www.stvvalves.com\/es\/wp-json\/wp\/v2\/types\/product"}],"wp:featuredmedia":[{"embeddable":true,"href":"https:\/\/www.stvvalves.com\/es\/wp-json\/wp\/v2\/media\/8275"}],"wp:attachment":[{"href":"https:\/\/www.stvvalves.com\/es\/wp-json\/wp\/v2\/media?parent=8274"}],"wp:term":[{"taxonomy":"product_brand","embeddable":true,"href":"https:\/\/www.stvvalves.com\/es\/wp-json\/wp\/v2\/product_brand?post=8274"},{"taxonomy":"product_cat","embeddable":true,"href":"https:\/\/www.stvvalves.com\/es\/wp-json\/wp\/v2\/product_cat?post=8274"},{"taxonomy":"product_tag","embeddable":true,"href":"https:\/\/www.stvvalves.com\/es\/wp-json\/wp\/v2\/product_tag?post=8274"}],"curies":[{"name":"wp","href":"https:\/\/api.w.org\/{rel}","templated":true}]}}