{"id":8424,"date":"2025-09-04T21:17:36","date_gmt":"2025-09-04T13:17:36","guid":{"rendered":"https:\/\/www.stvvalves.com\/?post_type=product&#038;p=8424"},"modified":"2025-09-04T21:22:21","modified_gmt":"2025-09-04T13:22:21","slug":"5a-flanged-y-strainer-dn65-pn-10-rf-end","status":"publish","type":"product","link":"https:\/\/www.stvvalves.com\/es\/products\/5a-flanged-y-strainer-dn65-pn-10-rf-end\/","title":{"rendered":"5A Flanged Y Strainer,DN65,PN10,RF END"},"content":{"rendered":"<p>Product name: 5A-Flanged-Y-Strainer-DN65-PN-10-RF-END<br \/>\nDise\u00f1o: DIN EN 12516-1<br \/>\nMaterial: 5A.<br \/>\nNominal size: 21\/2 Inch.<br \/>\nNominal pressure: PN10.<br \/>\nConexi\u00f3n final: RF.<br \/>\nCara a cara: DIN EN558.1.<br \/>\nPrueba e inspecci\u00f3n: DIN N12266.1.<\/p>\n<p>Gama de productos:<br \/>\nMaterial del cuerpo: Acero al carbono, Acero inoxidable, Acero aleado.<br \/>\nDi\u00e1metro normal: 1\/2 \u2013 48 Pulgada (DN15 \u2013 DN1200).<br \/>\nConexi\u00f3n final: BW, Bridada.<br \/>\nRango de presi\u00f3n: 150 \u2013 2500 LB (PN16 \u2013 PN420).<br \/>\nTemperatura de trabajo: -196 \u2103 \u2013 +573 \u2103.<\/p>\n<table>\n<tbody>\n<tr>\n<td width=\"200\"><strong>nombre del producto<\/strong><\/td>\n<td width=\"481\">5A Flanged Y Strainer,DN65,PN10,RF END<\/td>\n<\/tr>\n<tr>\n<td width=\"200\">1. Materiales<\/td>\n<td width=\"481\">5A<\/td>\n<\/tr>\n<tr>\n<td width=\"200\">2. Tama\u00f1o<\/td>\n<td width=\"481\">21\/2\u201d<\/td>\n<\/tr>\n<tr>\n<td width=\"200\">4. Puerto<\/td>\n<td width=\"481\">Puerto lleno<\/td>\n<\/tr>\n<tr>\n<td width=\"200\">5. Presi\u00f3n de trabajo<\/td>\n<td width=\"481\">PN10<\/td>\n<\/tr>\n<tr>\n<td width=\"200\">6. La conexi\u00f3n finaliza<\/td>\n<td width=\"481\">RF<\/td>\n<\/tr>\n<tr>\n<td width=\"200\">7. Temperatura de trabajo.<\/td>\n<td width=\"481\">-29~200\u00baC,<\/td>\n<\/tr>\n<tr>\n<td width=\"200\">8. Medio adecuado<\/td>\n<td width=\"481\">Agua, Gas Natural, Petr\u00f3leo y alg\u00fan l\u00edquido corrosivo<\/td>\n<\/tr>\n<tr>\n<td width=\"200\">9. Operado<\/td>\n<td width=\"481\">\/<\/td>\n<\/tr>\n<tr>\n<td width=\"200\">10. Inspecci\u00f3n y pruebas<\/td>\n<td width=\"481\">DIN N12266.1<\/td>\n<\/tr>\n<tr>\n<td width=\"200\"><strong>Env\u00edo<\/strong><\/td>\n<td width=\"481\"><\/td>\n<\/tr>\n<tr>\n<td width=\"200\">El tiempo de entrega<\/td>\n<td width=\"481\">30 dias<\/td>\n<\/tr>\n<tr>\n<td width=\"200\">Paquete<\/td>\n<td width=\"481\">Caja de madera contrachapada de exportaci\u00f3n est\u00e1ndar<\/td>\n<\/tr>\n<tr>\n<td width=\"200\">Puerto de embarque<\/td>\n<td width=\"481\">Ningbo\/Shangh\u00e1i, China<\/td>\n<\/tr>\n<tr>\n<td width=\"200\">Condiciones de env\u00edo<\/td>\n<td width=\"481\">Exw, MANDO, CFR, CIF, etc.<\/td>\n<\/tr>\n<tr>\n<td width=\"200\">T\u00e9rminos de pago<\/td>\n<td width=\"481\">T\/T, Western Union, PayPal, etc.<\/td>\n<\/tr>\n<tr>\n<td width=\"200\"><\/td>\n<td width=\"481\">Pago anticipado de 30%, saldo de 70% pagado antes del env\u00edo<\/td>\n<\/tr>\n<tr>\n<td width=\"200\">Pa\u00eds de origen<\/td>\n<td width=\"481\">Ciudad de Wenzhou, China<\/td>\n<\/tr>\n<tr>\n<td width=\"200\">Capacidad de producci\u00f3n<\/td>\n<td width=\"481\">6000 toneladas\/a\u00f1o<\/td>\n<\/tr>\n<tr>\n<td width=\"200\">Cantidad m\u00ednima de pedido<\/td>\n<td width=\"481\">1 unidad\/tama\u00f1o<\/td>\n<\/tr>\n<\/tbody>\n<\/table>","protected":false},"excerpt":{"rendered":"<p>STV Valve Technology Group Co., Ltd is a professional leader China DIN Y\u00a0 Type Strainer ,DIN 5A Flanged Y Strainer in China,Flange Y Type Strainer,ASTM 5A Flanged End Y Strainer,DN65 Y strainer valve ,40 MESH Y Type Strainer,2205 Screen Y Type Strainer, PN16 Y Type Strainer manufacturer with high quality and competitive price.<\/p>\n<p>&nbsp;<\/p>","protected":false},"featured_media":8425,"template":"","meta":[],"product_brand":[],"product_cat":[85,48],"product_tag":[1662,1547,1660,1659,1658,3721,940,1663],"class_list":{"0":"post-8424","1":"product","2":"type-product","3":"status-publish","4":"has-post-thumbnail","6":"product_cat-stainless-steel-y-type-strainer","7":"product_cat-y-strainer","8":"product_tag-2205-screen-y-type-strainer","9":"product_tag-40-mesh-y-type-strainer","10":"product_tag-astm-5a-flanged-end-y-strainer","11":"product_tag-din-5a-flanged-y-strainer-in-china","12":"product_tag-din-y-type-strainer","13":"product_tag-dn65-y-strainer-valve","14":"product_tag-flange-y-type-strainer","15":"product_tag-pn16-y-type-strainer-manufacturer","17":"first","18":"instock","19":"shipping-taxable","20":"product-type-simple"},"_links":{"self":[{"href":"https:\/\/www.stvvalves.com\/es\/wp-json\/wp\/v2\/product\/8424","targetHints":{"allow":["GET"]}}],"collection":[{"href":"https:\/\/www.stvvalves.com\/es\/wp-json\/wp\/v2\/product"}],"about":[{"href":"https:\/\/www.stvvalves.com\/es\/wp-json\/wp\/v2\/types\/product"}],"wp:featuredmedia":[{"embeddable":true,"href":"https:\/\/www.stvvalves.com\/es\/wp-json\/wp\/v2\/media\/8425"}],"wp:attachment":[{"href":"https:\/\/www.stvvalves.com\/es\/wp-json\/wp\/v2\/media?parent=8424"}],"wp:term":[{"taxonomy":"product_brand","embeddable":true,"href":"https:\/\/www.stvvalves.com\/es\/wp-json\/wp\/v2\/product_brand?post=8424"},{"taxonomy":"product_cat","embeddable":true,"href":"https:\/\/www.stvvalves.com\/es\/wp-json\/wp\/v2\/product_cat?post=8424"},{"taxonomy":"product_tag","embeddable":true,"href":"https:\/\/www.stvvalves.com\/es\/wp-json\/wp\/v2\/product_tag?post=8424"}],"curies":[{"name":"wp","href":"https:\/\/api.w.org\/{rel}","templated":true}]}}