{"id":8427,"date":"2025-09-05T13:20:11","date_gmt":"2025-09-05T05:20:11","guid":{"rendered":"https:\/\/www.stvvalves.com\/?post_type=product&#038;p=8427"},"modified":"2025-09-28T14:39:07","modified_gmt":"2025-09-28T06:39:07","slug":"3-inch-lift-check-valve-cf8m-cl600-flange-end","status":"publish","type":"product","link":"https:\/\/www.stvvalves.com\/es\/products\/3-inch-lift-check-valve-cf8m-cl600-flange-end\/","title":{"rendered":"3 Inch Lift Check Valve &#8211; CF8M CL600 Flange End"},"content":{"rendered":"<p>Introduce an Applications and Design Considerations subsection detailing suitable fluids, temperature ranges, nucleation considerations, and recommended installation orientations. Add a Performance and Testing subsection with API 598 test results, leakage rates, seat integrity, and cycling data<\/p>\n<p>Caracteristicas de dise\u00f1o:<br \/>\nEst\u00e1ndar de dise\u00f1o seg\u00fan: BS1868,ASME B16.34,API 600<\/p>\n<p>Estructura de producto compacta y razonable, estanqueidad confiable y buen rendimiento;<\/p>\n<p>Paso de fluidos suave y peque\u00f1a resistencia a los fluidos;<\/p>\n<p>Disco tipo columpio.<\/p>\n<p>Puede dise\u00f1arse con un cilindro amortiguador o un disco equilibrado.<\/p>\n<p>Paso de fluido suave y peque\u00f1a resistencia a los fluidos.<\/p>\n<p>Gama de productos<br \/>\nMaterial del cuerpo: WCB, A105, LCB, LC3, CF8, CF8M, CF3, CF3M, CF8C, CF10M, CG8M, WC1, WC6, WC9, F11, etc.<\/p>\n<p>Di\u00e1metro nominal: 1\/2\u2033\uff5e60\u2033\uff08DN15~DN1500\uff09<\/p>\n<p>Rango de presi\u00f3n: Clase 150 ~ 2500 (PN10 ~ PN420)<\/p>\n<p>Conexi\u00f3n final: RF, RTJ, BW<\/p>\n<p>Temperatura de trabajo: -196 \u2103 ~ + 560 \u2103<\/p>\n<div>\n<p>Prueba de presi\u00f3n: API598<\/p>\n<table>\n<tbody>\n<tr>\n<td width=\"200\"><strong><b>nombre del producto<\/b><\/strong><\/td>\n<td width=\"481\">3 Inch Lift Check Valve &#8211; CF8M CL600 Flange End<\/td>\n<\/tr>\n<tr>\n<td width=\"200\">1. Materiales<\/td>\n<td width=\"481\">CF8M<\/td>\n<\/tr>\n<tr>\n<td width=\"200\">2. Tama\u00f1o<\/td>\n<td width=\"481\">3\u201d<\/td>\n<\/tr>\n<tr>\n<td width=\"200\">4. Puerto<\/td>\n<td width=\"481\">Puerto lleno<\/td>\n<\/tr>\n<tr>\n<td width=\"200\">5. Presi\u00f3n de trabajo<\/td>\n<td width=\"481\">600 libras<\/td>\n<\/tr>\n<tr>\n<td width=\"200\">6. La conexi\u00f3n finaliza<\/td>\n<td width=\"481\">RF<\/td>\n<\/tr>\n<tr>\n<td width=\"200\">7. Temperatura de trabajo.<\/td>\n<td width=\"481\">-29~250\u00baC,<\/td>\n<\/tr>\n<tr>\n<td width=\"200\">8. Medio adecuado<\/td>\n<td width=\"481\">Agua, Gas Natural, Petr\u00f3leo y alg\u00fan l\u00edquido corrosivo<\/td>\n<\/tr>\n<tr>\n<td width=\"200\">9. Operado<\/td>\n<td width=\"481\">\/<\/td>\n<\/tr>\n<tr>\n<td width=\"200\">10. Inspecci\u00f3n y pruebas<\/td>\n<td width=\"481\">Seg\u00fan API 598<\/td>\n<\/tr>\n<tr>\n<td width=\"200\"><strong><b>Env\u00edo<\/b><\/strong><\/td>\n<td width=\"481\"><\/td>\n<\/tr>\n<tr>\n<td width=\"200\">El tiempo de entrega<\/td>\n<td width=\"481\">30 dias<\/td>\n<\/tr>\n<tr>\n<td width=\"200\">Paquete<\/td>\n<td width=\"481\">Caja de madera contrachapada de exportaci\u00f3n est\u00e1ndar<\/td>\n<\/tr>\n<tr>\n<td width=\"200\">Puerto de embarque<\/td>\n<td width=\"481\">Ningbo\/Shangh\u00e1i, China<\/td>\n<\/tr>\n<tr>\n<td width=\"200\">Condiciones de env\u00edo<\/td>\n<td width=\"481\">Exw, MANDO, CFR, CIF, etc.<\/td>\n<\/tr>\n<tr>\n<td width=\"200\">T\u00e9rminos de pago<\/td>\n<td width=\"481\">T\/T, Western Union, PayPal, etc.<\/td>\n<\/tr>\n<tr>\n<td width=\"200\"><\/td>\n<td width=\"481\">Pago anticipado de 30%, saldo de 70% pagado antes del env\u00edo<\/td>\n<\/tr>\n<tr>\n<td width=\"200\">Pa\u00eds de origen<\/td>\n<td width=\"481\">Ciudad de Wenzhou, China<\/td>\n<\/tr>\n<tr>\n<td width=\"200\">Capacidad de producci\u00f3n<\/td>\n<td width=\"481\">6000 toneladas\/a\u00f1o<\/td>\n<\/tr>\n<tr>\n<td width=\"200\">Cantidad m\u00ednima de pedido<\/td>\n<td width=\"481\">10 unidades\/tama\u00f1o<\/td>\n<\/tr>\n<\/tbody>\n<\/table>\n<\/div>","protected":false},"excerpt":{"rendered":"<p>Caracter\u00edsticas<\/p>\n<p>1. Generalmente<\/p>\n<p>Cap\u00f3 atornillado<\/p>\n<p>disco oscilante;<\/p>\n<p>Superficies de asientos met\u00e1licas<\/p>\n<p>2. Conexi\u00f3n del cuerpo y el cap\u00f3<\/p>\n<p>Las v\u00e1lvulas de retenci\u00f3n Clase 1500LB son tanto para casquete atornillado como para casquete con sello de presi\u00f3n.<\/p>\n<p>3. Estilo de junta de tapa<\/p>\n<p>Junta de anillo met\u00e1lico<\/p>\n<p>Dise\u00f1o de tapa\/cap\u00f3 con sello de presi\u00f3n.<\/p>\n<p>4. Asiento<\/p>\n<p>Para la v\u00e1lvula de retenci\u00f3n de acero al carbono, el asiento suele ser de acero forjado. La superficie de sellado del asiento puede soldarse por pulverizaci\u00f3n con una aleaci\u00f3n dura si lo especifica el cliente. Para la v\u00e1lvula de retenci\u00f3n de acero inoxidable, generalmente se adopta un asiento integral o se puede mecanizar integralmente despu\u00e9s de soldar una aleaci\u00f3n dura. El asiento tipo roscado o soldado tambi\u00e9n es opcional para v\u00e1lvula check de acero inoxidable si as\u00ed lo solicita el cliente.<\/p>\n<p>STV Valve Technology Group Co., Ltd is a professional leader China Lift Check Valve, 3 Inch Lift Check Valve,CF8M Lift Check Valve, CL600 Lift Check Valve,Flange End Lift Check Valve Manufacturer with high quality and competitive price.<\/p>","protected":false},"featured_media":8428,"template":"","meta":[],"product_brand":[],"product_cat":[46,67],"product_tag":[3723,3724,3722,3725,2716],"class_list":{"0":"post-8427","1":"product","2":"type-product","3":"status-publish","4":"has-post-thumbnail","6":"product_cat-check-valves","7":"product_cat-stainless-steel-check-valve","8":"product_tag-3-inch-lift-check-valve","9":"product_tag-cf8m-lift-check-valve","10":"product_tag-china-lift-check-valve","11":"product_tag-cl600-lift-check-valve","12":"product_tag-flange-end-lift-check-valve-manufacturer","14":"first","15":"instock","16":"shipping-taxable","17":"product-type-simple"},"_links":{"self":[{"href":"https:\/\/www.stvvalves.com\/es\/wp-json\/wp\/v2\/product\/8427","targetHints":{"allow":["GET"]}}],"collection":[{"href":"https:\/\/www.stvvalves.com\/es\/wp-json\/wp\/v2\/product"}],"about":[{"href":"https:\/\/www.stvvalves.com\/es\/wp-json\/wp\/v2\/types\/product"}],"wp:featuredmedia":[{"embeddable":true,"href":"https:\/\/www.stvvalves.com\/es\/wp-json\/wp\/v2\/media\/8428"}],"wp:attachment":[{"href":"https:\/\/www.stvvalves.com\/es\/wp-json\/wp\/v2\/media?parent=8427"}],"wp:term":[{"taxonomy":"product_brand","embeddable":true,"href":"https:\/\/www.stvvalves.com\/es\/wp-json\/wp\/v2\/product_brand?post=8427"},{"taxonomy":"product_cat","embeddable":true,"href":"https:\/\/www.stvvalves.com\/es\/wp-json\/wp\/v2\/product_cat?post=8427"},{"taxonomy":"product_tag","embeddable":true,"href":"https:\/\/www.stvvalves.com\/es\/wp-json\/wp\/v2\/product_tag?post=8427"}],"curies":[{"name":"wp","href":"https:\/\/api.w.org\/{rel}","templated":true}]}}