{"id":8429,"date":"2025-09-05T13:35:57","date_gmt":"2025-09-05T05:35:57","guid":{"rendered":"https:\/\/www.stvvalves.com\/?post_type=product&#038;p=8429"},"modified":"2025-09-05T13:44:49","modified_gmt":"2025-09-05T05:44:49","slug":"metal-seat-ball-valve-f304-600lb-3-inch-rf-end","status":"publish","type":"product","link":"https:\/\/www.stvvalves.com\/es\/products\/metal-seat-ball-valve-f304-600lb-3-inch-rf-end\/","title":{"rendered":"Metal Seat Ball Valve,F304,600LB,3 Inch,RF End"},"content":{"rendered":"<p>Metal Seat Ball Valve,F304,600LB,3 Inch,RF End<\/p>\n<p><b>Caracteristicas de dise\u00f1o<\/b><\/p>\n<p>Dise\u00f1o de cuerpo dividido con entrada lateral<\/p>\n<p>Dise\u00f1o a prueba de incendios, dispositivo antiest\u00e1tico<\/p>\n<p>Dise\u00f1o a prueba de explosi\u00f3n del v\u00e1stago<\/p>\n<p>Dise\u00f1o antiest\u00e1tico<\/p>\n<p>Dise\u00f1o de emisiones fugitivas<\/p>\n<p>El v\u00e1stago a prueba de desgaste y mal funcionamiento<\/p>\n<p>Brida de montaje ISO 5211 para accionamiento.<\/p>\n<p>Extensi\u00f3n de v\u00e1stago para servicio subterr\u00e1neo.<\/p>\n<p><b>Especificaci\u00f3n t\u00e9cnica<\/b><\/p>\n<p>Solicitud:<\/p>\n<p>Design: BS5351,ISO14313<\/p>\n<p>A prueba de incendios: API607, API 6FA,<\/p>\n<p>Presencial: API 6D\/ ASME B16.10<\/p>\n<p>Flanged Ends:DIN\/EN1092-1\/GOST33259\/JIS<\/p>\n<p>Extremos BW: ASME B16.25<\/p>\n<p>Inspection Test ,EN12266-1<\/p>\n<p>Clasificaciones de temperatura: ASME B16.34<\/p>\n<p>Certificado:EN 10204 tipo 3.1<\/p>\n<p>Marcas: MSS SP25<\/p>\n<p>&nbsp;<\/p>\n<p>Partes materiales principales:<\/p>\n<table>\n<tbody>\n<tr>\n<td width=\"123\">Acero carbono<\/td>\n<td width=\"452\">A216 gr. WCB, CMI, WCA, etc.<\/td>\n<\/tr>\n<tr>\n<td width=\"123\">Acero de baja temperatura<\/td>\n<td width=\"452\">A352 gr. LCB, LCC, LC1, etc.<\/td>\n<\/tr>\n<tr>\n<td width=\"123\">Acero Cr-Mo<\/td>\n<td width=\"452\">A217 gr. WC6, WC9, C5, C12, C12A, etc.<\/td>\n<\/tr>\n<tr>\n<td width=\"123\">Acero inoxidable<\/td>\n<td width=\"452\">A351 gr. CF8, CF8M, CF3, CF3M, CF8C, etc.<\/td>\n<\/tr>\n<tr>\n<td width=\"123\">Aleaci\u00f3n de acero<\/td>\n<td width=\"452\">CN7M aleaci\u00f3n 20, CN3M aleaci\u00f3n 20 modificada, CT15C, etc.<\/td>\n<\/tr>\n<tr>\n<td width=\"123\">S\u00faper d\u00faplex<\/td>\n<td width=\"452\">A995 gr. 4A, 5A, CE8MN, CD6MN, CD3MN, etc.<\/td>\n<\/tr>\n<tr>\n<td width=\"123\">Bronce de aluminio<\/td>\n<td width=\"452\">B148 C95500, C95600, C95800, etc.<\/td>\n<\/tr>\n<tr>\n<td width=\"123\">Monel<\/td>\n<td width=\"452\">M30C, M35-1, CZ100, etc.<\/td>\n<\/tr>\n<tr>\n<td width=\"123\">Inconel<\/td>\n<td width=\"452\">CY40 inconel 600, etc.<\/td>\n<\/tr>\n<tr>\n<td width=\"123\">Hastelloy<\/td>\n<td width=\"452\">CW2m Hastelly C4, N12MV Hastelloy B, CW12MW Hastelloy C276, etc.<\/td>\n<\/tr>\n<tr>\n<td width=\"123\">Incoloy<\/td>\n<td width=\"452\">CU5MCuC Incoloy 825, CW6MC Incoloy 625, etc.<\/td>\n<\/tr>\n<\/tbody>\n<\/table>\n<p>Nota: La dimensi\u00f3n de la brida de conexi\u00f3n se puede dise\u00f1ar seg\u00fan los requisitos del cliente.<\/p>\n<p>Fabricaci\u00f3n seg\u00fan NACE MR-01-75 bajo pedido.<\/p>","protected":false},"excerpt":{"rendered":"<p>STV Valve Technology Group Co., Ltd is a professional leader China Metal Seat Ball Valve,F304 Metal Seat Ball Valve,600LB Metal Seat Ball Valve, 3 Inch Metal Seat Ball Valve,Flange End Metal Seat Ball Valve, Worm Gear Box Metal Seat Ball Valve Manufacturer with high quality and competitive price.<\/p>\n<p>&nbsp;<\/p>","protected":false},"featured_media":8430,"template":"","meta":[],"product_brand":[],"product_cat":[43,56],"product_tag":[3728,3727,3691,3726,3695,3696],"class_list":{"0":"post-8429","1":"product","2":"type-product","3":"status-publish","4":"has-post-thumbnail","6":"product_cat-ball-valve","7":"product_cat-trunnion-ball-valve","8":"product_tag-3-inch-metal-seat-ball-valve","9":"product_tag-600lb-metal-seat-ball-valve","10":"product_tag-china-metal-seat-ball-valve","11":"product_tag-f304-metal-seat-ball-valve","12":"product_tag-flange-end-metal-seat-ball-valve","13":"product_tag-worm-gear-box-metal-seat-ball-valve-manufacturer","15":"first","16":"instock","17":"featured","18":"shipping-taxable","19":"product-type-simple"},"_links":{"self":[{"href":"https:\/\/www.stvvalves.com\/es\/wp-json\/wp\/v2\/product\/8429","targetHints":{"allow":["GET"]}}],"collection":[{"href":"https:\/\/www.stvvalves.com\/es\/wp-json\/wp\/v2\/product"}],"about":[{"href":"https:\/\/www.stvvalves.com\/es\/wp-json\/wp\/v2\/types\/product"}],"wp:featuredmedia":[{"embeddable":true,"href":"https:\/\/www.stvvalves.com\/es\/wp-json\/wp\/v2\/media\/8430"}],"wp:attachment":[{"href":"https:\/\/www.stvvalves.com\/es\/wp-json\/wp\/v2\/media?parent=8429"}],"wp:term":[{"taxonomy":"product_brand","embeddable":true,"href":"https:\/\/www.stvvalves.com\/es\/wp-json\/wp\/v2\/product_brand?post=8429"},{"taxonomy":"product_cat","embeddable":true,"href":"https:\/\/www.stvvalves.com\/es\/wp-json\/wp\/v2\/product_cat?post=8429"},{"taxonomy":"product_tag","embeddable":true,"href":"https:\/\/www.stvvalves.com\/es\/wp-json\/wp\/v2\/product_tag?post=8429"}],"curies":[{"name":"wp","href":"https:\/\/api.w.org\/{rel}","templated":true}]}}