{"id":8574,"date":"2025-10-31T11:28:11","date_gmt":"2025-10-31T03:28:11","guid":{"rendered":"https:\/\/www.stvvalves.com\/?post_type=product&#038;p=8574"},"modified":"2025-10-31T12:21:30","modified_gmt":"2025-10-31T04:21:30","slug":"900lb-swing-check-valve-14-inch-a216-wcb-api-6d-psb-bw","status":"publish","type":"product","link":"https:\/\/www.stvvalves.com\/es\/products\/900lb-swing-check-valve-14-inch-a216-wcb-api-6d-psb-bw\/","title":{"rendered":"900LB Swing Check Valve,14 Inch,A216 WCB, API 6D, PSB, BW"},"content":{"rendered":"<p data-rm-block-id=\"block-1\"><strong>900LB Swing Check Valve<\/strong>, Ansi Clase 900Lbs, Api 6d, atornillado, cap\u00f3 de sellado a presi\u00f3n, bridado, Rf, Rtj, extremos Bw, acero al carbono, acero inoxidable, v\u00e1lvulas de retenci\u00f3n oscilantes de acero d\u00faplex, v\u00e1lvula antirretorno, proveedor y exportador de v\u00e1lvulas de retenci\u00f3n oscilantes de acero fundido industrial.<\/p>\n<p data-rm-block-id=\"block-2\">Especificaciones para\u00a0<strong>V\u00e1lvula de retenci\u00f3n oscilante de 900 libras (bridada, extremos anchos)<\/strong><\/p>\n<p data-rm-block-id=\"block-3\">1. Dise\u00f1o y fabricaci\u00f3n: API6D, ANSI B16.34, BS1868<br \/>\n2. Bonete atornillado, Bonete sellado a presi\u00f3n, Disco tipo oscilante,<br \/>\n3. Rango de tama\u00f1os: 2\u2033 a 24\u2033.<br \/>\n4. Pressure Ratings: ANSI 1500Lbs<br \/>\n5. Conexiones finales: bridadas, soldadas a tope.<br \/>\n6. Materiales: WCB, LCB, CF8, CF8M, CF3, CF3M, WC6, WC9, C5, C12, 4A o equivalente,<br \/>\n7. Varios materiales de acabado disponibles para adaptarse a las condiciones de servicio.<br \/>\n8. NACE MR 0175 bajo petici\u00f3n<\/p>\n<table>\n<tbody>\n<tr>\n<td width=\"200\" data-rm-block-id=\"block-4\"><strong>nombre del producto<\/strong><\/td>\n<td width=\"481\" data-rm-block-id=\"block-5\">900 LB Swing Check Valve,10 Inch,A216 WCB, API 6D, PSB, BW<\/td>\n<\/tr>\n<tr>\n<td width=\"200\" data-rm-block-id=\"block-6\">1. Materiales<\/td>\n<td width=\"481\" data-rm-block-id=\"block-7\">WCB<\/td>\n<\/tr>\n<tr>\n<td width=\"200\" data-rm-block-id=\"block-8\">2. Tama\u00f1o<\/td>\n<td width=\"481\" data-rm-block-id=\"block-9\">14\u201d<\/td>\n<\/tr>\n<tr>\n<td width=\"200\" data-rm-block-id=\"block-10\">4. Puerto<\/td>\n<td width=\"481\" data-rm-block-id=\"block-11\">Puerto lleno<\/td>\n<\/tr>\n<tr>\n<td width=\"200\" data-rm-block-id=\"block-12\">5. Presi\u00f3n de trabajo<\/td>\n<td width=\"481\" data-rm-block-id=\"block-13\">900 libras<\/td>\n<\/tr>\n<tr>\n<td width=\"200\" data-rm-block-id=\"block-14\">6. La conexi\u00f3n finaliza<\/td>\n<td width=\"481\" data-rm-block-id=\"block-15\">RF<\/td>\n<\/tr>\n<tr>\n<td width=\"200\" data-rm-block-id=\"block-16\">7. Temperatura de trabajo.<\/td>\n<td width=\"481\" data-rm-block-id=\"block-17\">-29~425\u00baC,<\/td>\n<\/tr>\n<tr>\n<td width=\"200\" data-rm-block-id=\"block-18\">8. Medio adecuado<\/td>\n<td width=\"481\" data-rm-block-id=\"block-19\">Agua, Gas Natural, Petr\u00f3leo y alg\u00fan l\u00edquido corrosivo<\/td>\n<\/tr>\n<tr>\n<td width=\"200\" data-rm-block-id=\"block-20\">9. Operado<\/td>\n<td width=\"481\" data-rm-block-id=\"block-21\">\/<\/td>\n<\/tr>\n<tr>\n<td width=\"200\" data-rm-block-id=\"block-22\">10. Inspecci\u00f3n y pruebas<\/td>\n<td width=\"481\" data-rm-block-id=\"block-23\">Seg\u00fan API 598<\/td>\n<\/tr>\n<tr>\n<td width=\"200\" data-rm-block-id=\"block-24\"><strong>Env\u00edo<\/strong><\/td>\n<td width=\"481\" data-rm-block-id=\"block-25\"><\/td>\n<\/tr>\n<tr>\n<td width=\"200\" data-rm-block-id=\"block-26\">El tiempo de entrega<\/td>\n<td width=\"481\" data-rm-block-id=\"block-27\">30 dias<\/td>\n<\/tr>\n<tr>\n<td width=\"200\" data-rm-block-id=\"block-28\">Paquete<\/td>\n<td width=\"481\" data-rm-block-id=\"block-29\">Caja de madera contrachapada de exportaci\u00f3n est\u00e1ndar<\/td>\n<\/tr>\n<tr>\n<td width=\"200\" data-rm-block-id=\"block-30\">Puerto de embarque<\/td>\n<td width=\"481\" data-rm-block-id=\"block-31\">Ningbo\/Shangh\u00e1i, China<\/td>\n<\/tr>\n<tr>\n<td width=\"200\" data-rm-block-id=\"block-32\">Condiciones de env\u00edo<\/td>\n<td width=\"481\" data-rm-block-id=\"block-33\">Exw, MANDO, CFR, CIF, etc.<\/td>\n<\/tr>\n<tr>\n<td width=\"200\" data-rm-block-id=\"block-34\">T\u00e9rminos de pago<\/td>\n<td width=\"481\" data-rm-block-id=\"block-35\">T\/T, Western Union, PayPal, etc.<\/td>\n<\/tr>\n<tr>\n<td width=\"200\" data-rm-block-id=\"block-36\"><\/td>\n<td width=\"481\" data-rm-block-id=\"block-37\">Pago anticipado de 30%, saldo de 70% pagado antes del env\u00edo<\/td>\n<\/tr>\n<tr>\n<td width=\"200\" data-rm-block-id=\"block-38\">Pa\u00eds de origen<\/td>\n<td width=\"481\" data-rm-block-id=\"block-39\">Ciudad de Wenzhou, China<\/td>\n<\/tr>\n<tr>\n<td width=\"200\" data-rm-block-id=\"block-40\">Capacidad de producci\u00f3n<\/td>\n<td width=\"481\" data-rm-block-id=\"block-41\">6000 toneladas\/a\u00f1o<\/td>\n<\/tr>\n<tr>\n<td width=\"200\" data-rm-block-id=\"block-42\">Cantidad m\u00ednima de pedido<\/td>\n<td width=\"481\" data-rm-block-id=\"block-43\">10 unidades\/tama\u00f1o<\/td>\n<\/tr>\n<\/tbody>\n<\/table>","protected":false},"excerpt":{"rendered":"<p>STV Valve Technology Group Co., Ltd specializes in the 900 lb swing check valve, including the ANSI Class 900 Swing Check Valve, API 6D Swing Check Valve, and A216 WCB Swing Check Valvemodels. Our range features high-quality options such as the industrial swing check valve, carbon steel swing check valve, and pressure seal variants.<\/p>","protected":false},"featured_media":8575,"template":"","meta":[],"product_brand":[],"product_cat":[46,83],"product_tag":[3778,2670,2384,1034,2386,2383,300,2382,2385,486,2387],"class_list":{"0":"post-8574","1":"product","2":"type-product","3":"status-publish","4":"has-post-thumbnail","6":"product_cat-check-valves","7":"product_cat-cast-steel-check-valve","8":"product_tag-14-inch-900lb-swing-check-valve","9":"product_tag-900lb-swing-check-valve","10":"product_tag-a216-wcb-swing-check-valve","11":"product_tag-api-6d-swing-check-valve","12":"product_tag-bw-swing-check-valve","13":"product_tag-carbon-steel-swing-check-valve","14":"product_tag-high-pressure-swing-check-valve","15":"product_tag-industrial-swing-check-valve","16":"product_tag-nace-mr0175-swing-check-valve","17":"product_tag-pressure-seal-swing-check-valve","18":"product_tag-self-sealing-cast-steel-swing-check-manufacturer","20":"first","21":"instock","22":"shipping-taxable","23":"product-type-simple"},"_links":{"self":[{"href":"https:\/\/www.stvvalves.com\/es\/wp-json\/wp\/v2\/product\/8574","targetHints":{"allow":["GET"]}}],"collection":[{"href":"https:\/\/www.stvvalves.com\/es\/wp-json\/wp\/v2\/product"}],"about":[{"href":"https:\/\/www.stvvalves.com\/es\/wp-json\/wp\/v2\/types\/product"}],"wp:featuredmedia":[{"embeddable":true,"href":"https:\/\/www.stvvalves.com\/es\/wp-json\/wp\/v2\/media\/8575"}],"wp:attachment":[{"href":"https:\/\/www.stvvalves.com\/es\/wp-json\/wp\/v2\/media?parent=8574"}],"wp:term":[{"taxonomy":"product_brand","embeddable":true,"href":"https:\/\/www.stvvalves.com\/es\/wp-json\/wp\/v2\/product_brand?post=8574"},{"taxonomy":"product_cat","embeddable":true,"href":"https:\/\/www.stvvalves.com\/es\/wp-json\/wp\/v2\/product_cat?post=8574"},{"taxonomy":"product_tag","embeddable":true,"href":"https:\/\/www.stvvalves.com\/es\/wp-json\/wp\/v2\/product_tag?post=8574"}],"curies":[{"name":"wp","href":"https:\/\/api.w.org\/{rel}","templated":true}]}}