{"id":8584,"date":"2025-12-08T16:41:48","date_gmt":"2025-12-08T08:41:48","guid":{"rendered":"https:\/\/www.stvvalves.com\/?post_type=product&#038;p=8584"},"modified":"2025-12-08T16:49:26","modified_gmt":"2025-12-08T08:49:26","slug":"forged-astm-a182-f51-globe-valve-1-1-2-inch-800-lb-api-602-sw","status":"publish","type":"product","link":"https:\/\/www.stvvalves.com\/es\/products\/forged-astm-a182-f51-globe-valve-1-1-2-inch-800-lb-api-602-sw\/","title":{"rendered":"Forged ASTM A182 F51 Globe Valve, 11\/2 Inch, 800 LB, API 602, SW"},"content":{"rendered":"<p>El dise\u00f1o y la fabricaci\u00f3n cumplen con BS 5352, ANSI B16.34<\/p>\n<p>Los extremos de conexi\u00f3n cumplen con:<\/p>\n<p>1. Los extremos soldados del z\u00f3calo cumplen con ANSI B16.11<\/p>\n<p>2. Los extremos de los tornillos cumplen con ANSI B1.20.1<\/p>\n<p>3..Los extremos soldados a tope cumplen con ANSI B16.25<\/p>\n<p>La prueba y la inspecci\u00f3n cumplen con: API 598<\/p>\n<p>1) Informaci\u00f3n del producto: las v\u00e1lvulas suministradas se utilizan principalmente para agua, aire, petr\u00f3leo, gas.<br \/>\n2) Tipo de conexi\u00f3n: tipo bridado, tipo de soldadura por enchufe, tipo de soldadura a tope, tipo de tornillo<br \/>\n3) Materiales:<br \/>\na) Carrocer\u00eda: A105, LCB, F11, F22, F304, F316, F304L, F316L<br \/>\nb) Disco: A105, LCB, F11, F22, F304, F316, F304L, F316L<br \/>\nc) V\u00e1stago: F6a, F11, F22, F304, F316, F304L, F316L<br \/>\nd) Cap\u00f3: A105, LCB, F11, F22, F304, F316, F304L, F316L<br \/>\n4) Tama\u00f1o: 15-50 mm\/1\/2\u2033 \u2013 2\u2033<br \/>\n5) Grado de presi\u00f3n: PN16~PN100, 150Lb~2500Lb<br \/>\n6) Revestimiento: Revestimiento seg\u00fan los requisitos del cliente.<br \/>\n7) Paquete: Cajas de madera<\/p>\n<p>Caracter\u00edsticas:<br \/>\nA compact but extremely sturdy design for high pressure-temperature service.<br \/>\n\u00b7Bolted or Welded Bonnet.<br \/>\n\u00b7Flanged, Threaded or Socket Weld Ends.<br \/>\n\u00b7Forged Carbon, Stainless or Alloy Steel Materials.<br \/>\n\u00b7Available in all trim configurations.<br \/>\n\u00b7Full Port option available for classes 150 &#8211; 2500.<\/p>\n<table>\n<tbody>\n<tr>\n<td width=\"200\"><strong>nombre del producto<\/strong><\/td>\n<td width=\"481\">Forged ASTM A182 F51 Globe Valve, 11\/2 Inch, 800 LB, API 602, SW<\/td>\n<\/tr>\n<tr>\n<td width=\"200\">1. Materiales<\/td>\n<td width=\"481\">F51<\/td>\n<\/tr>\n<tr>\n<td width=\"200\">2. Tama\u00f1o<\/td>\n<td width=\"481\">11\/2\u201d<\/td>\n<\/tr>\n<tr>\n<td width=\"200\">4. Puerto<\/td>\n<td width=\"481\">Puerto reductor<\/td>\n<\/tr>\n<tr>\n<td width=\"200\">5. Presi\u00f3n de trabajo<\/td>\n<td width=\"481\">800 libras<\/td>\n<\/tr>\n<tr>\n<td width=\"200\">6. La conexi\u00f3n finaliza<\/td>\n<td width=\"481\">SUDOESTE<\/td>\n<\/tr>\n<tr>\n<td width=\"200\">7. Temperatura de trabajo.<\/td>\n<td width=\"481\">-29~425\u00baC,<\/td>\n<\/tr>\n<tr>\n<td width=\"200\">8. Medio adecuado<\/td>\n<td width=\"481\">Agua, Gas Natural, Petr\u00f3leo y alg\u00fan l\u00edquido corrosivo<\/td>\n<\/tr>\n<tr>\n<td width=\"200\">9. Operado<\/td>\n<td width=\"481\">Volante<\/td>\n<\/tr>\n<tr>\n<td width=\"200\">10. Inspecci\u00f3n y pruebas<\/td>\n<td width=\"481\">Seg\u00fan API598<\/td>\n<\/tr>\n<tr>\n<td width=\"200\"><strong>Env\u00edo<\/strong><\/td>\n<td width=\"481\"><\/td>\n<\/tr>\n<tr>\n<td width=\"200\">El tiempo de entrega<\/td>\n<td width=\"481\">30 dias<\/td>\n<\/tr>\n<tr>\n<td width=\"200\">Paquete<\/td>\n<td width=\"481\">Caja de madera contrachapada de exportaci\u00f3n est\u00e1ndar<\/td>\n<\/tr>\n<tr>\n<td width=\"200\">Puerto de embarque<\/td>\n<td width=\"481\">Ningbo\/Shangh\u00e1i, China<\/td>\n<\/tr>\n<tr>\n<td width=\"200\">Condiciones de env\u00edo<\/td>\n<td width=\"481\">Exw, MANDO, CFR, CIF, etc.<\/td>\n<\/tr>\n<tr>\n<td width=\"200\">T\u00e9rminos de pago<\/td>\n<td width=\"481\">T\/T, Western Union, PayPal, etc.<\/td>\n<\/tr>\n<tr>\n<td width=\"200\"><\/td>\n<td width=\"481\">Pago anticipado de 30%, saldo de 70% pagado antes del env\u00edo<\/td>\n<\/tr>\n<tr>\n<td width=\"200\">Pa\u00eds de origen<\/td>\n<td width=\"481\">Ciudad de Wenzhou, China<\/td>\n<\/tr>\n<tr>\n<td width=\"200\">Capacidad de producci\u00f3n<\/td>\n<td width=\"481\">6000 toneladas\/a\u00f1o<\/td>\n<\/tr>\n<tr>\n<td width=\"200\">Cantidad m\u00ednima de pedido<\/td>\n<td width=\"481\">1 unidad\/tama\u00f1o<\/td>\n<\/tr>\n<\/tbody>\n<\/table>","protected":false},"excerpt":{"rendered":"<h1 class=\"product_title entry-title\">Forged ASTM A182 F51 Globe Valve, 11\/2 Inch, 800 LB, API 602, SW<\/h1>\n<div class=\"woocommerce-product-details__short-description\">\n<p>Model:STV-J61Y-800LB-DN40-F51.<\/p>\n<p>STV Valve Technology Group Co., Ltd is a professional leader China API 602 800LB Globe Valve,Bolt Bonnet Globe valve,11\/2 Inch Bolt Bonnet Globe valve,Forged steel Bonnet Globe valve,f51 Bolt Bonnet Globe valve,SW End Bolt Bonnet Globe valve Manufacturer with high quality and competitive price.<\/p>\n<p>Comun\u00edquese con nuestro sales@stvvalve.com para obtener otros materiales y detalles.<\/p>\n<\/div>","protected":false},"featured_media":8585,"template":"","meta":[],"product_brand":[],"product_cat":[64,45],"product_tag":[3791,1110,3790,3792,3384,3386],"class_list":{"0":"post-8584","1":"product","2":"type-product","3":"status-publish","4":"has-post-thumbnail","6":"product_cat-foreged-steel-globe-valve","7":"product_cat-globe-valve","8":"product_tag-11-2-inch-bolt-bonnet-globe-valve","9":"product_tag-bolt-bonnet-globe-valve","10":"product_tag-china-api-602-800lb-globe-valve","11":"product_tag-f51-bolt-bonnet-globe-valve","12":"product_tag-forged-steel-bonnet-globe-valve","13":"product_tag-sw-end-bolt-bonnet-globe-valve-manufacturer","15":"first","16":"instock","17":"shipping-taxable","18":"product-type-simple"},"_links":{"self":[{"href":"https:\/\/www.stvvalves.com\/es\/wp-json\/wp\/v2\/product\/8584","targetHints":{"allow":["GET"]}}],"collection":[{"href":"https:\/\/www.stvvalves.com\/es\/wp-json\/wp\/v2\/product"}],"about":[{"href":"https:\/\/www.stvvalves.com\/es\/wp-json\/wp\/v2\/types\/product"}],"wp:featuredmedia":[{"embeddable":true,"href":"https:\/\/www.stvvalves.com\/es\/wp-json\/wp\/v2\/media\/8585"}],"wp:attachment":[{"href":"https:\/\/www.stvvalves.com\/es\/wp-json\/wp\/v2\/media?parent=8584"}],"wp:term":[{"taxonomy":"product_brand","embeddable":true,"href":"https:\/\/www.stvvalves.com\/es\/wp-json\/wp\/v2\/product_brand?post=8584"},{"taxonomy":"product_cat","embeddable":true,"href":"https:\/\/www.stvvalves.com\/es\/wp-json\/wp\/v2\/product_cat?post=8584"},{"taxonomy":"product_tag","embeddable":true,"href":"https:\/\/www.stvvalves.com\/es\/wp-json\/wp\/v2\/product_tag?post=8584"}],"curies":[{"name":"wp","href":"https:\/\/api.w.org\/{rel}","templated":true}]}}