{"id":8735,"date":"2025-12-30T23:05:18","date_gmt":"2025-12-30T15:05:18","guid":{"rendered":"https:\/\/www.stvvalves.com\/?post_type=product&#038;p=8735"},"modified":"2025-12-30T23:12:12","modified_gmt":"2025-12-30T15:12:12","slug":"300lb-u-type-strainer-wcb-6-inch-flange-end","status":"publish","type":"product","link":"https:\/\/www.stvvalves.com\/es\/products\/300lb-u-type-strainer-wcb-6-inch-flange-end\/","title":{"rendered":"300LB U Type Strainer, WCB,6 Inch,Flange End"},"content":{"rendered":"<p>Product name: 300LB U Type Strainer, WCB,6 Inch,Flange End<br \/>\nDise\u00f1o: ASME B16.34.<br \/>\nMaterial: ASTM A216 WCB.<br \/>\nTama\u00f1o nominal: 6 pulgadas.<br \/>\nPresi\u00f3n nominal: Clase 300 LB.<br \/>\nConexi\u00f3n final: RF.<br \/>\nCara a cara: ASME B16.10.<br \/>\nPrueba e inspecci\u00f3n: API 598.<\/p>\n<p>Gama de productos:<br \/>\nMaterial del cuerpo: Acero al carbono, Acero inoxidable, Acero aleado.<br \/>\nDi\u00e1metro normal: 1\u2033 \u2013 8 Pulgada (DN25 \u2013 DN200).<br \/>\nConexi\u00f3n final: BW, Bridada.<br \/>\nRango de presi\u00f3n: 150 \u2013 300 LB (PN16 \u2013 PN40).<br \/>\nTemperatura de trabajo: -196 \u2103 \u2013 +573 \u2103.<\/p>\n<table>\n<tbody>\n<tr>\n<td width=\"200\"><strong>nombre del producto<\/strong><\/td>\n<td width=\"481\">300LB U Type Strainer, WCB,6 Inch,Flange End<\/td>\n<\/tr>\n<tr>\n<td width=\"200\">1. Materiales<\/td>\n<td width=\"481\">WCB<\/td>\n<\/tr>\n<tr>\n<td width=\"200\">2. Tama\u00f1o<\/td>\n<td width=\"481\">6\u201d<\/td>\n<\/tr>\n<tr>\n<td width=\"200\">4. Puerto<\/td>\n<td width=\"481\">Puerto lleno<\/td>\n<\/tr>\n<tr>\n<td width=\"200\">5. Presi\u00f3n de trabajo<\/td>\n<td width=\"481\">300 libras<\/td>\n<\/tr>\n<tr>\n<td width=\"200\">6. La conexi\u00f3n finaliza<\/td>\n<td width=\"481\">RF<\/td>\n<\/tr>\n<tr>\n<td width=\"200\">7. Temperatura de trabajo.<\/td>\n<td width=\"481\">-29~425\u00baC,<\/td>\n<\/tr>\n<tr>\n<td width=\"200\">8. Medio adecuado<\/td>\n<td width=\"481\">Agua, Gas Natural, Petr\u00f3leo y alg\u00fan l\u00edquido corrosivo<\/td>\n<\/tr>\n<tr>\n<td width=\"200\">9. Operado<\/td>\n<td width=\"481\">\/<\/td>\n<\/tr>\n<tr>\n<td width=\"200\">10. Inspecci\u00f3n y pruebas<\/td>\n<td width=\"481\">API 598<\/td>\n<\/tr>\n<tr>\n<td width=\"200\"><strong>Env\u00edo<\/strong><\/td>\n<td width=\"481\"><\/td>\n<\/tr>\n<tr>\n<td width=\"200\">El tiempo de entrega<\/td>\n<td width=\"481\">30 dias<\/td>\n<\/tr>\n<tr>\n<td width=\"200\">Paquete<\/td>\n<td width=\"481\">Caja de madera contrachapada de exportaci\u00f3n est\u00e1ndar<\/td>\n<\/tr>\n<tr>\n<td width=\"200\">Puerto de embarque<\/td>\n<td width=\"481\">Ningbo\/Shangh\u00e1i, China<\/td>\n<\/tr>\n<tr>\n<td width=\"200\">Condiciones de env\u00edo<\/td>\n<td width=\"481\">Exw, MANDO, CFR, CIF, etc.<\/td>\n<\/tr>\n<tr>\n<td width=\"200\">T\u00e9rminos de pago<\/td>\n<td width=\"481\">T\/T, Western Union, PayPal, etc.<\/td>\n<\/tr>\n<tr>\n<td width=\"200\"><\/td>\n<td width=\"481\">Pago anticipado de 30%, saldo de 70% pagado antes del env\u00edo<\/td>\n<\/tr>\n<tr>\n<td width=\"200\">Pa\u00eds de origen<\/td>\n<td width=\"481\">Ciudad de Wenzhou, China<\/td>\n<\/tr>\n<tr>\n<td width=\"200\">Capacidad de producci\u00f3n<\/td>\n<td width=\"481\">6000 toneladas\/a\u00f1o<\/td>\n<\/tr>\n<tr>\n<td width=\"200\">Cantidad m\u00ednima de pedido<\/td>\n<td width=\"481\">1 unidad\/tama\u00f1o<\/td>\n<\/tr>\n<\/tbody>\n<\/table>","protected":false},"excerpt":{"rendered":"<p>STV Valve Technology Group C o., Ltd is a professional leader China 300LB U Type Strainer ,Flange \u00a0U Type Strainer,ASTM A216 WCB 300LB U Type Strainer,ASME B16.34\u00a0 300LB U Type Strainer,6 Inch\u00a0 U Type Strainer. 40 MESH U Type Strainer,SS304 Screen U Type Strainer manufacturer with high quality and competitive price.<\/p>","protected":false},"featured_media":8736,"template":"","meta":[],"product_brand":[],"product_cat":[48,72],"product_tag":[3896,3895,3894,3892,3893,3897],"class_list":{"0":"post-8735","1":"product","2":"type-product","3":"status-publish","4":"has-post-thumbnail","6":"product_cat-y-strainer","7":"product_cat-cast-steel-y-type-strainer","8":"product_tag-6-inch-u-type-strainer-40-mesh-u-type-strainer","9":"product_tag-asme-b16-34-300lb-u-type-strainer","10":"product_tag-astm-a216-wcb-300lb-u-type-strainer","11":"product_tag-china-300lb-u-type-strainer","12":"product_tag-flange-u-type-strainer","13":"product_tag-ss304-screen-u-type-strainer-manufacturer","15":"first","16":"instock","17":"shipping-taxable","18":"product-type-simple"},"_links":{"self":[{"href":"https:\/\/www.stvvalves.com\/es\/wp-json\/wp\/v2\/product\/8735","targetHints":{"allow":["GET"]}}],"collection":[{"href":"https:\/\/www.stvvalves.com\/es\/wp-json\/wp\/v2\/product"}],"about":[{"href":"https:\/\/www.stvvalves.com\/es\/wp-json\/wp\/v2\/types\/product"}],"wp:featuredmedia":[{"embeddable":true,"href":"https:\/\/www.stvvalves.com\/es\/wp-json\/wp\/v2\/media\/8736"}],"wp:attachment":[{"href":"https:\/\/www.stvvalves.com\/es\/wp-json\/wp\/v2\/media?parent=8735"}],"wp:term":[{"taxonomy":"product_brand","embeddable":true,"href":"https:\/\/www.stvvalves.com\/es\/wp-json\/wp\/v2\/product_brand?post=8735"},{"taxonomy":"product_cat","embeddable":true,"href":"https:\/\/www.stvvalves.com\/es\/wp-json\/wp\/v2\/product_cat?post=8735"},{"taxonomy":"product_tag","embeddable":true,"href":"https:\/\/www.stvvalves.com\/es\/wp-json\/wp\/v2\/product_tag?post=8735"}],"curies":[{"name":"wp","href":"https:\/\/api.w.org\/{rel}","templated":true}]}}