{"id":8757,"date":"2025-12-31T19:57:48","date_gmt":"2025-12-31T11:57:48","guid":{"rendered":"https:\/\/www.stvvalves.com\/?post_type=product&#038;p=8757"},"modified":"2025-12-31T20:02:15","modified_gmt":"2025-12-31T12:02:15","slug":"2pc-flange-ball-valve-dn50-150lb-304-body-rf-end","status":"publish","type":"product","link":"https:\/\/www.stvvalves.com\/es\/products\/2pc-flange-ball-valve-dn50-150lb-304-body-rf-end\/","title":{"rendered":"2PC Flange Ball Valve,DN50,150LB,304 Body,RF END"},"content":{"rendered":"<p>Disponible en acero inoxidable o acero al carbono.<br \/>\nEl cuerpo y el final son un caso de inversi\u00f3n.<br \/>\nEmpaquetadura de v\u00e1stago autoajustable<br \/>\nDise\u00f1o de v\u00e1stago a prueba de explosiones<br \/>\nAire doble 100 probado bajo el agua a 100 psi<br \/>\nPresi\u00f3n de trabajo ANSI 150<br \/>\nRango de temperatura: -29\u00b0C a +120\u00b0C<br \/>\nAlmohadilla de montaje ISO 5211<br \/>\nTipo de tapa final: extremo con brida (ANSI 150)<br \/>\nDimensi\u00f3n de brida: ANSI cara a cara<br \/>\nB16.10; conexi\u00f3n de brida ANSI B16.50<\/p>\n<p>Especificaciones t\u00e9cnicas:<\/p>\n<p>Est\u00e1ndar de dise\u00f1o y fabricaci\u00f3n: API 6D, API 608<\/p>\n<p>Est\u00e1ndar de presi\u00f3n y temperatura: ASME B16.34<\/p>\n<p>Est\u00e1ndar de dimensi\u00f3n cara a cara: ASME B16.10<\/p>\n<p>Est\u00e1ndar de brida: ASME B16.5, ASME B16.47<\/p>\n<p>Est\u00e1ndar de prueba e inspecci\u00f3n: API 598, API 6D<\/p>\n<p>&nbsp;<\/p>\n<table>\n<tbody>\n<tr>\n<td width=\"200\"><strong>nombre del producto<\/strong><\/td>\n<td width=\"481\">2PC Flange Ball Valve,DN50,150LB,304 Body,RF END<\/td>\n<\/tr>\n<tr>\n<td width=\"200\">1. Materiales<\/td>\n<td width=\"481\">CF8<\/td>\n<\/tr>\n<tr>\n<td width=\"200\">2. Tama\u00f1o<\/td>\n<td width=\"481\">2\u201d<\/td>\n<\/tr>\n<tr>\n<td width=\"200\">4. Puerto<\/td>\n<td width=\"481\">Puerto lleno<\/td>\n<\/tr>\n<tr>\n<td width=\"200\">5. Presi\u00f3n de trabajo<\/td>\n<td width=\"481\">150 libras<\/td>\n<\/tr>\n<tr>\n<td width=\"200\">6. La conexi\u00f3n finaliza<\/td>\n<td width=\"481\">RF<\/td>\n<\/tr>\n<tr>\n<td width=\"200\">7. Temperatura de trabajo.<\/td>\n<td width=\"481\">-29~180\u00baC,<\/td>\n<\/tr>\n<tr>\n<td width=\"200\">8. Medio adecuado<\/td>\n<td width=\"481\">Agua, Gas Natural, Petr\u00f3leo y alg\u00fan l\u00edquido corrosivo<\/td>\n<\/tr>\n<tr>\n<td width=\"200\">9. Operado<\/td>\n<td width=\"481\">Volante<\/td>\n<\/tr>\n<tr>\n<td width=\"200\">10. Inspecci\u00f3n y pruebas<\/td>\n<td width=\"481\">Seg\u00fan API598<\/td>\n<\/tr>\n<tr>\n<td width=\"200\"><strong>Env\u00edo<\/strong><\/td>\n<td width=\"481\"><\/td>\n<\/tr>\n<tr>\n<td width=\"200\">El tiempo de entrega<\/td>\n<td width=\"481\">30 dias<\/td>\n<\/tr>\n<tr>\n<td width=\"200\">Paquete<\/td>\n<td width=\"481\">Caja de madera contrachapada de exportaci\u00f3n est\u00e1ndar<\/td>\n<\/tr>\n<tr>\n<td width=\"200\">Puerto de embarque<\/td>\n<td width=\"481\">Ningbo\/Shangh\u00e1i, China<\/td>\n<\/tr>\n<tr>\n<td width=\"200\">Condiciones de env\u00edo<\/td>\n<td width=\"481\">Exw, MANDO, CFR, CIF, etc.<\/td>\n<\/tr>\n<tr>\n<td width=\"200\">T\u00e9rminos de pago<\/td>\n<td width=\"481\">T\/T, Western Union, PayPal, etc.<\/td>\n<\/tr>\n<tr>\n<td width=\"200\"><\/td>\n<td width=\"481\">Pago anticipado de 30%, saldo de 70% pagado antes del env\u00edo<\/td>\n<\/tr>\n<tr>\n<td width=\"200\">Pa\u00eds de origen<\/td>\n<td width=\"481\">Ciudad de Wenzhou, China<\/td>\n<\/tr>\n<tr>\n<td width=\"200\">Capacidad de producci\u00f3n<\/td>\n<td width=\"481\">6000 toneladas\/a\u00f1o<\/td>\n<\/tr>\n<tr>\n<td width=\"200\">Cantidad m\u00ednima de pedido<\/td>\n<td width=\"481\">1 unidad\/tama\u00f1o<\/td>\n<\/tr>\n<\/tbody>\n<\/table>","protected":false},"excerpt":{"rendered":"<p>Modelo:Q41F-150LB-WCB<\/p>\n<p>Carbon Steel Flange Ball Valve is\u00a0 full bore 2 piece Ball Valve.150 lB Flange ,it is a\u00a0 304 body and stainless steel 316\/304 ball, with TFM seats for High Temperatures.<\/p>\n<p>La v\u00e1lvula cumple con la almohadilla de montaje directo ISO 5211 para un f\u00e1cil accionamiento y se suministra con un mango de palanca dise\u00f1ado con capacidad para candado.<\/p>\n<p>La v\u00e1lvula ofrece un funcionamiento seguro en muchas aplicaciones industriales y qu\u00edmicas y es ideal tanto para aislamiento manual como para f\u00e1cil accionamiento, ya que tiene caracter\u00edsticas de par bajo junto con altos caudales.<\/p>\n<p>STV Valve Technology Group Co., Ltd is a professional leader China 2pc Flange Ball Valve,Carbon Steel Split Body Ball Valve,Flanged Ball Valves,Flanged 304 Ball Valve With Locking Device,Flanged Full Port 304 Ball Valve,China 304 Ball Valve, ANSI 150 Ball Valve, Fire Safe Ball Valve Manufacturer with high quality and competitive price.<\/p>\n<p>Comun\u00edquese con nuestro sales@stvvalve.com para obtener otros materiales y detalles.<\/p>\n<p>Hoja de fecha:\u00a0<a href=\"https:\/\/www.stvvalves.com\/wp-content\/uploads\/2018\/12\/carbon-steel-flange-ball-valve-dn50-150lb-304-trim-rf-end-drawing.pdf\">V\u00e1lvula de bola con brida de acero al carbono, DN50,150LB, TRIM 304, EXTREMO RF<\/a><\/p>","protected":false},"featured_media":8758,"template":"","meta":[],"product_brand":[],"product_cat":[43,54,80,78],"product_tag":[3938,410,3934,3937,3939,3935,401,3936,407,411],"class_list":{"0":"post-8757","1":"product","2":"type-product","3":"status-publish","4":"has-post-thumbnail","6":"product_cat-ball-valve","7":"product_cat-cast-steel-ball-valve","8":"product_cat-flange-ball-valve","9":"product_cat-floating-ball-valve","10":"product_tag-ansi-150-ball-valve","11":"product_tag-carbon-steel-split-body-ball-valve","12":"product_tag-china-2pc-flange-ball-valve","13":"product_tag-china-304-ball-valve","14":"product_tag-fire-safe-ball-valve-manufacturer","15":"product_tag-flanged-304-ball-valve-with-locking-device","16":"product_tag-flanged-ball-valves","17":"product_tag-flanged-full-port-304-ball-valve","18":"product_tag-flanged-standard-bore-ball-valves","19":"product_tag-full-port-flanged-ball-valves","21":"first","22":"instock","23":"shipping-taxable","24":"product-type-simple"},"_links":{"self":[{"href":"https:\/\/www.stvvalves.com\/es\/wp-json\/wp\/v2\/product\/8757","targetHints":{"allow":["GET"]}}],"collection":[{"href":"https:\/\/www.stvvalves.com\/es\/wp-json\/wp\/v2\/product"}],"about":[{"href":"https:\/\/www.stvvalves.com\/es\/wp-json\/wp\/v2\/types\/product"}],"wp:featuredmedia":[{"embeddable":true,"href":"https:\/\/www.stvvalves.com\/es\/wp-json\/wp\/v2\/media\/8758"}],"wp:attachment":[{"href":"https:\/\/www.stvvalves.com\/es\/wp-json\/wp\/v2\/media?parent=8757"}],"wp:term":[{"taxonomy":"product_brand","embeddable":true,"href":"https:\/\/www.stvvalves.com\/es\/wp-json\/wp\/v2\/product_brand?post=8757"},{"taxonomy":"product_cat","embeddable":true,"href":"https:\/\/www.stvvalves.com\/es\/wp-json\/wp\/v2\/product_cat?post=8757"},{"taxonomy":"product_tag","embeddable":true,"href":"https:\/\/www.stvvalves.com\/es\/wp-json\/wp\/v2\/product_tag?post=8757"}],"curies":[{"name":"wp","href":"https:\/\/api.w.org\/{rel}","templated":true}]}}