{"id":8792,"date":"2026-01-06T20:09:09","date_gmt":"2026-01-06T12:09:09","guid":{"rendered":"https:\/\/www.stvvalves.com\/?post_type=product&#038;p=8792"},"modified":"2026-01-06T20:20:21","modified_gmt":"2026-01-06T12:20:21","slug":"astm-a182-a105-dbb-ball-valve-8-inch-600-lb-api-6d-rf","status":"publish","type":"product","link":"https:\/\/www.stvvalves.com\/es\/products\/astm-a182-a105-dbb-ball-valve-8-inch-600-lb-api-6d-rf\/","title":{"rendered":"ASTM A182 A105 DBB Ball Valve, 8 Inch, 600 LB, API 6D, RF"},"content":{"rendered":"<p>Product Item: ASTM A182 A105 DBB Ball Valve, 8 Inch, 600 LB, API 6D, RF<br \/>\nDesign Standard: API 6D<br \/>\nStructure: Three pieces body, Side Entry, Bolted Bonnet, DPE Seats, Double Ball, Compact body<br \/>\nNominal size: 6 Inch<br \/>\nNominal class: 600 LB<br \/>\nBore Type: Full Bore<br \/>\nConexi\u00f3n final: RF<br \/>\nOperation: Gear<br \/>\nBody Material: ASTM A182 LF2<br \/>\nTrim Material: ASTM A182 F6A, PEEK, Lip Seal PTFE+UNS R30003<br \/>\nFace-to-face: Manufacturer Standard<br \/>\nTest and inspection: API 598, API 6D<br \/>\nKey Features: Double Ball, Double-Isolation and Bleed(DIB), Anti-static Device, Fire Safe, Anti-Blowout Stem, Emergency sealant injection, O-ring \/ Lip seal<br \/>\nconfiguration available, Low fugitive emission stem packing available<\/p>\n<p><strong>Gama de productos<\/strong><br \/>\nBody material: Carbon Steel, Stainless Steel, Alloy Steel<br \/>\nNormal diameter: 1\/2 &#8211; 24 Inch (DN15 &#8211; DN600)<br \/>\nPressure range: 150 &#8211; 2500 LB<br \/>\nEnd connection: RF, RTJ, BW, HUB<br \/>\nWorking temperature: -46\u2103 &#8211; +150\u2103<br \/>\nOperation: Manual(lever, gear), Pneumatic Actuator, Motor Actuator<\/p>\n<table>\n<tbody>\n<tr>\n<td width=\"200\"><strong>nombre del producto<\/strong><\/td>\n<td width=\"481\">ASTM A182 A105 DBB Ball Valve, 8 Inch, 600 LB, API 6D, RF<\/td>\n<\/tr>\n<tr>\n<td width=\"200\">1. Materiales<\/td>\n<td width=\"481\">A105<\/td>\n<\/tr>\n<tr>\n<td width=\"200\">2. Tama\u00f1o<\/td>\n<td width=\"481\">8\u201d<\/td>\n<\/tr>\n<tr>\n<td width=\"200\">4. Puerto<\/td>\n<td width=\"481\">Puerto lleno<\/td>\n<\/tr>\n<tr>\n<td width=\"200\">5. Presi\u00f3n de trabajo<\/td>\n<td width=\"481\">600 libras<\/td>\n<\/tr>\n<tr>\n<td width=\"200\">6. La conexi\u00f3n finaliza<\/td>\n<td width=\"481\">RF<\/td>\n<\/tr>\n<tr>\n<td width=\"200\">7. Temperatura de trabajo.<\/td>\n<td width=\"481\">-29~120\u00baC,<\/td>\n<\/tr>\n<tr>\n<td width=\"200\">8. Medio adecuado<\/td>\n<td width=\"481\">Agua, Gas Natural, Petr\u00f3leo y alg\u00fan l\u00edquido corrosivo<\/td>\n<\/tr>\n<tr>\n<td width=\"200\">9. Operado<\/td>\n<td width=\"481\">GEAR BOX<\/td>\n<\/tr>\n<tr>\n<td width=\"200\">10. Inspecci\u00f3n y pruebas<\/td>\n<td width=\"481\">Seg\u00fan API 598<\/td>\n<\/tr>\n<tr>\n<td width=\"200\"><strong>Env\u00edo<\/strong><\/td>\n<td width=\"481\"><\/td>\n<\/tr>\n<tr>\n<td width=\"200\">El tiempo de entrega<\/td>\n<td width=\"481\">30 dias<\/td>\n<\/tr>\n<tr>\n<td width=\"200\">Paquete<\/td>\n<td width=\"481\">Caja de madera contrachapada de exportaci\u00f3n est\u00e1ndar<\/td>\n<\/tr>\n<tr>\n<td width=\"200\">Puerto de embarque<\/td>\n<td width=\"481\">Ningbo\/Shangh\u00e1i, China<\/td>\n<\/tr>\n<tr>\n<td width=\"200\">Condiciones de env\u00edo<\/td>\n<td width=\"481\">Exw, MANDO, CFR, CIF, etc.<\/td>\n<\/tr>\n<tr>\n<td width=\"200\">T\u00e9rminos de pago<\/td>\n<td width=\"481\">T\/T, Western Union, PayPal, etc.<\/td>\n<\/tr>\n<tr>\n<td width=\"200\"><\/td>\n<td width=\"481\">Pago anticipado de 30%, saldo de 70% pagado antes del env\u00edo<\/td>\n<\/tr>\n<tr>\n<td width=\"200\">Pa\u00eds de origen<\/td>\n<td width=\"481\">Ciudad de Wenzhou, China<\/td>\n<\/tr>\n<tr>\n<td width=\"200\">Capacidad de producci\u00f3n<\/td>\n<td width=\"481\">6000 toneladas\/a\u00f1o<\/td>\n<\/tr>\n<tr>\n<td width=\"200\">Cantidad m\u00ednima de pedido<\/td>\n<td width=\"481\">1 unidad\/tama\u00f1o<\/td>\n<\/tr>\n<\/tbody>\n<\/table>","protected":false},"excerpt":{"rendered":"<p>Model:STV-Q34FF-600LB-DN200-A105<\/p>\n<p>STV Valve Technology Group Co., Ltd is a professional leader China \u00a0Double Block and Bleed Ball Valve,Forged DBB Ball Valve , Double Block ball valve,High pressure DBB Ball Valve,3PC DBB Ball Valve, 3 pc ball valves,600lb DBB Ball Valve,8 Inch DBB Ball Valve, DBB Ball Valve manufacturer with high quality and competitive price.<\/p>\n<p>&nbsp;<\/p>","protected":false},"featured_media":8793,"template":"","meta":[],"product_brand":[],"product_cat":[43,56,55],"product_tag":[894,3988,3989,3990,3984,3991,3986,3985,3987],"class_list":{"0":"post-8792","1":"product","2":"type-product","3":"status-publish","4":"has-post-thumbnail","6":"product_cat-ball-valve","7":"product_cat-trunnion-ball-valve","8":"product_cat-forged-steel-ball-valve","9":"product_tag-3-pc-ball-valves","10":"product_tag-3pc-dbb-ball-valve","11":"product_tag-600lb-dbb-ball-valve","12":"product_tag-8-inch-dbb-ball-valve","13":"product_tag-china-double-block-and-bleed-ball-valve","14":"product_tag-dbb-ball-valve-manufacturer","15":"product_tag-double-block-ball-valve","16":"product_tag-forged-dbb-ball-valve","17":"product_tag-high-pressure-dbb-ball-valve","19":"first","20":"instock","21":"shipping-taxable","22":"product-type-simple"},"_links":{"self":[{"href":"https:\/\/www.stvvalves.com\/es\/wp-json\/wp\/v2\/product\/8792","targetHints":{"allow":["GET"]}}],"collection":[{"href":"https:\/\/www.stvvalves.com\/es\/wp-json\/wp\/v2\/product"}],"about":[{"href":"https:\/\/www.stvvalves.com\/es\/wp-json\/wp\/v2\/types\/product"}],"wp:featuredmedia":[{"embeddable":true,"href":"https:\/\/www.stvvalves.com\/es\/wp-json\/wp\/v2\/media\/8793"}],"wp:attachment":[{"href":"https:\/\/www.stvvalves.com\/es\/wp-json\/wp\/v2\/media?parent=8792"}],"wp:term":[{"taxonomy":"product_brand","embeddable":true,"href":"https:\/\/www.stvvalves.com\/es\/wp-json\/wp\/v2\/product_brand?post=8792"},{"taxonomy":"product_cat","embeddable":true,"href":"https:\/\/www.stvvalves.com\/es\/wp-json\/wp\/v2\/product_cat?post=8792"},{"taxonomy":"product_tag","embeddable":true,"href":"https:\/\/www.stvvalves.com\/es\/wp-json\/wp\/v2\/product_tag?post=8792"}],"curies":[{"name":"wp","href":"https:\/\/api.w.org\/{rel}","templated":true}]}}