{"id":8835,"date":"2026-01-17T20:08:18","date_gmt":"2026-01-17T12:08:18","guid":{"rendered":"https:\/\/www.stvvalves.com\/?post_type=product&#038;p=8835"},"modified":"2026-01-17T20:31:45","modified_gmt":"2026-01-17T12:31:45","slug":"8-inch-c95800-y-strainer-150lb-flange-end","status":"publish","type":"product","link":"https:\/\/www.stvvalves.com\/es\/products\/8-inch-c95800-y-strainer-150lb-flange-end\/","title":{"rendered":"8 Inch C95800 Y Strainer,150LB, Flange End"},"content":{"rendered":"<h1>China ASTM B148 C95800 Y Strainer Supplier : ASTM B148 C95800 Y Strainer for sea water, 8 Inch, Class 150 LB, ASME B16.34, FF Flanged Ends.<\/h1>\n<p>Dise\u00f1o y fabricaci\u00f3n: API6D y ANSI B16.34.<br \/>\nDimensi\u00f3n cara a cara: ASME B16.10<br \/>\nDimensi\u00f3n de la brida final:ASME B16.5<br \/>\nDimensi\u00f3n soldada a tope: ASME B16.25<br \/>\nPrueba e inspecci\u00f3n: API598<\/p>\n<p>Especificaci\u00f3n: Tama\u00f1o: 2\u2033-24\u2033<br \/>\nPresi\u00f3n: 150-300 lb<br \/>\nMateriales: C95800, C95400, C92200, C90500<br \/>\nTemperatura;-196\u00b0C+545\u00b0C Servicio: Agua de mar<\/p>\n<table>\n<tbody>\n<tr>\n<td width=\"200\"><strong>nombre del producto<\/strong><\/td>\n<td width=\"481\">8 Inch C95800 Y Strainer,150LB, Flange End<\/td>\n<\/tr>\n<tr>\n<td width=\"200\">1. Materiales<\/td>\n<td width=\"481\">C95800<\/td>\n<\/tr>\n<tr>\n<td width=\"200\">2. Tama\u00f1o<\/td>\n<td width=\"481\">8\u201d<\/td>\n<\/tr>\n<tr>\n<td width=\"200\">4. Puerto<\/td>\n<td width=\"481\">Puerto lleno<\/td>\n<\/tr>\n<tr>\n<td width=\"200\">5. Presi\u00f3n de trabajo<\/td>\n<td width=\"481\">150 libras<\/td>\n<\/tr>\n<tr>\n<td width=\"200\">6. La conexi\u00f3n finaliza<\/td>\n<td width=\"481\">FF<\/td>\n<\/tr>\n<tr>\n<td width=\"200\">7. Temperatura de trabajo.<\/td>\n<td width=\"481\">-29~200\u00baC,<\/td>\n<\/tr>\n<tr>\n<td width=\"200\">8. Medio adecuado<\/td>\n<td width=\"481\">Agua, Gas Natural, Petr\u00f3leo y alg\u00fan l\u00edquido corrosivo<\/td>\n<\/tr>\n<tr>\n<td width=\"200\">9. Operado<\/td>\n<td width=\"481\">\/<\/td>\n<\/tr>\n<tr>\n<td width=\"200\">10. Inspecci\u00f3n y pruebas<\/td>\n<td width=\"481\">Seg\u00fan API598<\/td>\n<\/tr>\n<tr>\n<td width=\"200\"><strong>Env\u00edo<\/strong><\/td>\n<td width=\"481\"><\/td>\n<\/tr>\n<tr>\n<td width=\"200\">El tiempo de entrega<\/td>\n<td width=\"481\">30 dias<\/td>\n<\/tr>\n<tr>\n<td width=\"200\">Paquete<\/td>\n<td width=\"481\">Caja de madera contrachapada de exportaci\u00f3n est\u00e1ndar<\/td>\n<\/tr>\n<tr>\n<td width=\"200\">Puerto de embarque<\/td>\n<td width=\"481\">Ningbo\/Shangh\u00e1i, China<\/td>\n<\/tr>\n<tr>\n<td width=\"200\">Condiciones de env\u00edo<\/td>\n<td width=\"481\">Exw, MANDO, CFR, CIF, etc.<\/td>\n<\/tr>\n<tr>\n<td width=\"200\">T\u00e9rminos de pago<\/td>\n<td width=\"481\">T\/T, Western Union, PayPal, etc.<\/td>\n<\/tr>\n<tr>\n<td width=\"200\"><\/td>\n<td width=\"481\">Pago anticipado de 30%, saldo de 70% pagado antes del env\u00edo<\/td>\n<\/tr>\n<tr>\n<td width=\"200\">Pa\u00eds de origen<\/td>\n<td width=\"481\">Ciudad de Wenzhou, China<\/td>\n<\/tr>\n<tr>\n<td width=\"200\">Capacidad de producci\u00f3n<\/td>\n<td width=\"481\">6000 toneladas\/a\u00f1o<\/td>\n<\/tr>\n<tr>\n<td width=\"200\">Cantidad m\u00ednima de pedido<\/td>\n<td width=\"481\">1 unidad\/tama\u00f1o<\/td>\n<\/tr>\n<\/tbody>\n<\/table>\n<p>&nbsp;<\/p>","protected":false},"excerpt":{"rendered":"<p>STV Valve Technology Group Co., Ltd is a professional leader China 8 Inch C95800 Y Strainer, ASTM B148 C95800 Y Strainer for sea water, 8 Inch ASTM B148 C95800 Y Strainer, Class 150 LB ASTM B148 C95800 Y Strainer, ASME B16.34 ASTM B148 C95800 Y Strainer, FF Flanged Ends ASTM B148 C95800 Y Strainer manufacturer with high quality and competitive price.<\/p>","protected":false},"featured_media":8837,"template":"","meta":[],"product_brand":[],"product_cat":[85,48],"product_tag":[4057,2750,4053,4056,2749,4055],"class_list":{"0":"post-8835","1":"product","2":"type-product","3":"status-publish","4":"has-post-thumbnail","6":"product_cat-stainless-steel-y-type-strainer","7":"product_cat-y-strainer","8":"product_tag-8-inch-astm-b148-c95800-y-strainer","9":"product_tag-asme-b16-34-astm-b148-c95800-y-strainer","10":"product_tag-astm-b148-c95800-y-strainer-for-sea-water","11":"product_tag-china-8-inch-c95800-y-strainer","12":"product_tag-class-150-lb-astm-b148-c95800-y-strainer","13":"product_tag-ff-flanged-ends-astm-b148-c95800-y-strainer-manufacturer","15":"first","16":"instock","17":"shipping-taxable","18":"product-type-simple"},"_links":{"self":[{"href":"https:\/\/www.stvvalves.com\/es\/wp-json\/wp\/v2\/product\/8835","targetHints":{"allow":["GET"]}}],"collection":[{"href":"https:\/\/www.stvvalves.com\/es\/wp-json\/wp\/v2\/product"}],"about":[{"href":"https:\/\/www.stvvalves.com\/es\/wp-json\/wp\/v2\/types\/product"}],"wp:featuredmedia":[{"embeddable":true,"href":"https:\/\/www.stvvalves.com\/es\/wp-json\/wp\/v2\/media\/8837"}],"wp:attachment":[{"href":"https:\/\/www.stvvalves.com\/es\/wp-json\/wp\/v2\/media?parent=8835"}],"wp:term":[{"taxonomy":"product_brand","embeddable":true,"href":"https:\/\/www.stvvalves.com\/es\/wp-json\/wp\/v2\/product_brand?post=8835"},{"taxonomy":"product_cat","embeddable":true,"href":"https:\/\/www.stvvalves.com\/es\/wp-json\/wp\/v2\/product_cat?post=8835"},{"taxonomy":"product_tag","embeddable":true,"href":"https:\/\/www.stvvalves.com\/es\/wp-json\/wp\/v2\/product_tag?post=8835"}],"curies":[{"name":"wp","href":"https:\/\/api.w.org\/{rel}","templated":true}]}}