{"id":8846,"date":"2026-01-17T21:25:43","date_gmt":"2026-01-17T13:25:43","guid":{"rendered":"https:\/\/www.stvvalves.com\/?post_type=product&#038;p=8846"},"modified":"2026-01-17T21:29:45","modified_gmt":"2026-01-17T13:29:45","slug":"bellow-sealed-globe-valve-din-3356-gs-c25-dn100-pn16-rf","status":"publish","type":"product","link":"https:\/\/www.stvvalves.com\/es\/products\/bellow-sealed-globe-valve-din-3356-gs-c25-dn100-pn16-rf\/","title":{"rendered":"Bellow Sealed Globe Valve,DIN 3356 ,GS-C25,DN100,PN16,RF"},"content":{"rendered":"<h1>V\u00e1lvula de globo sellada con fuelle DIN 3356, GS-C25, DN100, PN40, RF<\/h1>\n<p>Especificaci\u00f3n t\u00e9cnica<\/p>\n<p>Est\u00e1ndar de dise\u00f1o: DIN 3356<\/p>\n<p>Dimensi\u00f3n cara a cara: DIN 3202<\/p>\n<p>Extremos de brida: DIN 2543-2545<\/p>\n<p>Prueba e inspecci\u00f3n: DIN 3230<\/p>\n<p>Aplicaci\u00f3n: Sistema de aceite caliente, sistema de vapor, sistema de agua fr\u00eda y caliente, etc.<\/p>\n<p>Medio:Vapor, gases, agua caliente, aceite t\u00e9rmico, amoniaco, etc.<br \/>\nMateriales: GG25(EN-GJL-250),GGG40,1.0619+N(GS-C25),1.4308(CF8), 1.4408(CF8M)<br \/>\nMateriales de fuelle: SS304, SS316, SS316L,SS 310S, Hastelly C<br \/>\nRango de tama\u00f1o: DN15-DN400<br \/>\nPresi\u00f3n: PN16-PN40<br \/>\nTemperatura: \u2264600 \u2103<\/p>\n<table>\n<tbody>\n<tr>\n<td width=\"200\"><strong>nombre del producto<\/strong><\/td>\n<td width=\"481\">Bellow Sealed Globe Valve,DIN 3356 ,GS-C25,DN100,PN16,RF<\/td>\n<\/tr>\n<tr>\n<td width=\"200\">1. Materiales<\/td>\n<td width=\"481\">GS-C25<\/td>\n<\/tr>\n<tr>\n<td width=\"200\">2. Tama\u00f1o<\/td>\n<td width=\"481\">4\u201d<\/td>\n<\/tr>\n<tr>\n<td width=\"200\">4. Puerto<\/td>\n<td width=\"481\">Puerto lleno<\/td>\n<\/tr>\n<tr>\n<td width=\"200\">5. Presi\u00f3n de trabajo<\/td>\n<td width=\"481\">PN16<\/td>\n<\/tr>\n<tr>\n<td width=\"200\">6. La conexi\u00f3n finaliza<\/td>\n<td width=\"481\">RF<\/td>\n<\/tr>\n<tr>\n<td width=\"200\">7. Temperatura de trabajo.<\/td>\n<td width=\"481\">-29~425\u00baC,<\/td>\n<\/tr>\n<tr>\n<td width=\"200\">8. Medio adecuado<\/td>\n<td width=\"481\">Agua, Gas Natural, Petr\u00f3leo y alg\u00fan l\u00edquido corrosivo<\/td>\n<\/tr>\n<tr>\n<td width=\"200\">9. Operado<\/td>\n<td width=\"481\">Volante<\/td>\n<\/tr>\n<tr>\n<td width=\"200\">10. Inspecci\u00f3n y pruebas<\/td>\n<td width=\"481\">Seg\u00fan DIN 3230<\/td>\n<\/tr>\n<tr>\n<td width=\"200\"><strong>Env\u00edo<\/strong><\/td>\n<td width=\"481\"><\/td>\n<\/tr>\n<tr>\n<td width=\"200\">El tiempo de entrega<\/td>\n<td width=\"481\">30 dias<\/td>\n<\/tr>\n<tr>\n<td width=\"200\">Paquete<\/td>\n<td width=\"481\">Caja de madera contrachapada de exportaci\u00f3n est\u00e1ndar<\/td>\n<\/tr>\n<tr>\n<td width=\"200\">Puerto de embarque<\/td>\n<td width=\"481\">Ningbo\/Shangh\u00e1i, China<\/td>\n<\/tr>\n<tr>\n<td width=\"200\">Condiciones de env\u00edo<\/td>\n<td width=\"481\">Exw, MANDO, CFR, CIF, etc.<\/td>\n<\/tr>\n<tr>\n<td width=\"200\">T\u00e9rminos de pago<\/td>\n<td width=\"481\">T\/T, Western Union, PayPal, etc.<\/td>\n<\/tr>\n<tr>\n<td width=\"200\"><\/td>\n<td width=\"481\">Pago anticipado de 30%, saldo de 70% pagado antes del env\u00edo<\/td>\n<\/tr>\n<tr>\n<td width=\"200\">Pa\u00eds de origen<\/td>\n<td width=\"481\">Ciudad de Wenzhou, China<\/td>\n<\/tr>\n<tr>\n<td width=\"200\">Capacidad de producci\u00f3n<\/td>\n<td width=\"481\">6000 toneladas\/a\u00f1o<\/td>\n<\/tr>\n<tr>\n<td width=\"200\">Cantidad m\u00ednima de pedido<\/td>\n<td width=\"481\">1 unidad\/tama\u00f1o<\/td>\n<\/tr>\n<\/tbody>\n<\/table>","protected":false},"excerpt":{"rendered":"<p>STV Valve Technology Group Co., Ltd is a professional leader China DIN 3356 Bellow Sealed Globe Valve,Cast Steel Bellow Sealed\u00a0 Globe Valve,DN100 Bellow Sealed\u00a0 Globe Valve,PN16 Bellow Seal Globe Valve,RF Bellow Sealed\u00a0 Globe Valve,Flange Bellow Sealed Globe Valve Manufacturer with high quality and competitive price.<\/p>\n<p>&nbsp;<\/p>","protected":false},"featured_media":8847,"template":"","meta":[],"product_brand":[],"product_cat":[65,45],"product_tag":[4060,323,4059,1687,4061,1688,4064,1690,4062,1689,4063,1074],"class_list":{"0":"post-8846","1":"product","2":"type-product","3":"status-publish","4":"has-post-thumbnail","6":"product_cat-bellow-seal-globe-valve","7":"product_cat-globe-valve","8":"product_tag-cast-steel-bellow-sealed-globe-valve","9":"product_tag-cast-steel-globe-valve","10":"product_tag-china-din-3356-bellow-sealed-globe-valve","11":"product_tag-din-3356-globe-valve","12":"product_tag-dn100-bellow-sealed-globe-valve","13":"product_tag-dn100-globe-valve","14":"product_tag-flange-bellow-sealed-globe-valve-manufacturer","15":"product_tag-flange-globe-valve","16":"product_tag-pn16-bellow-seal-globe-valve","17":"product_tag-pn40-globe-valve","18":"product_tag-rf-bellow-sealed-globe-valve","19":"product_tag-rf-globe-valve","21":"first","22":"instock","23":"shipping-taxable","24":"product-type-simple"},"_links":{"self":[{"href":"https:\/\/www.stvvalves.com\/es\/wp-json\/wp\/v2\/product\/8846","targetHints":{"allow":["GET"]}}],"collection":[{"href":"https:\/\/www.stvvalves.com\/es\/wp-json\/wp\/v2\/product"}],"about":[{"href":"https:\/\/www.stvvalves.com\/es\/wp-json\/wp\/v2\/types\/product"}],"wp:featuredmedia":[{"embeddable":true,"href":"https:\/\/www.stvvalves.com\/es\/wp-json\/wp\/v2\/media\/8847"}],"wp:attachment":[{"href":"https:\/\/www.stvvalves.com\/es\/wp-json\/wp\/v2\/media?parent=8846"}],"wp:term":[{"taxonomy":"product_brand","embeddable":true,"href":"https:\/\/www.stvvalves.com\/es\/wp-json\/wp\/v2\/product_brand?post=8846"},{"taxonomy":"product_cat","embeddable":true,"href":"https:\/\/www.stvvalves.com\/es\/wp-json\/wp\/v2\/product_cat?post=8846"},{"taxonomy":"product_tag","embeddable":true,"href":"https:\/\/www.stvvalves.com\/es\/wp-json\/wp\/v2\/product_tag?post=8846"}],"curies":[{"name":"wp","href":"https:\/\/api.w.org\/{rel}","templated":true}]}}