{"id":3818,"date":"2018-11-22T14:48:41","date_gmt":"2018-11-22T14:48:41","guid":{"rendered":"https:\/\/www.stvvalves.com\/?post_type=product&#038;p=3818"},"modified":"2025-02-17T18:18:07","modified_gmt":"2025-02-17T10:18:07","slug":"stainless-steel-flange-gate-valve-cf8-body-and-304-trim-150lb-3-inch","status":"publish","type":"product","link":"https:\/\/www.stvvalves.com\/fr\/products\/stainless-steel-flange-gate-valve-cf8-body-and-304-trim-150lb-3-inch\/","title":{"rendered":"Vanne \u00e0 bride en acier inoxydable, corps CF8 et garniture 304, 150 LB, 3 pouces"},"content":{"rendered":"<p>Vanne \u00e0 bride en acier inoxydable, corps CF8 et garniture 304, 150 LB, 3 pouces<br \/>\nConvient pour les brides ANSI 150<br \/>\nCon\u00e7u pour l&#039;isolation dans les applications de liquides chimiques, corrosifs et semi-agressifs<br \/>\nCorps, chapeau et cale CF8 en acier inoxydable<br \/>\nGarniture de presse-\u00e9toupe en PTFE\/Graphite<br \/>\nConnexion d&#039;extr\u00e9mit\u00e9\u00a0: ANSI 150,<br \/>\nTailles : 1\/2\u2033 \u00e0 24\u2033<br \/>\nPlage de temp\u00e9rature : -20\u00b0C \u00e0 300\u00b0C.<br \/>\nPression nominale\u00a0: ANSI 150<\/p>\n<table>\n<tbody>\n<tr>\n<td width=\"200\"><strong>Nom du produit<\/strong><\/td>\n<td width=\"481\">Vanne \u00e0 bride en acier inoxydable, corps CF8 et garniture 304, 150 LB, 3 pouces<\/td>\n<\/tr>\n<tr>\n<td width=\"200\">1. Mat\u00e9riel<\/td>\n<td width=\"481\">CF8<\/td>\n<\/tr>\n<tr>\n<td width=\"200\">2. Taille<\/td>\n<td width=\"481\">3&quot;<\/td>\n<\/tr>\n<tr>\n<td width=\"200\">4. Port<\/td>\n<td width=\"481\">Port complet<\/td>\n<\/tr>\n<tr>\n<td width=\"200\">5. Pression de travail<\/td>\n<td width=\"481\">150 livres<\/td>\n<\/tr>\n<tr>\n<td width=\"200\">6. Fin de la connexion<\/td>\n<td width=\"481\">RF<\/td>\n<\/tr>\n<tr>\n<td width=\"200\">7. Temp\u00e9rature de travail.<\/td>\n<td width=\"481\">-29~300\u00baC,<\/td>\n<\/tr>\n<tr>\n<td width=\"200\">8. Support appropri\u00e9<\/td>\n<td width=\"481\">Eau, gaz naturel, p\u00e9trole et certains liquides corrosifs<\/td>\n<\/tr>\n<tr>\n<td width=\"200\">9. Exploit\u00e9<\/td>\n<td width=\"481\">Volant<\/td>\n<\/tr>\n<tr>\n<td width=\"200\">10. Inspection et tests<\/td>\n<td width=\"481\">Selon API598<\/td>\n<\/tr>\n<tr>\n<td width=\"200\"><strong>Exp\u00e9dition<\/strong><\/td>\n<td width=\"481\"><\/td>\n<\/tr>\n<tr>\n<td width=\"200\">D\u00e9lai de livraison<\/td>\n<td width=\"481\">30 jours<\/td>\n<\/tr>\n<tr>\n<td width=\"200\">Emballer<\/td>\n<td width=\"481\">Caisse en contreplaqu\u00e9 d&#039;exportation standard<\/td>\n<\/tr>\n<tr>\n<td width=\"200\">Port d&#039;exp\u00e9dition<\/td>\n<td width=\"481\">Ningbo\/Shanghai, Chine<\/td>\n<\/tr>\n<tr>\n<td width=\"200\">Conditions d&#039;exp\u00e9dition<\/td>\n<td width=\"481\">Exw, FOB, CFR, CIF, etc.<\/td>\n<\/tr>\n<tr>\n<td width=\"200\">Modalit\u00e9s de paiement<\/td>\n<td width=\"481\">T\/T, Western Union, PayPal, etc.<\/td>\n<\/tr>\n<tr>\n<td width=\"200\"><\/td>\n<td width=\"481\">Pr\u00e9paiement 30%, solde 70% pay\u00e9 avant l&#039;exp\u00e9dition<\/td>\n<\/tr>\n<tr>\n<td width=\"200\">Pays d&#039;origine<\/td>\n<td width=\"481\">Ville de Wenzhou, Chine<\/td>\n<\/tr>\n<tr>\n<td width=\"200\">Capacit\u00e9 de production<\/td>\n<td width=\"481\">6000 tonnes\/an<\/td>\n<\/tr>\n<tr>\n<td width=\"200\">MOQ<\/td>\n<td width=\"481\">1 pi\u00e8ces\/taille<\/td>\n<\/tr>\n<\/tbody>\n<\/table>","protected":false},"excerpt":{"rendered":"<p>Mod\u00e8le : Z41H-150LB-3\u2033<\/p>\n<h2>Vanne \u00e0 bride en acier inoxydable<\/h2>\n<p>Notre vanne \u00e0 bride en acier inoxydable convient pour s&#039;adapter entre les brides PN16 ou ANSI 150 (sous r\u00e9serve de configuration) et est con\u00e7ue pour l&#039;isolation dans les applications de liquides chimiques, corrosifs et semi-agressifs. Un robinet-vanne manuel \u00e0 bride, actionn\u00e9 par volant, avec robinet-vanne en acier inoxydable \u00e0 tige montante. Bride ANSI 150 (ANSI B16.5) Corps CF8M, capot CF8M, si\u00e8ge CF8M int\u00e9gr\u00e9. Con\u00e7u selon API 603 Face \u00e0 face, conforme \u00e0 la norme ASME B16.5. Test\u00e9 selon API 598 M\u00e9dias\u00a0: Air, eau, gaz, huile et certains acides<\/p>\n<p>Vanne \u00e0 bride en acier inoxydable, corps CF8 et garniture 304, 150 LB, 3 pouces<br \/>\nConvient pour les brides ANSI 150<br \/>\nCon\u00e7u pour l&#039;isolation dans les applications de liquides chimiques, corrosifs et semi-agressifs<br \/>\nCorps, chapeau et cale CF8 en acier inoxydable<br \/>\nGarniture de presse-\u00e9toupe en PTFE\/Graphite<br \/>\nConnexion d&#039;extr\u00e9mit\u00e9\u00a0: ANSI 150,<br \/>\nTailles : 1\/2\u2033 \u00e0 24\u2033<br \/>\nPlage de temp\u00e9rature : -20\u00b0C \u00e0 300\u00b0C.<br \/>\nPression nominale\u00a0: ANSI 150<\/p>\n<p>STV Valve Technology Group Co., Ltd est un leader professionnel Chine Vanne \u00e0 vanne \u00e0 bride en acier inoxydable 150#, Vanne \u00e0 vanne \u00e0 bride en acier inoxydable ANSI 150, Vanne \u00e0 vanne \u00e0 bride, Vanne \u00e0 vanne \u00e0 bride (API 603), Vanne \u00e0 vanne \u00e0 bride en acier inoxydable, Vanne \u00e0 vanne en acier inoxydable de Chine Fabricant de vannes de haute qualit\u00e9 et \u00e0 prix comp\u00e9titif.<\/p>\n<p>Veuillez contacter notre sales@stvvalve.com pour d&#039;autres mat\u00e9riaux et d\u00e9tails.<\/p>\n<p>Feuille de dates\u00a0:<br \/>\n<a href=\"https:\/\/www.stvvalves.com\/wp-content\/uploads\/2018\/11\/stainless-steel-flange-gate-valve-drawing.pdf\">Vanne \u00e0 bride en acier inoxydable<\/a><\/p>","protected":false},"featured_media":3819,"template":"","meta":[],"product_brand":[],"product_cat":[44,60],"product_tag":[270,271,162,224,272,163,268,273],"class_list":{"0":"post-3818","1":"product","2":"type-product","3":"status-publish","4":"has-post-thumbnail","6":"product_cat-gate-valve","7":"product_cat-stainless-steel-gate-valve","8":"product_tag-150-flanged-stainless-steel-gate-valve","9":"product_tag-ansi-150-flanged-stainless-steel-gate-valve","10":"product_tag-cf8","11":"product_tag-flange-gate-valve","12":"product_tag-flanged-gate-valves-api-603","13":"product_tag-gate-valve","14":"product_tag-stainless-steel-flange-gate-valve","15":"product_tag-stainless-steel-gate-valves","17":"first","18":"outofstock","19":"shipping-taxable","20":"product-type-variable"},"_links":{"self":[{"href":"https:\/\/www.stvvalves.com\/fr\/wp-json\/wp\/v2\/product\/3818","targetHints":{"allow":["GET"]}}],"collection":[{"href":"https:\/\/www.stvvalves.com\/fr\/wp-json\/wp\/v2\/product"}],"about":[{"href":"https:\/\/www.stvvalves.com\/fr\/wp-json\/wp\/v2\/types\/product"}],"wp:featuredmedia":[{"embeddable":true,"href":"https:\/\/www.stvvalves.com\/fr\/wp-json\/wp\/v2\/media\/3819"}],"wp:attachment":[{"href":"https:\/\/www.stvvalves.com\/fr\/wp-json\/wp\/v2\/media?parent=3818"}],"wp:term":[{"taxonomy":"product_brand","embeddable":true,"href":"https:\/\/www.stvvalves.com\/fr\/wp-json\/wp\/v2\/product_brand?post=3818"},{"taxonomy":"product_cat","embeddable":true,"href":"https:\/\/www.stvvalves.com\/fr\/wp-json\/wp\/v2\/product_cat?post=3818"},{"taxonomy":"product_tag","embeddable":true,"href":"https:\/\/www.stvvalves.com\/fr\/wp-json\/wp\/v2\/product_tag?post=3818"}],"curies":[{"name":"wp","href":"https:\/\/api.w.org\/{rel}","templated":true}]}}