{"id":3843,"date":"2018-11-23T06:05:24","date_gmt":"2018-11-23T06:05:24","guid":{"rendered":"https:\/\/www.stvvalves.com\/?post_type=product&#038;p=3843"},"modified":"2025-02-19T19:51:52","modified_gmt":"2025-02-19T11:51:52","slug":"3-way-ball-valve-t-port-cf8m-body-npt-end","status":"publish","type":"product","link":"https:\/\/www.stvvalves.com\/fr\/products\/3-way-ball-valve-t-port-cf8m-body-npt-end\/","title":{"rendered":"Vanne \u00e0 bille 3 voies, port T, corps CF8M, extr\u00e9mit\u00e9 NPT"},"content":{"rendered":"<p>Le robinet \u00e0 tournant sph\u00e9rique \u00e0 3 voies offre un fonctionnement s\u00fbr pour les applications chimiques g\u00e9n\u00e9rales et industrielles. Un robinet \u00e0 tournant sph\u00e9rique r\u00e9duit \u00e0 3 voies avec corps en acier inoxydable, si\u00e8ge en PTFE et dessus de montage ISO pour l&#039;actionnement.<\/p>\n<p>Comprend une tige anti-\u00e9ruption et un joint de tige auto-ajustable.<\/p>\n<p>Principales caract\u00e9ristiques:<br \/>\nTailles disponibles : 1\/4\u2033 \u00e0 4\u2033.<br \/>\nPlage de temp\u00e9rature : -20 \u00b0C \u00e0 260 \u00b0C.<br \/>\nRaccordement d&#039;extr\u00e9mit\u00e9 : Viss\u00e9 BSP ou NPT<br \/>\nTrois voies, port L ou T, r\u00e9duit.<br \/>\nSi\u00e8ge en PTFE et dessus de montage ISO<br \/>\nPoign\u00e9e isol\u00e9e, poign\u00e9e \u00e0 levier verrouillable.<br \/>\nMouvement : rotation \u00e0 90\u00b0.<br \/>\nMoulage d&#039;investissement \u00e0 faible couple. Tailles et connexions suppl\u00e9mentaires disponibles sur demande.<\/p>\n<table>\n<tbody>\n<tr>\n<td width=\"200\"><strong>Nom du produit<\/strong><\/td>\n<td width=\"481\">Vanne \u00e0 bille 3 voies, port T, corps CF8M, extr\u00e9mit\u00e9 NPT<\/td>\n<\/tr>\n<tr>\n<td width=\"200\">1. Mat\u00e9riel<\/td>\n<td width=\"481\">316<\/td>\n<\/tr>\n<tr>\n<td width=\"200\">2. Taille<\/td>\n<td width=\"481\">1&quot;<\/td>\n<\/tr>\n<tr>\n<td width=\"200\">4. Port<\/td>\n<td width=\"481\">Port r\u00e9ducteur<\/td>\n<\/tr>\n<tr>\n<td width=\"200\">5. Pression de travail<\/td>\n<td width=\"481\">1000WOG<\/td>\n<\/tr>\n<tr>\n<td width=\"200\">6. Fin de la connexion<\/td>\n<td width=\"481\">TNP<\/td>\n<\/tr>\n<tr>\n<td width=\"200\">7. Temp\u00e9rature de travail.<\/td>\n<td width=\"481\">-29~180\u00baC,<\/td>\n<\/tr>\n<tr>\n<td width=\"200\">8. Support appropri\u00e9<\/td>\n<td width=\"481\">Eau, gaz naturel, p\u00e9trole et certains liquides corrosifs<\/td>\n<\/tr>\n<tr>\n<td width=\"200\">9. Exploit\u00e9<\/td>\n<td width=\"481\">Volant<\/td>\n<\/tr>\n<tr>\n<td width=\"200\">10. Inspection et tests<\/td>\n<td width=\"481\">Selon API598<\/td>\n<\/tr>\n<tr>\n<td width=\"200\"><strong>Exp\u00e9dition<\/strong><\/td>\n<td width=\"481\"><\/td>\n<\/tr>\n<tr>\n<td width=\"200\">D\u00e9lai de livraison<\/td>\n<td width=\"481\">30 jours<\/td>\n<\/tr>\n<tr>\n<td width=\"200\">Emballer<\/td>\n<td width=\"481\">Caisse en contreplaqu\u00e9 d&#039;exportation standard<\/td>\n<\/tr>\n<tr>\n<td width=\"200\">Port d&#039;exp\u00e9dition<\/td>\n<td width=\"481\">Ningbo\/Shanghai, Chine<\/td>\n<\/tr>\n<tr>\n<td width=\"200\">Conditions d&#039;exp\u00e9dition<\/td>\n<td width=\"481\">Exw, FOB, CFR, CIF, etc.<\/td>\n<\/tr>\n<tr>\n<td width=\"200\">Modalit\u00e9s de paiement<\/td>\n<td width=\"481\">T\/T, Western Union, PayPal, etc.<\/td>\n<\/tr>\n<tr>\n<td width=\"200\"><\/td>\n<td width=\"481\">Pr\u00e9paiement 30%, solde 70% pay\u00e9 avant l&#039;exp\u00e9dition<\/td>\n<\/tr>\n<tr>\n<td width=\"200\">Pays d&#039;origine<\/td>\n<td width=\"481\">Ville de Wenzhou, Chine<\/td>\n<\/tr>\n<tr>\n<td width=\"200\">Capacit\u00e9 de production<\/td>\n<td width=\"481\">6000 tonnes\/an<\/td>\n<\/tr>\n<tr>\n<td width=\"200\">MOQ<\/td>\n<td width=\"481\">1 pi\u00e8ces\/taille<\/td>\n<\/tr>\n<\/tbody>\n<\/table>","protected":false},"excerpt":{"rendered":"<p>Le robinet \u00e0 tournant sph\u00e9rique \u00e0 3 voies offre un fonctionnement s\u00fbr pour les applications chimiques g\u00e9n\u00e9rales et industrielles. Un robinet \u00e0 tournant sph\u00e9rique r\u00e9duit \u00e0 3 voies avec corps en acier inoxydable, si\u00e8ge en PTFE et dessus de montage ISO pour l&#039;actionnement.<\/p>\n<p>Comprend une tige anti-\u00e9ruption et un joint de tige auto-ajustable.<\/p>\n<p>&nbsp;<\/p>\n<p>STV Valve Technology Group Co., Ltd est un leader professionnel en Chine Robinet \u00e0 tournant sph\u00e9rique 1000 WOG, robinet \u00e0 tournant sph\u00e9rique \u00e0 3 voies, robinet \u00e0 tournant sph\u00e9rique CF8M, robinet \u00e0 tournant sph\u00e9rique \u00e0 port T, robinet \u00e0 tournant sph\u00e9rique en acier inoxydable, robinet \u00e0 tournant sph\u00e9rique flottant, robinet \u00e0 tournant sph\u00e9rique de 2 pouces, robinet \u00e0 tournant sph\u00e9rique de 1 pouce , Vanne \u00e0 bille de 3 pouces, vanne \u00e0 bille de 4 pouces, vanne \u00e0 bille d&#039;eau, vanne \u00e0 bille de gaz, vanne \u00e0 bille filet\u00e9e, vanne \u00e0 bille verrouillable Fabricant de haute qualit\u00e9 et prix comp\u00e9titif.<\/p>\n<p>Veuillez contacter notre sales@stvvalve.com pour d&#039;autres mat\u00e9riaux et d\u00e9tails.<\/p>\n<p>Feuille de date\u00a0:\u00a0vanne \u00e0 bille 3 voies, port en T, corps CF8M, extr\u00e9mit\u00e9 NPT<\/p>","protected":false},"featured_media":3844,"template":"","meta":[],"product_brand":[],"product_cat":[43,79],"product_tag":[166,173,158,1003,171,168,174,125,170,157,686,172,159,169],"class_list":{"0":"post-3843","1":"product","2":"type-product","3":"status-publish","4":"has-post-thumbnail","6":"product_cat-ball-valve","7":"product_cat-threaded-ball-valve","8":"product_tag-1-inch-ball-valve","9":"product_tag-1000-wog-ball-valve","10":"product_tag-2-inch-ball-valve","11":"product_tag-3-inch-ball-valve","12":"product_tag-3-way-ball-valve","13":"product_tag-4-inch-ball-valve","14":"product_tag-cf8m-ball-valve","15":"product_tag-floating-ball-valve","16":"product_tag-gas-ball-valve","17":"product_tag-lockable-ball-valve","18":"product_tag-stainless-steel-ball-valve","19":"product_tag-t-port-ball-valve","20":"product_tag-threaded-ball-valve","21":"product_tag-water-ball-valve","23":"first","24":"instock","25":"shipping-taxable","26":"product-type-simple"},"_links":{"self":[{"href":"https:\/\/www.stvvalves.com\/fr\/wp-json\/wp\/v2\/product\/3843","targetHints":{"allow":["GET"]}}],"collection":[{"href":"https:\/\/www.stvvalves.com\/fr\/wp-json\/wp\/v2\/product"}],"about":[{"href":"https:\/\/www.stvvalves.com\/fr\/wp-json\/wp\/v2\/types\/product"}],"wp:featuredmedia":[{"embeddable":true,"href":"https:\/\/www.stvvalves.com\/fr\/wp-json\/wp\/v2\/media\/3844"}],"wp:attachment":[{"href":"https:\/\/www.stvvalves.com\/fr\/wp-json\/wp\/v2\/media?parent=3843"}],"wp:term":[{"taxonomy":"product_brand","embeddable":true,"href":"https:\/\/www.stvvalves.com\/fr\/wp-json\/wp\/v2\/product_brand?post=3843"},{"taxonomy":"product_cat","embeddable":true,"href":"https:\/\/www.stvvalves.com\/fr\/wp-json\/wp\/v2\/product_cat?post=3843"},{"taxonomy":"product_tag","embeddable":true,"href":"https:\/\/www.stvvalves.com\/fr\/wp-json\/wp\/v2\/product_tag?post=3843"}],"curies":[{"name":"wp","href":"https:\/\/api.w.org\/{rel}","templated":true}]}}