{"id":3850,"date":"2018-11-23T06:31:47","date_gmt":"2018-11-23T06:31:47","guid":{"rendered":"https:\/\/www.stvvalves.com\/?post_type=product&#038;p=3850"},"modified":"2025-02-19T19:50:47","modified_gmt":"2025-02-19T11:50:47","slug":"1pc-ball-valve-reducer-port-cf8-body-lever-operated","status":"publish","type":"product","link":"https:\/\/www.stvvalves.com\/fr\/products\/1pc-ball-valve-reducer-port-cf8-body-lever-operated\/","title":{"rendered":"1 robinet \u00e0 tournant sph\u00e9rique, port r\u00e9ducteur, corps CF8, actionn\u00e9 par levier"},"content":{"rendered":"<p>Principales caract\u00e9ristiques:<br \/>\nConnexions d&#039;extr\u00e9mit\u00e9 viss\u00e9es BSP ou NPT<br \/>\nCF8M Acier inoxydable<br \/>\nSi\u00e8ge en PTFE<br \/>\nTailles : 1\/4\u2033 \u00e0 4\u2033<br \/>\nPlage de temp\u00e9rature : -20 \u00b0C \u00e0 +180 \u00b0C<br \/>\nPression de fonctionnement\u00a0:\u00a01000 WOG<br \/>\nMouvement : rotation \u00e0 90\u00b0<\/p>\n<table>\n<tbody>\n<tr>\n<td width=\"200\"><strong>Nom du produit<\/strong><\/td>\n<td width=\"481\">1 robinet \u00e0 tournant sph\u00e9rique, port r\u00e9ducteur, corps CF8, actionn\u00e9 par levier<\/td>\n<\/tr>\n<tr>\n<td width=\"200\">1. Mat\u00e9riel<\/td>\n<td width=\"481\">CF8<\/td>\n<\/tr>\n<tr>\n<td width=\"200\">2. Taille<\/td>\n<td width=\"481\">2&quot;<\/td>\n<\/tr>\n<tr>\n<td width=\"200\">4. Port<\/td>\n<td width=\"481\">Port complet<\/td>\n<\/tr>\n<tr>\n<td width=\"200\">5. Pression de travail<\/td>\n<td width=\"481\">1000WOG<\/td>\n<\/tr>\n<tr>\n<td width=\"200\">6. Fin de la connexion<\/td>\n<td width=\"481\">TNP<\/td>\n<\/tr>\n<tr>\n<td width=\"200\">7. Temp\u00e9rature de travail.<\/td>\n<td width=\"481\">-29~120\u00baC,<\/td>\n<\/tr>\n<tr>\n<td width=\"200\">8. Support appropri\u00e9<\/td>\n<td width=\"481\">Eau, gaz naturel, p\u00e9trole et certains liquides corrosifs<\/td>\n<\/tr>\n<tr>\n<td width=\"200\">9. Exploit\u00e9<\/td>\n<td width=\"481\">Volant<\/td>\n<\/tr>\n<tr>\n<td width=\"200\">10. Inspection et tests<\/td>\n<td width=\"481\">Selon API598<\/td>\n<\/tr>\n<tr>\n<td width=\"200\"><strong>Exp\u00e9dition<\/strong><\/td>\n<td width=\"481\"><\/td>\n<\/tr>\n<tr>\n<td width=\"200\">D\u00e9lai de livraison<\/td>\n<td width=\"481\">30 jours<\/td>\n<\/tr>\n<tr>\n<td width=\"200\">Emballer<\/td>\n<td width=\"481\">Caisse en contreplaqu\u00e9 d&#039;exportation standard<\/td>\n<\/tr>\n<tr>\n<td width=\"200\">Port d&#039;exp\u00e9dition<\/td>\n<td width=\"481\">Ningbo\/Shanghai, Chine<\/td>\n<\/tr>\n<tr>\n<td width=\"200\">Conditions d&#039;exp\u00e9dition<\/td>\n<td width=\"481\">Exw, FOB, CFR, CIF, etc.<\/td>\n<\/tr>\n<tr>\n<td width=\"200\">Modalit\u00e9s de paiement<\/td>\n<td width=\"481\">T\/T, Western Union, PayPal, etc.<\/td>\n<\/tr>\n<tr>\n<td width=\"200\"><\/td>\n<td width=\"481\">Pr\u00e9paiement 30%, solde 70% pay\u00e9 avant l&#039;exp\u00e9dition<\/td>\n<\/tr>\n<tr>\n<td width=\"200\">Pays d&#039;origine<\/td>\n<td width=\"481\">Ville de Wenzhou, Chine<\/td>\n<\/tr>\n<tr>\n<td width=\"200\">Capacit\u00e9 de production<\/td>\n<td width=\"481\">6000 tonnes\/an<\/td>\n<\/tr>\n<tr>\n<td width=\"200\">MOQ<\/td>\n<td width=\"481\">1 pi\u00e8ces\/taille<\/td>\n<\/tr>\n<\/tbody>\n<\/table>","protected":false},"excerpt":{"rendered":"<p>Mod\u00e8le : Q11F-1-1000WOG-2\u2033<\/p>\n<p>1 robinet \u00e0 tournant sph\u00e9rique, port de r\u00e9duction, corps CF8, actionn\u00e9 par levier est un robinet \u00e0 tournant sph\u00e9rique femelle\/femelle monobloc non maintenable, \u00e0 al\u00e9sage r\u00e9duit ; offrant un fonctionnement s\u00fbr pour les applications chimiques g\u00e9n\u00e9rales et industrielles.<\/p>\n<p>Un robinet \u00e0 tournant sph\u00e9rique \u00e9conomique, compact et fiable avec corps en acier inoxydable CF8M et si\u00e8ge en PTFE.<\/p>\n<p>Utilis\u00e9 pour \u00ab\u00a0arr\u00eater\u00a0\u00bb les flux de fluides sur une large gamme de t\u00e2ches liquides et gazeuses, y compris la vidange et la purge, l&#039;isolation des jauges et les points de test.<\/p>\n<p>Comprend une tige anti-\u00e9ruption, une poign\u00e9e isol\u00e9e et une poign\u00e9e \u00e0 levier verrouillable.<\/p>\n<p>STV Valve Technology Group Co., Ltd est un leader professionnel en Chine Robinet \u00e0 tournant sph\u00e9rique 1 pi\u00e8ce, robinet \u00e0 tournant sph\u00e9rique CF8M, robinet \u00e0 tournant sph\u00e9rique \u00e0 port r\u00e9ducteur, robinet \u00e0 tournant sph\u00e9rique de coul\u00e9e, robinet \u00e0 tournant sph\u00e9rique d&#039;extr\u00e9mit\u00e9 NPT, robinet \u00e0 tournant sph\u00e9rique de 2 pouces, robinet \u00e0 tournant sph\u00e9rique de 3 pouces, robinet \u00e0 tournant sph\u00e9rique de 4 pouces , robinet \u00e0 tournant sph\u00e9rique d&#039;eau, robinet \u00e0 tournant sph\u00e9rique de gaz, robinet \u00e0 tournant sph\u00e9rique filet\u00e9, robinet \u00e0 tournant sph\u00e9rique verrouillable, robinet \u00e0 tournant sph\u00e9rique \u00e0 levier, petit robinet \u00e0 tournant sph\u00e9rique, mini robinet \u00e0 tournant sph\u00e9rique Fabricant de haute qualit\u00e9 et prix comp\u00e9titif.<\/p>\n<p>Veuillez contacter notre sales@stvvalve.com pour d&#039;autres mat\u00e9riaux et d\u00e9tails. Feuille de date\u00a0:<br \/>\n<a href=\"https:\/\/www.stvvalves.com\/wp-content\/uploads\/2018\/11\/1PC-Ball-Valve-Reducer-Port-CF8-Body-Lever-Operated-Drawing.pdf\">1 robinet \u00e0 tournant sph\u00e9rique<\/a><\/p>","protected":false},"featured_media":3852,"template":"","meta":[],"product_brand":[],"product_cat":[43,79],"product_tag":[176,158,1003,168,1001,174,170,996,157,202,1002,175,161,159,169],"class_list":{"0":"post-3850","1":"product","2":"type-product","3":"status-publish","4":"has-post-thumbnail","6":"product_cat-ball-valve","7":"product_cat-threaded-ball-valve","8":"product_tag-1pc-ball-valve","9":"product_tag-2-inch-ball-valve","10":"product_tag-3-inch-ball-valve","11":"product_tag-4-inch-ball-valve","12":"product_tag-casting-ball-vave","13":"product_tag-cf8m-ball-valve","14":"product_tag-gas-ball-valve","15":"product_tag-lever-ball-valve","16":"product_tag-lockable-ball-valve","17":"product_tag-mini-ball-valve","18":"product_tag-npt-end-ball-ball-valve","19":"product_tag-reducer-port-ball-valve","20":"product_tag-small-ball-valve","21":"product_tag-threaded-ball-valve","22":"product_tag-water-ball-valve","24":"first","25":"instock","26":"shipping-taxable","27":"product-type-simple"},"_links":{"self":[{"href":"https:\/\/www.stvvalves.com\/fr\/wp-json\/wp\/v2\/product\/3850","targetHints":{"allow":["GET"]}}],"collection":[{"href":"https:\/\/www.stvvalves.com\/fr\/wp-json\/wp\/v2\/product"}],"about":[{"href":"https:\/\/www.stvvalves.com\/fr\/wp-json\/wp\/v2\/types\/product"}],"wp:featuredmedia":[{"embeddable":true,"href":"https:\/\/www.stvvalves.com\/fr\/wp-json\/wp\/v2\/media\/3852"}],"wp:attachment":[{"href":"https:\/\/www.stvvalves.com\/fr\/wp-json\/wp\/v2\/media?parent=3850"}],"wp:term":[{"taxonomy":"product_brand","embeddable":true,"href":"https:\/\/www.stvvalves.com\/fr\/wp-json\/wp\/v2\/product_brand?post=3850"},{"taxonomy":"product_cat","embeddable":true,"href":"https:\/\/www.stvvalves.com\/fr\/wp-json\/wp\/v2\/product_cat?post=3850"},{"taxonomy":"product_tag","embeddable":true,"href":"https:\/\/www.stvvalves.com\/fr\/wp-json\/wp\/v2\/product_tag?post=3850"}],"curies":[{"name":"wp","href":"https:\/\/api.w.org\/{rel}","templated":true}]}}