{"id":3857,"date":"2018-11-23T07:01:23","date_gmt":"2018-11-23T07:01:23","guid":{"rendered":"https:\/\/www.stvvalves.com\/?post_type=product&#038;p=3857"},"modified":"2025-02-17T18:17:57","modified_gmt":"2025-02-17T10:17:57","slug":"din-flange-ball-valve-pn16-cf8m-with-iso5211-direct-mounting-pad","status":"publish","type":"product","link":"https:\/\/www.stvvalves.com\/fr\/products\/din-flange-ball-valve-pn16-cf8m-with-iso5211-direct-mounting-pad\/","title":{"rendered":"Robinet \u00e0 bille \u00e0 bride DIN, PN16, CF8M, avec support de montage direct ISO5211"},"content":{"rendered":"<p>1. Conformit\u00e9 aux normes\u00a0: API6D, API 608 ANSI B16.34 BS5351<br \/>\n2. Face \u00e0 face\u00a0: ANSI B16.10<br \/>\n3. Dimensions des brides RF, RTJ\u00a0: ANSI B16.5 pour 24\u2033<br \/>\n4. Extr\u00e9mit\u00e9 soud\u00e9e bout \u00e0 bout\u00a0: ANSI B16.25<br \/>\n5. Pression nominale\u00a0: ANSI B16.34<br \/>\n6. Mat\u00e9riaux\u00a0: CF8M (SS316), CF8 (SS304) CF3M (SS316L), CF3 (SS304L), WCB, DIN 1.4408\/1.4308\/1.0619<br \/>\n7. Temp\u00e9rature appropri\u00e9e. : -196\u00baC~550\u00baC<br \/>\n8. Milieu appropri\u00e9\u00a0: eau, gaz naturel, p\u00e9trole, etc.<\/p>\n<p>2. Caract\u00e9ristiques du robinet \u00e0 tournant sph\u00e9rique \u00e0 d\u00e9bit r\u00e9duit \u00e0 bride en acier inoxydable API DIN JIS GB\u00a0:<\/p>\n<p>1. Corps de moulage de pr\u00e9cision (2\u2033~48\u2033)<br \/>\n2. Boule mont\u00e9e sur tourillon con\u00e7ue<br \/>\n3. Tige anti-\u00e9ruption<br \/>\n4. Si\u00e8ge m\u00e9tal sur m\u00e9tal (option)<br \/>\n5. Dispositif antistatique<br \/>\n6. Conception de s\u00e9curit\u00e9 incendie (option)<br \/>\n7. Test et inspection\u00a0: API 598 EN12266<\/p>\n<p>3.Op\u00e9rateur de robinet \u00e0 tournant sph\u00e9rique \u00e0 d\u00e9bit r\u00e9duit \u00e0 bride en acier inoxydable API DIN JIS GB\u00a0:<\/p>\n<p>1. Levier<br \/>\n2. Actionneur \u00e0 vis sans fin<br \/>\n3. Actionneur \u00e9lectrique et pneumatique<\/p>\n<table>\n<tbody>\n<tr>\n<td width=\"200\"><strong>Nom du produit<\/strong><\/td>\n<td width=\"481\">Robinet \u00e0 bille \u00e0 bride DIN, PN16, CF8M, avec support de montage direct ISO5211<\/td>\n<\/tr>\n<tr>\n<td width=\"200\">1. Mat\u00e9riel<\/td>\n<td width=\"481\">316<\/td>\n<\/tr>\n<tr>\n<td width=\"200\">2. Taille<\/td>\n<td width=\"481\">3&quot;<\/td>\n<\/tr>\n<tr>\n<td width=\"200\">4. Port<\/td>\n<td width=\"481\">Port complet<\/td>\n<\/tr>\n<tr>\n<td width=\"200\">5. Pression de travail<\/td>\n<td width=\"481\">PN16<\/td>\n<\/tr>\n<tr>\n<td width=\"200\">6. Fin de la connexion<\/td>\n<td width=\"481\">RF<\/td>\n<\/tr>\n<tr>\n<td width=\"200\">7. Temp\u00e9rature de travail.<\/td>\n<td width=\"481\">-29~180\u00baC,<\/td>\n<\/tr>\n<tr>\n<td width=\"200\">8. Support appropri\u00e9<\/td>\n<td width=\"481\">Eau, gaz naturel, p\u00e9trole et certains liquides corrosifs<\/td>\n<\/tr>\n<tr>\n<td width=\"200\">9. Exploit\u00e9<\/td>\n<td width=\"481\">Volant<\/td>\n<\/tr>\n<tr>\n<td width=\"200\">10. Inspection et tests<\/td>\n<td width=\"481\">Selon API598<\/td>\n<\/tr>\n<tr>\n<td width=\"200\"><strong>Exp\u00e9dition<\/strong><\/td>\n<td width=\"481\"><\/td>\n<\/tr>\n<tr>\n<td width=\"200\">D\u00e9lai de livraison<\/td>\n<td width=\"481\">30 jours<\/td>\n<\/tr>\n<tr>\n<td width=\"200\">Emballer<\/td>\n<td width=\"481\">Caisse en contreplaqu\u00e9 d&#039;exportation standard<\/td>\n<\/tr>\n<tr>\n<td width=\"200\">Port d&#039;exp\u00e9dition<\/td>\n<td width=\"481\">Ningbo\/Shanghai, Chine<\/td>\n<\/tr>\n<tr>\n<td width=\"200\">Conditions d&#039;exp\u00e9dition<\/td>\n<td width=\"481\">Exw, FOB, CFR, CIF, etc.<\/td>\n<\/tr>\n<tr>\n<td width=\"200\">Modalit\u00e9s de paiement<\/td>\n<td width=\"481\">T\/T, Western Union, PayPal, etc.<\/td>\n<\/tr>\n<tr>\n<td width=\"200\"><\/td>\n<td width=\"481\">Pr\u00e9paiement 30%, solde 70% pay\u00e9 avant l&#039;exp\u00e9dition<\/td>\n<\/tr>\n<tr>\n<td width=\"200\">Pays d&#039;origine<\/td>\n<td width=\"481\">Ville de Wenzhou, Chine<\/td>\n<\/tr>\n<tr>\n<td width=\"200\">Capacit\u00e9 de production<\/td>\n<td width=\"481\">6000 tonnes\/an<\/td>\n<\/tr>\n<tr>\n<td width=\"200\">MOQ<\/td>\n<td width=\"481\">1 pi\u00e8ces\/taille<\/td>\n<\/tr>\n<\/tbody>\n<\/table>","protected":false},"excerpt":{"rendered":"<p>Mod\u00e8le : Q41F-PN16-1\/2\u2033<\/p>\n<p>Le robinet \u00e0 tournant sph\u00e9rique \u00e0 bride DIN \u00e0 montage direct offre un fonctionnement s\u00fbr pour les applications chimiques g\u00e9n\u00e9rales et industrielles et les environnements dangereux. Une vanne haute performance \u00e0 passage int\u00e9gral avec corps en acier inoxydable, si\u00e8ge en PTFE renforc\u00e9, joint en graphite et dessus de montage ISO pour l&#039;actionnement.<\/p>\n<p>B\u00e9n\u00e9ficiant d&#039;un corps divis\u00e9, d&#039;une conception en deux pi\u00e8ces, certifi\u00e9 Fire Safe selon API607 4e \u00e9dition avec une \u00ab tige \u00e0 boule \u00bb \u00e0 ressort antistatique et une \u00ab tige \u00e0 corps \u00bb install\u00e9es en standard.<\/p>\n<p>Principales caract\u00e9ristiques:<br \/>\nDisponible en PN16, tailles : 1\/2\u2033 \u00e0 8\u2033.<br \/>\nPlage de temp\u00e9rature : -20 \u00b0C \u00e0 180 \u00b0C.<br \/>\nPression de fonctionnement\u00a0: PN16 nominale.<br \/>\nPoign\u00e9e isol\u00e9e, poign\u00e9e \u00e0 levier verrouillable.<br \/>\nMouvement : rotation \u00e0 90\u00b0.<\/p>\n<p>STV Valve Technology Group Co., Ltd est un leader professionnel en Chine. Robinet \u00e0 boisseau sph\u00e9rique \u00e0 levier, robinet \u00e0 boisseau sph\u00e9rique verrouillable, robinet \u00e0 boisseau sph\u00e9rique \u00e0 passage complet, robinet \u00e0 boisseau sph\u00e9rique \u00e0 passage int\u00e9gral \u00e0 bride, robinet \u00e0 boisseau sph\u00e9rique \u00e0 bride DN 65, robinet \u00e0 boisseau sph\u00e9rique \u00e0 bride DIN \u00e0 joint souple, Chine PN16-PN40 Fabricant de robinets \u00e0 tournant sph\u00e9rique de haute qualit\u00e9 et \u00e0 prix comp\u00e9titif.<\/p>\n<p>Veuillez contacter notre sales@stvvalve.com pour d&#039;autres mat\u00e9riaux et d\u00e9tails.<\/p>\n<p>Feuille de dates\u00a0:<a href=\"https:\/\/www.stvvalves.com\/wp-content\/uploads\/2018\/12\/pn16-flange-ball-valve-with-direct-mount-drawing.pdf\">Robinet \u00e0 bille \u00e0 bride DIN, PN16, CF8M, avec support de montage direct ISO5211<\/a><\/p>","protected":false},"featured_media":3858,"template":"","meta":[],"product_brand":[],"product_cat":[43,80,53],"product_tag":[178,993,994,177,995,156,996,157,992],"class_list":{"0":"post-3857","1":"product","2":"type-product","3":"status-publish","4":"has-post-thumbnail","6":"product_cat-ball-valve","7":"product_cat-flange-ball-valve","8":"product_cat-stainless-steel-ball-valve","9":"product_tag-din-ball-valve","10":"product_tag-din-flange-soft-seal-ball-valve","11":"product_tag-flange-type-ball-valve-dn-65","12":"product_tag-flanged-ball-valve","13":"product_tag-flanged-full-bore-ball-valve","14":"product_tag-full-port-ball-valve","15":"product_tag-lever-ball-valve","16":"product_tag-lockable-ball-valve","17":"product_tag-pn16-pn40-ball-valve","19":"first","20":"instock","21":"shipping-taxable","22":"product-type-simple"},"_links":{"self":[{"href":"https:\/\/www.stvvalves.com\/fr\/wp-json\/wp\/v2\/product\/3857","targetHints":{"allow":["GET"]}}],"collection":[{"href":"https:\/\/www.stvvalves.com\/fr\/wp-json\/wp\/v2\/product"}],"about":[{"href":"https:\/\/www.stvvalves.com\/fr\/wp-json\/wp\/v2\/types\/product"}],"wp:featuredmedia":[{"embeddable":true,"href":"https:\/\/www.stvvalves.com\/fr\/wp-json\/wp\/v2\/media\/3858"}],"wp:attachment":[{"href":"https:\/\/www.stvvalves.com\/fr\/wp-json\/wp\/v2\/media?parent=3857"}],"wp:term":[{"taxonomy":"product_brand","embeddable":true,"href":"https:\/\/www.stvvalves.com\/fr\/wp-json\/wp\/v2\/product_brand?post=3857"},{"taxonomy":"product_cat","embeddable":true,"href":"https:\/\/www.stvvalves.com\/fr\/wp-json\/wp\/v2\/product_cat?post=3857"},{"taxonomy":"product_tag","embeddable":true,"href":"https:\/\/www.stvvalves.com\/fr\/wp-json\/wp\/v2\/product_tag?post=3857"}],"curies":[{"name":"wp","href":"https:\/\/api.w.org\/{rel}","templated":true}]}}