{"id":3864,"date":"2018-11-24T07:12:54","date_gmt":"2018-11-24T07:12:54","guid":{"rendered":"https:\/\/www.stvvalves.com\/?post_type=product&#038;p=3864"},"modified":"2025-02-17T18:17:56","modified_gmt":"2025-02-17T10:17:56","slug":"screwed-stainless-steel-gate-valve-200psi-cf8m-body-npt-end","status":"publish","type":"product","link":"https:\/\/www.stvvalves.com\/fr\/products\/screwed-stainless-steel-gate-valve-200psi-cf8m-body-npt-end\/","title":{"rendered":"Vanne \u00e0 vanne viss\u00e9e en acier inoxydable, 200PSI, corps CF8M, extr\u00e9mit\u00e9 NPT"},"content":{"rendered":"<p>Mat\u00e9riel; Acier inoxydable 304\/316<\/p>\n<p>Extr\u00e9mit\u00e9 du filetage : BSP. BSPT, TNP, DIN2999<\/p>\n<p>Pression\u00a0: 200\u00a0WOG<\/p>\n<p>M\u00e9dias appropri\u00e9s\u00a0: Eau, p\u00e9trole, gaz<\/p>\n<p>Les sp\u00e9cifications peuvent \u00eatre con\u00e7ues et satisfaites pour les exigences particuli\u00e8res des clients<\/p>\n<p>Si vous \u00eates int\u00e9ress\u00e9, veuillez nous contacter librement.<\/p>\n<table>\n<tbody>\n<tr>\n<td width=\"200\"><strong><b>Nom du produit<\/b><\/strong><\/td>\n<td width=\"481\">Vanne \u00e0 vanne viss\u00e9e en acier inoxydable, 200PSI, corps CF8M, extr\u00e9mit\u00e9 NPT<\/td>\n<\/tr>\n<tr>\n<td width=\"200\">1. Mat\u00e9riel<\/td>\n<td width=\"481\">304<\/td>\n<\/tr>\n<tr>\n<td width=\"200\">2. Taille<\/td>\n<td width=\"481\">11\/4&quot;<\/td>\n<\/tr>\n<tr>\n<td width=\"200\">4. Port<\/td>\n<td width=\"481\">Port complet<\/td>\n<\/tr>\n<tr>\n<td width=\"200\">5. Pression de travail<\/td>\n<td width=\"481\">200wog<\/td>\n<\/tr>\n<tr>\n<td width=\"200\">6. Fin de la connexion<\/td>\n<td width=\"481\">TNP<\/td>\n<\/tr>\n<tr>\n<td width=\"200\">7. Temp\u00e9rature de travail.<\/td>\n<td width=\"481\">-29~120\u00baC,<\/td>\n<\/tr>\n<tr>\n<td width=\"200\">8. Support appropri\u00e9<\/td>\n<td width=\"481\">Eau, gaz naturel, p\u00e9trole et certains liquides corrosifs<\/td>\n<\/tr>\n<tr>\n<td width=\"200\">9. Exploit\u00e9<\/td>\n<td width=\"481\">Volant<\/td>\n<\/tr>\n<tr>\n<td width=\"200\">10. Inspection et tests<\/td>\n<td width=\"481\">SelonAPI 598<\/td>\n<\/tr>\n<tr>\n<td width=\"200\"><strong><b>Exp\u00e9dition<\/b><\/strong><\/td>\n<td width=\"481\"><\/td>\n<\/tr>\n<tr>\n<td width=\"200\">D\u00e9lai de livraison<\/td>\n<td width=\"481\">30 jours<\/td>\n<\/tr>\n<tr>\n<td width=\"200\">Emballer<\/td>\n<td width=\"481\">Caisse en contreplaqu\u00e9 d&#039;exportation standard<\/td>\n<\/tr>\n<tr>\n<td width=\"200\">Port d&#039;exp\u00e9dition<\/td>\n<td width=\"481\">Ningbo\/Shanghai, Chine<\/td>\n<\/tr>\n<tr>\n<td width=\"200\">Conditions d&#039;exp\u00e9dition<\/td>\n<td width=\"481\">Exw, FOB, CFR, CIF, etc.<\/td>\n<\/tr>\n<tr>\n<td width=\"200\">Modalit\u00e9s de paiement<\/td>\n<td width=\"481\">T\/T, Western Union, PayPal, etc.<\/td>\n<\/tr>\n<tr>\n<td width=\"200\"><\/td>\n<td width=\"481\">Pr\u00e9paiement 30%, solde 70% pay\u00e9 avant l&#039;exp\u00e9dition<\/td>\n<\/tr>\n<tr>\n<td width=\"200\">Pays d&#039;origine<\/td>\n<td width=\"481\">Ville de Wenzhou, Chine<\/td>\n<\/tr>\n<tr>\n<td width=\"200\">Capacit\u00e9 de production<\/td>\n<td width=\"481\">6000 tonnes\/an<\/td>\n<\/tr>\n<tr>\n<td width=\"200\">MOQ<\/td>\n<td width=\"481\">10 pi\u00e8ces\/taille<\/td>\n<\/tr>\n<\/tbody>\n<\/table>","protected":false},"excerpt":{"rendered":"<p>Mod\u00e8le\u00a0: KZ15W-200WOG-11\/4<\/p>\n<p>Vanne \u00e0 vanne viss\u00e9e en acier inoxydable, 200PSI, corps CF8M, extr\u00e9mit\u00e9 NPT<br \/>\nNotre vanne \u00e0 vanne viss\u00e9e en acier inoxydable convient aux applications industrielles g\u00e9n\u00e9rales, aux fluides et aux produits chimiques agressifs. Une vanne manuelle robuste \u00e9valu\u00e9e \u00e0 200 PSI avec corps en acier inoxydable et tige non montante, actionn\u00e9e par volant dans des connexions d&#039;extr\u00e9mit\u00e9 viss\u00e9es BSP et \u00e9valu\u00e9e \u00e0 200 PSI.<\/p>\n<p>Les robinets-vannes viss\u00e9s en acier inoxydable ne n\u00e9cessitent aucun entretien, sont \u00e9conomiques et comportent un corps, un chapeau et un volant peints en fonte ductile en acier inoxydable 316.<\/p>\n<p>Principales caract\u00e9ristiques:<br \/>\nDisponible en BSP viss\u00e9, NPT<br \/>\ntailles : 1\/2\u2033 \u00e0 4\u2033.<br \/>\nCorps en acier inoxydable avec joints PTFE.<br \/>\nPlage de temp\u00e9rature : -20\u00b0C \u00e0 180\u00b0C.<br \/>\nPression nominale : 200 PSI.<br \/>\nConception Volant Tige non montante<br \/>\nFabricant STV<br \/>\nSTV Valve Technology Group Co., Ltd est un leader professionnel en Chine des vannes \u00e0 vanne viss\u00e9es en acier inoxydable, des vannes \u00e0 vanne 200PSI, des vannes \u00e0 vanne CF8M, des vannes \u00e0 vanne d&#039;extr\u00e9mit\u00e9 NPT de haute qualit\u00e9 et \u00e0 des prix comp\u00e9titifs.<\/p>\n<p>Veuillez contacter notre sales@stvvalve.com pour d&#039;autres mat\u00e9riaux et d\u00e9tails.<br \/>\nFeuille de dates\u00a0:<\/p>\n<p><a href=\"https:\/\/www.stvvalves.com\/wp-content\/uploads\/2018\/11\/Screwed-Stainless-Steel-Gate-Valve-200PSI-CF8M-Body-NPT-End-drawing.pdf\">Vanne \u00e0 vanne viss\u00e9e en acier inoxydable<\/a><\/p>","protected":false},"featured_media":3865,"template":"","meta":[],"product_brand":[],"product_cat":[44,60],"product_tag":[163,179,180],"class_list":{"0":"post-3864","1":"product","2":"type-product","3":"status-publish","4":"has-post-thumbnail","6":"product_cat-gate-valve","7":"product_cat-stainless-steel-gate-valve","8":"product_tag-gate-valve","9":"product_tag-screwed-gate-valve","10":"product_tag-screwed-stainless-steel-gate-valve","12":"first","13":"instock","14":"shipping-taxable","15":"product-type-simple"},"_links":{"self":[{"href":"https:\/\/www.stvvalves.com\/fr\/wp-json\/wp\/v2\/product\/3864","targetHints":{"allow":["GET"]}}],"collection":[{"href":"https:\/\/www.stvvalves.com\/fr\/wp-json\/wp\/v2\/product"}],"about":[{"href":"https:\/\/www.stvvalves.com\/fr\/wp-json\/wp\/v2\/types\/product"}],"wp:featuredmedia":[{"embeddable":true,"href":"https:\/\/www.stvvalves.com\/fr\/wp-json\/wp\/v2\/media\/3865"}],"wp:attachment":[{"href":"https:\/\/www.stvvalves.com\/fr\/wp-json\/wp\/v2\/media?parent=3864"}],"wp:term":[{"taxonomy":"product_brand","embeddable":true,"href":"https:\/\/www.stvvalves.com\/fr\/wp-json\/wp\/v2\/product_brand?post=3864"},{"taxonomy":"product_cat","embeddable":true,"href":"https:\/\/www.stvvalves.com\/fr\/wp-json\/wp\/v2\/product_cat?post=3864"},{"taxonomy":"product_tag","embeddable":true,"href":"https:\/\/www.stvvalves.com\/fr\/wp-json\/wp\/v2\/product_tag?post=3864"}],"curies":[{"name":"wp","href":"https:\/\/api.w.org\/{rel}","templated":true}]}}