{"id":3871,"date":"2018-11-24T07:46:57","date_gmt":"2018-11-24T07:46:57","guid":{"rendered":"https:\/\/www.stvvalves.com\/?post_type=product&#038;p=3871"},"modified":"2025-02-17T18:17:55","modified_gmt":"2025-02-17T10:17:55","slug":"stainless-steel-screwed-spring-check-valve-dn40-npt-end","status":"publish","type":"product","link":"https:\/\/www.stvvalves.com\/fr\/products\/stainless-steel-screwed-spring-check-valve-dn40-npt-end\/","title":{"rendered":"Clapet anti-retour \u00e0 ressort viss\u00e9 en acier inoxydable, DN40, extr\u00e9mit\u00e9 NPT"},"content":{"rendered":"<p><img loading=\"lazy\" decoding=\"async\" class=\"alignnone wp-image-3879 size-full\" src=\"https:\/\/www.stvvalves.com\/wp-content\/uploads\/2018\/11\/Stainless-Steel-Screwed-Spring-Check-Valve-DN40-NPT-End-drawing.jpg\" alt=\"\" width=\"1653\" height=\"2339\" srcset=\"https:\/\/www.stvvalves.com\/wp-content\/uploads\/2018\/11\/Stainless-Steel-Screwed-Spring-Check-Valve-DN40-NPT-End-drawing.jpg 1653w, https:\/\/www.stvvalves.com\/wp-content\/uploads\/2018\/11\/Stainless-Steel-Screwed-Spring-Check-Valve-DN40-NPT-End-drawing-600x849.jpg 600w, https:\/\/www.stvvalves.com\/wp-content\/uploads\/2018\/11\/Stainless-Steel-Screwed-Spring-Check-Valve-DN40-NPT-End-drawing-212x300.jpg 212w, https:\/\/www.stvvalves.com\/wp-content\/uploads\/2018\/11\/Stainless-Steel-Screwed-Spring-Check-Valve-DN40-NPT-End-drawing-768x1087.jpg 768w, https:\/\/www.stvvalves.com\/wp-content\/uploads\/2018\/11\/Stainless-Steel-Screwed-Spring-Check-Valve-DN40-NPT-End-drawing-728x1030.jpg 728w, https:\/\/www.stvvalves.com\/wp-content\/uploads\/2018\/11\/Stainless-Steel-Screwed-Spring-Check-Valve-DN40-NPT-End-drawing-1060x1500.jpg 1060w, https:\/\/www.stvvalves.com\/wp-content\/uploads\/2018\/11\/Stainless-Steel-Screwed-Spring-Check-Valve-DN40-NPT-End-drawing-498x705.jpg 498w\" sizes=\"auto, (max-width: 1653px) 100vw, 1653px\" \/><\/p>","protected":false},"excerpt":{"rendered":"<p>Clapet anti-retour \u00e0 ressort viss\u00e9 en acier inoxydable, DN40, extr\u00e9mit\u00e9 NPT<br \/>\nNotre clapet anti-retour \u00e0 ressort viss\u00e9 en acier inoxydable offre d&#039;excellentes capacit\u00e9s d&#039;\u00e9tanch\u00e9it\u00e9 pour les hautes et basses pressions\u00a0; Les applications \u00e0 usage g\u00e9n\u00e9ral, industrielles et CVC comprennent les installations d&#039;eau, de chauffage, de climatisation et les syst\u00e8mes d&#039;air comprim\u00e9. Un clapet anti-retour fiable et robuste dot\u00e9 d&#039;un corps maintenable en 2 pi\u00e8ces, d&#039;un joint PTFE et d&#039;un si\u00e8ge Viton.<\/p>\n<p>Lorsqu&#039;elle est \u00e9quip\u00e9e d&#039;un panier en acier inoxydable, la vanne devient un clapet de pied enti\u00e8rement fonctionnel.<\/p>\n<p>Install\u00e9 soit verticalement (vers le haut uniquement), soit horizontalement.<\/p>\n<p>Principales caract\u00e9ristiques:<br \/>\nDisponible en version BSP viss\u00e9e, clapet anti-retour \u00e0 ressort ou clapet \u00e0 pied,<br \/>\ntailles : 1\/4\u2033 \u00e0 4\u2033<br \/>\nPlage de temp\u00e9rature : -20\u00b0C \u00e0 120\u00b0C.<br \/>\nPression nominale : jusqu&#039;\u00e0 20 bars.<br \/>\nMat\u00e9riau du corps\u00a0: 304\u00a0316<br \/>\nFabrication\u00a0:\u00a0STV<\/p>\n<p>STV Valve Technology Group Co., Ltd est un leader professionnel en Chine Clapet anti-retour 1000 PSI, clapet anti-retour d&#039;extr\u00e9mit\u00e9 NPT, clapet anti-retour \u00e0 ressort, clapet anti-retour vertical, clapet anti-retour en acier inoxydable, clapet anti-retour \u00e0 ressort, fabricant de clapet anti-retour \u00e0 levage de haute qualit\u00e9 et prix comp\u00e9titif.<\/p>\n<p>Feuille de dates\u00a0:<br \/>\n<a href=\"https:\/\/www.stvvalves.com\/wp-content\/uploads\/2018\/11\/VERTICAL-CHV-316-Model.pdf\">Clapet anti-retour \u00e0 ressort viss\u00e9 en acier inoxydable<\/a><\/p>","protected":false},"featured_media":3874,"template":"","meta":[],"product_brand":[],"product_cat":[46,67],"product_tag":[183,1004,184,182,227,633,181],"class_list":{"0":"post-3871","1":"product","2":"type-product","3":"status-publish","4":"has-post-thumbnail","6":"product_cat-check-valves","7":"product_cat-stainless-steel-check-valve","8":"product_tag-1000-psi-check-valve","9":"product_tag-lift-check-valve","10":"product_tag-npt-end-check-valve","11":"product_tag-spring-check-valve","12":"product_tag-spring-loaded-check-valve","13":"product_tag-stainless-steel-check-valve","14":"product_tag-vertical-check-valve","16":"first","17":"instock","18":"shipping-taxable","19":"product-type-simple"},"_links":{"self":[{"href":"https:\/\/www.stvvalves.com\/fr\/wp-json\/wp\/v2\/product\/3871","targetHints":{"allow":["GET"]}}],"collection":[{"href":"https:\/\/www.stvvalves.com\/fr\/wp-json\/wp\/v2\/product"}],"about":[{"href":"https:\/\/www.stvvalves.com\/fr\/wp-json\/wp\/v2\/types\/product"}],"wp:featuredmedia":[{"embeddable":true,"href":"https:\/\/www.stvvalves.com\/fr\/wp-json\/wp\/v2\/media\/3874"}],"wp:attachment":[{"href":"https:\/\/www.stvvalves.com\/fr\/wp-json\/wp\/v2\/media?parent=3871"}],"wp:term":[{"taxonomy":"product_brand","embeddable":true,"href":"https:\/\/www.stvvalves.com\/fr\/wp-json\/wp\/v2\/product_brand?post=3871"},{"taxonomy":"product_cat","embeddable":true,"href":"https:\/\/www.stvvalves.com\/fr\/wp-json\/wp\/v2\/product_cat?post=3871"},{"taxonomy":"product_tag","embeddable":true,"href":"https:\/\/www.stvvalves.com\/fr\/wp-json\/wp\/v2\/product_tag?post=3871"}],"curies":[{"name":"wp","href":"https:\/\/api.w.org\/{rel}","templated":true}]}}