{"id":3897,"date":"2018-11-24T14:47:41","date_gmt":"2018-11-24T14:47:41","guid":{"rendered":"https:\/\/www.stvvalves.com\/?post_type=product&#038;p=3897"},"modified":"2024-12-25T15:00:17","modified_gmt":"2024-12-25T07:00:17","slug":"screwed-stainless-steel-globe-valve","status":"publish","type":"product","link":"https:\/\/www.stvvalves.com\/fr\/products\/screwed-stainless-steel-globe-valve\/","title":{"rendered":"Robinet \u00e0 soupape viss\u00e9 en acier inoxydable"},"content":{"rendered":"<p>Extr\u00e9mit\u00e9 filet\u00e9e\u00a0: ANSI B2.1,BS 21:1973,<br \/>\nDIN 259\/2999, OIN 228<br \/>\nStructure\u00a0: robinet \u00e0 soupape<br \/>\nPression\u00a0: 200PSI<br \/>\nTaille du port\u00a0: standard<br \/>\nMat\u00e9riel\u00a0: WCB,304,316<br \/>\nSize: 1\/2\u2033-4\u2033<br \/>\nRoue de poign\u00e9e<\/p>\n<table>\n<tbody>\n<tr>\n<td width=\"200\"><strong>Nom du produit<\/strong><\/td>\n<td width=\"481\">Vanne \u00e0 soupape en acier inoxydable, CF8,3 pouces, 200 WOG, extr\u00e9mit\u00e9 NPT<\/td>\n<\/tr>\n<tr>\n<td width=\"200\">1. Mat\u00e9riel<\/td>\n<td width=\"481\">CF8M<\/td>\n<\/tr>\n<tr>\n<td width=\"200\">2. Taille<\/td>\n<td width=\"481\">11\/2\u201d<\/td>\n<\/tr>\n<tr>\n<td width=\"200\">4. Port<\/td>\n<td width=\"481\">Port complet<\/td>\n<\/tr>\n<tr>\n<td width=\"200\">5. Pression de travail<\/td>\n<td width=\"481\">200WOG<\/td>\n<\/tr>\n<tr>\n<td width=\"200\">6. Fin de la connexion<\/td>\n<td width=\"481\">TNP<\/td>\n<\/tr>\n<tr>\n<td width=\"200\">7. Temp\u00e9rature de travail.<\/td>\n<td width=\"481\">-29~120\u00baC,<\/td>\n<\/tr>\n<tr>\n<td width=\"200\">8. Support appropri\u00e9<\/td>\n<td width=\"481\">Eau, gaz naturel, p\u00e9trole et certains liquides corrosifs<\/td>\n<\/tr>\n<tr>\n<td width=\"200\">9. Exploit\u00e9<\/td>\n<td width=\"481\">Volant<\/td>\n<\/tr>\n<tr>\n<td width=\"200\">10. Inspection et tests<\/td>\n<td width=\"481\">Selon API598<\/td>\n<\/tr>\n<tr>\n<td width=\"200\"><strong>Exp\u00e9dition<\/strong><\/td>\n<td width=\"481\"><\/td>\n<\/tr>\n<tr>\n<td width=\"200\">D\u00e9lai de livraison<\/td>\n<td width=\"481\">30 jours<\/td>\n<\/tr>\n<tr>\n<td width=\"200\">Emballer<\/td>\n<td width=\"481\">Caisse en contreplaqu\u00e9 d&#039;exportation standard<\/td>\n<\/tr>\n<tr>\n<td width=\"200\">Port d&#039;exp\u00e9dition<\/td>\n<td width=\"481\">Ningbo\/Shanghai, Chine<\/td>\n<\/tr>\n<tr>\n<td width=\"200\">Conditions d&#039;exp\u00e9dition<\/td>\n<td width=\"481\">Exw, FOB, CFR, CIF, etc.<\/td>\n<\/tr>\n<tr>\n<td width=\"200\">Modalit\u00e9s de paiement<\/td>\n<td width=\"481\">T\/T, Western Union, PayPal, etc.<\/td>\n<\/tr>\n<tr>\n<td width=\"200\"><\/td>\n<td width=\"481\">Pr\u00e9paiement 30%, solde 70% pay\u00e9 avant l&#039;exp\u00e9dition<\/td>\n<\/tr>\n<tr>\n<td width=\"200\">Pays d&#039;origine<\/td>\n<td width=\"481\">Ville de Wenzhou, Chine<\/td>\n<\/tr>\n<tr>\n<td width=\"200\">Capacit\u00e9 de production<\/td>\n<td width=\"481\">6000 tonnes\/an<\/td>\n<\/tr>\n<tr>\n<td width=\"200\">MOQ<\/td>\n<td width=\"481\">1 pi\u00e8ces\/taille<\/td>\n<\/tr>\n<\/tbody>\n<\/table>","protected":false},"excerpt":{"rendered":"<p>Robinet \u00e0 soupape viss\u00e9 en acier inoxydable<br \/>\nNotre robinet \u00e0 soupape en acier inoxydable viss\u00e9 convient aux applications industrielles, notamment les usines chimiques, les h\u00f4pitaux, la fabrication de peinture et les installations utilisant des liquides agressifs\u00a0; Id\u00e9alement adapt\u00e9 aux fonctions d&#039;isolation et aux fluides, notamment l&#039;air, le gaz, le p\u00e9trole et l&#039;eau. Un robinet \u00e0 soupape viss\u00e9 \u00e0 commande manuelle avec tige montante, corps, chapeau et disque en acier inoxydable.<\/p>\n<p>Fournit une fermeture \u00e9tanche avec la possibilit\u00e9 d&#039;\u00eatre utilis\u00e9 partiellement ouvert pour r\u00e9guler le d\u00e9bit.<\/p>\n<p>Principales caract\u00e9ristiques:<br \/>\nDisponible en tailles : 1\/4\u2033 \u00e0 4\u2033.<br \/>\nPlage de temp\u00e9rature : -20\u00b0C \u00e0 180\u00b0C.<br \/>\nPression nominale : 200 PSI.<br \/>\nUne vanne sans entretien, parfaite pour l&#039;isolation.<br \/>\nMat\u00e9riau du corps\u00a0: 304\u00a0316.<br \/>\nFabrication : vanne STV.<\/p>\n<p>STV Valve Technology Group Co., Ltd est un leader professionnel en Chine Vanne \u00e0 soupape 200 PSI, Vanne \u00e0 soupape, Vanne \u00e0 soupape viss\u00e9e, Vanne \u00e0 soupape en acier inoxydable, Vanne \u00e0 soupape NPT femelle, Vanne \u00e0 soupape en I pouce, Vanne \u00e0 soupape 2 pouces, Fabricant de vanne \u00e0 soupape 316 NPT. avec une haute qualit\u00e9 et un prix comp\u00e9titif.<\/p>\n<p>Veuillez contacter notre sales@stvvalve.com pour d&#039;autres mat\u00e9riaux et d\u00e9tails.<\/p>\n<p>Feuille de dates\u00a0:<br \/>\n<a href=\"https:\/\/www.stvvalves.com\/wp-content\/uploads\/2018\/11\/Screwed-Stainless-Steel-Globe-Valve-DRAWING.pdf\">Robinet \u00e0 soupape viss\u00e9 en acier inoxydable<\/a><\/p>","protected":false},"featured_media":3902,"template":"","meta":[],"product_brand":[],"product_cat":[45,189],"product_tag":[884,193,1021,1019,190,1020,191,192],"class_list":{"0":"post-3897","1":"product","2":"type-product","3":"status-publish","4":"has-post-thumbnail","6":"product_cat-globe-valve","7":"product_cat-stainless-steel-globe-valve","8":"product_tag-2-inch-globe-valve","9":"product_tag-200-psi-globe-valve","10":"product_tag-316-npt-globe-valve","11":"product_tag-female-npt-globe-valve","12":"product_tag-globe-valve","13":"product_tag-i-inch-globe-valve","14":"product_tag-screwed-globe-valve","15":"product_tag-stainless-steel-globe-valve","17":"first","18":"instock","19":"shipping-taxable","20":"product-type-simple"},"_links":{"self":[{"href":"https:\/\/www.stvvalves.com\/fr\/wp-json\/wp\/v2\/product\/3897","targetHints":{"allow":["GET"]}}],"collection":[{"href":"https:\/\/www.stvvalves.com\/fr\/wp-json\/wp\/v2\/product"}],"about":[{"href":"https:\/\/www.stvvalves.com\/fr\/wp-json\/wp\/v2\/types\/product"}],"wp:featuredmedia":[{"embeddable":true,"href":"https:\/\/www.stvvalves.com\/fr\/wp-json\/wp\/v2\/media\/3902"}],"wp:attachment":[{"href":"https:\/\/www.stvvalves.com\/fr\/wp-json\/wp\/v2\/media?parent=3897"}],"wp:term":[{"taxonomy":"product_brand","embeddable":true,"href":"https:\/\/www.stvvalves.com\/fr\/wp-json\/wp\/v2\/product_brand?post=3897"},{"taxonomy":"product_cat","embeddable":true,"href":"https:\/\/www.stvvalves.com\/fr\/wp-json\/wp\/v2\/product_cat?post=3897"},{"taxonomy":"product_tag","embeddable":true,"href":"https:\/\/www.stvvalves.com\/fr\/wp-json\/wp\/v2\/product_tag?post=3897"}],"curies":[{"name":"wp","href":"https:\/\/api.w.org\/{rel}","templated":true}]}}