{"id":3937,"date":"2018-11-26T02:17:18","date_gmt":"2018-11-26T02:17:18","guid":{"rendered":"https:\/\/www.stvvalves.com\/?post_type=product&#038;p=3937"},"modified":"2025-02-17T18:17:26","modified_gmt":"2025-02-17T10:17:26","slug":"3pc-flange-end-ball-valve","status":"publish","type":"product","link":"https:\/\/www.stvvalves.com\/fr\/products\/3pc-flange-end-ball-valve\/","title":{"rendered":"Robinet \u00e0 bille \u00e0 extr\u00e9mit\u00e9 de bride 3 pi\u00e8ces"},"content":{"rendered":"<p>Principales caract\u00e9ristiques:<br \/>\n3 pi\u00e8ces, passage int\u00e9gral<br \/>\nCarrosserie de l&#039;A351 CF8M<br \/>\nBille en acier inoxydable 316<br \/>\n\u00c0 bride PN16<br \/>\nSi\u00e8ges PTFE ou PPL<br \/>\nTailles 1\/2\u2033 \u00e0 4\u2033<\/p>\n<table>\n<tbody>\n<tr>\n<td width=\"200\"><strong>Nom du produit<\/strong><\/td>\n<td width=\"481\">Robinet \u00e0 bille \u00e0 extr\u00e9mit\u00e9 de bride 3 pi\u00e8ces<\/td>\n<\/tr>\n<tr>\n<td width=\"200\">1. Mat\u00e9riel<\/td>\n<td width=\"481\">316<\/td>\n<\/tr>\n<tr>\n<td width=\"200\">2. Taille<\/td>\n<td width=\"481\">4&quot;<\/td>\n<\/tr>\n<tr>\n<td width=\"200\">4. Port<\/td>\n<td width=\"481\">Port complet<\/td>\n<\/tr>\n<tr>\n<td width=\"200\">5. Pression de travail<\/td>\n<td width=\"481\">150 livres<\/td>\n<\/tr>\n<tr>\n<td width=\"200\">6. Fin de la connexion<\/td>\n<td width=\"481\">RF<\/td>\n<\/tr>\n<tr>\n<td width=\"200\">7. Temp\u00e9rature de travail.<\/td>\n<td width=\"481\">-29~180\u00baC,<\/td>\n<\/tr>\n<tr>\n<td width=\"200\">8. Support appropri\u00e9<\/td>\n<td width=\"481\">Eau, gaz naturel, p\u00e9trole et certains liquides corrosifs<\/td>\n<\/tr>\n<tr>\n<td width=\"200\">9. Exploit\u00e9<\/td>\n<td width=\"481\">Volant<\/td>\n<\/tr>\n<tr>\n<td width=\"200\">10. Inspection et tests<\/td>\n<td width=\"481\">Selon API598<\/td>\n<\/tr>\n<tr>\n<td width=\"200\"><strong>Exp\u00e9dition<\/strong><\/td>\n<td width=\"481\"><\/td>\n<\/tr>\n<tr>\n<td width=\"200\">D\u00e9lai de livraison<\/td>\n<td width=\"481\">30 jours<\/td>\n<\/tr>\n<tr>\n<td width=\"200\">Emballer<\/td>\n<td width=\"481\">Caisse en contreplaqu\u00e9 d&#039;exportation standard<\/td>\n<\/tr>\n<tr>\n<td width=\"200\">Port d&#039;exp\u00e9dition<\/td>\n<td width=\"481\">Ningbo\/Shanghai, Chine<\/td>\n<\/tr>\n<tr>\n<td width=\"200\">Conditions d&#039;exp\u00e9dition<\/td>\n<td width=\"481\">Exw, FOB, CFR, CIF, etc.<\/td>\n<\/tr>\n<tr>\n<td width=\"200\">Modalit\u00e9s de paiement<\/td>\n<td width=\"481\">T\/T, Western Union, PayPal, etc.<\/td>\n<\/tr>\n<tr>\n<td width=\"200\"><\/td>\n<td width=\"481\">Pr\u00e9paiement 30%, solde 70% pay\u00e9 avant l&#039;exp\u00e9dition<\/td>\n<\/tr>\n<tr>\n<td width=\"200\">Pays d&#039;origine<\/td>\n<td width=\"481\">Ville de Wenzhou, Chine<\/td>\n<\/tr>\n<tr>\n<td width=\"200\">Capacit\u00e9 de production<\/td>\n<td width=\"481\">6000 tonnes\/an<\/td>\n<\/tr>\n<tr>\n<td width=\"200\">MOQ<\/td>\n<td width=\"481\">1 pi\u00e8ces\/taille<\/td>\n<\/tr>\n<\/tbody>\n<\/table>","protected":false},"excerpt":{"rendered":"<p>Mod\u00e8le\u00a0: Q41F-3-PN16<br \/>\nRobinet \u00e0 bille \u00e0 extr\u00e9mit\u00e9 de bride 3 pi\u00e8ces<\/p>\n<p>Un robinet \u00e0 tournant sph\u00e9rique 3 pi\u00e8ces \u00e0 bride en acier inoxydable PN16 \u00e0 passage int\u00e9gral. Corps et bille de l&#039;A351 CF8M, avec options de si\u00e8ges PPL et PTFE.<\/p>\n<p>La vanne est conforme au support de montage direct ISO 5211 pour un actionnement facile et est fournie avec une poign\u00e9e \u00e0 levier cadenassable con\u00e7ue.<\/p>\n<p>La vanne offre un fonctionnement s\u00fbr dans de nombreuses applications industrielles et chimiques et est id\u00e9ale \u00e0 la fois pour une isolation manuelle et facile \u00e0 actionner avec des caract\u00e9ristiques de couple faible associ\u00e9es \u00e0 des d\u00e9bits \u00e9lev\u00e9s.<\/p>\n<p>Principales caract\u00e9ristiques:<br \/>\n3 pi\u00e8ces, passage int\u00e9gral<br \/>\nCarrosserie de l&#039;A351 CF8M<br \/>\nBille en acier inoxydable 316<br \/>\n\u00c0 bride PN16<br \/>\nSi\u00e8ges PTFE ou PPL<br \/>\nTailles 1\/2\u2033 \u00e0 4\u2033<\/p>\n<p>STV Valve Technology Group Co., Ltd est un leader professionnel des soci\u00e9t\u00e9s de vannes de l&#039;industrie, Chine Vannes \u00e0 bille \u00e0 bride 3PC Vanne \u00e0 bille \u00e0 bride 3PC, Vanne \u00e0 bille \u00e0 bride 3PC ASME 150lbs, Vanne \u00e0 bille DIN \u00e0 extr\u00e9mit\u00e9 \u00e0 bride 3PC, Vanne \u00e0 bille \u00e0 bride 3PC en acier inoxydable, WCB 3PC Fabricant de robinets \u00e0 tournant sph\u00e9rique \u00e0 extr\u00e9mit\u00e9 \u00e0 bride de haute qualit\u00e9 et \u00e0 prix comp\u00e9titif. Veuillez contacter notre sales@stvvalve.com pour d&#039;autres mat\u00e9riaux et d\u00e9tails.<\/p>\n<p>Veuillez contacter notre sales@stvvalve.com pour d&#039;autres mat\u00e9riaux et d\u00e9tails.<\/p>\n<p>Feuille de dates\u00a0:<br \/>\n<a href=\"https:\/\/www.stvvalves.com\/wp-content\/uploads\/2018\/11\/3PC-Flange-End-Ball-Valve-Drawing.pdf\">Robinet \u00e0 bille \u00e0 extr\u00e9mit\u00e9 de bride 3 pi\u00e8ces\u00a0<\/a><\/p>","protected":false},"featured_media":3939,"template":"","meta":[],"product_brand":[],"product_cat":[43,80,78,53],"product_tag":[201,200,989,990,991],"class_list":{"0":"post-3937","1":"product","2":"type-product","3":"status-publish","4":"has-post-thumbnail","6":"product_cat-ball-valve","7":"product_cat-flange-ball-valve","8":"product_cat-floating-ball-valve","9":"product_cat-stainless-steel-ball-valve","10":"product_tag-3pc-flange-ball-valve","11":"product_tag-3pc-flanged-end-asme-150lbs-ball-valve","12":"product_tag-3pc-flanged-end-din-ball-valve","13":"product_tag-stainless-steel-3pc-flange-ball-vlave","14":"product_tag-wcb-3pc-flange-end-ball-valve","16":"first","17":"instock","18":"shipping-taxable","19":"product-type-simple"},"_links":{"self":[{"href":"https:\/\/www.stvvalves.com\/fr\/wp-json\/wp\/v2\/product\/3937","targetHints":{"allow":["GET"]}}],"collection":[{"href":"https:\/\/www.stvvalves.com\/fr\/wp-json\/wp\/v2\/product"}],"about":[{"href":"https:\/\/www.stvvalves.com\/fr\/wp-json\/wp\/v2\/types\/product"}],"wp:featuredmedia":[{"embeddable":true,"href":"https:\/\/www.stvvalves.com\/fr\/wp-json\/wp\/v2\/media\/3939"}],"wp:attachment":[{"href":"https:\/\/www.stvvalves.com\/fr\/wp-json\/wp\/v2\/media?parent=3937"}],"wp:term":[{"taxonomy":"product_brand","embeddable":true,"href":"https:\/\/www.stvvalves.com\/fr\/wp-json\/wp\/v2\/product_brand?post=3937"},{"taxonomy":"product_cat","embeddable":true,"href":"https:\/\/www.stvvalves.com\/fr\/wp-json\/wp\/v2\/product_cat?post=3937"},{"taxonomy":"product_tag","embeddable":true,"href":"https:\/\/www.stvvalves.com\/fr\/wp-json\/wp\/v2\/product_tag?post=3937"}],"curies":[{"name":"wp","href":"https:\/\/api.w.org\/{rel}","templated":true}]}}