{"id":3958,"date":"2018-11-26T08:26:02","date_gmt":"2018-11-26T08:26:02","guid":{"rendered":"https:\/\/www.stvvalves.com\/?post_type=product&#038;p=3958"},"modified":"2025-02-19T19:51:36","modified_gmt":"2025-02-19T11:51:36","slug":"hexagon-stainless-steel-screwed-ball-valve","status":"publish","type":"product","link":"https:\/\/www.stvvalves.com\/fr\/products\/hexagon-stainless-steel-screwed-ball-valve\/","title":{"rendered":"Robinet \u00e0 tournant sph\u00e9rique viss\u00e9 en acier inoxydable \u00e0 six pans creux"},"content":{"rendered":"<p>Barre hexagonale monobloc Corps en acier inoxydable<br \/>\nConception de ports standard<br \/>\nMat\u00e9riel:A105,304,316<br \/>\nPression de service de 2 000 psi (WOG)<br \/>\nConvient \u00e0 une gamme compl\u00e8te de liquides et de gaz<br \/>\nSi\u00e8ge RPTFE<br \/>\nDOUBLE 100 test\u00e9 individuellement<br \/>\nConforme \u00e0 la norme NACE MR0175<br \/>\nNorme ISO 9001<br \/>\nExtr\u00e9mit\u00e9s filet\u00e9es NPT<br \/>\nTAILLE:1\/4\u2033-2\u2033<\/p>\n<table>\n<tbody>\n<tr>\n<td width=\"200\"><strong>Nom du produit<\/strong><\/td>\n<td width=\"481\">Robinet \u00e0 tournant sph\u00e9rique viss\u00e9 en acier inoxydable \u00e0 six pans creux<\/td>\n<\/tr>\n<tr>\n<td width=\"200\">1. Mat\u00e9riel<\/td>\n<td width=\"481\">F316<\/td>\n<\/tr>\n<tr>\n<td width=\"200\">2. Taille<\/td>\n<td width=\"481\">1&quot;<\/td>\n<\/tr>\n<tr>\n<td width=\"200\">4. Port<\/td>\n<td width=\"481\">Port r\u00e9ducteur<\/td>\n<\/tr>\n<tr>\n<td width=\"200\">5. Pression de travail<\/td>\n<td width=\"481\">800 livres<\/td>\n<\/tr>\n<tr>\n<td width=\"200\">6. Fin de la connexion<\/td>\n<td width=\"481\">TNP<\/td>\n<\/tr>\n<tr>\n<td width=\"200\">7. Temp\u00e9rature de travail.<\/td>\n<td width=\"481\">-29~120\u00baC,<\/td>\n<\/tr>\n<tr>\n<td width=\"200\">8. Support appropri\u00e9<\/td>\n<td width=\"481\">Eau, gaz naturel, p\u00e9trole et certains liquides corrosifs<\/td>\n<\/tr>\n<tr>\n<td width=\"200\">9. Exploit\u00e9<\/td>\n<td width=\"481\">Volant<\/td>\n<\/tr>\n<tr>\n<td width=\"200\">10. Inspection et tests<\/td>\n<td width=\"481\">Selon API598<\/td>\n<\/tr>\n<tr>\n<td width=\"200\"><strong>Exp\u00e9dition<\/strong><\/td>\n<td width=\"481\"><\/td>\n<\/tr>\n<tr>\n<td width=\"200\">D\u00e9lai de livraison<\/td>\n<td width=\"481\">30 jours<\/td>\n<\/tr>\n<tr>\n<td width=\"200\">Emballer<\/td>\n<td width=\"481\">Caisse en contreplaqu\u00e9 d&#039;exportation standard<\/td>\n<\/tr>\n<tr>\n<td width=\"200\">Port d&#039;exp\u00e9dition<\/td>\n<td width=\"481\">Ningbo\/Shanghai, Chine<\/td>\n<\/tr>\n<tr>\n<td width=\"200\">Conditions d&#039;exp\u00e9dition<\/td>\n<td width=\"481\">Exw, FOB, CFR, CIF, etc.<\/td>\n<\/tr>\n<tr>\n<td width=\"200\">Modalit\u00e9s de paiement<\/td>\n<td width=\"481\">T\/T, Western Union, PayPal, etc.<\/td>\n<\/tr>\n<tr>\n<td width=\"200\"><\/td>\n<td width=\"481\">Pr\u00e9paiement 30%, solde 70% pay\u00e9 avant l&#039;exp\u00e9dition<\/td>\n<\/tr>\n<tr>\n<td width=\"200\">Pays d&#039;origine<\/td>\n<td width=\"481\">Ville de Wenzhou, Chine<\/td>\n<\/tr>\n<tr>\n<td width=\"200\">Capacit\u00e9 de production<\/td>\n<td width=\"481\">6000 tonnes\/an<\/td>\n<\/tr>\n<tr>\n<td width=\"200\">MOQ<\/td>\n<td width=\"481\">1 pi\u00e8ces\/taille<\/td>\n<\/tr>\n<\/tbody>\n<\/table>","protected":false},"excerpt":{"rendered":"<p>Le robinet \u00e0 bille hexagonal viss\u00e9 en acier inoxydable est une conception \u00e0 port standard qui offre des performances optimales sous de fortes contraintes. Le corps monobloc en acier au carbone WCB a \u00e9t\u00e9 con\u00e7u pour r\u00e9sister \u00e0 la corrosion et test\u00e9 sous pression pour garantir qu&#039;il r\u00e9pond aux besoins de vos vannes haute pression.<\/p>\n<p>Barre hexagonale monobloc Corps en acier inoxydable<br \/>\nConception de ports standard<br \/>\nMat\u00e9riel:A105,304,316<br \/>\nPression de service de 2 000 psi (WOG)<br \/>\nConvient \u00e0 une gamme compl\u00e8te de liquides et de gaz<br \/>\nSi\u00e8ge RPTFE<br \/>\nDOUBLE 100 test\u00e9 individuellement<br \/>\nConforme \u00e0 la norme NACE MR0175<br \/>\nNorme ISO 9001<br \/>\nExtr\u00e9mit\u00e9s filet\u00e9es NPT<br \/>\nTAILLE:1\/4\u2033-2\u2033<\/p>\n<p>STV Valve Technology Group Co., Ltd est un leader professionnel en Chine Vanne \u00e0 bille 2000 PSI, vanne \u00e0 bille 2000 WOG, vanne \u00e0 bille F316, vanne \u00e0 bille r\u00e9ductrice NPT, vanne \u00e0 bille r\u00e9ductrice 1pc, vanne \u00e0 bille Hexgon, vanne \u00e0 bille haute pression, vanne \u00e0 bille 2000 WOG , Fabricant chinois de robinets \u00e0 tournant sph\u00e9rique de 2000 PSI de haute qualit\u00e9 et \u00e0 prix comp\u00e9titif.<\/p>\n<p>Veuillez contacter notre sales@stvvalve.com pour d&#039;autres mat\u00e9riaux et d\u00e9tails.<\/p>\n<p>Feuille de dates\u00a0:<br \/>\n<a href=\"https:\/\/www.stvvalves.com\/wp-content\/uploads\/2018\/11\/Hexagon-Stainless-Steel-Screwed-Ball-Valve.pdf\">Robinet \u00e0 tournant sph\u00e9rique viss\u00e9 en acier inoxydable \u00e0 six pans creux<\/a><\/p>","protected":false},"featured_media":3966,"template":"","meta":[],"product_brand":[],"product_cat":[43,79],"product_tag":[998,205,206,1000,997,208,999],"class_list":{"0":"post-3958","1":"product","2":"type-product","3":"status-publish","4":"has-post-thumbnail","6":"product_cat-ball-valve","7":"product_cat-threaded-ball-valve","8":"product_tag-1pc-reducer-ball-valve","9":"product_tag-2000-psi-ball-valve","10":"product_tag-2000-wog-ball-valve","11":"product_tag-f316-ball-valve","12":"product_tag-hexgon-ball-valve","13":"product_tag-high-pressure-ball-valve","14":"product_tag-npt-reducer-ball-valve","16":"first","17":"instock","18":"shipping-taxable","19":"product-type-simple"},"_links":{"self":[{"href":"https:\/\/www.stvvalves.com\/fr\/wp-json\/wp\/v2\/product\/3958","targetHints":{"allow":["GET"]}}],"collection":[{"href":"https:\/\/www.stvvalves.com\/fr\/wp-json\/wp\/v2\/product"}],"about":[{"href":"https:\/\/www.stvvalves.com\/fr\/wp-json\/wp\/v2\/types\/product"}],"wp:featuredmedia":[{"embeddable":true,"href":"https:\/\/www.stvvalves.com\/fr\/wp-json\/wp\/v2\/media\/3966"}],"wp:attachment":[{"href":"https:\/\/www.stvvalves.com\/fr\/wp-json\/wp\/v2\/media?parent=3958"}],"wp:term":[{"taxonomy":"product_brand","embeddable":true,"href":"https:\/\/www.stvvalves.com\/fr\/wp-json\/wp\/v2\/product_brand?post=3958"},{"taxonomy":"product_cat","embeddable":true,"href":"https:\/\/www.stvvalves.com\/fr\/wp-json\/wp\/v2\/product_cat?post=3958"},{"taxonomy":"product_tag","embeddable":true,"href":"https:\/\/www.stvvalves.com\/fr\/wp-json\/wp\/v2\/product_tag?post=3958"}],"curies":[{"name":"wp","href":"https:\/\/api.w.org\/{rel}","templated":true}]}}