{"id":3998,"date":"2018-11-27T02:52:34","date_gmt":"2018-11-27T02:52:34","guid":{"rendered":"https:\/\/www.stvvalves.com\/?post_type=product&#038;p=3998"},"modified":"2025-02-17T18:18:51","modified_gmt":"2025-02-17T10:18:51","slug":"forged-steel-piston-check-valve-class-800","status":"publish","type":"product","link":"https:\/\/www.stvvalves.com\/fr\/products\/forged-steel-piston-check-valve-class-800\/","title":{"rendered":"Clapet anti-retour \u00e0 piston en acier forg\u00e9 classe 800"},"content":{"rendered":"<p>Principales caract\u00e9ristiques:<br \/>\nASME Classe 800<br \/>\nConnexions \u00e0 souder par embo\u00eetement, BSPT ou NPT<br \/>\nTailles 1\/2\u2033 \u00e0 3\u2033<br \/>\nCorps en acier forg\u00e9 A105N et chapeau boulonn\u00e9<br \/>\nJoint graphite A316<br \/>\nPlage de temp\u00e9rature : -29\u00b0C \u00e0 425\u00b0C<br \/>\nPression Jusqu&#039;\u00e0 138 bars<\/p>\n<table>\n<tbody>\n<tr>\n<td width=\"200\"><strong>Nom du produit<\/strong><\/td>\n<td width=\"481\">Clapet anti-retour \u00e0 piston en acier forg\u00e9 classe 800<\/td>\n<\/tr>\n<tr>\n<td width=\"200\">1. Mat\u00e9riel<\/td>\n<td width=\"481\">A105N<\/td>\n<\/tr>\n<tr>\n<td width=\"200\">2. Taille<\/td>\n<td width=\"481\">1&quot;<\/td>\n<\/tr>\n<tr>\n<td width=\"200\">4. Port<\/td>\n<td width=\"481\">\u00a0Port r\u00e9ducteur<\/td>\n<\/tr>\n<tr>\n<td width=\"200\">5. Pression de travail<\/td>\n<td width=\"481\">800 livres<\/td>\n<\/tr>\n<tr>\n<td width=\"200\">6. Fin de la connexion<\/td>\n<td width=\"481\">TNP<\/td>\n<\/tr>\n<tr>\n<td width=\"200\">7. Temp\u00e9rature de travail.<\/td>\n<td width=\"481\">-29~425\u00baC,<\/td>\n<\/tr>\n<tr>\n<td width=\"200\">8. Support appropri\u00e9<\/td>\n<td width=\"481\">Eau, gaz naturel, p\u00e9trole et certains liquides corrosifs<\/td>\n<\/tr>\n<tr>\n<td width=\"200\">9. Exploit\u00e9<\/td>\n<td width=\"481\">\/<\/td>\n<\/tr>\n<tr>\n<td width=\"200\">10. Inspection et tests<\/td>\n<td width=\"481\">Selon API598<\/td>\n<\/tr>\n<tr>\n<td width=\"200\"><strong>Exp\u00e9dition<\/strong><\/td>\n<td width=\"481\"><\/td>\n<\/tr>\n<tr>\n<td width=\"200\">D\u00e9lai de livraison<\/td>\n<td width=\"481\">30 jours<\/td>\n<\/tr>\n<tr>\n<td width=\"200\">Emballer<\/td>\n<td width=\"481\">Caisse en contreplaqu\u00e9 d&#039;exportation standard<\/td>\n<\/tr>\n<tr>\n<td width=\"200\">Port d&#039;exp\u00e9dition<\/td>\n<td width=\"481\">Ningbo\/Shanghai, Chine<\/td>\n<\/tr>\n<tr>\n<td width=\"200\">Conditions d&#039;exp\u00e9dition<\/td>\n<td width=\"481\">Exw, FOB, CFR, CIF, etc.<\/td>\n<\/tr>\n<tr>\n<td width=\"200\">Modalit\u00e9s de paiement<\/td>\n<td width=\"481\">T\/T, Western Union, PayPal, etc.<\/td>\n<\/tr>\n<tr>\n<td width=\"200\"><\/td>\n<td width=\"481\">Pr\u00e9paiement 30%, solde 70% pay\u00e9 avant l&#039;exp\u00e9dition<\/td>\n<\/tr>\n<tr>\n<td width=\"200\">Pays d&#039;origine<\/td>\n<td width=\"481\">Ville de Wenzhou, Chine<\/td>\n<\/tr>\n<tr>\n<td width=\"200\">Capacit\u00e9 de production<\/td>\n<td width=\"481\">6000 tonnes\/an<\/td>\n<\/tr>\n<tr>\n<td width=\"200\">MOQ<\/td>\n<td width=\"481\">1 pi\u00e8ces\/taille<\/td>\n<\/tr>\n<\/tbody>\n<\/table>","protected":false},"excerpt":{"rendered":"<p>Clapet anti-retour \u00e0 piston en acier forg\u00e9 classe 800<br \/>\nNotre clapet anti-retour \u00e0 piston en acier forg\u00e9 de classe 800 convient \u00e0 une gamme d&#039;applications et de fluides, notamment la vapeur, l&#039;air, le gaz et les liquides tels que l&#039;huile thermique et l&#039;eau.<\/p>\n<p>Ce clapet anti-retour \u00e0 piston manuel de classe 800 est un clapet \u00e9conomique et sans entretien avec un corps en acier forg\u00e9 A105N et un chapeau boulonn\u00e9 conforme aux normes API 602 et ASME B16.34. Ce clapet anti-retour cl800 peut \u00eatre utilis\u00e9 en orientation verticale ou horizontale et assure la protection des \u00e9quipements pouvant \u00eatre affect\u00e9s par un reflux, il offre \u00e9galement un risque r\u00e9duit de coup de b\u00e9lier.<\/p>\n<p>Applications typiques:<\/p>\n<p>Lignes de processus<br \/>\nConduites de condensats<br \/>\nSyst\u00e8mes d&#039;eau chaude et froide<br \/>\nSyst\u00e8mes \u00e0 huile thermique<br \/>\nIndustries typiques\u00a0:<\/p>\n<p>Chaudi\u00e8res<br \/>\nBlanchisseries<br \/>\nCentrales \u00e0 vapeur<br \/>\nUsines de transformation<\/p>\n<p>STV Valve Technology Group Co., Ltd est un leader professionnel en Chine Clapet anti-retour \u00e0 piston 800LB, clapet anti-retour \u00e0 piston API 602, clapet anti-retour \u00e0 piston en acier forg\u00e9, clapet anti-retour haute pression, clapet anti-retour \u00e0 ressort, clapet anti-retour \u00e0 levage, clapet anti-retour \u00e0 piston, acier au carbone clapet anti-retour, clapet anti-retour en acier moul\u00e9 Fabricant de haute qualit\u00e9 et prix comp\u00e9titif.<br \/>\nFeuille de dates\u00a0:<br \/>\n<a href=\"https:\/\/www.stvvalves.com\/wp-content\/uploads\/2018\/11\/forged-steel-piston-check-valve-class-800-drawing.pdf\">Clapet anti-retour \u00e0 piston en acier forg\u00e9 classe 800<\/a><\/p>","protected":false},"featured_media":4000,"template":"","meta":[],"product_brand":[],"product_cat":[46,66],"product_tag":[214,216,1005,549,215,213,1004,583,227],"class_list":{"0":"post-3998","1":"product","2":"type-product","3":"status-publish","4":"has-post-thumbnail","6":"product_cat-check-valves","7":"product_cat-swing-check-valve","8":"product_tag-800lb-piston-check-valve","9":"product_tag-api-602-piston-check-valve","10":"product_tag-carbon-steel-check-valve","11":"product_tag-cast-steel-check-valve","12":"product_tag-forged-steel-piston-check-valve","13":"product_tag-high-pressure-check-valve","14":"product_tag-lift-check-valve","15":"product_tag-piston-check-valve","16":"product_tag-spring-loaded-check-valve","18":"first","19":"instock","20":"shipping-taxable","21":"product-type-simple"},"_links":{"self":[{"href":"https:\/\/www.stvvalves.com\/fr\/wp-json\/wp\/v2\/product\/3998","targetHints":{"allow":["GET"]}}],"collection":[{"href":"https:\/\/www.stvvalves.com\/fr\/wp-json\/wp\/v2\/product"}],"about":[{"href":"https:\/\/www.stvvalves.com\/fr\/wp-json\/wp\/v2\/types\/product"}],"wp:featuredmedia":[{"embeddable":true,"href":"https:\/\/www.stvvalves.com\/fr\/wp-json\/wp\/v2\/media\/4000"}],"wp:attachment":[{"href":"https:\/\/www.stvvalves.com\/fr\/wp-json\/wp\/v2\/media?parent=3998"}],"wp:term":[{"taxonomy":"product_brand","embeddable":true,"href":"https:\/\/www.stvvalves.com\/fr\/wp-json\/wp\/v2\/product_brand?post=3998"},{"taxonomy":"product_cat","embeddable":true,"href":"https:\/\/www.stvvalves.com\/fr\/wp-json\/wp\/v2\/product_cat?post=3998"},{"taxonomy":"product_tag","embeddable":true,"href":"https:\/\/www.stvvalves.com\/fr\/wp-json\/wp\/v2\/product_tag?post=3998"}],"curies":[{"name":"wp","href":"https:\/\/api.w.org\/{rel}","templated":true}]}}