{"id":4013,"date":"2018-11-27T07:42:50","date_gmt":"2018-11-27T07:42:50","guid":{"rendered":"https:\/\/www.stvvalves.com\/?post_type=product&#038;p=4013"},"modified":"2025-02-18T14:16:55","modified_gmt":"2025-02-18T06:16:55","slug":"forged-steel-flange-gate-valve","status":"publish","type":"product","link":"https:\/\/www.stvvalves.com\/fr\/products\/forged-steel-flange-gate-valve\/","title":{"rendered":"Vanne \u00e0 bride en acier forg\u00e9"},"content":{"rendered":"<p>Caract\u00e9ristiques de conception<br \/>\n1. Port complet ou port conventionnel<br \/>\n2. Vis et joug ext\u00e9rieurs (OS&amp;Y)<br \/>\n3. Presse-\u00e9toupe auto-alignant en deux parties<br \/>\n4. Chapeau boulonn\u00e9 avec joint enroul\u00e9 en spirale, chapeau filet\u00e9 et soud\u00e9 par joint ou chapeau filet\u00e9 et scell\u00e9 par pression<br \/>\n5. Banquette arri\u00e8re int\u00e9gr\u00e9e<br \/>\n6. Disponible en ANSI 150-2500LB, tailles : 1\/2\u2033 \u00e0 2\u2033.<br \/>\n7.Mat\u00e9riaux : A105N, LF2, F304, F316, F11, F22, F5, F91, acier alli\u00e9, etc.<br \/>\n8. Plage de temp\u00e9rature : 0\u00b0C \u00e0 538\u00b0C.<br \/>\n9.Port\u00a0: port r\u00e9ducteur et port complet.<br \/>\n10. Fin de connexion\u00a0; NPT, BW, SW, RF, RTJ.<\/p>\n<table>\n<tbody>\n<tr>\n<td width=\"200\"><strong><b>Nom du produit<\/b><\/strong><\/td>\n<td width=\"481\">Vanne \u00e0 bride en acier forg\u00e9<\/td>\n<\/tr>\n<tr>\n<td width=\"200\">1. Mat\u00e9riel<\/td>\n<td width=\"481\">A105N<\/td>\n<\/tr>\n<tr>\n<td width=\"200\">2. Taille<\/td>\n<td width=\"481\">2&quot;<\/td>\n<\/tr>\n<tr>\n<td width=\"200\">4. Port<\/td>\n<td width=\"481\">Port r\u00e9ducteur<\/td>\n<\/tr>\n<tr>\n<td width=\"200\">5. Pression de travail<\/td>\n<td width=\"481\">800LB<\/td>\n<\/tr>\n<tr>\n<td width=\"200\">6. Fin de la connexion<\/td>\n<td width=\"481\">Extr\u00e9mit\u00e9 \u00e0 souder<\/td>\n<\/tr>\n<tr>\n<td width=\"200\">7. Temp\u00e9rature de travail.<\/td>\n<td width=\"481\">-29~425\u00baC,<\/td>\n<\/tr>\n<tr>\n<td width=\"200\">8. Support appropri\u00e9<\/td>\n<td width=\"481\">Eau, gaz naturel, p\u00e9trole et certains liquides corrosifs<\/td>\n<\/tr>\n<tr>\n<td width=\"200\">9. Exploit\u00e9<\/td>\n<td width=\"481\">Volant<\/td>\n<\/tr>\n<tr>\n<td width=\"200\">10. Inspection et tests<\/td>\n<td width=\"481\">SelonAPI 598<\/td>\n<\/tr>\n<tr>\n<td width=\"200\"><strong><b>Exp\u00e9dition<\/b><\/strong><\/td>\n<td width=\"481\">&nbsp;<\/td>\n<\/tr>\n<tr>\n<td width=\"200\">D\u00e9lai de livraison<\/td>\n<td width=\"481\">30 jours<\/td>\n<\/tr>\n<tr>\n<td width=\"200\">Emballer<\/td>\n<td width=\"481\">Caisse en contreplaqu\u00e9 d&#039;exportation standard<\/td>\n<\/tr>\n<tr>\n<td width=\"200\">Port d&#039;exp\u00e9dition<\/td>\n<td width=\"481\">Ningbo\/Shanghai, Chine<\/td>\n<\/tr>\n<tr>\n<td width=\"200\">Conditions d&#039;exp\u00e9dition<\/td>\n<td width=\"481\">Exw, FOB, CFR, CIF, etc.<\/td>\n<\/tr>\n<tr>\n<td width=\"200\">Modalit\u00e9s de paiement<\/td>\n<td width=\"481\">T\/T, Western Union, PayPal, etc.<\/td>\n<\/tr>\n<tr>\n<td width=\"200\">&nbsp;<\/td>\n<td width=\"481\">Pr\u00e9paiement 30%, solde 70% pay\u00e9 avant l&#039;exp\u00e9dition<\/td>\n<\/tr>\n<tr>\n<td width=\"200\">Pays d&#039;origine<\/td>\n<td width=\"481\">Ville de Wenzhou, Chine<\/td>\n<\/tr>\n<tr>\n<td width=\"200\">Capacit\u00e9 de production<\/td>\n<td width=\"481\">6000 tonnes\/an<\/td>\n<\/tr>\n<tr>\n<td width=\"200\">MOQ<\/td>\n<td width=\"481\">10 pi\u00e8ces\/taille<\/td>\n<\/tr>\n<\/tbody>\n<\/table>\n<p>&nbsp;<\/p>","protected":false},"excerpt":{"rendered":"<p>Vanne \u00e0 bride en acier forg\u00e9<br \/>\nNotre vanne \u00e0 bride en acier forg\u00e9 convient pour s&#039;adapter entre les brides ANSI 150 ou ANSI 2500 (sous r\u00e9serve de configuration) et est con\u00e7ue pour les applications lourdes, industrielles et de vapeur\u00a0; vapeur, eau, huile, vapeurs et gaz. Un robinet-vanne manuel \u00e0 bride, actionn\u00e9 par volant, avec tige montante, si\u00e8ge en acier inoxydable 316 et corps A105N.<\/p>\n<p>Principales caract\u00e9ristiques:<br \/>\nDisponible en ANSI 150 ou ANSI 2500, tailles : 1\/2\u2033 \u00e0 2\u2033.<br \/>\nCorps et capot en acier forg\u00e9 A105N avec si\u00e8ge en acier inoxydable 316.<br \/>\nPlage de temp\u00e9rature : 0\u00b0C \u00e0 550\u00b0C.<br \/>\nPression nominale\u00a0: Classe 150 ou Classe 2500.<br \/>\nUne vanne \u00e9conomique et sans entretien ! Conception selon API 602.<br \/>\nMat\u00e9riau : A105, F304, F316, F5, F91, F11, F22, acier alli\u00e9, etc.<\/p>\n<p>Feuille de dates\u00a0:<br \/>\n<a href=\"https:\/\/www.stvvalves.com\/wp-content\/uploads\/2018\/11\/forged-steel-flange-gate-valve-drawing.pdf\">Vanne \u00e0 bride en acier forg\u00e9<\/a><\/p>","protected":false},"featured_media":4017,"template":"","meta":[],"product_brand":[],"product_cat":[59,44],"product_tag":[223,224,195],"class_list":{"0":"post-4013","1":"product","2":"type-product","3":"status-publish","4":"has-post-thumbnail","6":"product_cat-forged-steel-gate-valve","7":"product_cat-gate-valve","8":"product_tag-api-602-gate-valve","9":"product_tag-flange-gate-valve","10":"product_tag-high-pressure-gate-valve","12":"first","13":"instock","14":"shipping-taxable","15":"product-type-simple"},"_links":{"self":[{"href":"https:\/\/www.stvvalves.com\/fr\/wp-json\/wp\/v2\/product\/4013","targetHints":{"allow":["GET"]}}],"collection":[{"href":"https:\/\/www.stvvalves.com\/fr\/wp-json\/wp\/v2\/product"}],"about":[{"href":"https:\/\/www.stvvalves.com\/fr\/wp-json\/wp\/v2\/types\/product"}],"wp:featuredmedia":[{"embeddable":true,"href":"https:\/\/www.stvvalves.com\/fr\/wp-json\/wp\/v2\/media\/4017"}],"wp:attachment":[{"href":"https:\/\/www.stvvalves.com\/fr\/wp-json\/wp\/v2\/media?parent=4013"}],"wp:term":[{"taxonomy":"product_brand","embeddable":true,"href":"https:\/\/www.stvvalves.com\/fr\/wp-json\/wp\/v2\/product_brand?post=4013"},{"taxonomy":"product_cat","embeddable":true,"href":"https:\/\/www.stvvalves.com\/fr\/wp-json\/wp\/v2\/product_cat?post=4013"},{"taxonomy":"product_tag","embeddable":true,"href":"https:\/\/www.stvvalves.com\/fr\/wp-json\/wp\/v2\/product_tag?post=4013"}],"curies":[{"name":"wp","href":"https:\/\/api.w.org\/{rel}","templated":true}]}}