{"id":4027,"date":"2018-11-28T03:23:32","date_gmt":"2018-11-28T03:23:32","guid":{"rendered":"https:\/\/www.stvvalves.com\/?post_type=product&#038;p=4027"},"modified":"2025-02-17T18:18:48","modified_gmt":"2025-02-17T10:18:48","slug":"stainless-steel-dual-plate-wafer-check-valve","status":"publish","type":"product","link":"https:\/\/www.stvvalves.com\/fr\/products\/stainless-steel-dual-plate-wafer-check-valve\/","title":{"rendered":"Clapet anti-retour \u00e0 double plaque en acier inoxydable"},"content":{"rendered":"<h3>Principales caract\u00e9ristiques:<\/h3>\n<ul>\n<li>Disponible en tailles : 2\u2033 \u00e0 24\u2033.<\/li>\n<li>Norme de conception\u00a0: API 594, API 6D.<\/li>\n<li>Face \u00e0 face\u00a0: API 594, API 6D, DIN 3202.<\/li>\n<li>Extr\u00e9mit\u00e9s de bride\u00a0: ANSI B16.5, DIN 2543 ~ 48.<\/li>\n<li>Test et inspection\u00a0: API 598, DIN 3230.<\/li>\n<li>Plage de temp\u00e9rature : -20\u00b0C \u00e0 550\u00b0C.<\/li>\n<li>Pression nominale : 16 bars.<\/li>\n<li>Faible pression de fissuration.<\/li>\n<li>Conception peu encombrante.<\/li>\n<li>\n<table>\n<tbody>\n<tr>\n<td width=\"200\"><strong>Nom du produit<\/strong><\/td>\n<td width=\"481\">Clapet anti-retour \u00e0 double plaque en acier inoxydable<\/td>\n<\/tr>\n<tr>\n<td width=\"200\">1. Mat\u00e9riel<\/td>\n<td width=\"481\">CF8<\/td>\n<\/tr>\n<tr>\n<td width=\"200\">2. Taille<\/td>\n<td width=\"481\">4&quot;<\/td>\n<\/tr>\n<tr>\n<td width=\"200\">4. Port<\/td>\n<td width=\"481\">Port complet<\/td>\n<\/tr>\n<tr>\n<td width=\"200\">5. Pression de travail<\/td>\n<td width=\"481\">150 livres<\/td>\n<\/tr>\n<tr>\n<td width=\"200\">6. Fin de la connexion<\/td>\n<td width=\"481\">RF<\/td>\n<\/tr>\n<tr>\n<td width=\"200\">7. Temp\u00e9rature de travail.<\/td>\n<td width=\"481\">-29~300\u00baC,<\/td>\n<\/tr>\n<tr>\n<td width=\"200\">8. Support appropri\u00e9<\/td>\n<td width=\"481\">Eau, gaz naturel, p\u00e9trole et certains liquides corrosifs<\/td>\n<\/tr>\n<tr>\n<td width=\"200\">9. Exploit\u00e9<\/td>\n<td width=\"481\">\/<\/td>\n<\/tr>\n<tr>\n<td width=\"200\">10. Inspection et tests<\/td>\n<td width=\"481\">Selon API598<\/td>\n<\/tr>\n<tr>\n<td width=\"200\"><strong>Exp\u00e9dition<\/strong><\/td>\n<td width=\"481\"><\/td>\n<\/tr>\n<tr>\n<td width=\"200\">D\u00e9lai de livraison<\/td>\n<td width=\"481\">30 jours<\/td>\n<\/tr>\n<tr>\n<td width=\"200\">Emballer<\/td>\n<td width=\"481\">Caisse en contreplaqu\u00e9 d&#039;exportation standard<\/td>\n<\/tr>\n<tr>\n<td width=\"200\">Port d&#039;exp\u00e9dition<\/td>\n<td width=\"481\">Ningbo\/Shanghai, Chine<\/td>\n<\/tr>\n<tr>\n<td width=\"200\">Conditions d&#039;exp\u00e9dition<\/td>\n<td width=\"481\">Exw, FOB, CFR, CIF, etc.<\/td>\n<\/tr>\n<tr>\n<td width=\"200\">Modalit\u00e9s de paiement<\/td>\n<td width=\"481\">T\/T, Western Union, PayPal, etc.<\/td>\n<\/tr>\n<tr>\n<td width=\"200\"><\/td>\n<td width=\"481\">Pr\u00e9paiement 30%, solde 70% pay\u00e9 avant l&#039;exp\u00e9dition<\/td>\n<\/tr>\n<tr>\n<td width=\"200\">Pays d&#039;origine<\/td>\n<td width=\"481\">Ville de Wenzhou, Chine<\/td>\n<\/tr>\n<tr>\n<td width=\"200\">Capacit\u00e9 de production<\/td>\n<td width=\"481\">6000 tonnes\/an<\/td>\n<\/tr>\n<tr>\n<td width=\"200\">MOQ<\/td>\n<td width=\"481\">1 pi\u00e8ces\/taille<\/td>\n<\/tr>\n<\/tbody>\n<\/table>\n<\/li>\n<\/ul>","protected":false},"excerpt":{"rendered":"<p>Mod\u00e8le : H76H-PN16.<\/p>\n<p>Notre clapet anti-retour \u00e0 double plaque \u00e0 motif de plaquette offre d&#039;excellentes capacit\u00e9s d&#039;\u00e9tanch\u00e9it\u00e9 pour les hautes et basses pressions\u00a0; Les applications \u00e0 usage g\u00e9n\u00e9ral, industrielles et CVC comprennent les installations d&#039;eau, de chauffage, de climatisation et les syst\u00e8mes d&#039;air comprim\u00e9. Une vanne \u00e0 double plaque \u00e0 ressort \u00e9conomique et peu encombrante avec corps en acier inoxydable et joint Viton.<\/p>\n<p>Install\u00e9 soit verticalement (vers le haut uniquement), soit horizontalement.<\/p>\n<ul>\n<li><\/li>\n<\/ul>\n<p>STV Valve Technology Group Co., Ltd est un leader professionnel en Chine double clapet anti-retour, clapet anti-retour \u00e0 ressort, clapet anti-retour Wafer, clapet anti-retour \u00e0 battant, fabricant de clapet anti-retour en acier inoxydable de haute qualit\u00e9 et \u00e0 prix comp\u00e9titif.<\/p>\n<p>Veuillez contacter notre sales@stvvalve.com pour d&#039;autres mat\u00e9riaux et d\u00e9tails.<\/p>\n<p>Feuille de dates\u00a0:<br \/>\n<a href=\"https:\/\/www.stvvalves.com\/wp-content\/uploads\/2018\/11\/stainless-steel-dual-plate-wafer-check-valve-drawing.pdf\">Clapet anti-retour \u00e0 double plaque en acier inoxydable<\/a><\/p>","protected":false},"featured_media":4030,"template":"","meta":[],"product_brand":[],"product_cat":[46,84],"product_tag":[226,227,633,225,228],"class_list":{"0":"post-4027","1":"product","2":"type-product","3":"status-publish","4":"has-post-thumbnail","6":"product_cat-check-valves","7":"product_cat-wafer-check-valve","8":"product_tag-dual-check-valve","9":"product_tag-spring-loaded-check-valve","10":"product_tag-stainless-steel-check-valve","11":"product_tag-wafer-check-valve","12":"product_tag-wafer-swing-check-valve","14":"first","15":"instock","16":"shipping-taxable","17":"product-type-simple"},"_links":{"self":[{"href":"https:\/\/www.stvvalves.com\/fr\/wp-json\/wp\/v2\/product\/4027","targetHints":{"allow":["GET"]}}],"collection":[{"href":"https:\/\/www.stvvalves.com\/fr\/wp-json\/wp\/v2\/product"}],"about":[{"href":"https:\/\/www.stvvalves.com\/fr\/wp-json\/wp\/v2\/types\/product"}],"wp:featuredmedia":[{"embeddable":true,"href":"https:\/\/www.stvvalves.com\/fr\/wp-json\/wp\/v2\/media\/4030"}],"wp:attachment":[{"href":"https:\/\/www.stvvalves.com\/fr\/wp-json\/wp\/v2\/media?parent=4027"}],"wp:term":[{"taxonomy":"product_brand","embeddable":true,"href":"https:\/\/www.stvvalves.com\/fr\/wp-json\/wp\/v2\/product_brand?post=4027"},{"taxonomy":"product_cat","embeddable":true,"href":"https:\/\/www.stvvalves.com\/fr\/wp-json\/wp\/v2\/product_cat?post=4027"},{"taxonomy":"product_tag","embeddable":true,"href":"https:\/\/www.stvvalves.com\/fr\/wp-json\/wp\/v2\/product_tag?post=4027"}],"curies":[{"name":"wp","href":"https:\/\/api.w.org\/{rel}","templated":true}]}}