{"id":4045,"date":"2018-11-29T02:36:00","date_gmt":"2018-11-29T02:36:00","guid":{"rendered":"https:\/\/www.stvvalves.com\/?post_type=product&#038;p=4045"},"modified":"2025-02-17T18:18:47","modified_gmt":"2025-02-17T10:18:47","slug":"cast-steel-y-type-flange-strainer","status":"publish","type":"product","link":"https:\/\/www.stvvalves.com\/fr\/products\/cast-steel-y-type-flange-strainer\/","title":{"rendered":"Cr\u00e9pine \u00e0 bride de type Y en acier moul\u00e9"},"content":{"rendered":"<p><img loading=\"lazy\" decoding=\"async\" class=\"alignnone size-full wp-image-4051\" src=\"https:\/\/www.stvvalves.com\/wp-content\/uploads\/2018\/11\/cast-steel-y-type-flange-strainer-drawing.jpg\" alt=\"\" width=\"2339\" height=\"1654\" srcset=\"https:\/\/www.stvvalves.com\/wp-content\/uploads\/2018\/11\/cast-steel-y-type-flange-strainer-drawing.jpg 2339w, https:\/\/www.stvvalves.com\/wp-content\/uploads\/2018\/11\/cast-steel-y-type-flange-strainer-drawing-600x424.jpg 600w, https:\/\/www.stvvalves.com\/wp-content\/uploads\/2018\/11\/cast-steel-y-type-flange-strainer-drawing-300x212.jpg 300w, https:\/\/www.stvvalves.com\/wp-content\/uploads\/2018\/11\/cast-steel-y-type-flange-strainer-drawing-768x543.jpg 768w, https:\/\/www.stvvalves.com\/wp-content\/uploads\/2018\/11\/cast-steel-y-type-flange-strainer-drawing-1030x728.jpg 1030w, https:\/\/www.stvvalves.com\/wp-content\/uploads\/2018\/11\/cast-steel-y-type-flange-strainer-drawing-1500x1061.jpg 1500w, https:\/\/www.stvvalves.com\/wp-content\/uploads\/2018\/11\/cast-steel-y-type-flange-strainer-drawing-260x185.jpg 260w, https:\/\/www.stvvalves.com\/wp-content\/uploads\/2018\/11\/cast-steel-y-type-flange-strainer-drawing-705x499.jpg 705w\" sizes=\"auto, (max-width: 2339px) 100vw, 2339px\" \/><\/p>","protected":false},"excerpt":{"rendered":"<p>Mod\u00e8le\u00a0: GL41H-150LB<\/p>\n<p>Notre cr\u00e9pine \u00e0 bride de type Y en acier moul\u00e9 est compacte, facile \u00e0 nettoyer et dispose d&#039;un bouchon de vidange amovible et d&#039;un tamis en acier inoxydable. Il constitue une solution \u00e9conomique et est recommand\u00e9 pour les applications o\u00f9 il faut \u00e9viter d&#039;endommager les vannes et autres \u00e9quipements m\u00e9caniques associ\u00e9s.<\/p>\n<p>Les d\u00e9bris de pipelines, notamment la salet\u00e9 et le tartre, sont souvent la cause de pannes, de dommages, de pertes d&#039;\u00e9nergie et d&#039;une r\u00e9duction de la productivit\u00e9.<\/p>\n<p>Principales caract\u00e9ristiques:<br \/>\nDisponible en version PN16\/40 ou \u00e0 bride ANSI, bride JIS<br \/>\ntailles : 1\/2\u2033 \u00e0 24\u2033<br \/>\nPlage de temp\u00e9rature : -29 \u00e0 560\u00b0C .<br \/>\nPression nominale\u00a0: DIN PN16-PN40 ou ANSI 150LB-1500LB, JIS10K-30K<br \/>\nMat\u00e9riau du corps, WCB, CF8, CF8M, WC6 et WC9, etc.<br \/>\nL&#039;installation d&#039;une cr\u00e9pine est toujours recommand\u00e9e pour assurer un service sans probl\u00e8me<\/p>\n<p>STV Valve Technology Group Co., Ltd est un leader professionnel de la cr\u00e9pine \u00e0 bride ChinaAnsi 150, du filtre \u00e0 bride ANSI, de la cr\u00e9pine de type Y en acier moul\u00e9, de la cr\u00e9pine \u00e0 bride, de la cr\u00e9pine de type Y, de la cr\u00e9pine en Y \u00e0 bride Jis 10k, du fabricant de cr\u00e9pine en Y en acier au carbone de haute qualit\u00e9 et prix comp\u00e9titif.<\/p>\n<p>Veuillez contacter notre sales@stvvalve.com pour d&#039;autres mat\u00e9riaux et d\u00e9tails.<\/p>\n<p>Feuille de dates\u00a0:<br \/>\n<a href=\"https:\/\/www.stvvalves.com\/wp-content\/uploads\/2018\/11\/cast-steel-y-type-flange-strainer-drawing.pdf\">Cr\u00e9pine \u00e0 bride de type Y en acier moul\u00e9<\/a><\/p>\n<p>&nbsp;<\/p>","protected":false},"featured_media":4047,"template":"","meta":[],"product_brand":[],"product_cat":[72,48],"product_tag":[234,235,1022,233,232,567,236],"class_list":{"0":"post-4045","1":"product","2":"type-product","3":"status-publish","4":"has-post-thumbnail","6":"product_cat-cast-steel-y-type-strainer","7":"product_cat-y-strainer","8":"product_tag-ansi-150-flanged-strainer","9":"product_tag-ansi-flange-filter","10":"product_tag-carbon-steel-y-strainer","11":"product_tag-cast-steel-y-type-strainer","12":"product_tag-flanged-strainer","13":"product_tag-jis-10k-flange-y-strainer","14":"product_tag-y-type-strainer","16":"first","17":"instock","18":"shipping-taxable","19":"product-type-simple"},"_links":{"self":[{"href":"https:\/\/www.stvvalves.com\/fr\/wp-json\/wp\/v2\/product\/4045","targetHints":{"allow":["GET"]}}],"collection":[{"href":"https:\/\/www.stvvalves.com\/fr\/wp-json\/wp\/v2\/product"}],"about":[{"href":"https:\/\/www.stvvalves.com\/fr\/wp-json\/wp\/v2\/types\/product"}],"wp:featuredmedia":[{"embeddable":true,"href":"https:\/\/www.stvvalves.com\/fr\/wp-json\/wp\/v2\/media\/4047"}],"wp:attachment":[{"href":"https:\/\/www.stvvalves.com\/fr\/wp-json\/wp\/v2\/media?parent=4045"}],"wp:term":[{"taxonomy":"product_brand","embeddable":true,"href":"https:\/\/www.stvvalves.com\/fr\/wp-json\/wp\/v2\/product_brand?post=4045"},{"taxonomy":"product_cat","embeddable":true,"href":"https:\/\/www.stvvalves.com\/fr\/wp-json\/wp\/v2\/product_cat?post=4045"},{"taxonomy":"product_tag","embeddable":true,"href":"https:\/\/www.stvvalves.com\/fr\/wp-json\/wp\/v2\/product_tag?post=4045"}],"curies":[{"name":"wp","href":"https:\/\/api.w.org\/{rel}","templated":true}]}}