{"id":4053,"date":"2018-11-29T05:27:38","date_gmt":"2018-11-29T05:27:38","guid":{"rendered":"https:\/\/www.stvvalves.com\/?post_type=product&#038;p=4053"},"modified":"2025-02-17T18:18:45","modified_gmt":"2025-02-17T10:18:45","slug":"cast-iron-double-flange-wafer-check-valve","status":"publish","type":"product","link":"https:\/\/www.stvvalves.com\/fr\/products\/cast-iron-double-flange-wafer-check-valve\/","title":{"rendered":"Clapet anti-retour \u00e0 double bride en fonte"},"content":{"rendered":"<p>Mat\u00e9riaux facultatifs\u00a0:<\/p>\n<p>CORPS\u00a0: GG25, GGG40, SS304, SS316<\/p>\n<p>DISQUE\u00a0:\u00a0DI, SS304, SS316, AL-BRONZE<\/p>\n<p>ARBRE\u00a0: SS304, SS316, SS420<\/p>\n<p>RESSORT\u00a0:\u00a0SS316<\/p>\n<p>Norme de conception\u00a0:<\/p>\n<p>1. Taille\u00a0: DN40-DN800<\/p>\n<p>2. Norme de conception\u00a0: DIN3202<\/p>\n<p>3. Extr\u00e9mit\u00e9 de connexion\u00a0: BS EN1092 PN10\/PN16, ANSI B16.5, JIS B2220<\/p>\n<p>4. Pression d&#039;utilisation\u00a0: PN16, CLASSE 125, JIS10K<\/p>\n<p>5. Temp\u00e9rature de fonctionnement : si\u00e8ge en caoutchouc : 0\u2103-80\u2103<\/p>\n<p data-spm-anchor-id=\"a2700.details.pronpeci14.i2.77822bfbcimmfh\">6. Rev\u00eatement\u00a0: Rev\u00eatement \u00e9poxy li\u00e9 par fusion<\/p>\n<table>\n<tbody>\n<tr>\n<td width=\"200\"><strong>Nom du produit<\/strong><\/td>\n<td width=\"481\">Clapet anti-retour \u00e0 double bride en fonte<\/td>\n<\/tr>\n<tr>\n<td width=\"200\">1. Mat\u00e9riel<\/td>\n<td width=\"481\">CI<\/td>\n<\/tr>\n<tr>\n<td width=\"200\">2. Taille<\/td>\n<td width=\"481\">4&quot;<\/td>\n<\/tr>\n<tr>\n<td width=\"200\">4. Port<\/td>\n<td width=\"481\">Port complet<\/td>\n<\/tr>\n<tr>\n<td width=\"200\">5. Pression de travail<\/td>\n<td width=\"481\">150 livres<\/td>\n<\/tr>\n<tr>\n<td width=\"200\">6. Fin de la connexion<\/td>\n<td width=\"481\">RF<\/td>\n<\/tr>\n<tr>\n<td width=\"200\">7. Temp\u00e9rature de travail.<\/td>\n<td width=\"481\">-29~120\u00baC,<\/td>\n<\/tr>\n<tr>\n<td width=\"200\">8. Support appropri\u00e9<\/td>\n<td width=\"481\">Eau, gaz naturel, p\u00e9trole et certains liquides corrosifs<\/td>\n<\/tr>\n<tr>\n<td width=\"200\">9. Exploit\u00e9<\/td>\n<td width=\"481\">\/<\/td>\n<\/tr>\n<tr>\n<td width=\"200\">10. Inspection et tests<\/td>\n<td width=\"481\">Selon API598<\/td>\n<\/tr>\n<tr>\n<td width=\"200\"><strong>Exp\u00e9dition<\/strong><\/td>\n<td width=\"481\"><\/td>\n<\/tr>\n<tr>\n<td width=\"200\">D\u00e9lai de livraison<\/td>\n<td width=\"481\">30 jours<\/td>\n<\/tr>\n<tr>\n<td width=\"200\">Emballer<\/td>\n<td width=\"481\">Caisse en contreplaqu\u00e9 d&#039;exportation standard<\/td>\n<\/tr>\n<tr>\n<td width=\"200\">Port d&#039;exp\u00e9dition<\/td>\n<td width=\"481\">Ningbo\/Shanghai, Chine<\/td>\n<\/tr>\n<tr>\n<td width=\"200\">Conditions d&#039;exp\u00e9dition<\/td>\n<td width=\"481\">Exw, FOB, CFR, CIF, etc.<\/td>\n<\/tr>\n<tr>\n<td width=\"200\">Modalit\u00e9s de paiement<\/td>\n<td width=\"481\">T\/T, Western Union, PayPal, etc.<\/td>\n<\/tr>\n<tr>\n<td width=\"200\"><\/td>\n<td width=\"481\">Pr\u00e9paiement 30%, solde 70% pay\u00e9 avant l&#039;exp\u00e9dition<\/td>\n<\/tr>\n<tr>\n<td width=\"200\">Pays d&#039;origine<\/td>\n<td width=\"481\">Ville de Wenzhou, Chine<\/td>\n<\/tr>\n<tr>\n<td width=\"200\">Capacit\u00e9 de production<\/td>\n<td width=\"481\">6000 tonnes\/an<\/td>\n<\/tr>\n<tr>\n<td width=\"200\">MOQ<\/td>\n<td width=\"481\">1 pi\u00e8ces\/taille<\/td>\n<\/tr>\n<\/tbody>\n<\/table>","protected":false},"excerpt":{"rendered":"<p>Mod\u00e8le: H76X-16T<\/p>\n<p>Les clapets anti-retour servent \u00e0 emp\u00eacher le reflux du d\u00e9bit de fluide dans le syst\u00e8me de tuyauterie, largement utilis\u00e9s dans le domaine de l&#039;eau potable, de l&#039;approvisionnement en eau et du drainage, de l&#039;\u00e9vacuation des eaux us\u00e9es, de l&#039;irrigation, de la climatisation, de la protection incendie ainsi que de l&#039;industrie chimique et \u00e9nerg\u00e9tique.<\/p>\n<p data-spm-anchor-id=\"a2700.details.pronpeci14.i2.77822bfbcimmfh\">\n<p>STV Valve Technology Group Co., Ltd est un leader professionnel en Chine Clapet anti-retour en fonte, clapet anti-retour \u00e0 battant en fonte, clapet anti-retour \u00e0 plaquette en fonte, clapet anti-retour \u00e0 si\u00e8ge EPDM, clapet anti-retour \u00e0 battant, fabricant de clapet anti-retour \u00e0 plaquette de haute qualit\u00e9 et prix comp\u00e9titif .<\/p>\n<p>Veuillez contacter notre sales@stvvalve.com pour d&#039;autres mat\u00e9riaux et d\u00e9tails.<\/p>\n<p data-spm-anchor-id=\"a2700.details.pronpeci14.i2.77822bfbcimmfh\">Feuille de dates\u00a0:<br \/>\n<a href=\"https:\/\/www.stvvalves.com\/wp-content\/uploads\/2018\/11\/cast-iron-double-flange-wafer-check-valve-drawing.pdf\">Clapet anti-retour \u00e0 double bride en fonte<\/a><\/p>","protected":false},"featured_media":4054,"template":"","meta":[],"product_brand":[],"product_cat":[46,84],"product_tag":[237,238,240,239,152,225],"class_list":{"0":"post-4053","1":"product","2":"type-product","3":"status-publish","4":"has-post-thumbnail","6":"product_cat-check-valves","7":"product_cat-wafer-check-valve","8":"product_tag-cast-iron-check-valve","9":"product_tag-cast-iron-swing-check-valve","10":"product_tag-cast-iron-wafer-check-valve","11":"product_tag-epdm-seat-swing-check-valve","12":"product_tag-swing-check-valve","13":"product_tag-wafer-check-valve","15":"first","16":"instock","17":"shipping-taxable","18":"product-type-simple"},"_links":{"self":[{"href":"https:\/\/www.stvvalves.com\/fr\/wp-json\/wp\/v2\/product\/4053","targetHints":{"allow":["GET"]}}],"collection":[{"href":"https:\/\/www.stvvalves.com\/fr\/wp-json\/wp\/v2\/product"}],"about":[{"href":"https:\/\/www.stvvalves.com\/fr\/wp-json\/wp\/v2\/types\/product"}],"wp:featuredmedia":[{"embeddable":true,"href":"https:\/\/www.stvvalves.com\/fr\/wp-json\/wp\/v2\/media\/4054"}],"wp:attachment":[{"href":"https:\/\/www.stvvalves.com\/fr\/wp-json\/wp\/v2\/media?parent=4053"}],"wp:term":[{"taxonomy":"product_brand","embeddable":true,"href":"https:\/\/www.stvvalves.com\/fr\/wp-json\/wp\/v2\/product_brand?post=4053"},{"taxonomy":"product_cat","embeddable":true,"href":"https:\/\/www.stvvalves.com\/fr\/wp-json\/wp\/v2\/product_cat?post=4053"},{"taxonomy":"product_tag","embeddable":true,"href":"https:\/\/www.stvvalves.com\/fr\/wp-json\/wp\/v2\/product_tag?post=4053"}],"curies":[{"name":"wp","href":"https:\/\/api.w.org\/{rel}","templated":true}]}}