{"id":4061,"date":"2018-11-29T06:03:40","date_gmt":"2018-11-29T06:03:40","guid":{"rendered":"https:\/\/www.stvvalves.com\/?post_type=product&#038;p=4061"},"modified":"2025-02-17T18:18:44","modified_gmt":"2025-02-17T10:18:44","slug":"stainless-steel-flange-foot-valve","status":"publish","type":"product","link":"https:\/\/www.stvvalves.com\/fr\/products\/stainless-steel-flange-foot-valve\/","title":{"rendered":"Clapet de pied \u00e0 bride en acier inoxydable"},"content":{"rendered":"<p><img loading=\"lazy\" decoding=\"async\" class=\"alignnone size-full wp-image-4062\" src=\"https:\/\/www.stvvalves.com\/wp-content\/uploads\/2018\/11\/stainless-steel-flange-foot-valve-drawing.jpg\" alt=\"\" width=\"1653\" height=\"2338\" srcset=\"https:\/\/www.stvvalves.com\/wp-content\/uploads\/2018\/11\/stainless-steel-flange-foot-valve-drawing.jpg 1653w, https:\/\/www.stvvalves.com\/wp-content\/uploads\/2018\/11\/stainless-steel-flange-foot-valve-drawing-600x849.jpg 600w, https:\/\/www.stvvalves.com\/wp-content\/uploads\/2018\/11\/stainless-steel-flange-foot-valve-drawing-212x300.jpg 212w, https:\/\/www.stvvalves.com\/wp-content\/uploads\/2018\/11\/stainless-steel-flange-foot-valve-drawing-768x1086.jpg 768w, https:\/\/www.stvvalves.com\/wp-content\/uploads\/2018\/11\/stainless-steel-flange-foot-valve-drawing-728x1030.jpg 728w, https:\/\/www.stvvalves.com\/wp-content\/uploads\/2018\/11\/stainless-steel-flange-foot-valve-drawing-1061x1500.jpg 1061w, https:\/\/www.stvvalves.com\/wp-content\/uploads\/2018\/11\/stainless-steel-flange-foot-valve-drawing-498x705.jpg 498w\" sizes=\"auto, (max-width: 1653px) 100vw, 1653px\" \/><\/p>","protected":false},"excerpt":{"rendered":"<p>Le clapet de pied \u00e0 bride en acier inoxydable est une sorte de vanne d&#039;\u00e9conomie d&#039;\u00e9nergie, g\u00e9n\u00e9ralement install\u00e9e au bas du tuyau d&#039;aspiration de la pompe, pour emp\u00eacher le fluide contenu dans le tuyau de retourner vers la source d&#039;eau. Il y a de nombreux trous d&#039;entr\u00e9e et nervures de renforcement dans le couvercle de valve, de sorte que le tuyau ne sera pas facilement obstru\u00e9.<\/p>\n<p>Le clapet de pied se compose d&#039;un chapeau, d&#039;un disque, d&#039;une bague, d&#039;une bague d&#039;\u00e9tanch\u00e9it\u00e9, etc. L&#039;eau p\u00e9n\u00e8tre dans le corps de la vanne par le chapeau. Sous l&#039;influence de la pression d&#039;\u00e9coulement, le disque s&#039;ouvrira. Lors de l&#039;arr\u00eat, la pression dans le tuyau de sortie fermera le disque instantan\u00e9ment, l&#039;eau ne reviendra pas vers la source d&#039;eau. Il effectue les fonctions de pompage en douceur et \u00e9vite les pertes d\u2019eau.<\/p>\n<p>D\u00e9tails du produit:<\/p>\n<p>1. Norme de conception\u00a0: API, ANSI, DIN, JIS, BS, GOST, GB, etc.\u00a0;<br \/>\n2. Diam\u00e8tre nominal : 1\/2&quot; \u2013 48&quot; (DN15-DN1200)\u00a0;<br \/>\n3. Pression nominale : Classe 150 \u2013 Classe 2500 (PN6-PN420) ;<br \/>\n4. Mat\u00e9riau principal\u00a0: WCB, WC6, LCB, LC1, C5, CF8, CF8M, CF3, CF3M, CF8C, CN7M, Hastelloy C, etc.<br \/>\n5.Nous pouvons \u00e9galement couler et produire les vannes selon les exigences particuli\u00e8res des clients.<\/p>\n<p>STV Valve Technology Group Co., Ltd est un leader professionnel en Chine Clapet de pied, Clapet de pied \u00e0 ressort en acier inoxydable, Clapet de pied en acier inoxydable, Clapet de pied de pompe \u00e0 eau en acier inoxydable avec fabricant de bride de haute qualit\u00e9 et \u00e0 prix comp\u00e9titif.<\/p>\n<p>Veuillez contacter notre sales@stvvalve.com pour d&#039;autres mat\u00e9riaux et d\u00e9tails.<\/p>\n<p>Feuille de dates\u00a0:<br \/>\n<a href=\"https:\/\/www.stvvalves.com\/wp-content\/uploads\/2018\/11\/stainless-steel-flange-foot-valve-drawing.pdf\">Clapet de pied \u00e0 bride en acier inoxydable<\/a><\/p>","protected":false},"featured_media":4064,"template":"","meta":[],"product_brand":[],"product_cat":[46,67],"product_tag":[241,242,244,243],"class_list":{"0":"post-4061","1":"product","2":"type-product","3":"status-publish","4":"has-post-thumbnail","6":"product_cat-check-valves","7":"product_cat-stainless-steel-check-valve","8":"product_tag-foot-valve","9":"product_tag-spring-stainless-steel-foot-valve","10":"product_tag-stainless-steel-foot-valve","11":"product_tag-stainless-steel-water-pump-foot-valve-with-flange-end","13":"first","14":"instock","15":"shipping-taxable","16":"product-type-simple"},"_links":{"self":[{"href":"https:\/\/www.stvvalves.com\/fr\/wp-json\/wp\/v2\/product\/4061","targetHints":{"allow":["GET"]}}],"collection":[{"href":"https:\/\/www.stvvalves.com\/fr\/wp-json\/wp\/v2\/product"}],"about":[{"href":"https:\/\/www.stvvalves.com\/fr\/wp-json\/wp\/v2\/types\/product"}],"wp:featuredmedia":[{"embeddable":true,"href":"https:\/\/www.stvvalves.com\/fr\/wp-json\/wp\/v2\/media\/4064"}],"wp:attachment":[{"href":"https:\/\/www.stvvalves.com\/fr\/wp-json\/wp\/v2\/media?parent=4061"}],"wp:term":[{"taxonomy":"product_brand","embeddable":true,"href":"https:\/\/www.stvvalves.com\/fr\/wp-json\/wp\/v2\/product_brand?post=4061"},{"taxonomy":"product_cat","embeddable":true,"href":"https:\/\/www.stvvalves.com\/fr\/wp-json\/wp\/v2\/product_cat?post=4061"},{"taxonomy":"product_tag","embeddable":true,"href":"https:\/\/www.stvvalves.com\/fr\/wp-json\/wp\/v2\/product_tag?post=4061"}],"curies":[{"name":"wp","href":"https:\/\/api.w.org\/{rel}","templated":true}]}}