{"id":4078,"date":"2018-11-29T08:57:16","date_gmt":"2018-11-29T08:57:16","guid":{"rendered":"https:\/\/www.stvvalves.com\/?post_type=product&#038;p=4078"},"modified":"2025-02-17T18:18:42","modified_gmt":"2025-02-17T10:18:42","slug":"screwed-stainless-steel-y-type-strainer","status":"publish","type":"product","link":"https:\/\/www.stvvalves.com\/fr\/products\/screwed-stainless-steel-y-type-strainer\/","title":{"rendered":"Cr\u00e9pine viss\u00e9e de type Y en acier inoxydable"},"content":{"rendered":"<p><img loading=\"lazy\" decoding=\"async\" class=\"alignnone size-full wp-image-4079\" src=\"https:\/\/www.stvvalves.com\/wp-content\/uploads\/2018\/11\/Screwed-Stainless-Steel-Y-Type-Strainer-drawing.jpg\" alt=\"\" width=\"1653\" height=\"2338\" srcset=\"https:\/\/www.stvvalves.com\/wp-content\/uploads\/2018\/11\/Screwed-Stainless-Steel-Y-Type-Strainer-drawing.jpg 1653w, https:\/\/www.stvvalves.com\/wp-content\/uploads\/2018\/11\/Screwed-Stainless-Steel-Y-Type-Strainer-drawing-600x849.jpg 600w, https:\/\/www.stvvalves.com\/wp-content\/uploads\/2018\/11\/Screwed-Stainless-Steel-Y-Type-Strainer-drawing-212x300.jpg 212w, https:\/\/www.stvvalves.com\/wp-content\/uploads\/2018\/11\/Screwed-Stainless-Steel-Y-Type-Strainer-drawing-768x1086.jpg 768w, https:\/\/www.stvvalves.com\/wp-content\/uploads\/2018\/11\/Screwed-Stainless-Steel-Y-Type-Strainer-drawing-728x1030.jpg 728w, https:\/\/www.stvvalves.com\/wp-content\/uploads\/2018\/11\/Screwed-Stainless-Steel-Y-Type-Strainer-drawing-1061x1500.jpg 1061w, https:\/\/www.stvvalves.com\/wp-content\/uploads\/2018\/11\/Screwed-Stainless-Steel-Y-Type-Strainer-drawing-498x705.jpg 498w\" sizes=\"auto, (max-width: 1653px) 100vw, 1653px\" \/><\/p>","protected":false},"excerpt":{"rendered":"<p>Mod\u00e8le\u00a0: GL11H-1000WOG<\/p>\n<p>Notre cr\u00e9pine de type Y en acier inoxydable viss\u00e9e est compacte, facile \u00e0 nettoyer et dispose d&#039;un bouchon de vidange amovible et d&#039;un tamis en acier inoxydable 316 de 1 mm avec un pas de 2 mm. Il constitue une solution \u00e9conomique et est recommand\u00e9 pour les applications o\u00f9 il faut \u00e9viter d&#039;endommager les vannes et autres \u00e9quipements m\u00e9caniques associ\u00e9s.<\/p>\n<p>Les d\u00e9bris de pipelines, notamment la salet\u00e9 et le tartre, sont souvent la cause de pannes, de dommages, de pertes d&#039;\u00e9nergie et d&#039;une r\u00e9duction de la productivit\u00e9.<\/p>\n<p>Convient aux applications semi-agressives trouv\u00e9es dans les industries chimiques et de transformation.<\/p>\n<p>Principales caract\u00e9ristiques:<br \/>\nDisponible avec corps 316 (CF8M) et capuchon en BSPP viss\u00e9,<br \/>\ntailles : 1\/4\u2033 jusqu\u2019\u00e0 4\u2033.<br \/>\nCorps de moulage de pr\u00e9cision SS 316<br \/>\nPression de travail de 800 psi<br \/>\nConvient \u00e0 une gamme compl\u00e8te de liquides et de gaz (WOG)<br \/>\nPlage de temp\u00e9rature : -20\u00b0C \u00e0 180\u00b0C .<br \/>\nDisponible en tamis de 20 mesh (\u2248 1 mm) ou 140 mesh (\u2248 100 mc)<br \/>\nExtr\u00e9mit\u00e9s filet\u00e9es FxF NPT selon ANSI B1.20.1<br \/>\nD\u00e9signation \u2013 Mat\u00e9riau<\/p>\n<p>Carrosserie \u2013 SS 316 (CF8M)<\/p>\n<p>Capot \u2013 SS 316 (CF8M)<\/p>\n<p>Joint \u2013 PTFE<\/p>\n<p>\u00c9cran \u2013 SS 304<\/p>\n<p>STV Valve Technology Group Co., Ltd est un leader professionnel Chine 800 WOG Y Cr\u00e9pine, Cr\u00e9pine viss\u00e9e, Cr\u00e9pine en Y viss\u00e9e Cr\u00e9pine en Y viss\u00e9e, Cr\u00e9pine en Y en acier inoxydable (316), Cr\u00e9pine en acier inoxydable, Cr\u00e9pine de type Y, Cr\u00e9pine en Y NPT, Fabricant de cr\u00e9pines Bspp Y femelles de haute qualit\u00e9 et \u00e0 prix comp\u00e9titif.<\/p>\n<p>Veuillez contacter notre sales@stvvalve.com pour d&#039;autres mat\u00e9riaux et d\u00e9tails.<\/p>\n<p>Feuille de dates\u00a0:<br \/>\n<a href=\"https:\/\/www.stvvalves.com\/wp-content\/uploads\/2018\/11\/Screwed-Stainless-Steel-Y-Type-Strainer-drawing.pdf\">Cr\u00e9pine viss\u00e9e de type Y en acier inoxydable<\/a><\/p>","protected":false},"featured_media":4081,"template":"","meta":[],"product_brand":[],"product_cat":[85,48],"product_tag":[257,1028,1027,256,1026,253,255,236],"class_list":{"0":"post-4078","1":"product","2":"type-product","3":"status-publish","4":"has-post-thumbnail","6":"product_cat-stainless-steel-y-type-strainer","7":"product_cat-y-strainer","8":"product_tag-800-wog-y-strainer","9":"product_tag-female-bspp-y-strainer","10":"product_tag-npt-y-strainer","11":"product_tag-screwed-strainer","12":"product_tag-screwed-y-strainer-screwed-y-strainer","13":"product_tag-stainless-steel-316-y-strainer","14":"product_tag-stainless-steel-strainer","15":"product_tag-y-type-strainer","17":"first","18":"instock","19":"shipping-taxable","20":"product-type-simple"},"_links":{"self":[{"href":"https:\/\/www.stvvalves.com\/fr\/wp-json\/wp\/v2\/product\/4078","targetHints":{"allow":["GET"]}}],"collection":[{"href":"https:\/\/www.stvvalves.com\/fr\/wp-json\/wp\/v2\/product"}],"about":[{"href":"https:\/\/www.stvvalves.com\/fr\/wp-json\/wp\/v2\/types\/product"}],"wp:featuredmedia":[{"embeddable":true,"href":"https:\/\/www.stvvalves.com\/fr\/wp-json\/wp\/v2\/media\/4081"}],"wp:attachment":[{"href":"https:\/\/www.stvvalves.com\/fr\/wp-json\/wp\/v2\/media?parent=4078"}],"wp:term":[{"taxonomy":"product_brand","embeddable":true,"href":"https:\/\/www.stvvalves.com\/fr\/wp-json\/wp\/v2\/product_brand?post=4078"},{"taxonomy":"product_cat","embeddable":true,"href":"https:\/\/www.stvvalves.com\/fr\/wp-json\/wp\/v2\/product_cat?post=4078"},{"taxonomy":"product_tag","embeddable":true,"href":"https:\/\/www.stvvalves.com\/fr\/wp-json\/wp\/v2\/product_tag?post=4078"}],"curies":[{"name":"wp","href":"https:\/\/api.w.org\/{rel}","templated":true}]}}