{"id":4088,"date":"2018-11-29T13:08:18","date_gmt":"2018-11-29T13:08:18","guid":{"rendered":"https:\/\/www.stvvalves.com\/?post_type=product&#038;p=4088"},"modified":"2025-02-17T18:18:40","modified_gmt":"2025-02-17T10:18:40","slug":"stainless-steel-spring-disc-check-valve","status":"publish","type":"product","link":"https:\/\/www.stvvalves.com\/fr\/products\/stainless-steel-spring-disc-check-valve\/","title":{"rendered":"Clapet anti-retour \u00e0 disque \u00e0 ressort en acier inoxydable"},"content":{"rendered":"<p>CARACT\u00c9RISTIQUES TECHNIQUES:<br \/>\nClapet anti-retour \u00e0 plaquette (monodisque)<br \/>\nCorps de valve, disque et ressort :<br \/>\nen acier inoxydable Aisi 316<br \/>\nAssemblage entre brides :<br \/>\nDIN PN 10\/40 et ANSI 150 lbs<br \/>\nPression nominale de service : 40 bar (25 bar pour<br \/>\nDN125, 150 et 200)<br \/>\nPression d&#039;ouverture :<br \/>\nMin. 0,025 bars Max. 0,045 bars<br \/>\nPlage de temp\u00e9rature : 0\u00b0C \u00e0 200\u00b0C.<br \/>\nInstallation : flux horizontal, vertical ou inclin\u00e9<\/p>\n<table>\n<tbody>\n<tr>\n<td width=\"200\"><strong>Nom du produit<\/strong><\/td>\n<td width=\"481\">Clapet anti-retour \u00e0 disque \u00e0 ressort en acier inoxydable<\/td>\n<\/tr>\n<tr>\n<td width=\"200\">1. Mat\u00e9riel<\/td>\n<td width=\"481\">CF8<\/td>\n<\/tr>\n<tr>\n<td width=\"200\">2. Taille<\/td>\n<td width=\"481\">4&quot;<\/td>\n<\/tr>\n<tr>\n<td width=\"200\">4. Port<\/td>\n<td width=\"481\">Port complet<\/td>\n<\/tr>\n<tr>\n<td width=\"200\">5. Pression de travail<\/td>\n<td width=\"481\">150 livres<\/td>\n<\/tr>\n<tr>\n<td width=\"200\">6. Fin de la connexion<\/td>\n<td width=\"481\">RF<\/td>\n<\/tr>\n<tr>\n<td width=\"200\">7. Temp\u00e9rature de travail.<\/td>\n<td width=\"481\">-29~300\u00baC,<\/td>\n<\/tr>\n<tr>\n<td width=\"200\">8. Support appropri\u00e9<\/td>\n<td width=\"481\">Eau, gaz naturel, p\u00e9trole et certains liquides corrosifs<\/td>\n<\/tr>\n<tr>\n<td width=\"200\">9. Exploit\u00e9<\/td>\n<td width=\"481\">\/<\/td>\n<\/tr>\n<tr>\n<td width=\"200\">10. Inspection et tests<\/td>\n<td width=\"481\">Selon API594<\/td>\n<\/tr>\n<tr>\n<td width=\"200\"><strong>Exp\u00e9dition<\/strong><\/td>\n<td width=\"481\"><\/td>\n<\/tr>\n<tr>\n<td width=\"200\">D\u00e9lai de livraison<\/td>\n<td width=\"481\">30 jours<\/td>\n<\/tr>\n<tr>\n<td width=\"200\">Emballer<\/td>\n<td width=\"481\">Caisse en contreplaqu\u00e9 d&#039;exportation standard<\/td>\n<\/tr>\n<tr>\n<td width=\"200\">Port d&#039;exp\u00e9dition<\/td>\n<td width=\"481\">Ningbo\/Shanghai, Chine<\/td>\n<\/tr>\n<tr>\n<td width=\"200\">Conditions d&#039;exp\u00e9dition<\/td>\n<td width=\"481\">Exw, FOB, CFR, CIF, etc.<\/td>\n<\/tr>\n<tr>\n<td width=\"200\">Modalit\u00e9s de paiement<\/td>\n<td width=\"481\">T\/T, Western Union, PayPal, etc.<\/td>\n<\/tr>\n<tr>\n<td width=\"200\"><\/td>\n<td width=\"481\">Pr\u00e9paiement 30%, solde 70% pay\u00e9 avant l&#039;exp\u00e9dition<\/td>\n<\/tr>\n<tr>\n<td width=\"200\">Pays d&#039;origine<\/td>\n<td width=\"481\">Ville de Wenzhou, Chine<\/td>\n<\/tr>\n<tr>\n<td width=\"200\">Capacit\u00e9 de production<\/td>\n<td width=\"481\">6000 tonnes\/an<\/td>\n<\/tr>\n<tr>\n<td width=\"200\">MOQ<\/td>\n<td width=\"481\">1 pi\u00e8ces\/taille<\/td>\n<\/tr>\n<\/tbody>\n<\/table>","protected":false},"excerpt":{"rendered":"<p>Mod\u00e8le : H71H-150LB-1\u2033<\/p>\n<p>Notre mod\u00e8le de plaquette de clapet anti-retour \u00e0 disque \u00e0 ressort en acier inoxydable offre d&#039;excellentes capacit\u00e9s d&#039;\u00e9tanch\u00e9it\u00e9 pour les hautes et basses pressions\u00a0; Les applications \u00e0 usage g\u00e9n\u00e9ral, industrielles et CVC comprennent les installations d&#039;eau, de chauffage, de climatisation et les syst\u00e8mes d&#039;air comprim\u00e9. Une vanne \u00e0 ressort \u00e9conomique et peu encombrante avec corps en acier inoxydable et joint m\u00e9tallique.<\/p>\n<p>Install\u00e9 soit verticalement (vers le haut uniquement), soit horizontalement.<\/p>\n<p>&nbsp;<\/p>\n<p>STV Valve Technology Group Co., Ltd est un leader professionnel des clapets anti-retour \u00e0 disque en Chine, des clapets anti-retour \u00e0 double disque, des clapets anti-retour \u00e0 disque \u00e0 ressort, des clapets anti-retour \u00e0 disque \u00e0 ressort en acier inoxydable, des clapets anti-retour \u00e0 disque de plaquette, un fabricant de clapets anti-retour \u00e0 disque de plaquette de Chine, Clapet anti-retour \u00e0 disque en acier inoxydable \u00e0 mod\u00e8le de plaquette, clapets anti-retour \u00e0 disque de style plaquette, clapets anti-retour de type plaquette, fabricant de clapet anti-retour \u00e0 disque unique de type plaquette de haute qualit\u00e9 et \u00e0 prix comp\u00e9titif.<\/p>\n<p>Veuillez contacter notre sales@stvvalve.com pour d&#039;autres mat\u00e9riaux et d\u00e9tails.<\/p>\n<p>Feuille de dates\u00a0:<\/p>\n<p><a href=\"https:\/\/www.stvvalves.com\/wp-content\/uploads\/2018\/11\/stainless-steel-spring-disc-check-valve-drawing.pdf\">Clapet anti-retour \u00e0 disque \u00e0 ressort en acier inoxydable<\/a><\/p>","protected":false},"featured_media":4094,"template":"","meta":[],"product_brand":[],"product_cat":[46,84],"product_tag":[263,267,266,260,259,264,265,262,261,258],"class_list":{"0":"post-4088","1":"product","2":"type-product","3":"status-publish","4":"has-post-thumbnail","6":"product_cat-check-valves","7":"product_cat-wafer-check-valve","8":"product_tag-disc-check-valve","9":"product_tag-dual-disc-check-valves","10":"product_tag-spring-loaded-disc-type-check-valves","11":"product_tag-stainless-steel-spring-disc-check-valve","12":"product_tag-wafer-disc-check-valves","13":"product_tag-wafer-disc-check-valves-manufacturer-from-china","14":"product_tag-wafer-pattern-stainless-steel-disc-check-valve","15":"product_tag-wafer-style-disc-check-valves","16":"product_tag-wafer-type-check-valves","17":"product_tag-wafer-type-single-disc-lift-check-valve","19":"first","20":"instock","21":"shipping-taxable","22":"product-type-simple"},"_links":{"self":[{"href":"https:\/\/www.stvvalves.com\/fr\/wp-json\/wp\/v2\/product\/4088","targetHints":{"allow":["GET"]}}],"collection":[{"href":"https:\/\/www.stvvalves.com\/fr\/wp-json\/wp\/v2\/product"}],"about":[{"href":"https:\/\/www.stvvalves.com\/fr\/wp-json\/wp\/v2\/types\/product"}],"wp:featuredmedia":[{"embeddable":true,"href":"https:\/\/www.stvvalves.com\/fr\/wp-json\/wp\/v2\/media\/4094"}],"wp:attachment":[{"href":"https:\/\/www.stvvalves.com\/fr\/wp-json\/wp\/v2\/media?parent=4088"}],"wp:term":[{"taxonomy":"product_brand","embeddable":true,"href":"https:\/\/www.stvvalves.com\/fr\/wp-json\/wp\/v2\/product_brand?post=4088"},{"taxonomy":"product_cat","embeddable":true,"href":"https:\/\/www.stvvalves.com\/fr\/wp-json\/wp\/v2\/product_cat?post=4088"},{"taxonomy":"product_tag","embeddable":true,"href":"https:\/\/www.stvvalves.com\/fr\/wp-json\/wp\/v2\/product_tag?post=4088"}],"curies":[{"name":"wp","href":"https:\/\/api.w.org\/{rel}","templated":true}]}}