{"id":4112,"date":"2018-12-01T02:27:02","date_gmt":"2018-12-01T02:27:02","guid":{"rendered":"https:\/\/www.stvvalves.com\/?post_type=product&#038;p=4112"},"modified":"2025-02-17T18:18:40","modified_gmt":"2025-02-17T10:18:40","slug":"api-602-forged-steel-y-strainer-800lb","status":"publish","type":"product","link":"https:\/\/www.stvvalves.com\/fr\/products\/api-602-forged-steel-y-strainer-800lb\/","title":{"rendered":"Cr\u00e9pine en Y en acier forg\u00e9 API 602 800LB"},"content":{"rendered":"<p>1. Capot \u00e0 vis, capot \u00e0 boulon,<br \/>\nCapot soud\u00e9 bout \u00e0 bout<br \/>\n2. Port complet et port r\u00e9ducteur<br \/>\n3. Un chapeau filet\u00e9 et \u00e9tanche<br \/>\n4. Les mat\u00e9riaux sont conformes \u00e0 ANSI\/ASTM<\/p>\n<p>Norme : 1. Norme de conception : API602,BS5352<br \/>\n2. Norme de pression-temp\u00e9rature du mat\u00e9riau\u00a0:\u00a0ASME B16.34<br \/>\n3. Norme de dimension face \u00e0 face\u00a0: ASME B16.10<br \/>\n4. Norme de dimension de bride : ASME B16.5<br \/>\n5. Les extr\u00e9mit\u00e9s soud\u00e9es par douille sont conformes \u00e0 la norme ANSI B16.11.<br \/>\n6. Les extr\u00e9mit\u00e9s des vis sont conformes \u00e0 ANSI B1.20.1<br \/>\n7. Norme d&#039;inspection et de test\u00a0: API598<\/p>\n<p>&nbsp;<\/p>\n<p>Taille:1\/4\u2033~2\u201d<\/p>\n<p>Pression nominale\u00a0: classe 150-2500LB<\/p>\n<p>Mat\u00e9riau du corps\u00a0:ASTM A105, ASTM A182 LF2, ASTM A182 F11, ASTM A182 F22, ASTM A182 F51, ASTM A182 F91, ASTM A182 F304, ASTM A182 F316, ASTM A182 F304L, ASTM A182 F316L, etc.<\/p>\n<p>Connexion d&#039;extr\u00e9mit\u00e9\u00a0: NPT, BW, SW, RF, RTJ.<\/p>\n<p>Temp\u00e9rature de fonctionnement\u00a0: -29 \u2103 ~ 650 \u2103<\/p>\n<table>\n<tbody>\n<tr>\n<td width=\"200\"><strong>Nom du produit<\/strong><\/td>\n<td width=\"481\">Cr\u00e9pine en Y en acier forg\u00e9 API 602 800LB<\/td>\n<\/tr>\n<tr>\n<td width=\"200\">1. Mat\u00e9riel<\/td>\n<td width=\"481\">A105N<\/td>\n<\/tr>\n<tr>\n<td width=\"200\">2. Taille<\/td>\n<td width=\"481\">1&quot;<\/td>\n<\/tr>\n<tr>\n<td width=\"200\">4. Port<\/td>\n<td width=\"481\">\u00a0Port r\u00e9ducteur<\/td>\n<\/tr>\n<tr>\n<td width=\"200\">5. Pression de travail<\/td>\n<td width=\"481\">800 livres<\/td>\n<\/tr>\n<tr>\n<td width=\"200\">6. Fin de la connexion<\/td>\n<td width=\"481\">PC<\/td>\n<\/tr>\n<tr>\n<td width=\"200\">7. Temp\u00e9rature de travail.<\/td>\n<td width=\"481\">-29~425\u00baC,<\/td>\n<\/tr>\n<tr>\n<td width=\"200\">8. Support appropri\u00e9<\/td>\n<td width=\"481\">Eau, gaz naturel, p\u00e9trole et certains liquides corrosifs<\/td>\n<\/tr>\n<tr>\n<td width=\"200\">9. Exploit\u00e9<\/td>\n<td width=\"481\"><\/td>\n<\/tr>\n<tr>\n<td width=\"200\">10. Inspection et tests<\/td>\n<td width=\"481\">Selon API598<\/td>\n<\/tr>\n<tr>\n<td width=\"200\"><strong>Exp\u00e9dition<\/strong><\/td>\n<td width=\"481\"><\/td>\n<\/tr>\n<tr>\n<td width=\"200\">D\u00e9lai de livraison<\/td>\n<td width=\"481\">30 jours<\/td>\n<\/tr>\n<tr>\n<td width=\"200\">Emballer<\/td>\n<td width=\"481\">Caisse en contreplaqu\u00e9 d&#039;exportation standard<\/td>\n<\/tr>\n<tr>\n<td width=\"200\">Port d&#039;exp\u00e9dition<\/td>\n<td width=\"481\">Ningbo\/Shanghai, Chine<\/td>\n<\/tr>\n<tr>\n<td width=\"200\">Conditions d&#039;exp\u00e9dition<\/td>\n<td width=\"481\">Exw, FOB, CFR, CIF, etc.<\/td>\n<\/tr>\n<tr>\n<td width=\"200\">Modalit\u00e9s de paiement<\/td>\n<td width=\"481\">T\/T, Western Union, PayPal, etc.<\/td>\n<\/tr>\n<tr>\n<td width=\"200\"><\/td>\n<td width=\"481\">Pr\u00e9paiement 30%, solde 70% pay\u00e9 avant l&#039;exp\u00e9dition<\/td>\n<\/tr>\n<tr>\n<td width=\"200\">Pays d&#039;origine<\/td>\n<td width=\"481\">Ville de Wenzhou, Chine<\/td>\n<\/tr>\n<tr>\n<td width=\"200\">Capacit\u00e9 de production<\/td>\n<td width=\"481\">6000 tonnes\/an<\/td>\n<\/tr>\n<tr>\n<td width=\"200\">MOQ<\/td>\n<td width=\"481\">1 pi\u00e8ces\/taille<\/td>\n<\/tr>\n<\/tbody>\n<\/table>","protected":false},"excerpt":{"rendered":"<p>Mod\u00e8le\u00a0: FGL11H-800LB<br \/>\nLa cr\u00e9pine en acier forg\u00e9 de classe 800 est utilis\u00e9e pour prot\u00e9ger les \u00e9quipements co\u00fbteux install\u00e9s dans un pipeline contre la salet\u00e9, les d\u00e9bris et les particules. Avoir un capot boulonn\u00e9 qui assure la s\u00e9curit\u00e9 associ\u00e9 \u00e0 un retrait facile du tamis fin standard qui fournit une filtration efficace jusqu&#039;\u00e0 20 mailles (920 \u03bcm ou 0,037&quot;).<br \/>\nDisponible en acier forg\u00e9 et conforme aux normes API 602 et ASME B16.34. Propos\u00e9 dans divers raccords d&#039;extr\u00e9mit\u00e9 pour une utilisation avec une large gamme d&#039;applications, notamment\u00a0: vapeur, huile thermique, air, gaz et eau.<\/p>\n<p>Taille : 1\/4&quot;~2&quot; (DN7~DN50)<\/p>\n<p>Note : 150 lb ~ 2 500 lb (PN100 ~ PN420).<\/p>\n<p>Mat\u00e9riaux\u00a0: acier au carbone forg\u00e9\/acier inoxydable\/acier alli\u00e9\/acier alli\u00e9 sp\u00e9cial (Monel\/Inconel\/Hastelly etc.)\/Albronze<\/p>\n<p>Connexion d&#039;extr\u00e9mit\u00e9\u00a0: RF\/RTJ\/BW\/ SW\/Thread<\/p>\n<p>Type de capot\u00a0: capot \u00e0 boulons, capot \u00e0 souder, capot \u00e0 joint sous pression.<\/p>\n<p>Caract\u00e9ristiques optionnelles :<\/p>\n<p>Bouchon de vidange<\/p>\n<p>\u00c9cran en acier inoxydable<\/p>\n<p>&nbsp;<\/p>\n<p>STV Valve Technology Group Co., Ltd est un leader professionnel en Chine Cr\u00e9pine en Y en acier inoxydable forg\u00e9, cr\u00e9pine \u00e0 couvercle soud\u00e9 de type Y en acier forg\u00e9 de classe 2500, cr\u00e9pine de type Y en acier forg\u00e9, cr\u00e9pine de type Y en acier forg\u00e9 classe 800, type Y en acier forg\u00e9 Cr\u00e9pines, cr\u00e9pine \u00e0 motif Y en acier forg\u00e9, extr\u00e9mit\u00e9 NPT ou BW, cr\u00e9pines et filtres de type Y, fabricant de cr\u00e9pine de type Y de haute qualit\u00e9 et prix comp\u00e9titif.<\/p>\n<p>Veuillez contacter notre sales@stvvalve.com pour d&#039;autres mat\u00e9riaux et d\u00e9tails.<\/p>\n<p>Feuille de dates\u00a0:<br \/>\n<a href=\"http:\/\/api-602-forged-steel-y-strainer-800lb-DRAWING\">Cr\u00e9pine en Y en acier forg\u00e9 API 602 800LB<\/a><\/p>","protected":false},"featured_media":4123,"template":"","meta":[],"product_brand":[],"product_cat":[964,48],"product_tag":[288,283,284,280,282,281,286,285,287,236],"class_list":{"0":"post-4112","1":"product","2":"type-product","3":"status-publish","4":"has-post-thumbnail","6":"product_cat-forged-steel-y-type-strainer","7":"product_cat-y-strainer","8":"product_tag-forged-stainless-steel-y-strainer","9":"product_tag-forged-steel-class-2500-y-type-welded-cover-strainer","10":"product_tag-forged-steel-y-type-strainer","11":"product_tag-forged-steel-y-type-strainer-class-800","12":"product_tag-forged-steel-y-type-strainers","13":"product_tag-forged-steel-y-pattern-strainer","14":"product_tag-npt-or-bw-end","15":"product_tag-sw","16":"product_tag-y-type-strainers-and-filters","17":"product_tag-y-type-strainer","19":"first","20":"instock","21":"shipping-taxable","22":"product-type-simple"},"_links":{"self":[{"href":"https:\/\/www.stvvalves.com\/fr\/wp-json\/wp\/v2\/product\/4112","targetHints":{"allow":["GET"]}}],"collection":[{"href":"https:\/\/www.stvvalves.com\/fr\/wp-json\/wp\/v2\/product"}],"about":[{"href":"https:\/\/www.stvvalves.com\/fr\/wp-json\/wp\/v2\/types\/product"}],"wp:featuredmedia":[{"embeddable":true,"href":"https:\/\/www.stvvalves.com\/fr\/wp-json\/wp\/v2\/media\/4123"}],"wp:attachment":[{"href":"https:\/\/www.stvvalves.com\/fr\/wp-json\/wp\/v2\/media?parent=4112"}],"wp:term":[{"taxonomy":"product_brand","embeddable":true,"href":"https:\/\/www.stvvalves.com\/fr\/wp-json\/wp\/v2\/product_brand?post=4112"},{"taxonomy":"product_cat","embeddable":true,"href":"https:\/\/www.stvvalves.com\/fr\/wp-json\/wp\/v2\/product_cat?post=4112"},{"taxonomy":"product_tag","embeddable":true,"href":"https:\/\/www.stvvalves.com\/fr\/wp-json\/wp\/v2\/product_tag?post=4112"}],"curies":[{"name":"wp","href":"https:\/\/api.w.org\/{rel}","templated":true}]}}