{"id":4124,"date":"2018-12-01T03:46:27","date_gmt":"2018-12-01T03:46:27","guid":{"rendered":"https:\/\/www.stvvalves.com\/?post_type=product&#038;p=4124"},"modified":"2025-02-17T18:18:38","modified_gmt":"2025-02-17T10:18:38","slug":"forged-stainless-steel-y-strainer","status":"publish","type":"product","link":"https:\/\/www.stvvalves.com\/fr\/products\/forged-stainless-steel-y-strainer\/","title":{"rendered":"Cr\u00e9pine en Y en acier inoxydable forg\u00e9"},"content":{"rendered":"<p><img loading=\"lazy\" decoding=\"async\" class=\"alignnone size-full wp-image-4132\" src=\"https:\/\/www.stvvalves.com\/wp-content\/uploads\/2018\/12\/forged-stainless-steel-y-strainer-drawing.jpg\" alt=\"\" width=\"2338\" height=\"1653\" srcset=\"https:\/\/www.stvvalves.com\/wp-content\/uploads\/2018\/12\/forged-stainless-steel-y-strainer-drawing.jpg 2338w, https:\/\/www.stvvalves.com\/wp-content\/uploads\/2018\/12\/forged-stainless-steel-y-strainer-drawing-600x424.jpg 600w, https:\/\/www.stvvalves.com\/wp-content\/uploads\/2018\/12\/forged-stainless-steel-y-strainer-drawing-300x212.jpg 300w, https:\/\/www.stvvalves.com\/wp-content\/uploads\/2018\/12\/forged-stainless-steel-y-strainer-drawing-768x543.jpg 768w, https:\/\/www.stvvalves.com\/wp-content\/uploads\/2018\/12\/forged-stainless-steel-y-strainer-drawing-1030x728.jpg 1030w, https:\/\/www.stvvalves.com\/wp-content\/uploads\/2018\/12\/forged-stainless-steel-y-strainer-drawing-1500x1061.jpg 1500w, https:\/\/www.stvvalves.com\/wp-content\/uploads\/2018\/12\/forged-stainless-steel-y-strainer-drawing-260x185.jpg 260w, https:\/\/www.stvvalves.com\/wp-content\/uploads\/2018\/12\/forged-stainless-steel-y-strainer-drawing-705x498.jpg 705w\" sizes=\"auto, (max-width: 2338px) 100vw, 2338px\" \/><\/p>","protected":false},"excerpt":{"rendered":"<p>Mod\u00e8le\u00a0:\u00a0FSGL11Y-800LB<\/p>\n<p>Nous avons mis \u00e0 la disposition de nos clients estim\u00e9s une large gamme de cr\u00e9pines en Y en acier inoxydable forg\u00e9. Notre gamme propos\u00e9e est utilis\u00e9e pour filtrer les particules de sable, les produits chimiques et autres impuret\u00e9s de l&#039;eau. Les professionnels travaillant avec nous fabriquent ces cr\u00e9pines en utilisant des mat\u00e9riaux de haute qualit\u00e9 provenant de fournisseurs fiables du march\u00e9.<br \/>\nPrincipales caract\u00e9ristiques<br \/>\nCapuchon boulonn\u00e9<br \/>\nEn option\u00a0: capuchon soud\u00e9, capuchon \u00e0 pression scell\u00e9.<br \/>\n\u00c9crans simples ou doubles<br \/>\nFabrication et Conception : API6D \/ API594<br \/>\nTest hydrostatique : Shell 3000 PSI \/ Seat 2200 PSI<br \/>\nTest d&#039;air : 80 \u2013 100 PSI<br \/>\nUne conception compacte mais extr\u00eamement robuste pour un service \u00e0 haute pression et temp\u00e9rature<br \/>\nInspection et test\u00a0: API 598<br \/>\nMat\u00e9riau de la vanne\u00a0: ASTM A105, A182<br \/>\nF304\/F316\/F11\/F22\/F304L\/F316L<br \/>\nValeur nominale de la vanne\u00a0: 150LB-2500LB<br \/>\nTaille du port\u00a0: port complet\/port standard<br \/>\nGamme de tailles : 1\/2\u2033 \u2013 2\u2033<br \/>\nConnexions d&#039;extr\u00e9mit\u00e9\u00a0: filet\u00e9es (NPT, BSPT, DIN), douille \u00e0 souder<br \/>\nTemp\u00e9rature de fonctionnement\u00a0: (A105) -20\u00b0F ~ 800\u00b0F, (SS) -20\u00b0F ~ 950\u00b0F<br \/>\nApplication de service\u00a0: hydraulique, vapeur, produit chimique, p\u00e9trole\/gaz<br \/>\n\u00c9nergie, p\u00e9trochimie, marine, exploitation mini\u00e8re, construction<\/p>\n<p>STV Valve Technology Group Co., Ltd est un leader professionnel Chine API Y-Strainer Cr\u00e9pine en Y en acier moul\u00e9, cr\u00e9pine de type Y, cr\u00e9pine DIN, cr\u00e9pines en acier forg\u00e9, cr\u00e9pine en Y en acier forg\u00e9, cr\u00e9pines en Y en acier inoxydable, catalogue de cr\u00e9pines, cr\u00e9pine Fabricant de vanne de type Y de haute qualit\u00e9 et \u00e0 prix comp\u00e9titif.<\/p>\n<p>Veuillez contacter notre sales@stvvalve.com pour d&#039;autres mat\u00e9riaux et d\u00e9tails.<\/p>\n<p>Feuille de dates\u00a0:<br \/>\n<a href=\"https:\/\/www.stvvalves.com\/wp-content\/uploads\/2018\/12\/forged-stainless-steel-y-strainer-drawing.pdf\">Cr\u00e9pine en Y en acier inoxydable forg\u00e9<\/a><\/p>","protected":false},"featured_media":4129,"template":"","meta":[],"product_brand":[],"product_cat":[964,48],"product_tag":[1023,296,291,1024,290,293,1025,236],"class_list":{"0":"post-4124","1":"product","2":"type-product","3":"status-publish","4":"has-post-thumbnail","6":"product_cat-forged-steel-y-type-strainer","7":"product_cat-y-strainer","8":"product_tag-api-y-strainer-cast-steel-y-strainer","9":"product_tag-din-strainer","10":"product_tag-forged-steel-strainers","11":"product_tag-forged-steel-y-strainer","12":"product_tag-stainless-steel-y-strainers","13":"product_tag-strainer-catalog","14":"product_tag-strainer-valve-y-type","15":"product_tag-y-type-strainer","17":"first","18":"instock","19":"shipping-taxable","20":"product-type-simple"},"_links":{"self":[{"href":"https:\/\/www.stvvalves.com\/fr\/wp-json\/wp\/v2\/product\/4124","targetHints":{"allow":["GET"]}}],"collection":[{"href":"https:\/\/www.stvvalves.com\/fr\/wp-json\/wp\/v2\/product"}],"about":[{"href":"https:\/\/www.stvvalves.com\/fr\/wp-json\/wp\/v2\/types\/product"}],"wp:featuredmedia":[{"embeddable":true,"href":"https:\/\/www.stvvalves.com\/fr\/wp-json\/wp\/v2\/media\/4129"}],"wp:attachment":[{"href":"https:\/\/www.stvvalves.com\/fr\/wp-json\/wp\/v2\/media?parent=4124"}],"wp:term":[{"taxonomy":"product_brand","embeddable":true,"href":"https:\/\/www.stvvalves.com\/fr\/wp-json\/wp\/v2\/product_brand?post=4124"},{"taxonomy":"product_cat","embeddable":true,"href":"https:\/\/www.stvvalves.com\/fr\/wp-json\/wp\/v2\/product_cat?post=4124"},{"taxonomy":"product_tag","embeddable":true,"href":"https:\/\/www.stvvalves.com\/fr\/wp-json\/wp\/v2\/product_tag?post=4124"}],"curies":[{"name":"wp","href":"https:\/\/api.w.org\/{rel}","templated":true}]}}