{"id":4147,"date":"2018-12-04T05:44:29","date_gmt":"2018-12-04T05:44:29","guid":{"rendered":"https:\/\/www.stvvalves.com\/?post_type=product&#038;p=4147"},"modified":"2025-02-18T14:16:47","modified_gmt":"2025-02-18T06:16:47","slug":"screw-end-stainless-steel-foot-valve","status":"publish","type":"product","link":"https:\/\/www.stvvalves.com\/fr\/products\/screw-end-stainless-steel-foot-valve\/","title":{"rendered":"Clapet de pied en acier inoxydable \u00e0 extr\u00e9mit\u00e9 \u00e0 vis"},"content":{"rendered":"<p><img loading=\"lazy\" decoding=\"async\" class=\"alignnone size-full wp-image-4148\" src=\"https:\/\/www.stvvalves.com\/wp-content\/uploads\/2018\/12\/Screwed-Stainless-Steel-Foot-Valve-drawing.jpg\" alt=\"\" width=\"1653\" height=\"2338\" srcset=\"https:\/\/www.stvvalves.com\/wp-content\/uploads\/2018\/12\/Screwed-Stainless-Steel-Foot-Valve-drawing.jpg 1653w, https:\/\/www.stvvalves.com\/wp-content\/uploads\/2018\/12\/Screwed-Stainless-Steel-Foot-Valve-drawing-600x849.jpg 600w, https:\/\/www.stvvalves.com\/wp-content\/uploads\/2018\/12\/Screwed-Stainless-Steel-Foot-Valve-drawing-212x300.jpg 212w, https:\/\/www.stvvalves.com\/wp-content\/uploads\/2018\/12\/Screwed-Stainless-Steel-Foot-Valve-drawing-768x1086.jpg 768w, https:\/\/www.stvvalves.com\/wp-content\/uploads\/2018\/12\/Screwed-Stainless-Steel-Foot-Valve-drawing-728x1030.jpg 728w, https:\/\/www.stvvalves.com\/wp-content\/uploads\/2018\/12\/Screwed-Stainless-Steel-Foot-Valve-drawing-1061x1500.jpg 1061w, https:\/\/www.stvvalves.com\/wp-content\/uploads\/2018\/12\/Screwed-Stainless-Steel-Foot-Valve-drawing-498x705.jpg 498w\" sizes=\"auto, (max-width: 1653px) 100vw, 1653px\" \/><\/p>","protected":false},"excerpt":{"rendered":"<p>Clapet de pied en acier inoxydable \u00e0 extr\u00e9mit\u00e9 \u00e0 vis<\/p>\n<p>Le clapet de pied est un type sp\u00e9cial de clapet anti-retour dot\u00e9 d&#039;une cr\u00e9pine int\u00e9gr\u00e9e. Il est install\u00e9 du c\u00f4t\u00e9 admission d&#039;un tuyau d&#039;aspiration et d&#039;une pompe. Son but est d&#039;\u00e9viter la perte d&#039;amor\u00e7age lorsque la source de liquide (puits humide) est plus basse. que la pompe. L&#039;amor\u00e7age est con\u00e7u comme la charge de liquide n\u00e9cessaire pour commencer l&#039;action de pompage et l&#039;amor\u00e7age est le processus de remplissage de la pompe et du tuyau d&#039;aspiration avec du liquide. La partie clapet anti-retour du clapet de pied s&#039;ouvre lorsque la pompe d\u00e9marre pour permettre au liquide d&#039;entrer le tuyau d&#039;aspiration et la pompe. Lorsque la pompe s&#039;arr\u00eate, les clapets anti-retour se ferment et emp\u00eachent le liquide de se vider. Ainsi, le clapet de pied \u00e9limine le besoin d&#039;amorcer la pompe \u00e0 chaque d\u00e9marrage. Le composant cr\u00e9pine du clapet de pied aide \u00e0 \u00e9liminer les d\u00e9bris ind\u00e9sirables. du liquide qui pourrait endommager la pompe.<br \/>\nNos clapets de pied emp\u00eachent la colonne de pompe de se vider lors de l&#039;arr\u00eat de la pompe. Silencieuse pendant le fonctionnement et normalement ferm\u00e9e, la vanne est dot\u00e9e d&#039;un disque guid\u00e9 au centre avec un si\u00e8ge en Buna-N pour assurer une \u00e9tanch\u00e9it\u00e9 parfaite.<\/p>\n<p>Caract\u00e9ristique cl\u00e9:<\/p>\n<p>\u2022 Le si\u00e8ge r\u00e9silient permet une fermeture positive<br \/>\n\u2022 Zone \u00e0 plein d\u00e9bit<br \/>\n\u2022 Construction robuste pour une longue dur\u00e9e de vie. Mat\u00e9riaux standard<br \/>\n\u2022 Corps en acier inoxydable \u2022 Disque et bague de si\u00e8ge<br \/>\n\u2022 Ressort et grille d&#039;entr\u00e9e en acier inoxydable<br \/>\n\u2022 Si\u00e8ge \u00e9lastique Buna-N<br \/>\n\u2022BSPT,BSPP,NPT-F<\/p>\n<p>STV Valve Technology Group Co., Ltd est un leader professionnel en Chine Clapet anti-retour Clapet de pied viss\u00e9, Clapet de pied, Clapet de pied en acier inoxydable \u00e0 extr\u00e9mit\u00e9 \u00e0 vis, Clapet de pied en acier inoxydable \u00e0 bride et extr\u00e9mit\u00e9 \u00e0 vis, Fabricant de clapets de pied filet\u00e9s en Chine de haute qualit\u00e9 et \u00e0 prix comp\u00e9titif. .<\/p>\n<p>Veuillez contacter notre sales@stvvalve.com pour d&#039;autres mat\u00e9riaux et d\u00e9tails.<\/p>\n<p>Feuille de dates\u00a0:<br \/>\n<a href=\"https:\/\/www.stvvalves.com\/wp-content\/uploads\/2018\/12\/Screwed-Stainless-Steel-Foot-Valve-drawing.pdf\">Clapet de pied en acier inoxydable \u00e0 extr\u00e9mit\u00e9 \u00e0 vis<\/a><\/p>\n<p>&nbsp;<\/p>","protected":false},"featured_media":4149,"template":"","meta":[],"product_brand":[],"product_cat":[46,67],"product_tag":[312,241,310,244,311,313],"class_list":{"0":"post-4147","1":"product","2":"type-product","3":"status-publish","4":"has-post-thumbnail","6":"product_cat-check-valves","7":"product_cat-stainless-steel-check-valve","8":"product_tag-check-valve-screwed-foot-valve","9":"product_tag-foot-valve","10":"product_tag-screw-end-stainless-steel-foot-valve","11":"product_tag-stainless-steel-foot-valve","12":"product_tag-stainless-steel-foot-valve-flanged-end-screw-end","13":"product_tag-threaded-foot-valves","15":"first","16":"instock","17":"shipping-taxable","18":"product-type-simple"},"_links":{"self":[{"href":"https:\/\/www.stvvalves.com\/fr\/wp-json\/wp\/v2\/product\/4147","targetHints":{"allow":["GET"]}}],"collection":[{"href":"https:\/\/www.stvvalves.com\/fr\/wp-json\/wp\/v2\/product"}],"about":[{"href":"https:\/\/www.stvvalves.com\/fr\/wp-json\/wp\/v2\/types\/product"}],"wp:featuredmedia":[{"embeddable":true,"href":"https:\/\/www.stvvalves.com\/fr\/wp-json\/wp\/v2\/media\/4149"}],"wp:attachment":[{"href":"https:\/\/www.stvvalves.com\/fr\/wp-json\/wp\/v2\/media?parent=4147"}],"wp:term":[{"taxonomy":"product_brand","embeddable":true,"href":"https:\/\/www.stvvalves.com\/fr\/wp-json\/wp\/v2\/product_brand?post=4147"},{"taxonomy":"product_cat","embeddable":true,"href":"https:\/\/www.stvvalves.com\/fr\/wp-json\/wp\/v2\/product_cat?post=4147"},{"taxonomy":"product_tag","embeddable":true,"href":"https:\/\/www.stvvalves.com\/fr\/wp-json\/wp\/v2\/product_tag?post=4147"}],"curies":[{"name":"wp","href":"https:\/\/api.w.org\/{rel}","templated":true}]}}