{"id":4160,"date":"2018-12-05T15:31:22","date_gmt":"2018-12-05T15:31:22","guid":{"rendered":"https:\/\/www.stvvalves.com\/?post_type=product&#038;p=4160"},"modified":"2025-02-18T14:16:46","modified_gmt":"2025-02-18T06:16:46","slug":"high-pressure-power-station-2500lb-globe-valve","status":"publish","type":"product","link":"https:\/\/www.stvvalves.com\/fr\/products\/high-pressure-power-station-2500lb-globe-valve\/","title":{"rendered":"Vanne \u00e0 soupape haute pression de la centrale \u00e9lectrique 2500LB"},"content":{"rendered":"<p>Norme de r\u00e9f\u00e9rence produit\u00a0:<\/p>\n<p>Conception et fabrication : B16.34 E101 ANSI<\/p>\n<p>Longueur de la structure\u00a0: B16.10 E101 ANSI<\/p>\n<p>Indice de temp\u00e9rature de pression\u00a0: B16.34 E101 ANSI<\/p>\n<p>Exp\u00e9rience et test\u00a0: E101 API598<\/p>\n<p>Taille:2\u2033~60\u201d<\/p>\n<p>Pression nominale\u00a0: classe 150-2500LB<\/p>\n<p>Mat\u00e9riau du corps\u00a0:\u00a0ASTM A216 WCB, A217 WC6, A351 CF8, A351 CF8M,<\/p>\n<p>A351 CF3,A351 CF3M,A351 CN7M etc.<\/p>\n<p>Connexion finale\u00a0: RF, RTJ, BW<\/p>\n<p>Temp\u00e9rature de fonctionnement\u00a0: -29 \u2103 ~ 650 \u2103<\/p>\n<p>Fonctionnement : volant, bo\u00eete de vitesses, \u00e9lectrique, etc.<\/p>\n<table>\n<tbody>\n<tr>\n<td width=\"200\"><strong>Nom du produit<\/strong><\/td>\n<td width=\"481\">Vanne \u00e0 soupape haute pression de la centrale \u00e9lectrique 2500LB<\/td>\n<\/tr>\n<tr>\n<td width=\"200\">1. Mat\u00e9riel<\/td>\n<td width=\"481\">WCB<\/td>\n<\/tr>\n<tr>\n<td width=\"200\">2. Taille<\/td>\n<td width=\"481\">6&quot;<\/td>\n<\/tr>\n<tr>\n<td width=\"200\">4. Port<\/td>\n<td width=\"481\">Port complet<\/td>\n<\/tr>\n<tr>\n<td width=\"200\">5. Pression de travail<\/td>\n<td width=\"481\">2500 lb<\/td>\n<\/tr>\n<tr>\n<td width=\"200\">6. Fin de la connexion<\/td>\n<td width=\"481\">RF<\/td>\n<\/tr>\n<tr>\n<td width=\"200\">7. Temp\u00e9rature de travail.<\/td>\n<td width=\"481\">-29~425\u00baC,<\/td>\n<\/tr>\n<tr>\n<td width=\"200\">8. Support appropri\u00e9<\/td>\n<td width=\"481\">Eau, gaz naturel, p\u00e9trole et certains liquides corrosifs<\/td>\n<\/tr>\n<tr>\n<td width=\"200\">9. Exploit\u00e9<\/td>\n<td width=\"481\">Bo\u00eete de vitesses<\/td>\n<\/tr>\n<tr>\n<td width=\"200\">10. Inspection et tests<\/td>\n<td width=\"481\">Selon API598<\/td>\n<\/tr>\n<tr>\n<td width=\"200\"><strong>Exp\u00e9dition<\/strong><\/td>\n<td width=\"481\"><\/td>\n<\/tr>\n<tr>\n<td width=\"200\">D\u00e9lai de livraison<\/td>\n<td width=\"481\">30 jours<\/td>\n<\/tr>\n<tr>\n<td width=\"200\">Emballer<\/td>\n<td width=\"481\">Caisse en contreplaqu\u00e9 d&#039;exportation standard<\/td>\n<\/tr>\n<tr>\n<td width=\"200\">Port d&#039;exp\u00e9dition<\/td>\n<td width=\"481\">Ningbo\/Shanghai, Chine<\/td>\n<\/tr>\n<tr>\n<td width=\"200\">Conditions d&#039;exp\u00e9dition<\/td>\n<td width=\"481\">Exw, FOB, CFR, CIF, etc.<\/td>\n<\/tr>\n<tr>\n<td width=\"200\">Modalit\u00e9s de paiement<\/td>\n<td width=\"481\">T\/T, Western Union, PayPal, etc.<\/td>\n<\/tr>\n<tr>\n<td width=\"200\"><\/td>\n<td width=\"481\">Pr\u00e9paiement 30%, solde 70% pay\u00e9 avant l&#039;exp\u00e9dition<\/td>\n<\/tr>\n<tr>\n<td width=\"200\">Pays d&#039;origine<\/td>\n<td width=\"481\">Ville de Wenzhou, Chine<\/td>\n<\/tr>\n<tr>\n<td width=\"200\">Capacit\u00e9 de production<\/td>\n<td width=\"481\">6000 tonnes\/an<\/td>\n<\/tr>\n<tr>\n<td width=\"200\">MOQ<\/td>\n<td width=\"481\">1 pi\u00e8ces\/taille<\/td>\n<\/tr>\n<\/tbody>\n<\/table>","protected":false},"excerpt":{"rendered":"<p>Mod\u00e8le\u00a0: J561Y-2500LB-6<br \/>\nNotre vanne \u00e0 soupape pour centrale \u00e9lectrique haute pression de 2 500 LB est largement utilis\u00e9e dans les conditions de travail \u00e0 haute pression et haute temp\u00e9rature dans les centrales \u00e9lectriques. La vanne de centrale \u00e9lectrique haute temp\u00e9rature et haute pression convient \u00e0 la classe 1500 ANSI ~ 2500 Lb, la temp\u00e9rature de fonctionnement de -29 ~ 570 C du centrales p\u00e9troli\u00e8res, chimiques, thermiques et autres conditions de fonctionnement du pipeline, coup\u00e9 ou connect\u00e9 au m\u00e9dia. Milieu applicable\u00a0: eau, vapeur, etc. Les m\u00e9thodes de fonctionnement sont\u00a0: manuelle, \u00e0 engrenages, \u00e9lectrique, etc.<\/p>\n<p>Norme de r\u00e9f\u00e9rence produit\u00a0:<\/p>\n<p>Conception et fabrication : B16.34 E101 ANSI<\/p>\n<p>Longueur de la structure\u00a0: B16.10 E101 ANSI<\/p>\n<p>Indice de temp\u00e9rature de pression\u00a0: B16.34 E101 ANSI<\/p>\n<p>Exp\u00e9rience et test\u00a0: E101 API598<\/p>\n<p>Caract\u00e9ristiques de la structure du produit\u00a0:<\/p>\n<p>1 conception et fabrication de produits selon la norme E101, ANSIB16.34, peuvent \u00eatre \u00e9quip\u00e9es de l&#039;utilisation d&#039;\u00e9quipements import\u00e9s.<\/p>\n<p>2 valves dans la cavit\u00e9 avec une structure d&#039;\u00e9tanch\u00e9it\u00e9 auto-\u00e9tanche, plus la pression interne est \u00e9lev\u00e9e, meilleures sont les performances d&#039;\u00e9tanch\u00e9it\u00e9.<\/p>\n<p>3 Surface d&#039;\u00e9tanch\u00e9it\u00e9 du clapet de soupape et du si\u00e8ge de soupape avec rev\u00eatement en alliage \u00e0 base de cobalt Stellite Stellite et surface d&#039;\u00e9tanch\u00e9it\u00e9<\/p>\n<p>Profondeur de remplissage du couvercle de soupape \u00e0 4 soupapes raisonnable, remplissage et inhibiteur, \u00e9tanch\u00e9it\u00e9 fiable, interrupteur lisse.<\/p>\n<p>5 vannes avec la structure pour garantir que la vanne est ouverte pour fonctionner sans fuite de la tige de vanne.<\/p>\n<p>6, l&#039;ouverture et la fermeture de la vanne de coupure \u00e9lectrique sont contr\u00f4l\u00e9es par le dispositif \u00e9lectrique, et le dispositif \u00e9lectrique est respectivement \u00e9quip\u00e9 d&#039;un moteur sp\u00e9cial, d&#039;un r\u00e9ducteur de vitesse, d&#039;un m\u00e9canisme de contr\u00f4le de couple, d&#039;un m\u00e9canisme de commande sur le terrain, d&#039;une main et d&#039;un \u00e9lectrique m\u00e9canisme de commutation. En plus du fonctionnement local, mais \u00e9galement du fonctionnement \u00e0 distance.<\/p>\n<p>STV Valve Technology Group Co., Ltd est un leader professionnel des vannes \u00e0 soupape en Chine de 2 500 lb, des fabricants de vannes \u00e0 soupape \u00e0 haute temp\u00e9rature et haute pression en Chine, des vannes \u00e0 soupape de centrale \u00e9lectrique en Chine, des vannes d&#039;arr\u00eat de centrale \u00e9lectrique \u00e0 haute temp\u00e9rature et haute pression, des vannes \u00e0 soupape \u00e0 joint de pression, des vannes \u00e0 soupape WC9 de 2 500 lb Vanne, fabricant de vannes \u00e0 soupape WC6 de 2500 LB de haute qualit\u00e9 et \u00e0 prix comp\u00e9titif.<\/p>\n<p>Veuillez contacter notre sales@stvvalve.com pour d&#039;autres mat\u00e9riaux et d\u00e9tails.<\/p>\n<p>Feuille de dates\u00a0:<br \/>\n<a href=\"https:\/\/www.stvvalves.com\/wp-content\/uploads\/2018\/12\/High-Pressure-Power-Station-2500LB-Globe-Valve-Drawing.pdf\">Vanne \u00e0 soupape haute pression de la centrale \u00e9lectrique 2500LB<\/a><\/p>","protected":false},"featured_media":4163,"template":"","meta":[],"product_brand":[],"product_cat":[63,45],"product_tag":[210,1013,1012,320,319,318,321],"class_list":{"0":"post-4160","1":"product","2":"type-product","3":"status-publish","4":"has-post-thumbnail","6":"product_cat-cast-steel-globe-valve","7":"product_cat-globe-valve","8":"product_tag-2500lb-globe-valve","9":"product_tag-2500lb-wc6-globe-valve","10":"product_tag-2500lb-wc9-globe-valve","11":"product_tag-china-high-temperature-high-pressure-globe-valve-manufacturers","12":"product_tag-china-power-station-globe-valve","13":"product_tag-high-temperature-and-high-pressure-power-station-stop-valve","14":"product_tag-pressure-seal-globe-valve","16":"first","17":"instock","18":"shipping-taxable","19":"product-type-simple"},"_links":{"self":[{"href":"https:\/\/www.stvvalves.com\/fr\/wp-json\/wp\/v2\/product\/4160","targetHints":{"allow":["GET"]}}],"collection":[{"href":"https:\/\/www.stvvalves.com\/fr\/wp-json\/wp\/v2\/product"}],"about":[{"href":"https:\/\/www.stvvalves.com\/fr\/wp-json\/wp\/v2\/types\/product"}],"wp:featuredmedia":[{"embeddable":true,"href":"https:\/\/www.stvvalves.com\/fr\/wp-json\/wp\/v2\/media\/4163"}],"wp:attachment":[{"href":"https:\/\/www.stvvalves.com\/fr\/wp-json\/wp\/v2\/media?parent=4160"}],"wp:term":[{"taxonomy":"product_brand","embeddable":true,"href":"https:\/\/www.stvvalves.com\/fr\/wp-json\/wp\/v2\/product_brand?post=4160"},{"taxonomy":"product_cat","embeddable":true,"href":"https:\/\/www.stvvalves.com\/fr\/wp-json\/wp\/v2\/product_cat?post=4160"},{"taxonomy":"product_tag","embeddable":true,"href":"https:\/\/www.stvvalves.com\/fr\/wp-json\/wp\/v2\/product_tag?post=4160"}],"curies":[{"name":"wp","href":"https:\/\/api.w.org\/{rel}","templated":true}]}}