{"id":4165,"date":"2018-12-05T16:14:27","date_gmt":"2018-12-05T16:14:27","guid":{"rendered":"https:\/\/www.stvvalves.com\/?post_type=product&#038;p=4165"},"modified":"2025-02-18T14:16:45","modified_gmt":"2025-02-18T06:16:45","slug":"150lb-cast-steel-flange-globe-valve","status":"publish","type":"product","link":"https:\/\/www.stvvalves.com\/fr\/products\/150lb-cast-steel-flange-globe-valve\/","title":{"rendered":"Robinet \u00e0 soupape \u00e0 bride en acier moul\u00e9 de 150 lb"},"content":{"rendered":"<p>Conception selon ASME B16.34<br \/>\nFace \u00e0 face\/de bout en bout\u00a0: ASME B16.10<br \/>\nDimensions de la bride\u00a0: ASME B16.5<br \/>\nExtr\u00e9mit\u00e9 \u00e0 souder\u00a0: ASME B.16.25<br \/>\nConception de base\u00a0: BS 1873<br \/>\nTest selon API 598<\/p>\n<p>Taille:2\u2033~60\u201d<\/p>\n<p>Pression nominale\u00a0: classe 150-2500LB<\/p>\n<p>Mat\u00e9riau du corps\u00a0:\u00a0ASTM A216 WCB, A217 WC6, A351 CF8, A351 CF8M,<\/p>\n<p>A351 CF3,A351 CF3M,A351 CN7M etc.<\/p>\n<p>Connexion finale\u00a0: RF, RTJ, BW<\/p>\n<p>Temp\u00e9rature de fonctionnement\u00a0: -29 \u2103 ~ 650 \u2103<\/p>\n<p>Fonctionnement : volant, bo\u00eete de vitesses, \u00e9lectrique, etc.<\/p>\n<table>\n<tbody>\n<tr>\n<td width=\"200\"><strong>Nom du produit<\/strong><\/td>\n<td width=\"481\">Robinet \u00e0 soupape \u00e0 bride en acier moul\u00e9 de 150 lb<\/td>\n<\/tr>\n<tr>\n<td width=\"200\">1. Mat\u00e9riel<\/td>\n<td width=\"481\">WCB<\/td>\n<\/tr>\n<tr>\n<td width=\"200\">2. Taille<\/td>\n<td width=\"481\">4&quot;<\/td>\n<\/tr>\n<tr>\n<td width=\"200\">4. Port<\/td>\n<td width=\"481\">Port complet<\/td>\n<\/tr>\n<tr>\n<td width=\"200\">5. Pression de travail<\/td>\n<td width=\"481\">150 livres<\/td>\n<\/tr>\n<tr>\n<td width=\"200\">6. Fin de la connexion<\/td>\n<td width=\"481\">RF<\/td>\n<\/tr>\n<tr>\n<td width=\"200\">7. Temp\u00e9rature de travail.<\/td>\n<td width=\"481\">-29~425\u00baC,<\/td>\n<\/tr>\n<tr>\n<td width=\"200\">8. Support appropri\u00e9<\/td>\n<td width=\"481\">Eau, gaz naturel, p\u00e9trole et certains liquides corrosifs<\/td>\n<\/tr>\n<tr>\n<td width=\"200\">9. Exploit\u00e9<\/td>\n<td width=\"481\">Volant<\/td>\n<\/tr>\n<tr>\n<td width=\"200\">10. Inspection et tests<\/td>\n<td width=\"481\">Selon API598<\/td>\n<\/tr>\n<tr>\n<td width=\"200\"><strong>Exp\u00e9dition<\/strong><\/td>\n<td width=\"481\"><\/td>\n<\/tr>\n<tr>\n<td width=\"200\">D\u00e9lai de livraison<\/td>\n<td width=\"481\">30 jours<\/td>\n<\/tr>\n<tr>\n<td width=\"200\">Emballer<\/td>\n<td width=\"481\">Caisse en contreplaqu\u00e9 d&#039;exportation standard<\/td>\n<\/tr>\n<tr>\n<td width=\"200\">Port d&#039;exp\u00e9dition<\/td>\n<td width=\"481\">Ningbo\/Shanghai, Chine<\/td>\n<\/tr>\n<tr>\n<td width=\"200\">Conditions d&#039;exp\u00e9dition<\/td>\n<td width=\"481\">Exw, FOB, CFR, CIF, etc.<\/td>\n<\/tr>\n<tr>\n<td width=\"200\">Modalit\u00e9s de paiement<\/td>\n<td width=\"481\">T\/T, Western Union, PayPal, etc.<\/td>\n<\/tr>\n<tr>\n<td width=\"200\"><\/td>\n<td width=\"481\">Pr\u00e9paiement 30%, solde 70% pay\u00e9 avant l&#039;exp\u00e9dition<\/td>\n<\/tr>\n<tr>\n<td width=\"200\">Pays d&#039;origine<\/td>\n<td width=\"481\">Ville de Wenzhou, Chine<\/td>\n<\/tr>\n<tr>\n<td width=\"200\">Capacit\u00e9 de production<\/td>\n<td width=\"481\">6000 tonnes\/an<\/td>\n<\/tr>\n<tr>\n<td width=\"200\">MOQ<\/td>\n<td width=\"481\">1 pi\u00e8ces\/taille<\/td>\n<\/tr>\n<\/tbody>\n<\/table>","protected":false},"excerpt":{"rendered":"<p>Mod\u00e8le\u00a0: J41Y-150LB-4<br \/>\nNotre robinet \u00e0 soupape en acier moul\u00e9 est strictement conforme \u00e0 la conception, \u00e0 la fabrication et \u00e0 l&#039;acceptation des normes API, \u00e0 la structure compacte, \u00e0 l&#039;\u00e9tanch\u00e9it\u00e9 fiable, au fonctionnement flexible, applicable aux secteurs p\u00e9trochimiques, \u00e9lectriques, m\u00e9tallurgiques, textiles et autres secteurs industriels.<br \/>\nsp\u00e9cification<br \/>\nConception selon ASME B16.34<br \/>\nFace \u00e0 face\/de bout en bout\u00a0: ASME B16.10<br \/>\nDimensions de la bride\u00a0: ASME B16.5<br \/>\nExtr\u00e9mit\u00e9 \u00e0 souder\u00a0: ASME B.16.25<br \/>\nConception de base\u00a0: BS 1873<br \/>\nTest selon API 598<\/p>\n<p>&nbsp;<\/p>\n<p>Principales caract\u00e9ristiques:<br \/>\nConstruction en acier moul\u00e9 offrant une r\u00e9sistance g\u00e9n\u00e9reuse pour r\u00e9pondre \u00e0 la plupart des conditions<br \/>\nJoug et capot int\u00e9gr\u00e9s\u00a0; vis et joug ext\u00e9rieurs, chapeau boulonn\u00e9.<br \/>\nL&#039;anneau de si\u00e8ge soud\u00e9 \u00e9limine le chemin de fuite derri\u00e8re les anneaux et assure un service prolong\u00e9 et sans probl\u00e8me.<br \/>\nDisponible en connexion d&#039;extr\u00e9mit\u00e9 \u00e0 bride\u00a0; extr\u00e9mit\u00e9s \u00e0 souder bout \u00e0 bout \u00e9galement disponibles.<br \/>\nVanne test\u00e9e selon API 598.<\/p>\n<p>STV Valve Technology Group Co., Ltd est un leader professionnel des robinets \u00e0 soupape \u00e0 chapeau boulonn\u00e9 en Chine, des robinets \u00e0 soupape en acier moul\u00e9, des robinets \u00e0 soupape \u00e0 bride, des robinets \u00e0 soupape \u00e0 vis ext\u00e9rieure et \u00e0 \u00e9trier, des robinets \u00e0 soupape \u00e0 tige montante, des robinets \u00e0 soupape BS 1873, des robinets \u00e0 soupape en acier au carbone, des robinets \u00e0 soupape \u00e0 bride de 150 LB Fabricant de vannes de haute qualit\u00e9 et \u00e0 prix comp\u00e9titif.<\/p>\n<p>Veuillez contacter notre sales@stvvalve.com pour d&#039;autres mat\u00e9riaux et d\u00e9tails.<\/p>\n<p>Feuille de dates\u00a0:<br \/>\n<a href=\"https:\/\/www.stvvalves.com\/wp-content\/uploads\/2018\/12\/150lb-cast-steel-flange-globe-valve-drawing.pdf\">Robinet \u00e0 soupape \u00e0 bride en acier moul\u00e9 de 150 lb<\/a><\/p>","protected":false},"featured_media":4166,"template":"","meta":[],"product_brand":[],"product_cat":[63,45],"product_tag":[1016,324,1014,1015,323,322,326,325],"class_list":{"0":"post-4165","1":"product","2":"type-product","3":"status-publish","4":"has-post-thumbnail","6":"product_cat-cast-steel-globe-valve","7":"product_cat-globe-valve","8":"product_tag-150lb-flange-globe-valve","9":"product_tag-bolted-bonnet-globe-valve","10":"product_tag-bs-1873-globe-valve","11":"product_tag-carbon-steel-globe-valve","12":"product_tag-cast-steel-globe-valve","13":"product_tag-flanged-globe-valve","14":"product_tag-outside-screwyoke-globe-valve","15":"product_tag-rising-stem-globe-valve","17":"first","18":"instock","19":"shipping-taxable","20":"product-type-simple"},"_links":{"self":[{"href":"https:\/\/www.stvvalves.com\/fr\/wp-json\/wp\/v2\/product\/4165","targetHints":{"allow":["GET"]}}],"collection":[{"href":"https:\/\/www.stvvalves.com\/fr\/wp-json\/wp\/v2\/product"}],"about":[{"href":"https:\/\/www.stvvalves.com\/fr\/wp-json\/wp\/v2\/types\/product"}],"wp:featuredmedia":[{"embeddable":true,"href":"https:\/\/www.stvvalves.com\/fr\/wp-json\/wp\/v2\/media\/4166"}],"wp:attachment":[{"href":"https:\/\/www.stvvalves.com\/fr\/wp-json\/wp\/v2\/media?parent=4165"}],"wp:term":[{"taxonomy":"product_brand","embeddable":true,"href":"https:\/\/www.stvvalves.com\/fr\/wp-json\/wp\/v2\/product_brand?post=4165"},{"taxonomy":"product_cat","embeddable":true,"href":"https:\/\/www.stvvalves.com\/fr\/wp-json\/wp\/v2\/product_cat?post=4165"},{"taxonomy":"product_tag","embeddable":true,"href":"https:\/\/www.stvvalves.com\/fr\/wp-json\/wp\/v2\/product_tag?post=4165"}],"curies":[{"name":"wp","href":"https:\/\/api.w.org\/{rel}","templated":true}]}}