{"id":4170,"date":"2018-12-06T13:23:49","date_gmt":"2018-12-06T13:23:49","guid":{"rendered":"https:\/\/www.stvvalves.com\/?post_type=product&#038;p=4170"},"modified":"2026-01-17T20:47:41","modified_gmt":"2026-01-17T12:47:41","slug":"wafer-single-disc-swing-check-valve-150lb","status":"publish","type":"product","link":"https:\/\/www.stvvalves.com\/fr\/products\/wafer-single-disc-swing-check-valve-150lb\/","title":{"rendered":"Clapet anti-retour \u00e0 disque unique Wafer 150LB"},"content":{"rendered":"<p>Sp\u00e9cification des param\u00e8tres principaux<\/p>\n<p>Conception et fabrication\u00a0: API594,API 6D<br \/>\nFace \u00e0 face et bout \u00e0 bout\u00a0:API594,API6D,DIN3202<br \/>\nIndice de pression-temp\u00e9rature\u00a0: ASME B16.34, DIN2410<br \/>\nInspection et test\u00a0: API598<br \/>\nBride de tuyau : ASME B16.5, DIN2543~2548, GB\/T13402, API605, ASME B16.47.<\/p>\n<p>Gamme de produits<\/p>\n<p>Mat\u00e9riau du corps : acier au carbone, acier inoxydable, acier alli\u00e9, bronze<\/p>\n<p>Diam\u00e8tre nominal\u00a0: 1\/2\u2033~48\u2033 (DN15~DN1200)<\/p>\n<p>Connexion d&#039;extr\u00e9mit\u00e9\u00a0: RF, RTJ<\/p>\n<p>Plage de pression\u00a0: Classe 150 ~ 900 (PN16 ~ PN150)<\/p>\n<p>Temp\u00e9rature de fonctionnement\u00a0:\u00a0-196 \u2103 ~ + 560 \u2103<\/p>\n<table>\n<tbody>\n<tr>\n<td width=\"200\"><strong>Nom du produit<\/strong><\/td>\n<td width=\"481\">Clapet anti-retour \u00e0 disque unique Wafer 150LB<\/td>\n<\/tr>\n<tr>\n<td width=\"200\">1. Mat\u00e9riel<\/td>\n<td width=\"481\">F316<\/td>\n<\/tr>\n<tr>\n<td width=\"200\">2. Taille<\/td>\n<td width=\"481\">4&quot;<\/td>\n<\/tr>\n<tr>\n<td width=\"200\">4. Port<\/td>\n<td width=\"481\">Port complet<\/td>\n<\/tr>\n<tr>\n<td width=\"200\">5. Pression de travail<\/td>\n<td width=\"481\">150 livres<\/td>\n<\/tr>\n<tr>\n<td width=\"200\">6. Fin de la connexion<\/td>\n<td width=\"481\">RF<\/td>\n<\/tr>\n<tr>\n<td width=\"200\">7. Temp\u00e9rature de travail.<\/td>\n<td width=\"481\">-29~300\u00baC,<\/td>\n<\/tr>\n<tr>\n<td width=\"200\">8. Support appropri\u00e9<\/td>\n<td width=\"481\">Eau, gaz naturel, p\u00e9trole et certains liquides corrosifs<\/td>\n<\/tr>\n<tr>\n<td width=\"200\">9. Exploit\u00e9<\/td>\n<td width=\"481\">\/<\/td>\n<\/tr>\n<tr>\n<td width=\"200\">10. Inspection et tests<\/td>\n<td width=\"481\">Selon API594<\/td>\n<\/tr>\n<tr>\n<td width=\"200\"><strong>Exp\u00e9dition<\/strong><\/td>\n<td width=\"481\"><\/td>\n<\/tr>\n<tr>\n<td width=\"200\">D\u00e9lai de livraison<\/td>\n<td width=\"481\">30 jours<\/td>\n<\/tr>\n<tr>\n<td width=\"200\">Emballer<\/td>\n<td width=\"481\">Caisse en contreplaqu\u00e9 d&#039;exportation standard<\/td>\n<\/tr>\n<tr>\n<td width=\"200\">Port d&#039;exp\u00e9dition<\/td>\n<td width=\"481\">Ningbo\/Shanghai, Chine<\/td>\n<\/tr>\n<tr>\n<td width=\"200\">Conditions d&#039;exp\u00e9dition<\/td>\n<td width=\"481\">Exw, FOB, CFR, CIF, etc.<\/td>\n<\/tr>\n<tr>\n<td width=\"200\">Modalit\u00e9s de paiement<\/td>\n<td width=\"481\">T\/T, Western Union, PayPal, etc.<\/td>\n<\/tr>\n<tr>\n<td width=\"200\"><\/td>\n<td width=\"481\">Pr\u00e9paiement 30%, solde 70% pay\u00e9 avant l&#039;exp\u00e9dition<\/td>\n<\/tr>\n<tr>\n<td width=\"200\">Pays d&#039;origine<\/td>\n<td width=\"481\">Ville de Wenzhou, Chine<\/td>\n<\/tr>\n<tr>\n<td width=\"200\">Capacit\u00e9 de production<\/td>\n<td width=\"481\">6000 tonnes\/an<\/td>\n<\/tr>\n<tr>\n<td width=\"200\">MOQ<\/td>\n<td width=\"481\">1 pi\u00e8ces\/taille<\/td>\n<\/tr>\n<\/tbody>\n<\/table>","protected":false},"excerpt":{"rendered":"<p>Mod\u00e8le\u00a0: H74F-150LB-3<br \/>\nLe clapet anti-retour \u00e0 disque unique Wafer est un clapet anti-retour ultra-mince, qui pr\u00e9sente les avantages d&#039;une structure simple, d&#039;une belle apparence, d&#039;un poids l\u00e9ger et d&#039;une installation pratique. Le clapet anti-retour mince convient principalement aux syst\u00e8mes d&#039;approvisionnement en eau, aux secteurs p\u00e9troliers, chimiques, m\u00e9tallurgiques et autres secteurs industriels, ce qui est le plus appropri\u00e9 pour les endroits o\u00f9 l&#039;espace d&#039;installation est restreint.<\/p>\n<p>Longueur structurelle courte, seulement 1\/4 ~ 1\/8 de celle du clapet anti-retour \u00e0 bride traditionnel\u00a0;<\/p>\n<p>Faible volume, poids l\u00e9ger, seulement 1\/4 ~ 1\/20 de ceux du clapet anti-retour \u00e0 bride traditionnel\u00a0;<\/p>\n<p>Fermeture rapide du disque de valve, faible pression de coup de b\u00e9lier\u00a0;<\/p>\n<p>Applicable et facilement install\u00e9 pour les pipelines verticaux ou horizontaux\u00a0;<\/p>\n<p>Passage d&#039;\u00e9coulement fluide et petite r\u00e9sistance aux fluides\u00a0;<\/p>\n<p>Action flexible et bonnes performances d\u2019\u00e9tanch\u00e9it\u00e9\u00a0;<\/p>\n<p>Course de valve \u00e9troite et petit impact de fermeture\u00a0;<\/p>\n<p>Structure int\u00e9gr\u00e9e, simple et compacte, en belle forme\u00a0;<\/p>\n<p>Longue dur\u00e9e de vie et bonne fiabilit\u00e9.<\/p>\n<p>&nbsp;<\/p>\n<p>Veuillez contacter nos ventes pour d&#039;autres mat\u00e9riaux et d\u00e9tails.<\/p>\n<p>Feuille de dates\u00a0:<br \/>\n<a href=\"https:\/\/www.stvvalves.com\/wp-content\/uploads\/2018\/12\/wafer-single-disc-swing-check-valve-150lb-DRAWING.pdf\">Clapet anti-retour \u00e0 disque unique Wafer 150LB<\/a><\/p>","protected":false},"featured_media":4171,"template":"","meta":[],"product_brand":[],"product_cat":[46,84],"product_tag":[185,328,330,333,332,334,327,329,225,331],"class_list":{"0":"post-4170","1":"product","2":"type-product","3":"status-publish","4":"has-post-thumbnail","6":"product_cat-check-valves","7":"product_cat-wafer-check-valve","8":"product_tag-check-valve","9":"product_tag-single-disc-check-valve-class-150","10":"product_tag-single-disc-swing-check-valve","11":"product_tag-single-disc-swing-check-valveforging-body","12":"product_tag-single-disc-wafer-swing-check-valve","13":"product_tag-single-plate-wafer-check-valves","14":"product_tag-thin-type-swing-check-valve","15":"product_tag-thin-type-wafer-check-valve","16":"product_tag-wafer-check-valve","17":"product_tag-wafer-type-single-disc-swing-check-valve","19":"first","20":"instock","21":"shipping-taxable","22":"product-type-simple"},"_links":{"self":[{"href":"https:\/\/www.stvvalves.com\/fr\/wp-json\/wp\/v2\/product\/4170","targetHints":{"allow":["GET"]}}],"collection":[{"href":"https:\/\/www.stvvalves.com\/fr\/wp-json\/wp\/v2\/product"}],"about":[{"href":"https:\/\/www.stvvalves.com\/fr\/wp-json\/wp\/v2\/types\/product"}],"wp:featuredmedia":[{"embeddable":true,"href":"https:\/\/www.stvvalves.com\/fr\/wp-json\/wp\/v2\/media\/4171"}],"wp:attachment":[{"href":"https:\/\/www.stvvalves.com\/fr\/wp-json\/wp\/v2\/media?parent=4170"}],"wp:term":[{"taxonomy":"product_brand","embeddable":true,"href":"https:\/\/www.stvvalves.com\/fr\/wp-json\/wp\/v2\/product_brand?post=4170"},{"taxonomy":"product_cat","embeddable":true,"href":"https:\/\/www.stvvalves.com\/fr\/wp-json\/wp\/v2\/product_cat?post=4170"},{"taxonomy":"product_tag","embeddable":true,"href":"https:\/\/www.stvvalves.com\/fr\/wp-json\/wp\/v2\/product_tag?post=4170"}],"curies":[{"name":"wp","href":"https:\/\/api.w.org\/{rel}","templated":true}]}}