{"id":4177,"date":"2018-12-06T13:45:02","date_gmt":"2018-12-06T13:45:02","guid":{"rendered":"https:\/\/www.stvvalves.com\/?post_type=product&#038;p=4177"},"modified":"2025-02-18T14:16:42","modified_gmt":"2025-02-18T06:16:42","slug":"cast-steel-swing-check-valve-150lb-12-inch-flange-end","status":"publish","type":"product","link":"https:\/\/www.stvvalves.com\/fr\/products\/cast-steel-swing-check-valve-150lb-12-inch-flange-end\/","title":{"rendered":"Clapet anti-retour \u00e0 battant en acier moul\u00e9 150LB, 12 pouces, extr\u00e9mit\u00e9 de bride"},"content":{"rendered":"<p>Conception et fabrication\u00a0: BS 1868, ASME B16.34, API 6D<\/p>\n<p>Inspection et test\u00a0: API598, API600 ou API 6D<\/p>\n<p>Dimension de la bride d&#039;extr\u00e9mit\u00e9\u00a0: ASME B16.5 (pour NPS \u2264 24, ASME B 16.47 s\u00e9rie B, API 605, ASME B16.47 s\u00e9rie A, MSS SP-44 (pour NPS &gt; 24)<\/p>\n<p>Dimension d&#039;extr\u00e9mit\u00e9 BW \uff1a ASME B16.25<\/p>\n<p>Face \u00e0 face et bout \u00e0 bout \uff1a ASME B16.10<\/p>\n<p>Indices de pression et de temp\u00e9rature\u00a0:\u00a0ASME B16.34<\/p>\n<p>Dimension d&#039;\u00e9paisseur de paroi\u00a0: API 600,BS 1868<\/p>\n<p>Gamme de produits<\/p>\n<p>Mat\u00e9riau du corps : acier au carbone, acier inoxydable, acier alli\u00e9, bronze<\/p>\n<p>Diam\u00e8tre nominal\u00a0: 1\/2\u2033~48\u2033 (DN15~DN1200)<\/p>\n<p>Connexion d&#039;extr\u00e9mit\u00e9\u00a0: RF, RTJ, BW<\/p>\n<p>Plage de pression\u00a0: Classe 150 ~ 2\u00a0500 (PN16 ~ PN420)<\/p>\n<p>Temp\u00e9rature de fonctionnement\u00a0:\u00a0-196 \u2103 ~ + 560 \u2103<\/p>\n<table style=\"height: 339px;\" width=\"705\">\n<tbody>\n<tr>\n<td>Nom du produit\u00a0:<\/td>\n<td>Clapet anti-retour \u00e0 battant en acier moul\u00e9 150LB, 12 pouces, extr\u00e9mit\u00e9 de bride<\/td>\n<\/tr>\n<tr>\n<td>Mat\u00e9riau du corps de vanne\u00a0:<\/td>\n<td>WCB<\/td>\n<\/tr>\n<tr>\n<td>Port<\/td>\n<td>Port complet<\/td>\n<\/tr>\n<tr>\n<td>Pression de travail mexicaine\u00a0:<\/td>\n<td>150LB<\/td>\n<\/tr>\n<tr>\n<td>Max. Temp\u00e9rature de fonctionnement:<\/td>\n<td>-29-425\u00b0C<\/td>\n<\/tr>\n<tr>\n<td>Taille disponible\u00a0:<\/td>\n<td>DN50-DN1000<\/td>\n<\/tr>\n<tr>\n<td>Connexion disponible\u00a0:<\/td>\n<td>RF, noir et blanc, RTJ<\/td>\n<\/tr>\n<tr>\n<td>Disponible en standard\u00a0:<\/td>\n<td>ANSI<\/td>\n<\/tr>\n<tr>\n<td>Exploit\u00e9\u00a0:<\/td>\n<td>\/<\/td>\n<\/tr>\n<tr>\n<td>Certificat:<\/td>\n<td>OIN, API600,API6D<\/td>\n<\/tr>\n<tr>\n<td>Support appropri\u00e9\u00a0:<\/td>\n<td>\u00a0Eau, vapeur, p\u00e9trole et gaz naturel, etc.<\/td>\n<\/tr>\n<\/tbody>\n<\/table>","protected":false},"excerpt":{"rendered":"<p>Mod\u00e8le\u00a0: H44H-150LB-12\u2033<\/p>\n<p>Le clapet anti-retour \u00e0 battant en acier moul\u00e9 fait r\u00e9f\u00e9rence \u00e0 une vanne qui ouvre et ferme automatiquement le clapet de la vanne au moyen du flux du fluide lui-m\u00eame, et est utilis\u00e9 pour emp\u00eacher le reflux du fluide, \u00e9galement appel\u00e9 clapet anti-retour, clapet anti-retour. , une vanne d&#039;inversion de d\u00e9bit et une vanne de contre-pression. La fonction de ce type de vanne est de permettre au fluide de s&#039;\u00e9couler uniquement dans un sens et d&#039;emp\u00eacher le sens de s&#039;\u00e9couler. Habituellement, la vanne fonctionne automatiquement et le clapet de la vanne est ouvert par la pression du fluide circulant dans une direction\u00a0; lorsque le fluide s&#039;\u00e9coule dans la direction oppos\u00e9e, la pression du fluide et le clapet \u00e0 fermeture automatique du disque de la vanne agissent sur le si\u00e8ge de la vanne pour couper le d\u00e9bit.<br \/>\nLe clapet anti-retour \u00e0 battant en acier moul\u00e9 convient aux pipelines dans diverses conditions de travail telles que les centrales p\u00e9troli\u00e8res, chimiques, hydrauliques, thermiques, etc., coupant ou connectant le fluide. Milieu Applicable: eau, huile, vapeur, etc.<\/p>\n<p>Sp\u00e9cification des param\u00e8tres principaux<\/p>\n<p>Conception et fabrication\u00a0: clapet anti-retour en acier moul\u00e9 conforme \u00e0 BS 1868, ASME B16.34, API 6D<\/p>\n<p>Inspection et test\u00a0: API598, API600 ou API 6D<\/p>\n<p>Dimension de la bride d&#039;extr\u00e9mit\u00e9\u00a0: ASME B16.5 (pour NPS \u2264 24, ASME B 16.47 s\u00e9rie B, API 605, ASME B16.47 s\u00e9rie A, MSS SP-44 (pour NPS &gt; 24)<\/p>\n<p>Dimension d&#039;extr\u00e9mit\u00e9 BW \uff1a ASME B16.25<\/p>\n<p>Face \u00e0 face et bout \u00e0 bout \uff1a ASME B16.10<\/p>\n<p>Indices de pression et de temp\u00e9rature\u00a0:\u00a0ASME B16.34<\/p>\n<p>Dimension d&#039;\u00e9paisseur de paroi\u00a0: API 600,BS 1868<\/p>\n<p>Gamme de produits<\/p>\n<p>Mat\u00e9riau du corps : acier au carbone, acier inoxydable, acier alli\u00e9, bronze<\/p>\n<p>Diam\u00e8tre nominal\u00a0: 1\/2\u2033~48\u2033 (DN15~DN1200)<\/p>\n<p>Connexion d&#039;extr\u00e9mit\u00e9\u00a0: RF, RTJ, BW<\/p>\n<p>Plage de pression\u00a0: Classe 150 ~ 2\u00a0500 (PN16 ~ PN420)<\/p>\n<p>Temp\u00e9rature de fonctionnement\u00a0:\u00a0-196 \u2103 ~ + 560 \u2103<\/p>\n<p>STV Valve Technology Group Co., Ltd est un leader professionnel Chine Clapet anti-retour \u00e0 battant ANSI, Clapet anti-retour \u00e0 battant API 600, Clapet anti-retour \u00e0 battant en acier moul\u00e9, Clapet anti-retour, Clapet anti-retour \u00e0 battant d&#039;extr\u00e9mit\u00e9 de bride, Clapet anti-retour \u00e0 battant, Clapet anti-retour \u00e0 battant WCB, Balan\u00e7oire de 150 LB Clapet anti-retour, clapet anti-retour en acier moul\u00e9, fabricant de clapet anti-retour en acier au carbone de haute qualit\u00e9 et \u00e0 prix comp\u00e9titif.<\/p>\n<p>Veuillez contacter notre sales@stvvalve.com pour d&#039;autres mat\u00e9riaux et d\u00e9tails.<\/p>\n<p>Feuille de dates\u00a0:<br \/>\n<a href=\"https:\/\/www.stvvalves.com\/wp-content\/uploads\/2018\/12\/cast-steel-swing-check-valve-150lb-drawing.pdf\">Clapet anti-retour \u00e0 battant en acier moul\u00e9 150LB, 12 pouces, extr\u00e9mit\u00e9 de bride<\/a><\/p>\n<p>&nbsp;<\/p>\n<p>&nbsp;<\/p>","protected":false},"featured_media":4181,"template":"","meta":[],"product_brand":[],"product_cat":[83,46],"product_tag":[335,338,337,185,339,152,336],"class_list":{"0":"post-4177","1":"product","2":"type-product","3":"status-publish","4":"has-post-thumbnail","6":"product_cat-cast-steel-check-valve","7":"product_cat-check-valves","8":"product_tag-ansi-swing-check-valve","9":"product_tag-api-600-swing-check-valve","10":"product_tag-cast-steel-swing-check-valve","11":"product_tag-check-valve","12":"product_tag-flange-end-swing-check-valve","13":"product_tag-swing-check-valve","14":"product_tag-wcb-swing-check-valve","16":"first","17":"instock","18":"shipping-taxable","19":"product-type-simple"},"_links":{"self":[{"href":"https:\/\/www.stvvalves.com\/fr\/wp-json\/wp\/v2\/product\/4177","targetHints":{"allow":["GET"]}}],"collection":[{"href":"https:\/\/www.stvvalves.com\/fr\/wp-json\/wp\/v2\/product"}],"about":[{"href":"https:\/\/www.stvvalves.com\/fr\/wp-json\/wp\/v2\/types\/product"}],"wp:featuredmedia":[{"embeddable":true,"href":"https:\/\/www.stvvalves.com\/fr\/wp-json\/wp\/v2\/media\/4181"}],"wp:attachment":[{"href":"https:\/\/www.stvvalves.com\/fr\/wp-json\/wp\/v2\/media?parent=4177"}],"wp:term":[{"taxonomy":"product_brand","embeddable":true,"href":"https:\/\/www.stvvalves.com\/fr\/wp-json\/wp\/v2\/product_brand?post=4177"},{"taxonomy":"product_cat","embeddable":true,"href":"https:\/\/www.stvvalves.com\/fr\/wp-json\/wp\/v2\/product_cat?post=4177"},{"taxonomy":"product_tag","embeddable":true,"href":"https:\/\/www.stvvalves.com\/fr\/wp-json\/wp\/v2\/product_tag?post=4177"}],"curies":[{"name":"wp","href":"https:\/\/api.w.org\/{rel}","templated":true}]}}