{"id":4191,"date":"2018-12-07T06:48:38","date_gmt":"2018-12-07T06:48:38","guid":{"rendered":"https:\/\/www.stvvalves.com\/?post_type=product&#038;p=4191"},"modified":"2025-02-17T18:19:31","modified_gmt":"2025-02-17T10:19:31","slug":"2500lb-wc9-y-type-globe-valve","status":"publish","type":"product","link":"https:\/\/www.stvvalves.com\/fr\/products\/2500lb-wc9-y-type-globe-valve\/","title":{"rendered":"Vanne \u00e0 soupape de type Y WC9 2500LB"},"content":{"rendered":"<h2>Description<\/h2>\n<p>Normes de mise en \u0153uvre du robinet \u00e0 soupape de type Y WC9 2500LB\u00a0:<\/p>\n<p>Conception et fabrication : ANSI B16.34 E101<\/p>\n<p>Longueur de la structure\u00a0: ANSI B16.10 E101<\/p>\n<p>Indice de temp\u00e9rature de pression\u00a0: ANSI B16.34 E101<\/p>\n<p>Exp\u00e9rience et test\u00a0: E101 API598<\/p>\n<p>Mat\u00e9riel\u00a0:\u00a0A216 WCB, COE, A217 WC6, WC9, C5, C12A, A352 LCB, LCC<br \/>\nA351 CF8, CF8M, CF3M, CF8C, CN3MN, CK3MCUN, CN7M,<br \/>\nA890 4A(CD3MN), 5A(CE3MN), 6A(CD3MWCuN),<br \/>\nASTM B148 C95800, C95500<\/p>\n<p>Pression\u00a0: classe 150 \uff5e 2500<\/p>\n<table>\n<tbody>\n<tr>\n<td width=\"200\"><strong>Nom du produit<\/strong><\/td>\n<td width=\"481\">Vanne \u00e0 soupape de type Y WC9 2500LB<\/td>\n<\/tr>\n<tr>\n<td width=\"200\">1. Mat\u00e9riel<\/td>\n<td width=\"481\">WC9<\/td>\n<\/tr>\n<tr>\n<td width=\"200\">2. Taille<\/td>\n<td width=\"481\">12&quot;<\/td>\n<\/tr>\n<tr>\n<td width=\"200\">4. Port<\/td>\n<td width=\"481\">Port complet<\/td>\n<\/tr>\n<tr>\n<td width=\"200\">5. Pression de travail<\/td>\n<td width=\"481\">2500 lb<\/td>\n<\/tr>\n<tr>\n<td width=\"200\">6. Fin de la connexion<\/td>\n<td width=\"481\">PC<\/td>\n<\/tr>\n<tr>\n<td width=\"200\">7. Temp\u00e9rature de travail.<\/td>\n<td width=\"481\">-29~560\u00baC,<\/td>\n<\/tr>\n<tr>\n<td width=\"200\">8. Support appropri\u00e9<\/td>\n<td width=\"481\">Eau, gaz naturel, p\u00e9trole et certains liquides corrosifs<\/td>\n<\/tr>\n<tr>\n<td width=\"200\">9. Exploit\u00e9<\/td>\n<td width=\"481\">Volant<\/td>\n<\/tr>\n<tr>\n<td width=\"200\">10. Inspection et tests<\/td>\n<td width=\"481\">Selon API598<\/td>\n<\/tr>\n<tr>\n<td width=\"200\"><strong>Exp\u00e9dition<\/strong><\/td>\n<td width=\"481\"><\/td>\n<\/tr>\n<tr>\n<td width=\"200\">D\u00e9lai de livraison<\/td>\n<td width=\"481\">30 jours<\/td>\n<\/tr>\n<tr>\n<td width=\"200\">Emballer<\/td>\n<td width=\"481\">Caisse en contreplaqu\u00e9 d&#039;exportation standard<\/td>\n<\/tr>\n<tr>\n<td width=\"200\">Port d&#039;exp\u00e9dition<\/td>\n<td width=\"481\">Ningbo\/Shanghai, Chine<\/td>\n<\/tr>\n<tr>\n<td width=\"200\">Conditions d&#039;exp\u00e9dition<\/td>\n<td width=\"481\">Exw, FOB, CFR, CIF, etc.<\/td>\n<\/tr>\n<tr>\n<td width=\"200\">Modalit\u00e9s de paiement<\/td>\n<td width=\"481\">T\/T, Western Union, PayPal, etc.<\/td>\n<\/tr>\n<tr>\n<td width=\"200\"><\/td>\n<td width=\"481\">Pr\u00e9paiement 30%, solde 70% pay\u00e9 avant l&#039;exp\u00e9dition<\/td>\n<\/tr>\n<tr>\n<td width=\"200\">Pays d&#039;origine<\/td>\n<td width=\"481\">Ville de Wenzhou, Chine<\/td>\n<\/tr>\n<tr>\n<td width=\"200\">Capacit\u00e9 de production<\/td>\n<td width=\"481\">6000 tonnes\/an<\/td>\n<\/tr>\n<tr>\n<td width=\"200\">MOQ<\/td>\n<td width=\"481\">1 pi\u00e8ces\/taille<\/td>\n<\/tr>\n<\/tbody>\n<\/table>","protected":false},"excerpt":{"rendered":"<p>Mod\u00e8le\u00a0: Y565Y-2500LB-WC9-DN300<\/p>\n<p>Les pi\u00e8ces d&#039;ouverture et de fermeture des vannes \u00e0 soupape \u00e0 haute temp\u00e9rature et haute pression sont des vannes en forme de bouchon, une surface d&#039;\u00e9tanch\u00e9it\u00e9 plate ou conique, le clapet de la vanne le long de la ligne centrale du fluide pour un mouvement lin\u00e9aire. Le mouvement de la forme de la tige, il y a le type de tige de levage (le levage de la tige, le volant n&#039;est pas de haut en bas), mais aussi le levage du type de barre rotative (le volant et la rotation de la tige de valve, l&#039;\u00e9crou est situ\u00e9 dans le corps de soupape).<\/p>\n<p>Caract\u00e9ristiques structurelles\u00a0:<\/p>\n<p>1 valve dans la cavit\u00e9 avec la pression de la structure \u00e0 joint \u00e9tanche, meilleures sont les performances d&#039;\u00e9tanch\u00e9it\u00e9.<\/p>\n<p>2. La surface d&#039;\u00e9tanch\u00e9it\u00e9 du clapet de soupape et du si\u00e8ge de soupape du soudage par pulv\u00e9risation en alliage \u00e0 base de cobalt Stellite devient r\u00e9sistante \u00e0 l&#039;usure, aux temp\u00e9ratures \u00e9lev\u00e9es, \u00e0 la corrosion et aux rayures, pour \u00eatre bonne dans ce domaine.<\/p>\n<p>3 conceptions fluage \u00e0 haute temp\u00e9rature.<\/p>\n<p>4 la tige de valve adopte toute la structure de forgeage, elle pr\u00e9sente une bonne r\u00e9sistance \u00e0 la corrosion et aux rayures gr\u00e2ce au traitement de trempe, de revenu et de nitruration de surface.<\/p>\n<p>La profondeur de remplissage du couvercle de soupape \u00e0 5 soupapes est raisonnable, inhibiteur de remplissage et de corrosion, \u00e9tanch\u00e9it\u00e9 et fiable.<\/p>\n<p>Caract\u00e9ristiques principales:<\/p>\n<p>1, la connexion de la vanne et du pipeline utilisant la structure soud\u00e9e.<\/p>\n<p>2, la surface d&#039;\u00e9tanch\u00e9it\u00e9 n&#039;est pas facile \u00e0 porter, \u00e0 l&#039;abrasion, de bonnes performances d&#039;\u00e9tanch\u00e9it\u00e9, une longue dur\u00e9e de vie.<\/p>\n<p>3, la structure est compacte, l&#039;ouverture et la fermeture sont bonnes, la hauteur est petite, l&#039;entretien est pratique.<\/p>\n<p>Utiliser:<\/p>\n<p>Convient pour l&#039;eau, la vapeur, les ol\u00e9oducs, pr\u00e9sente les caract\u00e9ristiques de r\u00e9sistance \u00e0 haute temp\u00e9rature et de r\u00e9sistance \u00e0 haute pression. Convient aux canalisations d&#039;eau, de vapeur, d&#039;huile et de vapeur surchauff\u00e9e d&#039;eau, de vapeur, d&#039;huile et de vapeur surchauff\u00e9e dans les centrales thermiques, la p\u00e9trochimie, la m\u00e9tallurgie et autres hautes temp\u00e9ratures et hautes pressions.<\/p>\n<p>Principales caract\u00e9ristiques et utilisations<\/p>\n<p>1, la connexion de la vanne et du pipeline utilisant la structure soud\u00e9e.<\/p>\n<p>2, la surface d&#039;\u00e9tanch\u00e9it\u00e9 n&#039;est pas facile \u00e0 porter, \u00e0 l&#039;abrasion, de bonnes performances d&#039;\u00e9tanch\u00e9it\u00e9, une longue dur\u00e9e de vie.<\/p>\n<p>3, la structure est compacte, l&#039;ouverture et la fermeture d&#039;un bon degr\u00e9 \u00e9lev\u00e9 de petit entretien pratique.<\/p>\n<p>4, adapt\u00e9 \u00e0 l&#039;eau, \u00e0 la vapeur, aux ol\u00e9oducs, avec des caract\u00e9ristiques de r\u00e9sistance \u00e0 haute temp\u00e9rature et haute pression.<\/p>\n<p>Principales caract\u00e9ristiques:<\/p>\n<p>1, conditions techniques d&#039;acceptation de fabrication selon les dispositions de E101.<\/p>\n<p>2, la longueur de la structure de la vanne selon les dispositions de B16.10 E101 ou ANSI.<\/p>\n<p>3, la rainure de soudage du corps de vanne conform\u00e9ment aux dispositions de la norme ANSI B16.25 ou selon la taille de l&#039;utilisateur.<\/p>\n<p>Veuillez contacter notre sales@stvvalve.com pour d&#039;autres mat\u00e9riaux et plus de d\u00e9tails.<\/p>\n<p>Feuille de dates\u00a0:<br \/>\n<a href=\"https:\/\/www.stvvalves.com\/wp-content\/uploads\/2018\/12\/2500lb-wc9-y-type-globe-valve-drawing.pdf\">Vanne \u00e0 soupape de type Y WC9 2500LB<\/a><\/p>","protected":false},"featured_media":4192,"template":"","meta":[],"product_brand":[],"product_cat":[63,45],"product_tag":[340,341,345,344,343,342],"class_list":{"0":"post-4191","1":"product","2":"type-product","3":"status-publish","4":"has-post-thumbnail","6":"product_cat-cast-steel-globe-valve","7":"product_cat-globe-valve","8":"product_tag-2500lb-bw-high-pressure-y-type-globe-valve","9":"product_tag-2500lb-y-pattern-globe-valve","10":"product_tag-globe-valves","11":"product_tag-pressure-seal-y-pattern-globe-valves","12":"product_tag-pressure-seal-y-pattern-globe-valve-1500lb2500lb","13":"product_tag-y-type-globe-valves","15":"first","16":"instock","17":"shipping-taxable","18":"product-type-simple"},"_links":{"self":[{"href":"https:\/\/www.stvvalves.com\/fr\/wp-json\/wp\/v2\/product\/4191","targetHints":{"allow":["GET"]}}],"collection":[{"href":"https:\/\/www.stvvalves.com\/fr\/wp-json\/wp\/v2\/product"}],"about":[{"href":"https:\/\/www.stvvalves.com\/fr\/wp-json\/wp\/v2\/types\/product"}],"wp:featuredmedia":[{"embeddable":true,"href":"https:\/\/www.stvvalves.com\/fr\/wp-json\/wp\/v2\/media\/4192"}],"wp:attachment":[{"href":"https:\/\/www.stvvalves.com\/fr\/wp-json\/wp\/v2\/media?parent=4191"}],"wp:term":[{"taxonomy":"product_brand","embeddable":true,"href":"https:\/\/www.stvvalves.com\/fr\/wp-json\/wp\/v2\/product_brand?post=4191"},{"taxonomy":"product_cat","embeddable":true,"href":"https:\/\/www.stvvalves.com\/fr\/wp-json\/wp\/v2\/product_cat?post=4191"},{"taxonomy":"product_tag","embeddable":true,"href":"https:\/\/www.stvvalves.com\/fr\/wp-json\/wp\/v2\/product_tag?post=4191"}],"curies":[{"name":"wp","href":"https:\/\/api.w.org\/{rel}","templated":true}]}}