{"id":4200,"date":"2018-12-07T12:46:27","date_gmt":"2018-12-07T12:46:27","guid":{"rendered":"https:\/\/www.stvvalves.com\/?post_type=product&#038;p=4200"},"modified":"2025-02-17T18:19:48","modified_gmt":"2025-02-17T10:19:48","slug":"high-pressure-seal-gate-valve-wc9-body-2500lb-3-inch","status":"publish","type":"product","link":"https:\/\/www.stvvalves.com\/fr\/products\/high-pressure-seal-gate-valve-wc9-body-2500lb-3-inch\/","title":{"rendered":"Vanne \u00e0 vanne \u00e0 joint haute pression, corps WC9, 2500LB, 3 pouces"},"content":{"rendered":"<p>Ce type de vanne \u00e0 vanne se caract\u00e9rise non seulement par une structure simple et une utilisation fiable, mais est \u00e9galement capable de cr\u00e9er une l\u00e9g\u00e8re d\u00e9formation flexible pour compenser la d\u00e9viation de l&#039;angle de la face d&#039;\u00e9tanch\u00e9it\u00e9 g\u00e9n\u00e9r\u00e9e pendant le traitement, am\u00e9liorant ainsi les performances du processus. De plus, la surface du joint du si\u00e8ge et du disque de porte est recouverte d&#039;un alliage \u00e0 base de fer, d&#039;un alliage \u00e0 base de Co ou d&#039;un alliage de carbure pour une longue dur\u00e9e.<\/p>\n<p>Sp\u00e9cification des param\u00e8tres principaux<\/p>\n<p>Conception et fabrication\u00a0: Vanne \u00e0 vanne en acier moul\u00e9 selon API 600 (ISO 10434) \u3001 API 6D\u00a0; Vanne \u00e0 vanne en acier inoxydable moul\u00e9 selon API 603 \u3001 API 600<\/p>\n<p>Inspection et test\u00a0: API598, API600 ou API 6D<\/p>\n<p>Dimension de la bride d&#039;extr\u00e9mit\u00e9\u00a0: ASME B16.5 (pour NPS \u2264 24, ASME B 16.47 s\u00e9rie B, API 605, ASME B16.47 s\u00e9rie A, MSS SP-44 (pour NPS &gt; 24)<\/p>\n<p>Dimension d&#039;extr\u00e9mit\u00e9 BW \uff1a ASME B16.25<\/p>\n<p>Face \u00e0 face et bout \u00e0 bout \uff1a ASME B16.10<\/p>\n<p>Indices de pression et de temp\u00e9rature\u00a0:\u00a0ASME B16.34<\/p>\n<p>Gamme de produits<\/p>\n<p>Mat\u00e9riau du corps : acier au carbone, acier inoxydable, acier alli\u00e9<\/p>\n<p>Diam\u00e8tre nominal\u00a0: 2\u2033~36\u2033 (DN50~DN900)<\/p>\n<p>Connexion d&#039;extr\u00e9mit\u00e9\u00a0: RF, RTJ, BW<\/p>\n<p>Plage de pression\u00a0: Classe 150 ~ 2\u00a0500 (PN16 ~ PN420)<\/p>\n<p>Temp\u00e9rature de fonctionnement\u00a0: -29 \u2103 ~ + 560 \u2103<\/p>\n<p>Fonctionnement\u00a0: volant, engrenage, actionneur \u00e9lectrique, etc.<\/p>\n<table>\n<tbody>\n<tr>\n<td width=\"200\"><strong>Nom du produit<\/strong><\/td>\n<td width=\"481\">Vanne \u00e0 vanne \u00e0 joint haute pression, corps WC9, 2500LB, 3 pouces<\/td>\n<\/tr>\n<tr>\n<td width=\"200\">1. Mat\u00e9riel<\/td>\n<td width=\"481\">WC9<\/td>\n<\/tr>\n<tr>\n<td width=\"200\">2. Taille<\/td>\n<td width=\"481\">3&quot;<\/td>\n<\/tr>\n<tr>\n<td width=\"200\">4. Port<\/td>\n<td width=\"481\">Port complet<\/td>\n<\/tr>\n<tr>\n<td width=\"200\">5. Pression de travail<\/td>\n<td width=\"481\">2500 lb<\/td>\n<\/tr>\n<tr>\n<td width=\"200\">6. Fin de la connexion<\/td>\n<td width=\"481\">PC<\/td>\n<\/tr>\n<tr>\n<td width=\"200\">7. Temp\u00e9rature de travail.<\/td>\n<td width=\"481\">-29~540\u00baC,<\/td>\n<\/tr>\n<tr>\n<td width=\"200\">8. Support appropri\u00e9<\/td>\n<td width=\"481\">Eau, gaz naturel, p\u00e9trole et certains liquides corrosifs<\/td>\n<\/tr>\n<tr>\n<td width=\"200\">9. Exploit\u00e9<\/td>\n<td width=\"481\">Volant<\/td>\n<\/tr>\n<tr>\n<td width=\"200\">10. Inspection et tests<\/td>\n<td width=\"481\">Selon API598<\/td>\n<\/tr>\n<tr>\n<td width=\"200\"><strong>Exp\u00e9dition<\/strong><\/td>\n<td width=\"481\"><\/td>\n<\/tr>\n<tr>\n<td width=\"200\">D\u00e9lai de livraison<\/td>\n<td width=\"481\">30 jours<\/td>\n<\/tr>\n<tr>\n<td width=\"200\">Emballer<\/td>\n<td width=\"481\">Caisse en contreplaqu\u00e9 d&#039;exportation standard<\/td>\n<\/tr>\n<tr>\n<td width=\"200\">Port d&#039;exp\u00e9dition<\/td>\n<td width=\"481\">Ningbo\/Shanghai, Chine<\/td>\n<\/tr>\n<tr>\n<td width=\"200\">Conditions d&#039;exp\u00e9dition<\/td>\n<td width=\"481\">Exw, FOB, CFR, CIF, etc.<\/td>\n<\/tr>\n<tr>\n<td width=\"200\">Modalit\u00e9s de paiement<\/td>\n<td width=\"481\">T\/T, Western Union, PayPal, etc.<\/td>\n<\/tr>\n<tr>\n<td width=\"200\"><\/td>\n<td width=\"481\">Pr\u00e9paiement 30%, solde 70% pay\u00e9 avant l&#039;exp\u00e9dition<\/td>\n<\/tr>\n<tr>\n<td width=\"200\">Pays d&#039;origine<\/td>\n<td width=\"481\">Ville de Wenzhou, Chine<\/td>\n<\/tr>\n<tr>\n<td width=\"200\">Capacit\u00e9 de production<\/td>\n<td width=\"481\">6000 tonnes\/an<\/td>\n<\/tr>\n<tr>\n<td width=\"200\">MOQ<\/td>\n<td width=\"481\">1 pi\u00e8ces\/taille<\/td>\n<\/tr>\n<\/tbody>\n<\/table>","protected":false},"excerpt":{"rendered":"<p>Mod\u00e8le : Z61Y-2500LB-3\u2033<\/p>\n<p>Les vannes \u00e0 vanne \u00e0 joint haute pression sont con\u00e7ues pour un service \u00e0 haute temp\u00e9rature et haute pression et sont largement utilis\u00e9es dans les centrales \u00e9lectriques \u00e0 combustibles fossiles. Par rapport aux vannes \u00e0 joint de chapeau boulonn\u00e9,<\/p>\n<p>il assure une \u00e9tanch\u00e9it\u00e9 absolument fiable du joint du chapeau, de sorte que les vannes d&#039;\u00e9tanch\u00e9it\u00e9 \u00e0 pression soient plus compactes et rigides ainsi qu&#039;une maintenance rentable \u00e0 haute temp\u00e9rature et haute pression.<\/p>\n<p>&nbsp;<\/p>\n<p>STV Valve Technology Group Co., Ltd est un leader professionnel Vanne \u00e0 vanne \u00e0 joint de pression China2500#, Vannes \u00e0 vanne \u00e0 joint de pression API 600, Vanne \u00e0 vanne \u00e0 joint de pression de Chine, VALVE DE PORTE, Vanne \u00e0 vanne \u00e0 pression haute temp\u00e9rature, Vanne \u00e0 vanne \u00e0 joint de pression, Vannes \u00e0 joint de pression, Pression Fabricant de vannes \u00e0 vanne \u00e0 cale d&#039;\u00e9tanch\u00e9it\u00e9 de haute qualit\u00e9 et \u00e0 prix comp\u00e9titif.<\/p>\n<p>Veuillez contacter notre sales@stvvalve.com pour d&#039;autres mat\u00e9riaux et d\u00e9tails.<\/p>\n<p>Feuille de dates\u00a0:<br \/>\n<a href=\"https:\/\/www.stvvalves.com\/wp-content\/uploads\/2018\/12\/high-pressure-seal-gate-valve-wc9-body-2500lb-4-inch-drawing.pdf\">Vanne \u00e0 vanne \u00e0 joint haute pression, corps WC9, 2500LB, 3 pouces<\/a><\/p>","protected":false},"featured_media":4201,"template":"","meta":[],"product_brand":[],"product_cat":[58,44],"product_tag":[351,354,350,163,355,352,353,356],"class_list":{"0":"post-4200","1":"product","2":"type-product","3":"status-publish","4":"has-post-thumbnail","6":"product_cat-cast-steel-gate-valve","7":"product_cat-gate-valve","8":"product_tag-2500-pressure-seal-gate-valve","9":"product_tag-api-600-pressure-seal-gate-valves","10":"product_tag-china-pressure-seal-gate-valve","11":"product_tag-gate-valve","12":"product_tag-high-temperature-pressure-gatevalve","13":"product_tag-pressure-seal-gate-valve","14":"product_tag-pressure-seal-valves","15":"product_tag-pressure-seal-wedge-gate-valve","17":"first","18":"instock","19":"shipping-taxable","20":"product-type-simple"},"_links":{"self":[{"href":"https:\/\/www.stvvalves.com\/fr\/wp-json\/wp\/v2\/product\/4200","targetHints":{"allow":["GET"]}}],"collection":[{"href":"https:\/\/www.stvvalves.com\/fr\/wp-json\/wp\/v2\/product"}],"about":[{"href":"https:\/\/www.stvvalves.com\/fr\/wp-json\/wp\/v2\/types\/product"}],"wp:featuredmedia":[{"embeddable":true,"href":"https:\/\/www.stvvalves.com\/fr\/wp-json\/wp\/v2\/media\/4201"}],"wp:attachment":[{"href":"https:\/\/www.stvvalves.com\/fr\/wp-json\/wp\/v2\/media?parent=4200"}],"wp:term":[{"taxonomy":"product_brand","embeddable":true,"href":"https:\/\/www.stvvalves.com\/fr\/wp-json\/wp\/v2\/product_brand?post=4200"},{"taxonomy":"product_cat","embeddable":true,"href":"https:\/\/www.stvvalves.com\/fr\/wp-json\/wp\/v2\/product_cat?post=4200"},{"taxonomy":"product_tag","embeddable":true,"href":"https:\/\/www.stvvalves.com\/fr\/wp-json\/wp\/v2\/product_tag?post=4200"}],"curies":[{"name":"wp","href":"https:\/\/api.w.org\/{rel}","templated":true}]}}