{"id":4211,"date":"2018-12-11T12:50:56","date_gmt":"2018-12-11T12:50:56","guid":{"rendered":"https:\/\/www.stvvalves.com\/?post_type=product&#038;p=4211"},"modified":"2026-01-07T09:13:42","modified_gmt":"2026-01-07T01:13:42","slug":"ansi-bellow-seal-wcb-globe-valve-150lb-21-2-rf-end","status":"publish","type":"product","link":"https:\/\/www.stvvalves.com\/fr\/products\/ansi-bellow-seal-wcb-globe-valve-150lb-21-2-rf-end\/","title":{"rendered":"ANSI Bellow Seal WCB Globe Valve,150LB,21\/2&#8243;,RF End"},"content":{"rendered":"<h2>ANSI Bellow Seal WCB Globe Valve,150LB,21\/2&#8243;,RF End<\/h2>\n<p>1. Ce produit a une structure logique, un joint fiable, d&#039;excellentes performances et un design agr\u00e9able.<br \/>\n2. La surface du joint est soud\u00e9e par accumulation avec un alliage dur Co, qui est r\u00e9sistant \u00e0 l&#039;attrition, \u00e0 la corrosion, a une bonne r\u00e9sistance au frottement et une longue dur\u00e9e de vie.<br \/>\n3. La tige est tremp\u00e9e et revenue, et sa surface est trait\u00e9e par traitement \u00e0 l&#039;azote, elle a donc une bonne r\u00e9sistance \u00e0 la corrosion et au frottement.<br \/>\n4. Il a une double capacit\u00e9 d\u2019\u00e9tanch\u00e9it\u00e9, ce qui le rend plus fiable.<br \/>\n5. La tige peut indiquer la position de levage, elle est donc plus claire.<br \/>\n6. Le mat\u00e9riau de la pi\u00e8ce, la bride et la dimension de l&#039;extr\u00e9mit\u00e9 de la soudure bout \u00e0 bout peuvent \u00eatre s\u00e9lectionn\u00e9s en fonction des conditions de fonctionnement actuelles et des exigences des utilisateurs, afin de r\u00e9pondre aux exigences de diverses techniques.<br \/>\nFormation structurelle\u00a0: BB-BG-OS&amp;Y<br \/>\n7, mat\u00e9riaux : WCB, WC6, SS304, SS316<br \/>\n8, mat\u00e9riaux de soufflet : SS304, SS316, SS316L, SS310, Hastelly C.<br \/>\n9, gamme de tailles : 2\u2033-16\u2033<br \/>\n10, pression: 150LB-900LB<br \/>\n11. Mode de conduite\u00a0: \u00e0 commande manuelle, \u00e0 commande \u00e9lectrique<\/p>\n<p>Globe valve with bellow seal acc. to ANSI is applicable to the cutting and connection of pipelines medium that are used in various industries such as peroleum, chemical industry,pharmacy,chemical fertilizer,electric power industry etc under nominal pressure of CLASS150-900LBS and working tem\u00acperature of-29~350&#8217;C.<\/p>\n<p>Structural Features<br \/>\n1 .This product has logical structure,reliable seal, excellent performance and nice design.<br \/>\n2.The seal surface is build-up welding with Co hard alloy, which is attrition-resistant, corrosion-resistant, has good friction resistant and long life.<br \/>\n3.The stem is quenched and tempered, and its surface is treated by nitriding treatment, thus it has good corrosion resistant and friction resistant.<br \/>\n4.It has double seal capability, thus is more reliable.<br \/>\n5.The stem may show the position of lift, thus it is clearer.<br \/>\n6.The part material, flange and butt weld end dimension may be selected according to current operating condition and users&#8217; requirement, so that meet the requirements of various engineering.<\/p>\n<p>Technical Specificastion<br \/>\nStructural formation\uff1a BB-BG-OS &amp; Y<br \/>\nDriving maner\uff1a Hand-operated, Electric-actuated<br \/>\nDesign standard\uff1a AMSE B16.10\u3001BS1873<br \/>\nFace to face\uff1a ASME B16.10<br \/>\nFlange ends : ASME B16.5<br \/>\nTest &amp; inspection\uff1a API598<br \/>\n<img decoding=\"async\" src=\"https:\/\/www.lonzevalve.com\/zyupload\/201910\/15\/1-201910151537083676.jpg\" alt=\"\" \/><\/p>\n<table>\n<tbody>\n<tr>\n<td width=\"200\"><strong>Nom du produit<\/strong><\/td>\n<td width=\"481\">ANSI Bellow Seal WCB Globe Valve,150LB,21\/2&#8243;,RF End<\/td>\n<\/tr>\n<tr>\n<td width=\"200\">1. Mat\u00e9riel<\/td>\n<td width=\"481\">WCB<\/td>\n<\/tr>\n<tr>\n<td width=\"200\">2. Taille<\/td>\n<td width=\"481\">2&quot;<\/td>\n<\/tr>\n<tr>\n<td width=\"200\">4. Port<\/td>\n<td width=\"481\">Port complet<\/td>\n<\/tr>\n<tr>\n<td width=\"200\">5. Pression de travail<\/td>\n<td width=\"481\">150 livres<\/td>\n<\/tr>\n<tr>\n<td width=\"200\">6. Fin de la connexion<\/td>\n<td width=\"481\">RF<\/td>\n<\/tr>\n<tr>\n<td width=\"200\">7. Temp\u00e9rature de travail.<\/td>\n<td width=\"481\">-29~425\u00baC,<\/td>\n<\/tr>\n<tr>\n<td width=\"200\">8. Support appropri\u00e9<\/td>\n<td width=\"481\">Eau, gaz naturel, p\u00e9trole et certains liquides corrosifs<\/td>\n<\/tr>\n<tr>\n<td width=\"200\">9. Exploit\u00e9<\/td>\n<td width=\"481\">Volant<\/td>\n<\/tr>\n<tr>\n<td width=\"200\">10. Inspection et tests<\/td>\n<td width=\"481\">Selon API598<\/td>\n<\/tr>\n<tr>\n<td width=\"200\"><strong>Exp\u00e9dition<\/strong><\/td>\n<td width=\"481\"><\/td>\n<\/tr>\n<tr>\n<td width=\"200\">D\u00e9lai de livraison<\/td>\n<td width=\"481\">30 jours<\/td>\n<\/tr>\n<tr>\n<td width=\"200\">Emballer<\/td>\n<td width=\"481\">Caisse en contreplaqu\u00e9 d&#039;exportation standard<\/td>\n<\/tr>\n<tr>\n<td width=\"200\">Port d&#039;exp\u00e9dition<\/td>\n<td width=\"481\">Ningbo\/Shanghai, Chine<\/td>\n<\/tr>\n<tr>\n<td width=\"200\">Conditions d&#039;exp\u00e9dition<\/td>\n<td width=\"481\">Exw, FOB, CFR, CIF, etc.<\/td>\n<\/tr>\n<tr>\n<td width=\"200\">Modalit\u00e9s de paiement<\/td>\n<td width=\"481\">T\/T, Western Union, PayPal, etc.<\/td>\n<\/tr>\n<tr>\n<td width=\"200\"><\/td>\n<td width=\"481\">Pr\u00e9paiement 30%, solde 70% pay\u00e9 avant l&#039;exp\u00e9dition<\/td>\n<\/tr>\n<tr>\n<td width=\"200\">Pays d&#039;origine<\/td>\n<td width=\"481\">Ville de Wenzhou, Chine<\/td>\n<\/tr>\n<tr>\n<td width=\"200\">Capacit\u00e9 de production<\/td>\n<td width=\"481\">6000 tonnes\/an<\/td>\n<\/tr>\n<tr>\n<td width=\"200\">MOQ<\/td>\n<td width=\"481\">1 pi\u00e8ces\/taille<\/td>\n<\/tr>\n<\/tbody>\n<\/table>","protected":false},"excerpt":{"rendered":"<p>Model:WJ41Y-150LB-21\/2&#8243;<\/p>\n<p>La vanne \u00e0 soupape \u00e0 soufflet ANSI 150LB utilise un soufflet comme \u00e9l\u00e9ment d&#039;\u00e9tanch\u00e9it\u00e9 de la tige de vanne, ce qui peut emp\u00eacher la tige de vanne de fuir pour emp\u00eacher la fuite du fluide. Aucune perte de fluide n&#039;augmente l&#039;efficacit\u00e9 \u00e9nerg\u00e9tique, augmente la s\u00e9curit\u00e9 des \u00e9quipements de production, r\u00e9duit les co\u00fbts de maintenance et maintient les co\u00fbts de maintenance. Il offre \u00e9galement un environnement de travail propre et s\u00fbr. Il est le plus appropri\u00e9 pour les pipelines de vapeur, d&#039;huile inflammable, explosive, de transfert de chaleur, de haute puret\u00e9, toxiques et autres. La vanne d&#039;arr\u00eat est utilis\u00e9e pour la pression nominale 150LB-300LB et la bride de raccordement est ANSI B16.5. \u00c0 haute temp\u00e9rature, la tige n&#039;entre pas en contact avec le fluide, garantissant ainsi une fuite nulle de la tige. En m\u00eame temps, assurez-vous d&#039;une r\u00e9sistance et d&#039;une t\u00e9nacit\u00e9 suffisantes, vous pouvez changer des dizaines de milliers de fois. Le volant est con\u00e7u de mani\u00e8re ergonomique pour une dur\u00e9e de vie plus longue et une utilisation facile.<\/p>\n<p>Caract\u00e9ristique cl\u00e9:<\/p>\n<p>1. \u00c9l\u00e9ment de joint ci-dessous. L&#039;\u00e9l\u00e9ment cl\u00e9 des vannes \u00e0 globe scell\u00e9es \u00e0 soufflet est le soufflet mental. Il s&#039;agit de la connexion entre le couvercle et la tige avec soudage automatique au rouleau. Le soufflet mental peut emp\u00eacher la partie tige de fuir.<br \/>\n2. B\u00e9n\u00e9ficiez de la conception de forme con et simplifi\u00e9e, le disque a une \u00e9tanch\u00e9it\u00e9 fiable et une dur\u00e9e de vie plus longue.<br \/>\n3. Conception \u00e0 Double joint (soufflet + emballage). Le soufflet et la garniture peuvent prot\u00e9ger contre les fuites et fournir une excellente \u00e9tanch\u00e9it\u00e9.<br \/>\n4. Graisseur. Il peut lubrifier directement la tige, l&#039;\u00e9crou et le manchon.<br \/>\n5, l&#039;indication de position de levage de tige, plus intuitive\u00a0;<br \/>\n6, le mat\u00e9riau des pi\u00e8ces, la taille du num\u00e9ro de bride et de soudage bout \u00e0 bout peuvent \u00eatre raisonnablement adapt\u00e9s en fonction des conditions de travail r\u00e9elles ou des exigences de l&#039;utilisateur pour r\u00e9pondre \u00e0 divers besoins d&#039;ing\u00e9nierie<br \/>\n7, mat\u00e9riaux : WCB, WC6, SS304, SS316<br \/>\n8, mat\u00e9riaux de soufflet : SS304, SS316, SS316L, SS310, Hastelly C.<br \/>\n9, gamme de tailles : 2\u2033-16\u2033<br \/>\n10, pression: 150LB-900LB<br \/>\nSp\u00e9cifications techniques<br \/>\nNorme de conception\u00a0: ASME B16.34<br \/>\nDimension face \u00e0 face\u00a0: ASME B16.10<br \/>\nExtr\u00e9mit\u00e9s \u00e0 bride\u00a0: ASME B16.5<br \/>\nTests et inspections\u00a0: API 598<br \/>\nSp\u00e9cification de performance<\/p>\n<p>STV Valve Technology Group Co., Ltd est un leader professionnel des vannes \u00e0 soupape \u00e0 soufflet ANSI en Chine, des vannes \u00e0 soupape \u00e0 soufflet standard Ansi, des vannes \u00e0 soupape \u00e0 soufflet ANSI 150LB, des vannes \u00e0 soupape \u00e0 soufflet en acier moul\u00e9 ANSI de Chine, des vannes \u00e0 soupape \u00e0 joint \u00e0 soufflet \u00e0 bride, des vannes \u00e0 soupape Wcb. , Fabricant de robinets \u00e0 soupape \u00e0 joint \u00e0 soufflet de haute qualit\u00e9 et \u00e0 prix comp\u00e9titif.<\/p>\n<p>Veuillez contacter notre sales@stvvalve.com pour d&#039;autres mat\u00e9riaux et d\u00e9tails.<\/p>\n<h1>ANSI Bellow Seal WCB Globe Valve<\/h1>","protected":false},"featured_media":8802,"template":"","meta":[],"product_brand":[],"product_cat":[65,45],"product_tag":[370,365,371,369,368,366,367],"class_list":{"0":"post-4211","1":"product","2":"type-product","3":"status-publish","4":"has-post-thumbnail","6":"product_cat-bellow-seal-globe-valve","7":"product_cat-globe-valve","8":"product_tag-ansi-bellows-globe-valve","9":"product_tag-ansi-standard-bellows-seal-globe-valve","10":"product_tag-bellow-seal-globe-valve","11":"product_tag-bellows-seal-globe-valve-ansi-150lb","12":"product_tag-china-ansi-cast-steel-bellow-seal-globe-valve","13":"product_tag-flanged-bellow-seal-globe-valve","14":"product_tag-wcb-globe-valve","16":"first","17":"instock","18":"shipping-taxable","19":"product-type-simple"},"_links":{"self":[{"href":"https:\/\/www.stvvalves.com\/fr\/wp-json\/wp\/v2\/product\/4211","targetHints":{"allow":["GET"]}}],"collection":[{"href":"https:\/\/www.stvvalves.com\/fr\/wp-json\/wp\/v2\/product"}],"about":[{"href":"https:\/\/www.stvvalves.com\/fr\/wp-json\/wp\/v2\/types\/product"}],"wp:featuredmedia":[{"embeddable":true,"href":"https:\/\/www.stvvalves.com\/fr\/wp-json\/wp\/v2\/media\/8802"}],"wp:attachment":[{"href":"https:\/\/www.stvvalves.com\/fr\/wp-json\/wp\/v2\/media?parent=4211"}],"wp:term":[{"taxonomy":"product_brand","embeddable":true,"href":"https:\/\/www.stvvalves.com\/fr\/wp-json\/wp\/v2\/product_brand?post=4211"},{"taxonomy":"product_cat","embeddable":true,"href":"https:\/\/www.stvvalves.com\/fr\/wp-json\/wp\/v2\/product_cat?post=4211"},{"taxonomy":"product_tag","embeddable":true,"href":"https:\/\/www.stvvalves.com\/fr\/wp-json\/wp\/v2\/product_tag?post=4211"}],"curies":[{"name":"wp","href":"https:\/\/api.w.org\/{rel}","templated":true}]}}