{"id":4215,"date":"2018-12-11T16:02:56","date_gmt":"2018-12-11T16:02:56","guid":{"rendered":"https:\/\/www.stvvalves.com\/?post_type=product&#038;p=4215"},"modified":"2026-01-07T09:23:37","modified_gmt":"2026-01-07T01:23:37","slug":"din-pn16-cast-steel-bellow-globe-valve","status":"publish","type":"product","link":"https:\/\/www.stvvalves.com\/fr\/products\/din-pn16-cast-steel-bellow-globe-valve\/","title":{"rendered":"Vanne \u00e0 soupape \u00e0 soufflet en acier moul\u00e9 DIN PN16"},"content":{"rendered":"<p>Sp\u00e9cifications techniques<\/p>\n<p>Norme de conception : DIN 3356<\/p>\n<p>Dimension face \u00e0 face : DIN 3202<\/p>\n<p>Extr\u00e9mit\u00e9s de bride : DIN 2543-2545<\/p>\n<p>Test et contr\u00f4le\u00a0: DIN 3230<\/p>\n<p>Application : syst\u00e8me d&#039;huile chaude, syst\u00e8me de vapeur, syst\u00e8me d&#039;eau chaude et froide, etc.<\/p>\n<p>Milieu\u00a0: Vapeur, gaz, eau chaude, huile thermique, ammoniac, etc.<br \/>\nMat\u00e9riaux : GG25(EN-GJL-250),GGG40,1.0619+N(GS-C25),1.4308(CF8), 1.4408(CF8M)<br \/>\nMat\u00e9riaux des soufflets\u00a0: SS304, SS316, SS316L, SS 310S, Hastelly C<br \/>\nGamme de tailles : DN15-DN400<br \/>\nPression : PN16-PN40<br \/>\nTemp\u00e9rature : \u2264600 \u2103<\/p>\n<table>\n<tbody>\n<tr>\n<td width=\"200\"><strong>Nom du produit<\/strong><\/td>\n<td width=\"481\">Vanne \u00e0 soupape \u00e0 soufflet en acier moul\u00e9 DIN PN16<\/td>\n<\/tr>\n<tr>\n<td width=\"200\">1. Mat\u00e9riel<\/td>\n<td width=\"481\">WCB<\/td>\n<\/tr>\n<tr>\n<td width=\"200\">2. Taille<\/td>\n<td width=\"481\">2&quot;<\/td>\n<\/tr>\n<tr>\n<td width=\"200\">4. Port<\/td>\n<td width=\"481\">Port complet<\/td>\n<\/tr>\n<tr>\n<td width=\"200\">5. Pression de travail<\/td>\n<td width=\"481\">PN16<\/td>\n<\/tr>\n<tr>\n<td width=\"200\">6. Fin de la connexion<\/td>\n<td width=\"481\">RF<\/td>\n<\/tr>\n<tr>\n<td width=\"200\">7. Temp\u00e9rature de travail.<\/td>\n<td width=\"481\">-29~425\u00baC,<\/td>\n<\/tr>\n<tr>\n<td width=\"200\">8. Support appropri\u00e9<\/td>\n<td width=\"481\">Eau, gaz naturel, p\u00e9trole et certains liquides corrosifs<\/td>\n<\/tr>\n<tr>\n<td width=\"200\">9. Exploit\u00e9<\/td>\n<td width=\"481\">Volant<\/td>\n<\/tr>\n<tr>\n<td width=\"200\">10. Inspection et tests<\/td>\n<td width=\"481\">Selon DIN 3230<\/td>\n<\/tr>\n<tr>\n<td width=\"200\"><strong>Exp\u00e9dition<\/strong><\/td>\n<td width=\"481\"><\/td>\n<\/tr>\n<tr>\n<td width=\"200\">D\u00e9lai de livraison<\/td>\n<td width=\"481\">30 jours<\/td>\n<\/tr>\n<tr>\n<td width=\"200\">Emballer<\/td>\n<td width=\"481\">Caisse en contreplaqu\u00e9 d&#039;exportation standard<\/td>\n<\/tr>\n<tr>\n<td width=\"200\">Port d&#039;exp\u00e9dition<\/td>\n<td width=\"481\">Ningbo\/Shanghai, Chine<\/td>\n<\/tr>\n<tr>\n<td width=\"200\">Conditions d&#039;exp\u00e9dition<\/td>\n<td width=\"481\">Exw, FOB, CFR, CIF, etc.<\/td>\n<\/tr>\n<tr>\n<td width=\"200\">Modalit\u00e9s de paiement<\/td>\n<td width=\"481\">T\/T, Western Union, PayPal, etc.<\/td>\n<\/tr>\n<tr>\n<td width=\"200\"><\/td>\n<td width=\"481\">Pr\u00e9paiement 30%, solde 70% pay\u00e9 avant l&#039;exp\u00e9dition<\/td>\n<\/tr>\n<tr>\n<td width=\"200\">Pays d&#039;origine<\/td>\n<td width=\"481\">Ville de Wenzhou, Chine<\/td>\n<\/tr>\n<tr>\n<td width=\"200\">Capacit\u00e9 de production<\/td>\n<td width=\"481\">6000 tonnes\/an<\/td>\n<\/tr>\n<tr>\n<td width=\"200\">MOQ<\/td>\n<td width=\"481\">1 pi\u00e8ces\/taille<\/td>\n<\/tr>\n<\/tbody>\n<\/table>","protected":false},"excerpt":{"rendered":"<p>Model:WJ41H-WCB-PN16<br \/>\nCast Steel Bellow Globe Valve is suitable for medium pressure PN1.6 ~ 16MPa, working temperature -29 ~ 350 \u00b0C flammable, explosive, highly toxic, toxic fluid, high temperature heat transfer oil, liquid ammonia and other media.<br \/>\nWidely used in: petrochemical, chemical fiber textile, plastic paper, electric steel, printing and dyeing rubber, natural gas and other gas systems, the performance is safe and reliable, widely used in industrial fluids such as ethylene glycol. The driving methods are manual, gear transmission, electric, pneumatic and so on.<\/p>\n<p>&nbsp;<\/p>\n<p>Key Feature\uff1a<\/p>\n<p>1.Bellow seal element. The key part of bellow sealed globe valves is metal bellow. It is the connection between cover and stem with automatic roll welding. The metal bellow can keep the stem part no leakage.<\/p>\n<p>2. B\u00e9n\u00e9ficiez de la conception de forme con et simplifi\u00e9e, le disque a une \u00e9tanch\u00e9it\u00e9 fiable et une dur\u00e9e de vie plus longue.<\/p>\n<p>3. Conception \u00e0 Double joint (soufflet + emballage). Le soufflet et la garniture peuvent prot\u00e9ger contre les fuites et fournir une excellente \u00e9tanch\u00e9it\u00e9.<\/p>\n<p>4. Graisseur. Il peut lubrifier directement la tige, l&#039;\u00e9crou et le manchon.<\/p>\n<p>5.Ergonomic hand wheel. It provide longer service life and easier operation.<\/p>\n<p>&nbsp;<\/p>\n<p>STV Valve Technology Group Co., Ltd is a professional leader China Bellow seal globe valve,\u00a0Cast Steel Bellow Sealed Globe Valves,\u00a0Cast steel bellow sealed globe valves flanged PN 16,\u00a0DIN bellow seal globe valve,\u00a0WCB bellow seal globe valve Manufacturer with high quality and competitive price.<\/p>\n<p>Veuillez contacter notre sales@stvvalve.com pour d&#039;autres mat\u00e9riaux et d\u00e9tails.<\/p>\n<p>Feuille de dates\u00a0:<br \/>\n<a href=\"https:\/\/www.stvvalves.com\/wp-content\/uploads\/2018\/12\/din-pn16-cast-steel-bellow-globe-valve-drawing.pdf\">Vanne \u00e0 soupape \u00e0 soufflet en acier moul\u00e9 DIN PN16<\/a><\/p>","protected":false},"featured_media":4216,"template":"","meta":[],"product_brand":[],"product_cat":[65,45],"product_tag":[371,374,373,372,375],"class_list":{"0":"post-4215","1":"product","2":"type-product","3":"status-publish","4":"has-post-thumbnail","6":"product_cat-bellow-seal-globe-valve","7":"product_cat-globe-valve","8":"product_tag-bellow-seal-globe-valve","9":"product_tag-cast-steel-bellow-sealed-globe-valves","10":"product_tag-cast-steel-bellow-sealed-globe-valves-flanged-pn-16","11":"product_tag-din-bellow-seal-globe-valve","12":"product_tag-wcb-bellow-seal-globe-valve","14":"first","15":"instock","16":"shipping-taxable","17":"product-type-simple"},"_links":{"self":[{"href":"https:\/\/www.stvvalves.com\/fr\/wp-json\/wp\/v2\/product\/4215","targetHints":{"allow":["GET"]}}],"collection":[{"href":"https:\/\/www.stvvalves.com\/fr\/wp-json\/wp\/v2\/product"}],"about":[{"href":"https:\/\/www.stvvalves.com\/fr\/wp-json\/wp\/v2\/types\/product"}],"wp:featuredmedia":[{"embeddable":true,"href":"https:\/\/www.stvvalves.com\/fr\/wp-json\/wp\/v2\/media\/4216"}],"wp:attachment":[{"href":"https:\/\/www.stvvalves.com\/fr\/wp-json\/wp\/v2\/media?parent=4215"}],"wp:term":[{"taxonomy":"product_brand","embeddable":true,"href":"https:\/\/www.stvvalves.com\/fr\/wp-json\/wp\/v2\/product_brand?post=4215"},{"taxonomy":"product_cat","embeddable":true,"href":"https:\/\/www.stvvalves.com\/fr\/wp-json\/wp\/v2\/product_cat?post=4215"},{"taxonomy":"product_tag","embeddable":true,"href":"https:\/\/www.stvvalves.com\/fr\/wp-json\/wp\/v2\/product_tag?post=4215"}],"curies":[{"name":"wp","href":"https:\/\/api.w.org\/{rel}","templated":true}]}}