{"id":4230,"date":"2018-12-12T15:30:22","date_gmt":"2018-12-12T15:30:22","guid":{"rendered":"https:\/\/www.stvvalves.com\/?post_type=product&#038;p=4230"},"modified":"2025-02-17T18:19:24","modified_gmt":"2025-02-17T10:19:24","slug":"3-way-sanitary-ball-valve-aisi-316l","status":"publish","type":"product","link":"https:\/\/www.stvvalves.com\/fr\/products\/3-way-sanitary-ball-valve-aisi-316l\/","title":{"rendered":"Robinet \u00e0 tournant sph\u00e9rique sanitaire \u00e0 3 voies AISI 316L"},"content":{"rendered":"<p><img loading=\"lazy\" decoding=\"async\" class=\"alignnone size-full wp-image-4231\" src=\"https:\/\/www.stvvalves.com\/wp-content\/uploads\/2018\/12\/3-way-sanitary-ball-valve-aisi-316l-drawing.jpg\" alt=\"\" width=\"2200\" height=\"1700\" srcset=\"https:\/\/www.stvvalves.com\/wp-content\/uploads\/2018\/12\/3-way-sanitary-ball-valve-aisi-316l-drawing.jpg 2200w, https:\/\/www.stvvalves.com\/wp-content\/uploads\/2018\/12\/3-way-sanitary-ball-valve-aisi-316l-drawing-600x464.jpg 600w, https:\/\/www.stvvalves.com\/wp-content\/uploads\/2018\/12\/3-way-sanitary-ball-valve-aisi-316l-drawing-300x232.jpg 300w, https:\/\/www.stvvalves.com\/wp-content\/uploads\/2018\/12\/3-way-sanitary-ball-valve-aisi-316l-drawing-768x593.jpg 768w, https:\/\/www.stvvalves.com\/wp-content\/uploads\/2018\/12\/3-way-sanitary-ball-valve-aisi-316l-drawing-1030x796.jpg 1030w, https:\/\/www.stvvalves.com\/wp-content\/uploads\/2018\/12\/3-way-sanitary-ball-valve-aisi-316l-drawing-1500x1159.jpg 1500w, https:\/\/www.stvvalves.com\/wp-content\/uploads\/2018\/12\/3-way-sanitary-ball-valve-aisi-316l-drawing-705x545.jpg 705w\" sizes=\"auto, (max-width: 2200px) 100vw, 2200px\" \/><\/p>","protected":false},"excerpt":{"rendered":"<p>Mod\u00e8le\u00a0:\u00a0Q15F-1000WOG<\/p>\n<p>Les robinets \u00e0 tournant sph\u00e9rique sanitaires \u00e0 3 voies sont livr\u00e9s en standard avec un si\u00e8ge enti\u00e8rement encapsul\u00e9 ou rempli de cavit\u00e9s. Ce n&#039;est pas une option puisque le si\u00e8ge en t\u00e9flon enti\u00e8rement encapsul\u00e9 r\u00e9duit le risque de contamination des processus ou produits critiques. Les robinets \u00e0 tournant sph\u00e9rique \u00e0 3 voies ne n\u00e9cessitent aucun outil sp\u00e9cial sur le terrain pour travailler sur la vanne, ce qui est un avantage en termes de facilit\u00e9 d&#039;entretien et de faibles co\u00fbts d&#039;installation. Nous avons chaque valve bouch\u00e9e et emball\u00e9e afin que vous n&#039;ayez pas de coups aux extr\u00e9mit\u00e9s et que nous gravons de mani\u00e8re permanente la taille, l&#039;alliage et le num\u00e9ro de chaleur pour une capacit\u00e9 de tra\u00e7abilit\u00e9 compl\u00e8te.<br \/>\nLes robinets \u00e0 tournant sph\u00e9rique sanitaires \u00e0 3 voies en acier inoxydable sont utilis\u00e9s dans une grande vari\u00e9t\u00e9 d&#039;applications haute pression. Un d\u00e9bit complet et sans restriction ne permet aucune restriction du produit \u00e0 travers la vanne, permettant un d\u00e9tournement facile. Nous proposons des vannes \u00e0 boisseau sph\u00e9rique \u00e0 trois voies en acier inoxydable T316L (CF3M) avec des si\u00e8ges en PTFE facilement d\u00e9montables. Les extr\u00e9mit\u00e9s de serrage et de soudure sont standard. D&#039;autres connexions sont disponibles sur demande. Les robinets \u00e0 tournant sph\u00e9rique r\u00e9pondent aux exigences 3A. Le port L est standard, mais le port T est disponible sur demande. Nous avons en stock un large inventaire de robinets \u00e0 tournant sph\u00e9rique sanitaires \u00e0 3 voies en acier inoxydable de haute qualit\u00e9.<\/p>\n<p>Caract\u00e9ristique cl\u00e9:<\/p>\n<p>Disponible dans les tailles 1\/2\u2033 \u2013 4\u2033<br \/>\nCorps et embouts en moulage de pr\u00e9cision de qualit\u00e9<br \/>\nDisponible en acier inoxydable AISI 304, AISI 316L<br \/>\nSupport de montage direct ISO 5211<br \/>\nGarniture de tige r\u00e9glable<br \/>\nConception de tige anti-\u00e9ruption<br \/>\nDisponible en port L\/ T\/ X\/ I<br \/>\n100% test\u00e9 \u00e0 l&#039;air sous l&#039;eau \u00e0 80-100 psi<br \/>\nPlage de temp\u00e9rature -29 \u00b0C \u00e0 120 \u00b0C<br \/>\nType d&#039;extr\u00e9mit\u00e9\u00a0: pince en T, soudure de tube, soudure de tube allong\u00e9e<\/p>\n<p>Veuillez contacter nos ventes pour d&#039;autres mat\u00e9riaux et d\u00e9tails.<\/p>\n<p>Feuille de dates\u00a0:<br \/>\n<a href=\"https:\/\/www.stvvalves.com\/wp-content\/uploads\/2018\/12\/3-way-sanitary-ball-valve-aisi-316l.jpg\">Robinet \u00e0 tournant sph\u00e9rique sanitaire \u00e0 3 voies AISI 316L<\/a><\/p>","protected":false},"featured_media":4233,"template":"","meta":[],"product_brand":[],"product_cat":[966,969],"product_tag":[397,394,390,396,392,393,391,395],"class_list":{"0":"post-4230","1":"product","2":"type-product","3":"status-publish","4":"has-post-thumbnail","6":"product_cat-pipe-fitting","7":"product_cat-sanitary-pipe-fitting-and-valves","8":"product_tag-3-way-ball-valves","9":"product_tag-3-way-multi-port-sanitary-stainless-steel-ball-valve","10":"product_tag-3-way-sanitary-ball-valves","11":"product_tag-3-way-sanitary-tri-clamp-valve","12":"product_tag-316l-stainless","13":"product_tag-sanitary-3-4-way-ball-valve","14":"product_tag-sanitary-3-way-ball-valve","15":"product_tag-t-port-three-way-sanitary-ball-valve","17":"first","18":"instock","19":"shipping-taxable","20":"product-type-simple"},"_links":{"self":[{"href":"https:\/\/www.stvvalves.com\/fr\/wp-json\/wp\/v2\/product\/4230","targetHints":{"allow":["GET"]}}],"collection":[{"href":"https:\/\/www.stvvalves.com\/fr\/wp-json\/wp\/v2\/product"}],"about":[{"href":"https:\/\/www.stvvalves.com\/fr\/wp-json\/wp\/v2\/types\/product"}],"wp:featuredmedia":[{"embeddable":true,"href":"https:\/\/www.stvvalves.com\/fr\/wp-json\/wp\/v2\/media\/4233"}],"wp:attachment":[{"href":"https:\/\/www.stvvalves.com\/fr\/wp-json\/wp\/v2\/media?parent=4230"}],"wp:term":[{"taxonomy":"product_brand","embeddable":true,"href":"https:\/\/www.stvvalves.com\/fr\/wp-json\/wp\/v2\/product_brand?post=4230"},{"taxonomy":"product_cat","embeddable":true,"href":"https:\/\/www.stvvalves.com\/fr\/wp-json\/wp\/v2\/product_cat?post=4230"},{"taxonomy":"product_tag","embeddable":true,"href":"https:\/\/www.stvvalves.com\/fr\/wp-json\/wp\/v2\/product_tag?post=4230"}],"curies":[{"name":"wp","href":"https:\/\/api.w.org\/{rel}","templated":true}]}}