{"id":4234,"date":"2018-12-14T12:52:59","date_gmt":"2018-12-14T12:52:59","guid":{"rendered":"https:\/\/www.stvvalves.com\/?post_type=product&#038;p=4234"},"modified":"2025-02-17T18:19:22","modified_gmt":"2025-02-17T10:19:22","slug":"pn16-flange-ball-valve-with-direct-mount","status":"publish","type":"product","link":"https:\/\/www.stvvalves.com\/fr\/products\/pn16-flange-ball-valve-with-direct-mount\/","title":{"rendered":"Robinet \u00e0 tournant sph\u00e9rique \u00e0 bride PN16 avec montage direct"},"content":{"rendered":"<p>Robinet \u00e0 tournant sph\u00e9rique \u00e0 bride PN16 avec montage direct<\/p>\n<p>Caract\u00e9ristiques du produit:<\/p>\n<p>Mat\u00e9riau en acier inoxydable moul\u00e9<\/p>\n<p>Bille en acier inoxydable massif<\/p>\n<p>Tige en acier inoxydable anti-\u00e9ruption<\/p>\n<p>Si\u00e8ges renforc\u00e9s en PTFE<\/p>\n<p>Ouverture compl\u00e8te pour un flux sans restriction<\/p>\n<p>Verrouillable en position compl\u00e8tement ouverte ou ferm\u00e9e<\/p>\n<p>Conception de s\u00e9curit\u00e9 incendie API 607 disponible<\/p>\n<p>Patin de montage pour un actionnement facile<\/p>\n<p>Longueur r\u00e9glable\/poign\u00e9es amovibles pour s&#039;adapter aux zones d&#039;espace limit\u00e9.<\/p>\n<p>La poign\u00e9e avec dispositif de verrouillage est en option<\/p>\n<p>Certifi\u00e9 pour r\u00e9pondre aux exigences des diff\u00e9rents march\u00e9s.<\/p>\n<p>Sp\u00e9cifications techniques:<\/p>\n<p>Norme de conception et de fabrication\u00a0: API 6D, API 608, BS 5351\/DIN3357\/JIS B2071<\/p>\n<p>Norme de pression et de temp\u00e9rature\u00a0: ASME B16.34\/DIN3230<\/p>\n<p>Norme de dimension face \u00e0 face\u00a0: ASME B16.10\/DIN3202\/JIS B2002<\/p>\n<p>Norme de bride\u00a0: ASME B16.5, ASME B16.47\/DIN2543-2545-2501\/JIS B2220<\/p>\n<p>Norme de test et d&#039;inspection\u00a0: API 598, API 6D\/DIN2401\/JIS B2003.<\/p>\n<p><img loading=\"lazy\" decoding=\"async\" class=\"alignnone size-full wp-image-4235\" src=\"https:\/\/www.stvvalves.com\/wp-content\/uploads\/2018\/12\/pn16-flange-ball-valve-with-direct-mount-drawing.jpg\" alt=\"\" width=\"2339\" height=\"1653\" srcset=\"https:\/\/www.stvvalves.com\/wp-content\/uploads\/2018\/12\/pn16-flange-ball-valve-with-direct-mount-drawing.jpg 2339w, https:\/\/www.stvvalves.com\/wp-content\/uploads\/2018\/12\/pn16-flange-ball-valve-with-direct-mount-drawing-600x424.jpg 600w, https:\/\/www.stvvalves.com\/wp-content\/uploads\/2018\/12\/pn16-flange-ball-valve-with-direct-mount-drawing-300x212.jpg 300w, https:\/\/www.stvvalves.com\/wp-content\/uploads\/2018\/12\/pn16-flange-ball-valve-with-direct-mount-drawing-768x543.jpg 768w, https:\/\/www.stvvalves.com\/wp-content\/uploads\/2018\/12\/pn16-flange-ball-valve-with-direct-mount-drawing-1030x728.jpg 1030w, https:\/\/www.stvvalves.com\/wp-content\/uploads\/2018\/12\/pn16-flange-ball-valve-with-direct-mount-drawing-1500x1060.jpg 1500w, https:\/\/www.stvvalves.com\/wp-content\/uploads\/2018\/12\/pn16-flange-ball-valve-with-direct-mount-drawing-260x185.jpg 260w, https:\/\/www.stvvalves.com\/wp-content\/uploads\/2018\/12\/pn16-flange-ball-valve-with-direct-mount-drawing-705x498.jpg 705w\" sizes=\"auto, (max-width: 2339px) 100vw, 2339px\" \/><\/p>","protected":false},"excerpt":{"rendered":"<p>Mod\u00e8le\u00a0: Q41F-PN40<\/p>\n<p>Notre robinet \u00e0 tournant sph\u00e9rique \u00e0 bride PN 16 avec montages directs est dot\u00e9 d&#039;un corps et d&#039;une extr\u00e9mit\u00e9 en fonte de haute qualit\u00e9. ils sont disponibles en 1\/2&quot; \u00e0 6&quot; et sont des ports r\u00e9guliers. Une protection sup\u00e9rieure contre les fuites est obtenue gr\u00e2ce \u00e0 l\u2019utilisation de notre syst\u00e8me brevet\u00e9 de joint de tige \u00ab pyramidal \u00bb illustr\u00e9 dans le graphique ci-dessous. Ce syst\u00e8me avanc\u00e9 prot\u00e8ge contre l&#039;usure et les fuites rencontr\u00e9es par les vannes \u00e0 bille ordinaires. Corps en deux pi\u00e8ces, bille flottante, passage int\u00e9gral, tige anti-explosion Conception ignifuge Dispositifs antistatiques pour corps de tige \u00e0 bille.<\/p>\n<p>Disponible avec les options \u00e0 brides PN16\/40 et ANSI 150 et dans les tailles de 1\/2\u2033 \u00e0 6\u2033.<br \/>\nDot\u00e9es d&#039;un coussinet d&#039;actionnement \u00e0 montage direct ISO 5211, ces vannes sont faciles \u00e0 actionner.<\/p>\n<p>STV Valve Technology Group Co., Ltd est un leader professionnel en Chine Robinet \u00e0 boisseau sph\u00e9rique flottant en 2 pi\u00e8ces, robinet \u00e0 boisseau sph\u00e9rique 2 pi\u00e8ces avec coussinet de montage direct, robinet \u00e0 boisseau sph\u00e9rique 2 pi\u00e8ces \u00e0 bride \u00e0 passage int\u00e9gral DIN PN16, robinet \u00e0 boisseau sph\u00e9rique \u00e0 extr\u00e9mit\u00e9 \u00e0 bride coussinet de montage direct Pn16\/40, Chine Robinet \u00e0 tournant sph\u00e9rique \u00e0 bride DIN Pn16\/Pn40 2PC, fabricant chinois de robinet \u00e0 tournant sph\u00e9rique PN16 \u00e0 bride \u00e0 montage direct haute temp\u00e9rature de haute qualit\u00e9 et \u00e0 prix comp\u00e9titif.<\/p>\n<p>Veuillez contacter notre sales@stvvalve.com pour d&#039;autres mat\u00e9riaux et d\u00e9tails.<\/p>\n<p>Feuille de dates\u00a0: <a href=\"https:\/\/www.stvvalves.com\/wp-content\/uploads\/2018\/12\/pn16-flange-ball-valve-with-direct-mount-drawing.pdf\">Robinet \u00e0 tournant sph\u00e9rique \u00e0 bride PN16 avec montage direct<\/a><\/p>\n<p>&nbsp;<\/p>","protected":false},"featured_media":4236,"template":"","meta":[],"product_brand":[],"product_cat":[43,80,78,53],"product_tag":[398,404,399,400,402,401,403],"class_list":{"0":"post-4234","1":"product","2":"type-product","3":"status-publish","4":"has-post-thumbnail","6":"product_cat-ball-valve","7":"product_cat-flange-ball-valve","8":"product_cat-floating-ball-valve","9":"product_cat-stainless-steel-ball-valve","10":"product_tag-2-piece-floating-ball-valve","11":"product_tag-2pc-ball-valve-with-direct-mounting-pad","12":"product_tag-ball-valve-2-pce-full-bore-flanged-din-pn16","13":"product_tag-ball-valve-flanged-end-direct-mounting-pad-pn16-40","14":"product_tag-china-din-pn16-pn40-2pc-flange-ball-valve","15":"product_tag-flanged-ball-valves","16":"product_tag-high-temperature-direct-mount-flanged-pn16-ball-valve","18":"first","19":"instock","20":"shipping-taxable","21":"product-type-simple"},"_links":{"self":[{"href":"https:\/\/www.stvvalves.com\/fr\/wp-json\/wp\/v2\/product\/4234","targetHints":{"allow":["GET"]}}],"collection":[{"href":"https:\/\/www.stvvalves.com\/fr\/wp-json\/wp\/v2\/product"}],"about":[{"href":"https:\/\/www.stvvalves.com\/fr\/wp-json\/wp\/v2\/types\/product"}],"wp:featuredmedia":[{"embeddable":true,"href":"https:\/\/www.stvvalves.com\/fr\/wp-json\/wp\/v2\/media\/4236"}],"wp:attachment":[{"href":"https:\/\/www.stvvalves.com\/fr\/wp-json\/wp\/v2\/media?parent=4234"}],"wp:term":[{"taxonomy":"product_brand","embeddable":true,"href":"https:\/\/www.stvvalves.com\/fr\/wp-json\/wp\/v2\/product_brand?post=4234"},{"taxonomy":"product_cat","embeddable":true,"href":"https:\/\/www.stvvalves.com\/fr\/wp-json\/wp\/v2\/product_cat?post=4234"},{"taxonomy":"product_tag","embeddable":true,"href":"https:\/\/www.stvvalves.com\/fr\/wp-json\/wp\/v2\/product_tag?post=4234"}],"curies":[{"name":"wp","href":"https:\/\/api.w.org\/{rel}","templated":true}]}}