{"id":4245,"date":"2018-12-17T14:51:05","date_gmt":"2018-12-17T14:51:05","guid":{"rendered":"https:\/\/www.stvvalves.com\/?post_type=product&#038;p=4245"},"modified":"2025-03-04T20:50:15","modified_gmt":"2025-03-04T12:50:15","slug":"ansi-150lb-3-way-ball-valve-flange-end-t-port-with-iso-direct-mounting-pad","status":"publish","type":"product","link":"https:\/\/www.stvvalves.com\/fr\/products\/ansi-150lb-3-way-ball-valve-flange-end-t-port-with-iso-direct-mounting-pad\/","title":{"rendered":"Vanne \u00e0 bille 3 voies ANSI 150LB, extr\u00e9mit\u00e9 \u00e0 bride, port en T, avec support de montage direct ISO"},"content":{"rendered":"<p>Construction de carrosserie boulonn\u00e9e<br \/>\nCorps moul\u00e9 en investissement<br \/>\n1\/2\u2033 \u2013 4\u2033\u00a0; support et coupleur 6\u2033)<br \/>\nGarniture PTFE r\u00e9glable et sous tension<br \/>\nCon\u00e7u et construit pour des performances sup\u00e9rieures<br \/>\nPression nominale pour ANSI 150<br \/>\nOptions de port L et de port T<br \/>\nArr\u00eat positif sur l&#039;un des trois ports<br \/>\nSupport de montage direct ISO 5211 int\u00e9gr\u00e9 pour une automatisation facile<br \/>\nLa tige anti-\u00e9ruption ajoute s\u00e9curit\u00e9 et fiabilit\u00e9<br \/>\nConstruction compl\u00e8te en acier inoxydable 316<\/p>\n<p>&nbsp;<\/p>\n<table>\n<tbody>\n<tr>\n<td width=\"200\"><strong>Nom du produit<\/strong><\/td>\n<td width=\"481\">Vanne \u00e0 bille 3 voies ANSI 150LB, extr\u00e9mit\u00e9 \u00e0 bride, port en T, avec support de montage direct ISO<\/td>\n<\/tr>\n<tr>\n<td width=\"200\">1. Mat\u00e9riel<\/td>\n<td width=\"481\">WCB<\/td>\n<\/tr>\n<tr>\n<td width=\"200\">2. Taille3<\/td>\n<td width=\"481\">\u00bb<\/td>\n<\/tr>\n<tr>\n<td width=\"200\">4. Port<\/td>\n<td width=\"481\">Port complet<\/td>\n<\/tr>\n<tr>\n<td width=\"200\">5. Pression de travail<\/td>\n<td width=\"481\">150 livres<\/td>\n<\/tr>\n<tr>\n<td width=\"200\">6. Fin de la connexion<\/td>\n<td width=\"481\">RF<\/td>\n<\/tr>\n<tr>\n<td width=\"200\">7. Temp\u00e9rature de travail.<\/td>\n<td width=\"481\">-29~180\u00baC,<\/td>\n<\/tr>\n<tr>\n<td width=\"200\">8. Support appropri\u00e9<\/td>\n<td width=\"481\">Eau, gaz naturel, p\u00e9trole et certains liquides corrosifs<\/td>\n<\/tr>\n<tr>\n<td width=\"200\">9. Exploit\u00e9<\/td>\n<td width=\"481\">Volant<\/td>\n<\/tr>\n<tr>\n<td width=\"200\">10. Inspection et tests<\/td>\n<td width=\"481\">Selon API598<\/td>\n<\/tr>\n<tr>\n<td width=\"200\"><strong>Exp\u00e9dition<\/strong><\/td>\n<td width=\"481\"><\/td>\n<\/tr>\n<tr>\n<td width=\"200\">D\u00e9lai de livraison<\/td>\n<td width=\"481\">30 jours<\/td>\n<\/tr>\n<tr>\n<td width=\"200\">Emballer<\/td>\n<td width=\"481\">Caisse en contreplaqu\u00e9 d&#039;exportation standard<\/td>\n<\/tr>\n<tr>\n<td width=\"200\">Port d&#039;exp\u00e9dition<\/td>\n<td width=\"481\">Ningbo\/Shanghai, Chine<\/td>\n<\/tr>\n<tr>\n<td width=\"200\">Conditions d&#039;exp\u00e9dition<\/td>\n<td width=\"481\">Exw, FOB, CFR, CIF, etc.<\/td>\n<\/tr>\n<tr>\n<td width=\"200\">Modalit\u00e9s de paiement<\/td>\n<td width=\"481\">T\/T, Western Union, PayPal, etc.<\/td>\n<\/tr>\n<tr>\n<td width=\"200\"><\/td>\n<td width=\"481\">Pr\u00e9paiement 30%, solde 70% pay\u00e9 avant l&#039;exp\u00e9dition<\/td>\n<\/tr>\n<tr>\n<td width=\"200\">Pays d&#039;origine<\/td>\n<td width=\"481\">Ville de Wenzhou, Chine<\/td>\n<\/tr>\n<tr>\n<td width=\"200\">Capacit\u00e9 de production<\/td>\n<td width=\"481\">6000 tonnes\/an<\/td>\n<\/tr>\n<tr>\n<td width=\"200\">MOQ<\/td>\n<td width=\"481\">1 pi\u00e8ces\/taille<\/td>\n<\/tr>\n<\/tbody>\n<\/table>","protected":false},"excerpt":{"rendered":"<p>Mod\u00e8le : Q45F-150LB-3\u2033<\/p>\n<p>Le robinet \u00e0 tournant sph\u00e9rique \u00e0 trois voies est un type de robinet \u00e0 tournant sph\u00e9rique relativement nouveau. Il a une structure compacte, une belle apparence et de bonnes performances d&#039;\u00e9tanch\u00e9it\u00e9. Il peut non seulement changer le sens d&#039;\u00e9coulement du fluide, mais \u00e9galement connecter les trois canaux entre eux, et peut \u00e9galement fermer n&#039;importe quel canal pour en cr\u00e9er un autre. Les deux canaux sont connect\u00e9s pour contr\u00f4ler de mani\u00e8re flexible la confluence ou la s\u00e9paration du fluide dans le pipeline. Il pr\u00e9sente des avantages uniques propres \u00e0 sa structure, tels que l&#039;absence de frottement de l&#039;interrupteur, le joint n&#039;est pas facile \u00e0 porter et le couple d&#039;ouverture et de fermeture est faible. Cela r\u00e9duit la taille des actionneurs fournis. Avec les actionneurs \u00e9lectriques multitours, le fluide peut \u00eatre ajust\u00e9 et ferm\u00e9 herm\u00e9tiquement. Il est largement utilis\u00e9 dans les secteurs p\u00e9trolier, chimique, de l&#039;approvisionnement en eau et du drainage urbains et dans d&#039;autres conditions n\u00e9cessitant une coupe stricte.<\/p>\n<p>STV Valve Technology Group Co., Ltd est un leader professionnel en Chine Robinet \u00e0 boisseau sph\u00e9rique \u00e0 bride ANSI de 150 lb, Robinet \u00e0 boisseau sph\u00e9rique \u00e0 3 voies, Robinet \u00e0 boisseau sph\u00e9rique \u00e0 3 voies en acier inoxydable, port 316 L, Robinet \u00e0 boisseau sph\u00e9rique \u00e0 3 voies en acier inoxydable, port 316 L, Robinet \u00e0 boisseau sph\u00e9rique \u00e0 3 voies \u00c0 bride ANSI 150 lb \u00e0 passage int\u00e9gral en acier inoxydable, Chine Robinet \u00e0 boisseau sph\u00e9rique \u00e0 3 voies avec support de montage ISO-direct ANSI 150 lb, Robinet \u00e0 boisseau sph\u00e9rique \u00e0 bride \u00e0 port complet, Robinet \u00e0 boisseau sph\u00e9rique \u00e0 trois voies \u00e0 bride, Chine WCB ANSI 150 Fabricant de robinet \u00e0 boisseau sph\u00e9rique \u00e0 bride anti-incendie de haute qualit\u00e9 et comp\u00e9titif prix.<\/p>\n<div class=\"woocommerce-product-details__short-description\">\n<p>Veuillez contacter notre sales@stvvalve.com pour d&#039;autres mat\u00e9riaux et d\u00e9tails.<\/p>\n<p>Feuille de dates\u00a0: <a href=\"https:\/\/www.stvvalves.com\/wp-content\/uploads\/2018\/12\/ansi-150LB-3-way-ball-valve-flange-end-t-port-with-iso-direct-mounting-pad-drawing.pdf\">Vanne \u00e0 bille 3 voies ANSI150LB, extr\u00e9mit\u00e9 \u00e0 bride, port en T, avec support de montage direct ISO<\/a><\/p>\n<\/div>\n<form class=\"cart\" action=\"https:\/\/www.stvvalves.com\/fr\/product\/carbon-steel-flange-ball-valve-dn50-150lb-304-trim-rf-end\/\" enctype=\"multipart\/form-data\" method=\"post\" data-trp-original-action=\"https:\/\/www.stvvalves.com\/product\/carbon-steel-flange-ball-valve-dn50-150lb-304-trim-rf-end\/\">\n<div class=\"wcpa_form_outer\"><\/div>\n<div class=\"quantity\"><\/div>\n<div class=\"addquotelistlink\">\n<div class=\"quotelistadd_prodpage\"><\/div>\n<\/div>\n<input type=\"hidden\" name=\"trp-form-language\" value=\"fr\"\/><\/form>","protected":false},"featured_media":4248,"template":"","meta":[],"product_brand":[],"product_cat":[43,54,80,78,53],"product_tag":[414,171,417,415,413,419,416,418,405],"class_list":{"0":"post-4245","1":"product","2":"type-product","3":"status-publish","4":"has-post-thumbnail","6":"product_cat-ball-valve","7":"product_cat-cast-steel-ball-valve","8":"product_cat-flange-ball-valve","9":"product_cat-floating-ball-valve","10":"product_cat-stainless-steel-ball-valve","11":"product_tag-150-lb-ansi-flange-ball-valve","12":"product_tag-3-way-ball-valve","13":"product_tag-3-way-ball-valve-stainless-steel-316-l-port","14":"product_tag-316-stainless-steel-ansi-150-flanged-fire-safe-ball-valve-lever","15":"product_tag-ball-valve-3-way-flanged-ansi-150lb-full-bore-stainless-steel","16":"product_tag-china-3-way-ball-valve-iso-direct-mounting-pad-ansi-150lb","17":"product_tag-flange-full-port-ball-valve","18":"product_tag-three-way-flanged-ball-valves","19":"product_tag-wcb-ansi-150-flanged-fire-safe-ball-valve","21":"first","22":"instock","23":"shipping-taxable","24":"product-type-simple"},"_links":{"self":[{"href":"https:\/\/www.stvvalves.com\/fr\/wp-json\/wp\/v2\/product\/4245","targetHints":{"allow":["GET"]}}],"collection":[{"href":"https:\/\/www.stvvalves.com\/fr\/wp-json\/wp\/v2\/product"}],"about":[{"href":"https:\/\/www.stvvalves.com\/fr\/wp-json\/wp\/v2\/types\/product"}],"wp:featuredmedia":[{"embeddable":true,"href":"https:\/\/www.stvvalves.com\/fr\/wp-json\/wp\/v2\/media\/4248"}],"wp:attachment":[{"href":"https:\/\/www.stvvalves.com\/fr\/wp-json\/wp\/v2\/media?parent=4245"}],"wp:term":[{"taxonomy":"product_brand","embeddable":true,"href":"https:\/\/www.stvvalves.com\/fr\/wp-json\/wp\/v2\/product_brand?post=4245"},{"taxonomy":"product_cat","embeddable":true,"href":"https:\/\/www.stvvalves.com\/fr\/wp-json\/wp\/v2\/product_cat?post=4245"},{"taxonomy":"product_tag","embeddable":true,"href":"https:\/\/www.stvvalves.com\/fr\/wp-json\/wp\/v2\/product_tag?post=4245"}],"curies":[{"name":"wp","href":"https:\/\/api.w.org\/{rel}","templated":true}]}}